{"id":4298,"date":"2018-12-28T13:29:58","date_gmt":"2018-12-28T13:29:58","guid":{"rendered":"https:\/\/www.stvvalves.com\/?post_type=product&#038;p=4298"},"modified":"2025-02-17T18:19:14","modified_gmt":"2025-02-17T10:19:14","slug":"api-600-1500lb-pressure-seal-gate-valve-wcb-body-6-inch-bw-end","status":"publish","type":"product","link":"https:\/\/www.stvvalves.com\/es\/products\/api-600-1500lb-pressure-seal-gate-valve-wcb-body-6-inch-bw-end\/","title":{"rendered":"V\u00e1lvula de compuerta con sello de presi\u00f3n API 600 1500LB, cuerpo WCB de 6 pulgadas, extremo BW"},"content":{"rendered":"<p>Dise\u00f1o y fabricaci\u00f3n: v\u00e1lvula de compuerta de acero fundido seg\u00fan API 600 (ISO 10434), API 6D; v\u00e1lvula de compuerta de acero inoxidable fundido seg\u00fan API 603, API 600<\/p>\n<p>Inspecci\u00f3n y prueba: API598, API600 o API 6D<\/p>\n<p>Dimensi\u00f3n de la brida final: ASME B16.5 (para NPS\u226424, ASME B 16.47 serie B, API 605, ASME B16.47 Serie A, MSS SP-44 (para NPS&gt;24)<\/p>\n<p>Dimensi\u00f3n final BW: ASME B16.25<\/p>\n<p>Cara a cara y de extremo a extremo: ASME B16.10<\/p>\n<p>Clasificaciones de presi\u00f3n-temperatura: ASME B16.34<\/p>\n<p>Gama de productos<\/p>\n<p>Material del cuerpo: acero al carbono, acero inoxidable, acero aleado<\/p>\n<p>Di\u00e1metro nominal: 2\u2033~36\u2033(DN50~DN900)<\/p>\n<p>Conexi\u00f3n final: RF, RTJ, BW<\/p>\n<p>Rango de presi\u00f3n: Clase 150~2500(PN16~PN420)<\/p>\n<p>Temperatura de trabajo: -29 \u2103 ~ + 560 \u2103<\/p>\n<p>Operaci\u00f3n: volante, engranaje, actuador el\u00e9ctrico, etc.<\/p>\n<p>&nbsp;<\/p>\n<table>\n<tbody>\n<tr>\n<td width=\"200\"><strong>nombre del producto<\/strong><\/td>\n<td width=\"481\">V\u00e1lvula de compuerta con sello de presi\u00f3n API 600 1500LB, cuerpo WCB de 6 pulgadas, extremo BW<\/td>\n<\/tr>\n<tr>\n<td width=\"200\">1. Materiales<\/td>\n<td width=\"481\">WCB<\/td>\n<\/tr>\n<tr>\n<td width=\"200\">2. Tama\u00f1o<\/td>\n<td width=\"481\">6\u201d<\/td>\n<\/tr>\n<tr>\n<td width=\"200\">4. Puerto<\/td>\n<td width=\"481\">Puerto lleno<\/td>\n<\/tr>\n<tr>\n<td width=\"200\">5. Presi\u00f3n de trabajo<\/td>\n<td width=\"481\">1500 libras<\/td>\n<\/tr>\n<tr>\n<td width=\"200\">6. La conexi\u00f3n finaliza<\/td>\n<td width=\"481\">peso corporal<\/td>\n<\/tr>\n<tr>\n<td width=\"200\">7. Temperatura de trabajo.<\/td>\n<td width=\"481\">-29~425\u00baC,<\/td>\n<\/tr>\n<tr>\n<td width=\"200\">8. Medio adecuado<\/td>\n<td width=\"481\">Agua, Gas Natural, Petr\u00f3leo y alg\u00fan l\u00edquido corrosivo<\/td>\n<\/tr>\n<tr>\n<td width=\"200\">9. Operado<\/td>\n<td width=\"481\">Caja de cambios<\/td>\n<\/tr>\n<tr>\n<td width=\"200\">10. Inspecci\u00f3n y pruebas<\/td>\n<td width=\"481\">Seg\u00fan API598<\/td>\n<\/tr>\n<tr>\n<td width=\"200\"><strong>Env\u00edo<\/strong><\/td>\n<td width=\"481\"><\/td>\n<\/tr>\n<tr>\n<td width=\"200\">El tiempo de entrega<\/td>\n<td width=\"481\">30 dias<\/td>\n<\/tr>\n<tr>\n<td width=\"200\">Paquete<\/td>\n<td width=\"481\">Caja de madera contrachapada de exportaci\u00f3n est\u00e1ndar<\/td>\n<\/tr>\n<tr>\n<td width=\"200\">Puerto de embarque<\/td>\n<td width=\"481\">Ningbo\/Shangh\u00e1i, China<\/td>\n<\/tr>\n<tr>\n<td width=\"200\">Condiciones de env\u00edo<\/td>\n<td width=\"481\">Exw, MANDO, CFR, CIF, etc.<\/td>\n<\/tr>\n<tr>\n<td width=\"200\">T\u00e9rminos de pago<\/td>\n<td width=\"481\">T\/T, Western Union, PayPal, etc.<\/td>\n<\/tr>\n<tr>\n<td width=\"200\"><\/td>\n<td width=\"481\">Pago anticipado de 30%, saldo de 70% pagado antes del env\u00edo<\/td>\n<\/tr>\n<tr>\n<td width=\"200\">Pa\u00eds de origen<\/td>\n<td width=\"481\">Ciudad de Wenzhou, China<\/td>\n<\/tr>\n<tr>\n<td width=\"200\">Capacidad de producci\u00f3n<\/td>\n<td width=\"481\">6000 toneladas\/a\u00f1o<\/td>\n<\/tr>\n<tr>\n<td width=\"200\">Cantidad m\u00ednima de pedido<\/td>\n<td width=\"481\">1 unidad\/tama\u00f1o<\/td>\n<\/tr>\n<\/tbody>\n<\/table>","protected":false},"excerpt":{"rendered":"<p>Modelo: Z61Y-1500LB-WCB-6<br \/>\nLa v\u00e1lvula de compuerta de sellado de presi\u00f3n API 600 1500 LB cumple con API 600, las v\u00e1lvulas de compuerta de sellado de alta presi\u00f3n tienen una forma hermosa, una estructura compacta y un sellado confiable. V\u00e1lvula para la Clase 900 lb-Clase 2500 lb varias c\u00e1maras en carretera. La v\u00e1lvula autosellante de alta presi\u00f3n tiene las siguientes ventajas:<br \/>\nLas v\u00e1lvulas de sellado de presi\u00f3n est\u00e1n dise\u00f1adas para servicio de alta temperatura y alta presi\u00f3n y se utilizan ampliamente en plantas de energ\u00eda de combustibles f\u00f3siles. En comparaci\u00f3n con las v\u00e1lvulas con junta de cap\u00f3 atornilladas,<br \/>\nProporciona un sellado absolutamente confiable de la junta del bonete, de modo que las v\u00e1lvulas de sellado de presi\u00f3n son m\u00e1s compactas y r\u00edgidas, adem\u00e1s de un mantenimiento rentable en servicio de alta temperatura y alta presi\u00f3n.<\/p>\n<p>Este tipo de v\u00e1lvula de compuerta no solo se caracteriza por su estructura simple y uso confiable, sino que tambi\u00e9n es capaz de crear una ligera deformaci\u00f3n flexible para compensar la desviaci\u00f3n del \u00e1ngulo de la cara de sellado generado durante el procesamiento, mejorando as\u00ed el rendimiento del proceso. Adem\u00e1s, las superficies del sello del disco de asiento y de compuerta est\u00e1n recubiertas con una aleaci\u00f3n a base de hierro, una aleaci\u00f3n de base co o una aleaci\u00f3n de carburo para una mayor duraci\u00f3n.<br \/>\nSTV Valve Technology Group Co., Ltd es un l\u00edder profesional en China V\u00e1lvula de compuerta de sellado de presi\u00f3n, v\u00e1lvula de compuerta de sellado de presi\u00f3n WCB, v\u00e1lvula de compuerta de sellado de presi\u00f3n, v\u00e1lvula de compuerta de sellado de presi\u00f3n de 1500 lb, fabricante de v\u00e1lvula de compuerta de sellado de presi\u00f3n BW con alta calidad y bajo precio.<\/p>\n<p>Comun\u00edquese con nuestro sales@stvvalve.com para obtener otros materiales y detalles.<\/p>\n<p>Hoja de fecha:<a href=\"https:\/\/www.stvvalves.com\/wp-content\/uploads\/2018\/12\/api-600-1500lb-pressure-seal-gate-valve-wcb-body-6-inch-bw-end-drawing.pdf\">V\u00e1lvula de compuerta con sello de presi\u00f3n API 600 1500LB, cuerpo WCB de 6 pulgadas, extremo BW<\/a><\/p>\n<p>&nbsp;<\/p>","protected":false},"featured_media":4299,"template":"","meta":[],"product_brand":[],"product_cat":[58,44],"product_tag":[465,468,354,464,436,467,350,352,466],"class_list":{"0":"post-4298","1":"product","2":"type-product","3":"status-publish","4":"has-post-thumbnail","6":"product_cat-cast-steel-gate-valve","7":"product_cat-gate-valve","8":"product_tag-1500lb-pressure-seal-gate-valve","9":"product_tag-1500lb-psb-gate-valve","10":"product_tag-api-600-pressure-seal-gate-valves","11":"product_tag-bw-pressure-seal-gate-valve-manufacturer","12":"product_tag-cast-steel-gate-valve-pressure-seal-1500-lb","13":"product_tag-china-api-600-pressure-seal-bonnet-1500lb-gate-valve","14":"product_tag-china-pressure-seal-gate-valve","15":"product_tag-pressure-seal-gate-valve","16":"product_tag-wcb-pressure-seal-gate-valve","18":"first","19":"instock","20":"shipping-taxable","21":"product-type-simple"},"_links":{"self":[{"href":"https:\/\/www.stvvalves.com\/es\/wp-json\/wp\/v2\/product\/4298","targetHints":{"allow":["GET"]}}],"collection":[{"href":"https:\/\/www.stvvalves.com\/es\/wp-json\/wp\/v2\/product"}],"about":[{"href":"https:\/\/www.stvvalves.com\/es\/wp-json\/wp\/v2\/types\/product"}],"wp:featuredmedia":[{"embeddable":true,"href":"https:\/\/www.stvvalves.com\/es\/wp-json\/wp\/v2\/media\/4299"}],"wp:attachment":[{"href":"https:\/\/www.stvvalves.com\/es\/wp-json\/wp\/v2\/media?parent=4298"}],"wp:term":[{"taxonomy":"product_brand","embeddable":true,"href":"https:\/\/www.stvvalves.com\/es\/wp-json\/wp\/v2\/product_brand?post=4298"},{"taxonomy":"product_cat","embeddable":true,"href":"https:\/\/www.stvvalves.com\/es\/wp-json\/wp\/v2\/product_cat?post=4298"},{"taxonomy":"product_tag","embeddable":true,"href":"https:\/\/www.stvvalves.com\/es\/wp-json\/wp\/v2\/product_tag?post=4298"}],"curies":[{"name":"wp","href":"https:\/\/api.w.org\/{rel}","templated":true}]}}