{"id":4326,"date":"2019-01-01T09:40:19","date_gmt":"2019-01-01T09:40:19","guid":{"rendered":"https:\/\/www.stvvalves.com\/?post_type=product&#038;p=4326"},"modified":"2025-02-17T18:20:56","modified_gmt":"2025-02-17T10:20:56","slug":"api-600-1500lb-swing-check-valve-pressure-seal-bonnet-dn200-bw-end","status":"publish","type":"product","link":"https:\/\/www.stvvalves.com\/es\/products\/api-600-1500lb-swing-check-valve-pressure-seal-bonnet-dn200-bw-end\/","title":{"rendered":"V\u00e1lvula de retenci\u00f3n oscilante API 600 1500LB, capo de sello de presi\u00f3n, DN200, extremo BW"},"content":{"rendered":"<p>Dise\u00f1o y fabricaci\u00f3n: v\u00e1lvula de retenci\u00f3n de acero fundido seg\u00fan BS 1868, ASME B16.34, API 6D<\/p>\n<p>Inspecci\u00f3n y prueba: API598, API600 o API 6D<\/p>\n<p>Dimensi\u00f3n de la brida final: ASME B16.5 (para NPS\u226424, ASME B 16.47 serie B, API 605, ASME B16.47 Serie A, MSS SP-44 (para NPS&gt;24)<\/p>\n<p>Dimensi\u00f3n final BW: ASME B16.25<\/p>\n<p>Cara a cara y de extremo a extremo: ASME B16.10<\/p>\n<p>Clasificaciones de presi\u00f3n-temperatura: ASME B16.34<\/p>\n<p>Dimensi\u00f3n del espesor de pared: API 600, BS 1868<\/p>\n<p>Gama de productos<\/p>\n<p>Material del cuerpo: WCB, LCB, LCC, CF8, CF8M, CF3, CF3M, A105, LF2, F11, F22, F5, F304, F316, F304L, F316L<\/p>\n<p>Di\u00e1metro nominal: 1\/2\u2033~48\u2033(DN15~DN1200)<\/p>\n<p>Conexi\u00f3n final: RF, RTJ, BW<\/p>\n<p>Rango de presi\u00f3n: Clase 150~2500(PN16~PN420)<\/p>\n<p>Temperatura de trabajo: -196 \u2103 ~ + 560 \u2103<\/p>\n<p>&nbsp;<\/p>\n<table width=\"751\">\n<tbody>\n<tr>\n<td>Nombre del producto:<\/td>\n<td>V\u00e1lvula de retenci\u00f3n oscilante API 600 1500LB, capo de sello de presi\u00f3n, DN200, extremo BW<\/td>\n<\/tr>\n<tr>\n<td>1.Material:<\/td>\n<td>WCB<\/td>\n<\/tr>\n<tr>\n<td>2.Tama\u00f1o:<\/td>\n<td>8\u2033<\/td>\n<\/tr>\n<tr>\n<td>3.Puerto:<\/td>\n<td>LLENO<\/td>\n<\/tr>\n<tr>\n<td>4. Temperatura de trabajo:<\/td>\n<td>-29\u00b0C-425\u00b0C<\/td>\n<\/tr>\n<tr>\n<td>5.Fin de la conexi\u00f3n:<\/td>\n<td>peso corporal<\/td>\n<\/tr>\n<tr>\n<td>6.Presi\u00f3n de trabajo:<\/td>\n<td>1500 libras<\/td>\n<\/tr>\n<tr>\n<td>7.Medio adecuado:<\/td>\n<td>Agua, Gas Natural, Petr\u00f3leo y alg\u00fan l\u00edquido corrosivo<\/td>\n<\/tr>\n<tr>\n<td>8.Operado:<\/td>\n<td>\/<\/td>\n<\/tr>\n<tr>\n<td>9. Inspecci\u00f3n y pruebas<\/td>\n<td>Seg\u00fan API 598<\/td>\n<\/tr>\n<tr>\n<td>Certificado:<\/td>\n<td>ISO, CE\/API 6D<\/td>\n<\/tr>\n<tr>\n<td><strong>Env\u00edo<\/strong><\/td>\n<td><\/td>\n<\/tr>\n<tr>\n<td>El tiempo de entrega<\/td>\n<td>30 dias<\/td>\n<\/tr>\n<tr>\n<td>Paquete<\/td>\n<td>Caja de madera contrachapada de exportaci\u00f3n est\u00e1ndar<\/td>\n<\/tr>\n<tr>\n<td>Puerto de embarque<\/td>\n<td>Ningbo\/Shangh\u00e1i, China<\/td>\n<\/tr>\n<tr>\n<td>Condiciones de env\u00edo<\/td>\n<td>Exw, MANDO, CFR, CIF, etc.<\/td>\n<\/tr>\n<tr>\n<td>T\u00e9rminos de pago<\/td>\n<td>T\/T, Western Union, PayPal, etc.<\/td>\n<\/tr>\n<tr>\n<td><\/td>\n<td>Pago anticipado de 30%, saldo de 70% pagado antes del env\u00edo<\/td>\n<\/tr>\n<tr>\n<td>Pa\u00eds de origen<\/td>\n<td>Ciudad de Wenzhou, China<\/td>\n<\/tr>\n<tr>\n<td>Capacidad de producci\u00f3n<\/td>\n<td>6000 toneladas\/a\u00f1o<\/td>\n<\/tr>\n<tr>\n<td>Cantidad m\u00ednima de pedido<\/td>\n<td>10 unidades\/tama\u00f1o<\/td>\n<\/tr>\n<\/tbody>\n<\/table>","protected":false},"excerpt":{"rendered":"<p>Modelo:H64Y-1500LB-WCB-DN200<\/p>\n<p>Nuestra v\u00e1lvula de retenci\u00f3n oscilante API 600 1500LB est\u00e1 dise\u00f1ada de acuerdo con BS1868 y ASME B16.34 para servicio de alta temperatura y alta presi\u00f3n y se usa ampliamente en plantas de energ\u00eda de combustibles f\u00f3siles. En comparaci\u00f3n con las v\u00e1lvulas de uni\u00f3n de cap\u00f3 atornilladas, proporciona un sellado absolutamente confiable del junta del cap\u00f3, de modo que las v\u00e1lvulas de sellado de presi\u00f3n sean m\u00e1s compactas y r\u00edgidas, adem\u00e1s de tener un mantenimiento rentable en servicios de alta temperatura y alta presi\u00f3n.<br \/>\nEs una v\u00e1lvula autom\u00e1tica cuando se abre o cierra autom\u00e1ticamente por la fuerza generada por el medio que fluye dentro de la tuber\u00eda. Su funci\u00f3n principal es evitar el reflujo del medio en la tuber\u00eda, la rotaci\u00f3n inversa de la bomba y su motor impulsor y la descarga del medio en el contenedor.<\/p>\n<p>STV Valve Technology Group Co., Ltd es una v\u00e1lvula de retenci\u00f3n de sellado de presi\u00f3n de China, v\u00e1lvula de retenci\u00f3n de sellado de presi\u00f3n ANSI, v\u00e1lvula de retenci\u00f3n de sellado de alta presi\u00f3n, v\u00e1lvula de retenci\u00f3n de sellado de presi\u00f3n de acero fundido, v\u00e1lvula de retenci\u00f3n de sellado de presi\u00f3n API 600, fabricante de v\u00e1lvulas de retenci\u00f3n de sellado de presi\u00f3n de acero inoxidable con alta Calidad y bajo precio. Para obtener m\u00e1s informaci\u00f3n sobre esta v\u00e1lvula, p\u00f3ngase en contacto con nuestro sales@stvvalve.com.<br \/>\nHoja de fecha:<br \/>\n<a href=\"https:\/\/www.stvvalves.com\/wp-content\/uploads\/2019\/01\/api-600-1500lb-swing-check-valve-pressure-seal-bonnet-dn200-bw-end-drawing.pdf\">V\u00e1lvula de retenci\u00f3n oscilante API 600 1500LB, capo de sello de presi\u00f3n, DN200, extremo BW<\/a><\/p>","protected":false},"featured_media":4332,"template":"","meta":[],"product_brand":[],"product_cat":[83,46],"product_tag":[485,487,488,486,489],"class_list":{"0":"post-4326","1":"product","2":"type-product","3":"status-publish","4":"has-post-thumbnail","6":"product_cat-cast-steel-check-valve","7":"product_cat-check-valves","8":"product_tag-1500lb-pressure-seal-swing-check-valve","9":"product_tag-api-600-pressure-seal-swing-check-valve","10":"product_tag-api-cast-steel-swing-check-valve","11":"product_tag-pressure-seal-swing-check-valve","12":"product_tag-swing-check-valve-class-1500lb","14":"first","15":"instock","16":"shipping-taxable","17":"product-type-simple"},"_links":{"self":[{"href":"https:\/\/www.stvvalves.com\/es\/wp-json\/wp\/v2\/product\/4326","targetHints":{"allow":["GET"]}}],"collection":[{"href":"https:\/\/www.stvvalves.com\/es\/wp-json\/wp\/v2\/product"}],"about":[{"href":"https:\/\/www.stvvalves.com\/es\/wp-json\/wp\/v2\/types\/product"}],"wp:featuredmedia":[{"embeddable":true,"href":"https:\/\/www.stvvalves.com\/es\/wp-json\/wp\/v2\/media\/4332"}],"wp:attachment":[{"href":"https:\/\/www.stvvalves.com\/es\/wp-json\/wp\/v2\/media?parent=4326"}],"wp:term":[{"taxonomy":"product_brand","embeddable":true,"href":"https:\/\/www.stvvalves.com\/es\/wp-json\/wp\/v2\/product_brand?post=4326"},{"taxonomy":"product_cat","embeddable":true,"href":"https:\/\/www.stvvalves.com\/es\/wp-json\/wp\/v2\/product_cat?post=4326"},{"taxonomy":"product_tag","embeddable":true,"href":"https:\/\/www.stvvalves.com\/es\/wp-json\/wp\/v2\/product_tag?post=4326"}],"curies":[{"name":"wp","href":"https:\/\/api.w.org\/{rel}","templated":true}]}}