{"id":4333,"date":"2019-01-01T13:20:02","date_gmt":"2019-01-01T13:20:02","guid":{"rendered":"https:\/\/www.stvvalves.com\/?post_type=product&#038;p=4333"},"modified":"2025-02-17T18:20:54","modified_gmt":"2025-02-17T10:20:54","slug":"900lb-full-port-swing-check-valve-seal-pressure-bonnet-flange-end","status":"publish","type":"product","link":"https:\/\/www.stvvalves.com\/es\/products\/900lb-full-port-swing-check-valve-seal-pressure-bonnet-flange-end\/","title":{"rendered":"V\u00e1lvula de retenci\u00f3n oscilante de puerto completo de 900 lb, cap\u00f3 de presi\u00f3n de sellado, extremo de brida"},"content":{"rendered":"<p><strong>V\u00e1lvula de retenci\u00f3n oscilante<\/strong>, Ansi Clase 900Lbs, Api 6d, atornillado, cap\u00f3 de sellado a presi\u00f3n, bridado, Rf, Rtj, extremos Bw, acero al carbono, acero inoxidable, v\u00e1lvulas de retenci\u00f3n oscilantes de acero d\u00faplex, v\u00e1lvula antirretorno, proveedor y exportador de v\u00e1lvulas de retenci\u00f3n oscilantes de acero fundido industrial.<\/p>\n<p>Especificaciones para\u00a0<strong>V\u00e1lvula de retenci\u00f3n oscilante de 900 libras (bridada, extremos anchos)<\/strong><\/p>\n<p>1. Dise\u00f1o y fabricaci\u00f3n: API6D, ANSI B16.34, BS1868<br \/>\n2. Bonete atornillado, Bonete sellado a presi\u00f3n, Disco tipo oscilante,<br \/>\n3. Rango de tama\u00f1os: 2\u2033 a 24\u2033.<br \/>\n4. Clasificaciones de presi\u00f3n: ANSI 900 libras<br \/>\n5. Conexiones finales: bridadas, soldadas a tope.<br \/>\n6. Materiales: WCB, LCB, CF8, CF8M, CF3, CF3M, WC6, WC9, C5, C12, 4A o equivalente,<br \/>\n7. Varios materiales de acabado disponibles para adaptarse a las condiciones de servicio.<br \/>\n8. NACE MR 0175 bajo petici\u00f3n<\/p>\n<table>\n<tbody>\n<tr>\n<td width=\"200\"><strong>nombre del producto<\/strong><\/td>\n<td width=\"481\">V\u00e1lvula de retenci\u00f3n oscilante de puerto completo de 900 lb, cap\u00f3 de presi\u00f3n de sellado, extremo de brida<\/td>\n<\/tr>\n<tr>\n<td width=\"200\">1. Materiales<\/td>\n<td width=\"481\">WCB<\/td>\n<\/tr>\n<tr>\n<td width=\"200\">2. Tama\u00f1o<\/td>\n<td width=\"481\">12\u201d<\/td>\n<\/tr>\n<tr>\n<td width=\"200\">4. Puerto<\/td>\n<td width=\"481\">Puerto lleno<\/td>\n<\/tr>\n<tr>\n<td width=\"200\">5. Presi\u00f3n de trabajo<\/td>\n<td width=\"481\">900 libras<\/td>\n<\/tr>\n<tr>\n<td width=\"200\">6. La conexi\u00f3n finaliza<\/td>\n<td width=\"481\">RF<\/td>\n<\/tr>\n<tr>\n<td width=\"200\">7. Temperatura de trabajo.<\/td>\n<td width=\"481\">-29~425\u00baC,<\/td>\n<\/tr>\n<tr>\n<td width=\"200\">8. Medio adecuado<\/td>\n<td width=\"481\">Agua, Gas Natural, Petr\u00f3leo y alg\u00fan l\u00edquido corrosivo<\/td>\n<\/tr>\n<tr>\n<td width=\"200\">9. Operado<\/td>\n<td width=\"481\">\/<\/td>\n<\/tr>\n<tr>\n<td width=\"200\">10. Inspecci\u00f3n y pruebas<\/td>\n<td width=\"481\">Seg\u00fan API 598<\/td>\n<\/tr>\n<tr>\n<td width=\"200\"><strong>Env\u00edo<\/strong><\/td>\n<td width=\"481\"><\/td>\n<\/tr>\n<tr>\n<td width=\"200\">El tiempo de entrega<\/td>\n<td width=\"481\">30 dias<\/td>\n<\/tr>\n<tr>\n<td width=\"200\">Paquete<\/td>\n<td width=\"481\">Caja de madera contrachapada de exportaci\u00f3n est\u00e1ndar<\/td>\n<\/tr>\n<tr>\n<td width=\"200\">Puerto de embarque<\/td>\n<td width=\"481\">Ningbo\/Shangh\u00e1i, China<\/td>\n<\/tr>\n<tr>\n<td width=\"200\">Condiciones de env\u00edo<\/td>\n<td width=\"481\">Exw, MANDO, CFR, CIF, etc.<\/td>\n<\/tr>\n<tr>\n<td width=\"200\">T\u00e9rminos de pago<\/td>\n<td width=\"481\">T\/T, Western Union, PayPal, etc.<\/td>\n<\/tr>\n<tr>\n<td width=\"200\"><\/td>\n<td width=\"481\">Pago anticipado de 30%, saldo de 70% pagado antes del env\u00edo<\/td>\n<\/tr>\n<tr>\n<td width=\"200\">Pa\u00eds de origen<\/td>\n<td width=\"481\">Ciudad de Wenzhou, China<\/td>\n<\/tr>\n<tr>\n<td width=\"200\">Capacidad de producci\u00f3n<\/td>\n<td width=\"481\">6000 toneladas\/a\u00f1o<\/td>\n<\/tr>\n<tr>\n<td width=\"200\">Cantidad m\u00ednima de pedido<\/td>\n<td width=\"481\">10 unidades\/tama\u00f1o<\/td>\n<\/tr>\n<\/tbody>\n<\/table>","protected":false},"excerpt":{"rendered":"<p>Modelo:H44Y-900LB-12\u2033-WCB<\/p>\n<p>Nuestra v\u00e1lvula de retenci\u00f3n oscilante de puerto completo de 900 lb est\u00e1 dise\u00f1ada principalmente completamente abierta o completamente cerrada, con caracter\u00edsticas de cap\u00f3 de sellado a presi\u00f3n, asiento renovable o anillo de asiento soldado.<br \/>\nLa v\u00e1lvula de retenci\u00f3n se divide en v\u00e1lvula de retenci\u00f3n de elevaci\u00f3n, v\u00e1lvula de retenci\u00f3n de giro y v\u00e1lvula de retenci\u00f3n de tipo mariposa seg\u00fan la estructura. La v\u00e1lvula de retenci\u00f3n de tipo elevaci\u00f3n se divide en vertical y horizontal. La v\u00e1lvula de retenci\u00f3n de giro se divide en disco simple, disco doble, La v\u00e1lvula de retenci\u00f3n tipo mariposa es de tipo recto. Las v\u00e1lvulas de retenci\u00f3n anteriores se pueden dividir en conexi\u00f3n atornillada, conexi\u00f3n de brida y conexi\u00f3n de soldadura seg\u00fan su forma de conexi\u00f3n.<\/p>\n<p>STV Valve Technology Group Co., Ltd es una v\u00e1lvula de retenci\u00f3n oscilante, v\u00e1lvula de retenci\u00f3n oscilante Ansi clase 900 lb, v\u00e1lvula de retenci\u00f3n oscilante Api 6d, v\u00e1lvula de retenci\u00f3n oscilante industrial, v\u00e1lvula de retenci\u00f3n oscilante de acero al carbono, v\u00e1lvulas de retenci\u00f3n oscilante de acero inoxidable, v\u00e1lvula de retenci\u00f3n oscilante sin retorno, A216 -V\u00e1lvula de retenci\u00f3n oscilante WCB, v\u00e1lvula de retenci\u00f3n oscilante A351-CF8, v\u00e1lvula de retenci\u00f3n oscilante CF8M, v\u00e1lvula de retenci\u00f3n oscilante CF3M, v\u00e1lvula de retenci\u00f3n oscilante Nace Mr0175, v\u00e1lvula de retenci\u00f3n oscilante con bridas, v\u00e1lvula de retenci\u00f3n oscilante Bw, v\u00e1lvula de retenci\u00f3n oscilante de alta presi\u00f3n, v\u00e1lvula de retenci\u00f3n oscilante con sello de presi\u00f3n , fabricante de v\u00e1lvulas de giro de acero fundido autosellantes con alta calidad y bajo precio. Para obtener m\u00e1s informaci\u00f3n sobre esta v\u00e1lvula, p\u00f3ngase en contacto con nuestro sales@stvvalve.com<br \/>\nHoja de fecha:<a href=\"https:\/\/www.stvvalves.com\/wp-content\/uploads\/2019\/01\/900lb-full-port-swing-check-valve-seal-pressure-bonnet-flange-end-drawing.pdf\">V\u00e1lvula de retenci\u00f3n oscilante de puerto completo de 900 lb, cap\u00f3 de presi\u00f3n de sellado, extremo de brida<\/a><\/p>","protected":false},"featured_media":4335,"template":"","meta":[],"product_brand":[],"product_cat":[83,46],"product_tag":[493,490,492,496,491,494,495],"class_list":{"0":"post-4333","1":"product","2":"type-product","3":"status-publish","4":"has-post-thumbnail","6":"product_cat-cast-steel-check-valve","7":"product_cat-check-valves","8":"product_tag-900-lb-cast-steel-swing-pressure-seal-check-valve","9":"product_tag-900lb-full-port-swing-check-valve","10":"product_tag-api-swing-check-valve","11":"product_tag-china-900lb-full-port-swing-check-valve","12":"product_tag-full-port-swing-check-valve","13":"product_tag-pressure-seal-swing-check-valve-900lb2500lb","14":"product_tag-swing-check-valve-class-900lb","16":"first","17":"instock","18":"shipping-taxable","19":"product-type-simple"},"_links":{"self":[{"href":"https:\/\/www.stvvalves.com\/es\/wp-json\/wp\/v2\/product\/4333","targetHints":{"allow":["GET"]}}],"collection":[{"href":"https:\/\/www.stvvalves.com\/es\/wp-json\/wp\/v2\/product"}],"about":[{"href":"https:\/\/www.stvvalves.com\/es\/wp-json\/wp\/v2\/types\/product"}],"wp:featuredmedia":[{"embeddable":true,"href":"https:\/\/www.stvvalves.com\/es\/wp-json\/wp\/v2\/media\/4335"}],"wp:attachment":[{"href":"https:\/\/www.stvvalves.com\/es\/wp-json\/wp\/v2\/media?parent=4333"}],"wp:term":[{"taxonomy":"product_brand","embeddable":true,"href":"https:\/\/www.stvvalves.com\/es\/wp-json\/wp\/v2\/product_brand?post=4333"},{"taxonomy":"product_cat","embeddable":true,"href":"https:\/\/www.stvvalves.com\/es\/wp-json\/wp\/v2\/product_cat?post=4333"},{"taxonomy":"product_tag","embeddable":true,"href":"https:\/\/www.stvvalves.com\/es\/wp-json\/wp\/v2\/product_tag?post=4333"}],"curies":[{"name":"wp","href":"https:\/\/api.w.org\/{rel}","templated":true}]}}