{"id":4344,"date":"2019-01-07T15:40:18","date_gmt":"2019-01-07T15:40:18","guid":{"rendered":"https:\/\/www.stvvalves.com\/?post_type=product&#038;p=4344"},"modified":"2025-02-17T18:21:12","modified_gmt":"2025-02-17T10:21:12","slug":"api-602-lift-check-valve-1500lb-a105n-dn25-sw-end","status":"publish","type":"product","link":"https:\/\/www.stvvalves.com\/es\/products\/api-602-lift-check-valve-1500lb-a105n-dn25-sw-end\/","title":{"rendered":"V\u00e1lvula de retenci\u00f3n de elevaci\u00f3n API 602, 1500 LB, A105N, DN25, extremo SW"},"content":{"rendered":"<p>Especificaci\u00f3n del par\u00e1metro principal<\/p>\n<p>El dise\u00f1o y la fabricaci\u00f3n cumplen con BS5351,MSS SP-118<\/p>\n<p>Los extremos de conexi\u00f3n cumplen con:<\/p>\n<p>1. Los extremos soldados del z\u00f3calo cumplen con ANSI B16.11<\/p>\n<p>2. Los extremos de los tornillos cumplen con ANSI B1.20.1<\/p>\n<p>3. Los extremos soldados a tope cumplen con ANSI B16.25<\/p>\n<p>4. Los extremos de las bridas se ajustan a ANSI B16.5<\/p>\n<p>5.La prueba y la inspecci\u00f3n se ajustan a: API 598<\/p>\n<p>Caracter\u00edsticas de la estructura:<\/p>\n<p>Cap\u00f3 atornillado, cap\u00f3 soldado, cap\u00f3 con sello de presi\u00f3n<\/p>\n<p>Tipo acero forjado, pist\u00f3n, bola o oscilaci\u00f3n<\/p>\n<p>Asiento de cuerpo integral para v\u00e1lvulas de retenci\u00f3n de pist\u00f3n y bola<\/p>\n<p>Dise\u00f1o de anillo de asiento separado para v\u00e1lvulas de retenci\u00f3n oscilantes<\/p>\n<p>Junta enrollada en espiral o junta de junta de anillo ovalado<\/p>\n<p>Di\u00e1metro reducido o puerto completo,<\/p>\n<p>Patr\u00f3n T o Patr\u00f3n Y,<\/p>\n<p>Gama de productos<\/p>\n<p>Material del cuerpo: A105,LF2,F5,F11,F22,304,304L,316,316L,F51,F91,20#,Inconel.Ect<\/p>\n<p>Di\u00e1metro nominal: 1\/2 \u2033 ~ 2 \u2033 (DN15 ~ DN50)<\/p>\n<p>Conexi\u00f3n final: THR,SW,BW,RF,RTJ<\/p>\n<p>Temperatura de trabajo: -196 \u2103 ~ +560 \u2103<\/p>\n<p><img loading=\"lazy\" decoding=\"async\" class=\"alignnone size-full wp-image-4346\" src=\"https:\/\/www.stvvalves.com\/wp-content\/uploads\/2019\/01\/api-602-lift-check-valve-1500lb-a105n-dn25-sw-end-drawing.jpg\" alt=\"\" width=\"1653\" height=\"2338\" srcset=\"https:\/\/www.stvvalves.com\/wp-content\/uploads\/2019\/01\/api-602-lift-check-valve-1500lb-a105n-dn25-sw-end-drawing.jpg 1653w, https:\/\/www.stvvalves.com\/wp-content\/uploads\/2019\/01\/api-602-lift-check-valve-1500lb-a105n-dn25-sw-end-drawing-600x849.jpg 600w, https:\/\/www.stvvalves.com\/wp-content\/uploads\/2019\/01\/api-602-lift-check-valve-1500lb-a105n-dn25-sw-end-drawing-212x300.jpg 212w, https:\/\/www.stvvalves.com\/wp-content\/uploads\/2019\/01\/api-602-lift-check-valve-1500lb-a105n-dn25-sw-end-drawing-768x1086.jpg 768w, https:\/\/www.stvvalves.com\/wp-content\/uploads\/2019\/01\/api-602-lift-check-valve-1500lb-a105n-dn25-sw-end-drawing-728x1030.jpg 728w, https:\/\/www.stvvalves.com\/wp-content\/uploads\/2019\/01\/api-602-lift-check-valve-1500lb-a105n-dn25-sw-end-drawing-1061x1500.jpg 1061w, https:\/\/www.stvvalves.com\/wp-content\/uploads\/2019\/01\/api-602-lift-check-valve-1500lb-a105n-dn25-sw-end-drawing-498x705.jpg 498w\" sizes=\"auto, (max-width: 1653px) 100vw, 1653px\" \/><\/p>","protected":false},"excerpt":{"rendered":"<p>Modelo:H61Y-1500LB-1\u2033-A105N<\/p>\n<p>V\u00e1lvula de retenci\u00f3n de elevaci\u00f3n API 602 con dise\u00f1o de bonete sellado y conforme a API 602 y ASME B16.34. se refiere a la v\u00e1lvula que abre y cierra autom\u00e1ticamente la trampilla de la v\u00e1lvula mediante el flujo del propio medio, y se utiliza para evitar el contraflujo del medio. La v\u00e1lvula de retenci\u00f3n pertenece a una v\u00e1lvula autom\u00e1tica y su funci\u00f3n principal es evitar que el medio fluya hacia atr\u00e1s, impidiendo la bomba y el accionamiento. El motor se invierte y se ventila el medio del contenedor. La v\u00e1lvula de retenci\u00f3n tambi\u00e9n se puede utilizar para suministrar tuber\u00edas a un sistema auxiliar donde la presi\u00f3n puede aumentar por encima de la presi\u00f3n del sistema.<\/p>\n<p>La funci\u00f3n de este tipo de v\u00e1lvula es permitir que solo el medio fluya en una direcci\u00f3n y evitar que fluya en esa direcci\u00f3n. Por lo general, la v\u00e1lvula se acciona autom\u00e1ticamente y la presi\u00f3n del fluido que fluye en una direcci\u00f3n abre la trampilla de la v\u00e1lvula; cuando el fluido fluye en la direcci\u00f3n opuesta, la presi\u00f3n del fluido y la v\u00e1lvula de cierre autom\u00e1tico del disco de la v\u00e1lvula act\u00faan sobre el asiento de la v\u00e1lvula para cortar el flujo.<\/p>\n<p>STV Valve Technology Group Co., Ltd es un l\u00edder profesional en China V\u00e1lvula de retenci\u00f3n de elevaci\u00f3n API 602, v\u00e1lvula de retenci\u00f3n de elevaci\u00f3n A105N forjada, v\u00e1lvula de retenci\u00f3n de elevaci\u00f3n 1500LB, v\u00e1lvula de retenci\u00f3n de elevaci\u00f3n de extremo SW, v\u00e1lvula de retenci\u00f3n de elevaci\u00f3n de cap\u00f3 soldada, v\u00e1lvulas de retenci\u00f3n de acero forjado con alta calidad y Precio bajo.<br \/>\nPara obtener m\u00e1s informaci\u00f3n sobre estas v\u00e1lvulas, p\u00f3ngase en contacto con nuestro sales@stvvalve.com<br \/>\nHoja de fecha:<a href=\"http:\/\/api-602-lift-check-valve-1500lb-a105n-dn25-sw-end-drawing\">V\u00e1lvula de retenci\u00f3n de elevaci\u00f3n API 602, 1500 LB, A105N, DN25, extremo SW<\/a><\/p>","protected":false},"featured_media":4345,"template":"","meta":[],"product_brand":[],"product_cat":[46,66],"product_tag":[505,301,502,507,303,504,506,503],"class_list":{"0":"post-4344","1":"product","2":"type-product","3":"status-publish","4":"has-post-thumbnail","6":"product_cat-check-valves","7":"product_cat-swing-check-valve","8":"product_tag-api-602-check-valves","9":"product_tag-api-602-forged-steel-check-valves","10":"product_tag-api-602-forged-swing-piston-check-valve","11":"product_tag-forged-lift-check-valves","12":"product_tag-forged-steel-check-valve","13":"product_tag-forged-steel-lift-check-valve","14":"product_tag-forged-steel-lift-check-valve-manufacturer","15":"product_tag-forged-steel-piston-lift-check-valve","17":"first","18":"instock","19":"shipping-taxable","20":"product-type-simple"},"_links":{"self":[{"href":"https:\/\/www.stvvalves.com\/es\/wp-json\/wp\/v2\/product\/4344","targetHints":{"allow":["GET"]}}],"collection":[{"href":"https:\/\/www.stvvalves.com\/es\/wp-json\/wp\/v2\/product"}],"about":[{"href":"https:\/\/www.stvvalves.com\/es\/wp-json\/wp\/v2\/types\/product"}],"wp:featuredmedia":[{"embeddable":true,"href":"https:\/\/www.stvvalves.com\/es\/wp-json\/wp\/v2\/media\/4345"}],"wp:attachment":[{"href":"https:\/\/www.stvvalves.com\/es\/wp-json\/wp\/v2\/media?parent=4344"}],"wp:term":[{"taxonomy":"product_brand","embeddable":true,"href":"https:\/\/www.stvvalves.com\/es\/wp-json\/wp\/v2\/product_brand?post=4344"},{"taxonomy":"product_cat","embeddable":true,"href":"https:\/\/www.stvvalves.com\/es\/wp-json\/wp\/v2\/product_cat?post=4344"},{"taxonomy":"product_tag","embeddable":true,"href":"https:\/\/www.stvvalves.com\/es\/wp-json\/wp\/v2\/product_tag?post=4344"}],"curies":[{"name":"wp","href":"https:\/\/api.w.org\/{rel}","templated":true}]}}