{"id":4390,"date":"2019-02-22T00:03:44","date_gmt":"2019-02-22T00:03:44","guid":{"rendered":"https:\/\/www.stvvalves.com\/?post_type=product&#038;p=4390"},"modified":"2025-02-17T18:20:49","modified_gmt":"2025-02-17T10:20:49","slug":"high-pressure-3-way-ball-valvet-type-dn25-800lb","status":"publish","type":"product","link":"https:\/\/www.stvvalves.com\/es\/products\/high-pressure-3-way-ball-valvet-type-dn25-800lb\/","title":{"rendered":"V\u00e1lvula de bola de 3 v\u00edas de alta presi\u00f3n, tipo T, DN25,800LB"},"content":{"rendered":"<p>V\u00e1lvula de bola de 3 v\u00edas de alta presi\u00f3n<\/p>\n<p>Caracter\u00edsticas:<\/p>\n<p>Tama\u00f1o:1\/2\u2033-2\u2033<\/p>\n<p>Presi\u00f3n normal: 800-2500 lb.<\/p>\n<p>Puerto Reducido<\/p>\n<p>TIPO L\/TIPO T, bola flotante<\/p>\n<p>V\u00e1stago a prueba de explosi\u00f3n<\/p>\n<p>Nivel<\/p>\n<p>Especificaciones<\/p>\n<p>Est\u00e1ndar de dise\u00f1o y fabricaci\u00f3n: API 608, API 607, API 6D, BS 5351<\/p>\n<p>Est\u00e1ndar cara a cara: API B16.10, API 6D, DIN 3202<br \/>\nEst\u00e1ndar de conexi\u00f3n final: NPT, BSP, BSPT, DIN259\/2999<\/p>\n<p>Est\u00e1ndar de prueba: ISO5208, API 6D, BS 6755, API598<br \/>\nMaterial del cuerpo: A105, F304, F316<\/p>\n<p>Asiento: RPTFE, PPL, nailon<\/p>\n<p>Temperatura de trabajo: -40-180 \u2103<\/p>\n<p>Adecuado: agua, petr\u00f3leo, gas.<\/p>\n<p>&nbsp;<\/p>\n<table>\n<tbody>\n<tr>\n<td width=\"200\"><strong>nombre del producto<\/strong><\/td>\n<td width=\"481\">V\u00e1lvula de bola de 3 v\u00edas de alta presi\u00f3n, tipo T, DN25,800LB<\/td>\n<\/tr>\n<tr>\n<td width=\"200\">1. Materiales<\/td>\n<td width=\"481\">A105<\/td>\n<\/tr>\n<tr>\n<td width=\"200\">2. Tama\u00f1o<\/td>\n<td width=\"481\">1\u201d<\/td>\n<\/tr>\n<tr>\n<td width=\"200\">4. Puerto<\/td>\n<td width=\"481\">Puerto reductor<\/td>\n<\/tr>\n<tr>\n<td width=\"200\">5. Presi\u00f3n de trabajo<\/td>\n<td width=\"481\">800 libras<\/td>\n<\/tr>\n<tr>\n<td width=\"200\">6. La conexi\u00f3n finaliza<\/td>\n<td width=\"481\">TNP<\/td>\n<\/tr>\n<tr>\n<td width=\"200\">7. Temperatura de trabajo.<\/td>\n<td width=\"481\">-29~180\u00baC,<\/td>\n<\/tr>\n<tr>\n<td width=\"200\">8. Medio adecuado<\/td>\n<td width=\"481\">Agua, Gas Natural, Petr\u00f3leo y alg\u00fan l\u00edquido corrosivo<\/td>\n<\/tr>\n<tr>\n<td width=\"200\">9. Operado<\/td>\n<td width=\"481\">Volante<\/td>\n<\/tr>\n<tr>\n<td width=\"200\">10. Inspecci\u00f3n y pruebas<\/td>\n<td width=\"481\">Seg\u00fan API598<\/td>\n<\/tr>\n<tr>\n<td width=\"200\"><strong>Env\u00edo<\/strong><\/td>\n<td width=\"481\"><\/td>\n<\/tr>\n<tr>\n<td width=\"200\">El tiempo de entrega<\/td>\n<td width=\"481\">30 dias<\/td>\n<\/tr>\n<tr>\n<td width=\"200\">Paquete<\/td>\n<td width=\"481\">Caja de madera contrachapada de exportaci\u00f3n est\u00e1ndar<\/td>\n<\/tr>\n<tr>\n<td width=\"200\">Puerto de embarque<\/td>\n<td width=\"481\">Ningbo\/Shangh\u00e1i, China<\/td>\n<\/tr>\n<tr>\n<td width=\"200\">Condiciones de env\u00edo<\/td>\n<td width=\"481\">Exw, MANDO, CFR, CIF, etc.<\/td>\n<\/tr>\n<tr>\n<td width=\"200\">T\u00e9rminos de pago<\/td>\n<td width=\"481\">T\/T, Western Union, PayPal, etc.<\/td>\n<\/tr>\n<tr>\n<td width=\"200\"><\/td>\n<td width=\"481\">Pago anticipado de 30%, saldo de 70% pagado antes del env\u00edo<\/td>\n<\/tr>\n<tr>\n<td width=\"200\">Pa\u00eds de origen<\/td>\n<td width=\"481\">Ciudad de Wenzhou, China<\/td>\n<\/tr>\n<tr>\n<td width=\"200\">Capacidad de producci\u00f3n<\/td>\n<td width=\"481\">6000 toneladas\/a\u00f1o<\/td>\n<\/tr>\n<tr>\n<td width=\"200\">Cantidad m\u00ednima de pedido<\/td>\n<td width=\"481\">1 unidad\/tama\u00f1o<\/td>\n<\/tr>\n<\/tbody>\n<\/table>","protected":false},"excerpt":{"rendered":"<p>Modelo:Q14F-800LB-DN25<\/p>\n<p>Nuestra v\u00e1lvula de bola de 3 v\u00edas para alta presi\u00f3n adopta un dise\u00f1o de estructura de bola flotante de sellado de dos asientos, que tiene las ventajas de una apariencia exquisita, buen rendimiento de sellado, conmutaci\u00f3n conveniente, control conveniente de derivaciones y confluencias del medio en la tuber\u00eda, y un dise\u00f1o suave o duro personalizado. Sello seg\u00fan las condiciones de trabajo del cliente. Forma (sello blando para 200 \u00b0 C por debajo)<\/p>\n<p>Material de acero forjado, v\u00e1lvula de bola de tres v\u00edas tipo T, puede adaptarse a altas temperaturas y altas temperaturas. Se puede utilizar para desviar y fusionar el proyecto en el proyecto. La v\u00e1lvula de bola de tres v\u00edas tipo T de acero forjado se puede aplicar a: campos petroleros, qu\u00edmicos, de energ\u00eda el\u00e9ctrica, farmac\u00e9uticos, etc., adecuados para agua, gas, petr\u00f3leo, gas natural y medios corrosivos \u00e1cido-alcalinos.<\/p>\n<p>Comun\u00edquese con nuestro sales@stvvalve.com para obtener otros materiales y detalles.<\/p>\n<p>Hoja de fecha:<a href=\"https:\/\/www.stvvalves.com\/wp-content\/uploads\/2019\/02\/high-pressure-3-way-ball-valvet-type-dn25-800lb-Drawing.pdf\">V\u00e1lvula de bola de 3 v\u00edas de alta presi\u00f3n, tipo T, DN25,800LB<\/a><\/p>\n<p>&nbsp;<\/p>","protected":false},"featured_media":4393,"template":"","meta":[],"product_brand":[],"product_cat":[43,78,55,79],"product_tag":[171,552],"class_list":{"0":"post-4390","1":"product","2":"type-product","3":"status-publish","4":"has-post-thumbnail","6":"product_cat-ball-valve","7":"product_cat-floating-ball-valve","8":"product_cat-forged-steel-ball-valve","9":"product_cat-threaded-ball-valve","10":"product_tag-3-way-ball-valve","11":"product_tag-3-way-high-pressure-ball-valves","13":"first","14":"instock","15":"shipping-taxable","16":"product-type-simple"},"_links":{"self":[{"href":"https:\/\/www.stvvalves.com\/es\/wp-json\/wp\/v2\/product\/4390","targetHints":{"allow":["GET"]}}],"collection":[{"href":"https:\/\/www.stvvalves.com\/es\/wp-json\/wp\/v2\/product"}],"about":[{"href":"https:\/\/www.stvvalves.com\/es\/wp-json\/wp\/v2\/types\/product"}],"wp:featuredmedia":[{"embeddable":true,"href":"https:\/\/www.stvvalves.com\/es\/wp-json\/wp\/v2\/media\/4393"}],"wp:attachment":[{"href":"https:\/\/www.stvvalves.com\/es\/wp-json\/wp\/v2\/media?parent=4390"}],"wp:term":[{"taxonomy":"product_brand","embeddable":true,"href":"https:\/\/www.stvvalves.com\/es\/wp-json\/wp\/v2\/product_brand?post=4390"},{"taxonomy":"product_cat","embeddable":true,"href":"https:\/\/www.stvvalves.com\/es\/wp-json\/wp\/v2\/product_cat?post=4390"},{"taxonomy":"product_tag","embeddable":true,"href":"https:\/\/www.stvvalves.com\/es\/wp-json\/wp\/v2\/product_tag?post=4390"}],"curies":[{"name":"wp","href":"https:\/\/api.w.org\/{rel}","templated":true}]}}