{"id":4401,"date":"2019-02-28T03:27:01","date_gmt":"2019-02-28T03:27:01","guid":{"rendered":"https:\/\/www.stvvalves.com\/?post_type=product&#038;p=4401"},"modified":"2025-02-17T18:20:48","modified_gmt":"2025-02-17T10:20:48","slug":"150lb-forged-steel-ball-valve-f304-body-reducer-bore-flange-end","status":"publish","type":"product","link":"https:\/\/www.stvvalves.com\/es\/products\/150lb-forged-steel-ball-valve-f304-body-reducer-bore-flange-end\/","title":{"rendered":"V\u00e1lvula de bola de acero forjado de 150 lb, cuerpo F304, orificio reductor, extremo de brida"},"content":{"rendered":"<p>Gama de productos<br \/>\n-Tama\u00f1o de v\u00e1lvula: 1\/2\u2033 \u2013 24\u2033 (DN15-DN600)<br \/>\n-Presi\u00f3n: ANSI Clase 150-1500 (PN16-PN250)<br \/>\n-Temperatura: -196 \u2103 \u2013 500 \u2103<br \/>\n-Materiales del cuerpo: A105N,F304,F304L,F316,F316L,F11,F22,F51,F55<\/p>\n<p>Especificaciones t\u00e9cnicas<br \/>\n-Dise\u00f1o: ASME 16.34\/ API 6D<br \/>\n-Cara a cara: ASME B16.10<br \/>\n-BW extremo: ASME B16.25<br \/>\n-Prueba: API 598\/BS 6755<br \/>\n-Prueba de seguridad contra incendios: API 607\/API 6FA<br \/>\n-Especial: NACE MR-01-75<\/p>\n<p>Caracteristicas de dise\u00f1o<br \/>\n-Cuerpo de acero forjado o fundido.<br \/>\n-Bola flotante y montada sobre mu\u00f1\u00f3n<br \/>\n-Puerto completo o puerto reductor<br \/>\n-Dispositivo antiest\u00e1tico<br \/>\n-V\u00e1stago a prueba de explosiones<br \/>\n-Dise\u00f1o a prueba de incendios<\/p>\n<table>\n<tbody>\n<tr>\n<td width=\"200\"><strong>nombre del producto<\/strong><\/td>\n<td width=\"481\">V\u00e1lvula de bola de acero forjado de 150 lb, cuerpo F304, orificio reductor, extremo de brida<\/td>\n<\/tr>\n<tr>\n<td width=\"200\">1. Materiales<\/td>\n<td width=\"481\">F304<\/td>\n<\/tr>\n<tr>\n<td width=\"200\">2. Tama\u00f1o<\/td>\n<td width=\"481\">2\u201d<\/td>\n<\/tr>\n<tr>\n<td width=\"200\">4. Puerto<\/td>\n<td width=\"481\">Puerto lleno<\/td>\n<\/tr>\n<tr>\n<td width=\"200\">5. Presi\u00f3n de trabajo<\/td>\n<td width=\"481\">150 libras<\/td>\n<\/tr>\n<tr>\n<td width=\"200\">6. La conexi\u00f3n finaliza<\/td>\n<td width=\"481\">RF<\/td>\n<\/tr>\n<tr>\n<td width=\"200\">7. Temperatura de trabajo.<\/td>\n<td width=\"481\">-29~120\u00baC,<\/td>\n<\/tr>\n<tr>\n<td width=\"200\">8. Medio adecuado<\/td>\n<td width=\"481\">Agua, Gas Natural, Petr\u00f3leo y alg\u00fan l\u00edquido corrosivo<\/td>\n<\/tr>\n<tr>\n<td width=\"200\">9. Operado<\/td>\n<td width=\"481\">Volante<\/td>\n<\/tr>\n<tr>\n<td width=\"200\">10. Inspecci\u00f3n y pruebas<\/td>\n<td width=\"481\">Seg\u00fan API598<\/td>\n<\/tr>\n<tr>\n<td width=\"200\"><strong>Env\u00edo<\/strong><\/td>\n<td width=\"481\"><\/td>\n<\/tr>\n<tr>\n<td width=\"200\">El tiempo de entrega<\/td>\n<td width=\"481\">30 dias<\/td>\n<\/tr>\n<tr>\n<td width=\"200\">Paquete<\/td>\n<td width=\"481\">Caja de madera contrachapada de exportaci\u00f3n est\u00e1ndar<\/td>\n<\/tr>\n<tr>\n<td width=\"200\">Puerto de embarque<\/td>\n<td width=\"481\">Ningbo\/Shangh\u00e1i, China<\/td>\n<\/tr>\n<tr>\n<td width=\"200\">Condiciones de env\u00edo<\/td>\n<td width=\"481\">Exw, MANDO, CFR, CIF, etc.<\/td>\n<\/tr>\n<tr>\n<td width=\"200\">T\u00e9rminos de pago<\/td>\n<td width=\"481\">T\/T, Western Union, PayPal, etc.<\/td>\n<\/tr>\n<tr>\n<td width=\"200\"><\/td>\n<td width=\"481\">Pago anticipado de 30%, saldo de 70% pagado antes del env\u00edo<\/td>\n<\/tr>\n<tr>\n<td width=\"200\">Pa\u00eds de origen<\/td>\n<td width=\"481\">Ciudad de Wenzhou, China<\/td>\n<\/tr>\n<tr>\n<td width=\"200\">Capacidad de producci\u00f3n<\/td>\n<td width=\"481\">6000 toneladas\/a\u00f1o<\/td>\n<\/tr>\n<tr>\n<td width=\"200\">Cantidad m\u00ednima de pedido<\/td>\n<td width=\"481\">1 unidad\/tama\u00f1o<\/td>\n<\/tr>\n<\/tbody>\n<\/table>\n<p>&nbsp;<\/p>","protected":false},"excerpt":{"rendered":"<p>Modelo:SQ41F-150LB-PEEK<\/p>\n<p>El principio de funcionamiento de nuestra v\u00e1lvula de bola de acero forjado de 150 lb es girar el v\u00e1stago de la v\u00e1lvula para desbloquearla u omitirla. Puede ser una v\u00e1lvula de bola de paso total, un \u00e1ngulo de 90 \u00b0C, el interruptor de la v\u00e1lvula de bola es liviano, de tama\u00f1o peque\u00f1o, se puede fabricar en un di\u00e1metro grande, confiable en el sellado, de estructura simple, conveniente en el mantenimiento, la superficie de sellado y la superficie esf\u00e9rica son a menudo cerrado, no f\u00e1cilmente erosionado por el medio, en diversas industrias. Ampliamente utilizado.<br \/>\nSTV Valve Technology Group Co., Ltd es un l\u00edder profesional en China V\u00e1lvula de bola de acero forjado de 150 lb, v\u00e1lvula de bola con brida de acero forjado tipo 2 piezas, v\u00e1lvula de bola A105, v\u00e1lvula de bola de acero forjado de alta presi\u00f3n, fabricante de v\u00e1lvula de bola montada en mu\u00f1\u00f3n de acero forjado con alta calidad y competitivo precio.<\/p>\n<p>Comun\u00edquese con nuestro sales@stvvalve.com para obtener otros materiales y detalles.<\/p>\n<p>Hoja de fecha:<a href=\"https:\/\/www.stvvalves.com\/wp-content\/uploads\/2019\/02\/150lb-forged-steel-ball-valve-f304-body-reducer-bore-flange-end-drawing.pdf\">V\u00e1lvula de bola de acero forjado de 150 lb, cuerpo F304, orificio reductor, extremo de brida<\/a><\/p>","protected":false},"featured_media":4402,"template":"","meta":[],"product_brand":[],"product_cat":[43,80,78,55,53],"product_tag":[555,556,105,558,557],"class_list":{"0":"post-4401","1":"product","2":"type-product","3":"status-publish","4":"has-post-thumbnail","6":"product_cat-ball-valve","7":"product_cat-flange-ball-valve","8":"product_cat-floating-ball-valve","9":"product_cat-forged-steel-ball-valve","10":"product_cat-stainless-steel-ball-valve","11":"product_tag-2pcs-type-forged-steel-flange-ball-valve","12":"product_tag-a105-ball-valve","13":"product_tag-ball-valve","14":"product_tag-forged-steel-trunnion-mounted-ball-valve-manufacturer","15":"product_tag-high-pressure-forged-steel-ball-valve","17":"first","18":"instock","19":"shipping-taxable","20":"product-type-simple"},"_links":{"self":[{"href":"https:\/\/www.stvvalves.com\/es\/wp-json\/wp\/v2\/product\/4401","targetHints":{"allow":["GET"]}}],"collection":[{"href":"https:\/\/www.stvvalves.com\/es\/wp-json\/wp\/v2\/product"}],"about":[{"href":"https:\/\/www.stvvalves.com\/es\/wp-json\/wp\/v2\/types\/product"}],"wp:featuredmedia":[{"embeddable":true,"href":"https:\/\/www.stvvalves.com\/es\/wp-json\/wp\/v2\/media\/4402"}],"wp:attachment":[{"href":"https:\/\/www.stvvalves.com\/es\/wp-json\/wp\/v2\/media?parent=4401"}],"wp:term":[{"taxonomy":"product_brand","embeddable":true,"href":"https:\/\/www.stvvalves.com\/es\/wp-json\/wp\/v2\/product_brand?post=4401"},{"taxonomy":"product_cat","embeddable":true,"href":"https:\/\/www.stvvalves.com\/es\/wp-json\/wp\/v2\/product_cat?post=4401"},{"taxonomy":"product_tag","embeddable":true,"href":"https:\/\/www.stvvalves.com\/es\/wp-json\/wp\/v2\/product_tag?post=4401"}],"curies":[{"name":"wp","href":"https:\/\/api.w.org\/{rel}","templated":true}]}}