{"id":4413,"date":"2019-02-28T13:51:13","date_gmt":"2019-02-28T13:51:13","guid":{"rendered":"https:\/\/www.stvvalves.com\/?post_type=product&#038;p=4413"},"modified":"2025-02-17T18:20:44","modified_gmt":"2025-02-17T10:20:44","slug":"jis-10k-flange-y-strainer-dn80-cf8m-body-and-trim","status":"publish","type":"product","link":"https:\/\/www.stvvalves.com\/es\/products\/jis-10k-flange-y-strainer-dn80-cf8m-body-and-trim\/","title":{"rendered":"Filtro en Y con brida JIS 10K, DN80, cuerpo y moldura CF8M"},"content":{"rendered":"<p>1.Tama\u00f1o: 1\/2\u2033~32\u2033 (DN15~DN800)<\/p>\n<p>2.Presi\u00f3n de trabajo: 150 lb ~ 600 lb PN10-PN40<\/p>\n<p>3. Temperatura de trabajo: -20\u00b0C~300\u00b0C<\/p>\n<p>4. Medio adecuado: agua.<\/p>\n<p>5.Material de fundici\u00f3n: WCB,WCC,C6,C12,LCB,LCC,CF8,CF3,CF8M,CF3M<\/p>\n<p>6.Conexi\u00f3n final: brida, soldadura a tope<\/p>\n<p><strong>Especificaci\u00f3n t\u00e9cnica:<\/strong><\/p>\n<p>A.Est\u00e1ndar de dise\u00f1o y fabricaci\u00f3n: ASME B16.34<\/p>\n<p>B. Cara a cara: Est\u00e1ndar del fabricante o seg\u00fan lo requiera el cliente.<\/p>\n<p>C. Est\u00e1ndar de brida: JIS B2220<\/p>\n<p>D: Est\u00e1ndar de prueba e inspecci\u00f3n: API 598<\/p>\n<p><img loading=\"lazy\" decoding=\"async\" class=\"alignnone size-full wp-image-4415\" src=\"https:\/\/www.stvvalves.com\/wp-content\/uploads\/2019\/02\/jis-10k-flange-y-strainer-dn80-cf8m-body-and-trim-drawing.jpg\" alt=\"\" width=\"2338\" height=\"1653\" srcset=\"https:\/\/www.stvvalves.com\/wp-content\/uploads\/2019\/02\/jis-10k-flange-y-strainer-dn80-cf8m-body-and-trim-drawing.jpg 2338w, https:\/\/www.stvvalves.com\/wp-content\/uploads\/2019\/02\/jis-10k-flange-y-strainer-dn80-cf8m-body-and-trim-drawing-600x424.jpg 600w, https:\/\/www.stvvalves.com\/wp-content\/uploads\/2019\/02\/jis-10k-flange-y-strainer-dn80-cf8m-body-and-trim-drawing-300x212.jpg 300w, https:\/\/www.stvvalves.com\/wp-content\/uploads\/2019\/02\/jis-10k-flange-y-strainer-dn80-cf8m-body-and-trim-drawing-768x543.jpg 768w, https:\/\/www.stvvalves.com\/wp-content\/uploads\/2019\/02\/jis-10k-flange-y-strainer-dn80-cf8m-body-and-trim-drawing-1030x728.jpg 1030w, https:\/\/www.stvvalves.com\/wp-content\/uploads\/2019\/02\/jis-10k-flange-y-strainer-dn80-cf8m-body-and-trim-drawing-1500x1061.jpg 1500w, https:\/\/www.stvvalves.com\/wp-content\/uploads\/2019\/02\/jis-10k-flange-y-strainer-dn80-cf8m-body-and-trim-drawing-260x185.jpg 260w, https:\/\/www.stvvalves.com\/wp-content\/uploads\/2019\/02\/jis-10k-flange-y-strainer-dn80-cf8m-body-and-trim-drawing-705x498.jpg 705w\" sizes=\"auto, (max-width: 2338px) 100vw, 2338px\" \/><\/p>","protected":false},"excerpt":{"rendered":"<p>Modelo:GL41H-JIS10K-CF8M<\/p>\n<p>Nuestro filtro en Y con brida JIS 10K es un dispositivo de filtrado indispensable para el transporte de medios. El filtro Y tipo Y generalmente se instala en el extremo de entrada de la v\u00e1lvula reductora de presi\u00f3n, la v\u00e1lvula de alivio de presi\u00f3n, la v\u00e1lvula de nivel de agua fija u otro equipo para eliminar las impurezas del medio. Para proteger el uso normal de v\u00e1lvulas y equipos. El filtro Y tipo Y tiene las caracter\u00edsticas de estructura avanzada, baja resistencia y descarga conveniente de aguas residuales. El filtro tipo Y es adecuado para agua, petr\u00f3leo y gas.<\/p>\n<p>STV Valve Technology Group Co., Ltd es un l\u00edder profesional en China Filtro en Y con brida JIS 10K, filtro tipo brida en Y, filtro en Y con extremo con brida de acero inoxidable JIS 10K, fabricante de v\u00e1lvulas de filtro de acero inoxidable con alta calidad y precio competitivo.<\/p>\n<p>Comun\u00edquese con nuestro sales@stvvalve.com para obtener otros materiales y m\u00e1s detalles.<\/p>\n<p>Hoja de fecha:<a href=\"https:\/\/www.stvvalves.com\/wp-content\/uploads\/2019\/02\/jis-10k-flange-y-strainer-dn80-cf8m-body-and-trim-drawing.pdf\">Filtro en Y con brida JIS 10K, DN80, cuerpo y moldura CF8M<\/a><\/p>","protected":false},"featured_media":4414,"template":"","meta":[],"product_brand":[],"product_cat":[85,48],"product_tag":[567,566,568,569,457],"class_list":{"0":"post-4413","1":"product","2":"type-product","3":"status-publish","4":"has-post-thumbnail","6":"product_cat-stainless-steel-y-type-strainer","7":"product_cat-y-strainer","8":"product_tag-jis-10k-flange-y-strainer","9":"product_tag-jis-10k-stainless-steel-flanged-end-y-strainer","10":"product_tag-jis10k-y-strainers","11":"product_tag-stainless-steel-strainer-valve","12":"product_tag-y-type-flange-end-strainers","14":"first","15":"instock","16":"shipping-taxable","17":"product-type-simple"},"_links":{"self":[{"href":"https:\/\/www.stvvalves.com\/es\/wp-json\/wp\/v2\/product\/4413","targetHints":{"allow":["GET"]}}],"collection":[{"href":"https:\/\/www.stvvalves.com\/es\/wp-json\/wp\/v2\/product"}],"about":[{"href":"https:\/\/www.stvvalves.com\/es\/wp-json\/wp\/v2\/types\/product"}],"wp:featuredmedia":[{"embeddable":true,"href":"https:\/\/www.stvvalves.com\/es\/wp-json\/wp\/v2\/media\/4414"}],"wp:attachment":[{"href":"https:\/\/www.stvvalves.com\/es\/wp-json\/wp\/v2\/media?parent=4413"}],"wp:term":[{"taxonomy":"product_brand","embeddable":true,"href":"https:\/\/www.stvvalves.com\/es\/wp-json\/wp\/v2\/product_brand?post=4413"},{"taxonomy":"product_cat","embeddable":true,"href":"https:\/\/www.stvvalves.com\/es\/wp-json\/wp\/v2\/product_cat?post=4413"},{"taxonomy":"product_tag","embeddable":true,"href":"https:\/\/www.stvvalves.com\/es\/wp-json\/wp\/v2\/product_tag?post=4413"}],"curies":[{"name":"wp","href":"https:\/\/api.w.org\/{rel}","templated":true}]}}