{"id":4419,"date":"2019-03-02T15:01:22","date_gmt":"2019-03-02T15:01:22","guid":{"rendered":"https:\/\/www.stvvalves.com\/?post_type=product&#038;p=4419"},"modified":"2025-02-17T18:21:09","modified_gmt":"2025-02-17T10:21:09","slug":"2pc-forged-steel-floating-ball-valve-astm-a105-npt-800lb-peek-seat","status":"publish","type":"product","link":"https:\/\/www.stvvalves.com\/es\/products\/2pc-forged-steel-floating-ball-valve-astm-a105-npt-800lb-peek-seat\/","title":{"rendered":"V\u00e1lvula de bola flotante de acero forjado de 2 piezas, ASTM A105, NPT, 800 LB, asiento de mirada"},"content":{"rendered":"<p>V\u00e1lvula de bola con rosca de acero forjado: 800 lb a 2500 lb<br \/>\nPaso total o paso reducido<br \/>\nSellado de asiento a prueba de incendios<br \/>\nV\u00e1stago a prueba de explosiones<br \/>\nDispositivo antiest\u00e1tico, bajas emisiones.<br \/>\nCarrocer\u00eda: A105, A182 F304, A182 F316 y m\u00e1s<br \/>\nBola: A105+ENP, 13CR, A182 F304, F304L, F316, F316L y m\u00e1s<br \/>\nAsiento: PTFE, RPTFE, mirada, metal con metal<br \/>\nOperado por palanca<br \/>\nDise\u00f1o y fabricaci\u00f3n seg\u00fan BS5351.<br \/>\nTama\u00f1o: 1\/2\u2033 a 2\u2033<br \/>\nExtremos para soldar con casquillo seg\u00fan ASME B16.11<br \/>\nExtremos atornillados (NPT) base en ANSI B1.20.1<br \/>\nBase de prueba e inspecci\u00f3n en API 598.<br \/>\nNACE MR-01-75<\/p>\n<p>&nbsp;<\/p>\n<table>\n<tbody>\n<tr>\n<td width=\"200\"><strong>nombre del producto<\/strong><\/td>\n<td width=\"481\">V\u00e1lvula de bola flotante de acero forjado de 2 piezas, ASTM A105, NPT, 800 LB, asiento de mirada<\/td>\n<\/tr>\n<tr>\n<td width=\"200\">1. Materiales<\/td>\n<td width=\"481\">A105N<\/td>\n<\/tr>\n<tr>\n<td width=\"200\">2. Tama\u00f1o<\/td>\n<td width=\"481\">1\u201d<\/td>\n<\/tr>\n<tr>\n<td width=\"200\">4. Puerto<\/td>\n<td width=\"481\">Puerto lleno<\/td>\n<\/tr>\n<tr>\n<td width=\"200\">5. Presi\u00f3n de trabajo<\/td>\n<td width=\"481\">800 libras<\/td>\n<\/tr>\n<tr>\n<td width=\"200\">6. La conexi\u00f3n finaliza<\/td>\n<td width=\"481\">TNP<\/td>\n<\/tr>\n<tr>\n<td width=\"200\">7. Temperatura de trabajo.<\/td>\n<td width=\"481\">-29~180\u00baC,<\/td>\n<\/tr>\n<tr>\n<td width=\"200\">8. Medio adecuado<\/td>\n<td width=\"481\">Agua, Gas Natural, Petr\u00f3leo y alg\u00fan l\u00edquido corrosivo<\/td>\n<\/tr>\n<tr>\n<td width=\"200\">9. Operado<\/td>\n<td width=\"481\">Volante<\/td>\n<\/tr>\n<tr>\n<td width=\"200\">10. Inspecci\u00f3n y pruebas<\/td>\n<td width=\"481\">Seg\u00fan API598<\/td>\n<\/tr>\n<tr>\n<td width=\"200\"><strong>Env\u00edo<\/strong><\/td>\n<td width=\"481\"><\/td>\n<\/tr>\n<tr>\n<td width=\"200\">El tiempo de entrega<\/td>\n<td width=\"481\">30 dias<\/td>\n<\/tr>\n<tr>\n<td width=\"200\">Paquete<\/td>\n<td width=\"481\">Caja de madera contrachapada de exportaci\u00f3n est\u00e1ndar<\/td>\n<\/tr>\n<tr>\n<td width=\"200\">Puerto de embarque<\/td>\n<td width=\"481\">Ningbo\/Shangh\u00e1i, China<\/td>\n<\/tr>\n<tr>\n<td width=\"200\">Condiciones de env\u00edo<\/td>\n<td width=\"481\">Exw, MANDO, CFR, CIF, etc.<\/td>\n<\/tr>\n<tr>\n<td width=\"200\">T\u00e9rminos de pago<\/td>\n<td width=\"481\">T\/T, Western Union, PayPal, etc.<\/td>\n<\/tr>\n<tr>\n<td width=\"200\"><\/td>\n<td width=\"481\">Pago anticipado de 30%, saldo de 70% pagado antes del env\u00edo<\/td>\n<\/tr>\n<tr>\n<td width=\"200\">Pa\u00eds de origen<\/td>\n<td width=\"481\">Ciudad de Wenzhou, China<\/td>\n<\/tr>\n<tr>\n<td width=\"200\">Capacidad de producci\u00f3n<\/td>\n<td width=\"481\">6000 toneladas\/a\u00f1o<\/td>\n<\/tr>\n<tr>\n<td width=\"200\">Cantidad m\u00ednima de pedido<\/td>\n<td width=\"481\">1 unidad\/tama\u00f1o<\/td>\n<\/tr>\n<\/tbody>\n<\/table>","protected":false},"excerpt":{"rendered":"<p>Modelo:Q11F-800LB-DN40-A105<\/p>\n<p>La v\u00e1lvula de bola flotante de acero forjado de 2 piezas se usa ampliamente en industrias importantes como la petrolera, qu\u00edmica, de energ\u00eda el\u00e9ctrica, conservaci\u00f3n de agua, acero, etc. Tambi\u00e9n se usa en todos los aspectos de la vida. La v\u00e1lvula de bola de acero forjado de conexi\u00f3n de dos piezas es una v\u00e1lvula indispensable en la producci\u00f3n y la vida de las personas. La v\u00e1lvula de bola con un uso cada vez mayor ha jugado un papel fundamental en la econom\u00eda nacional.<\/p>\n<p>La v\u00e1lvula de bola flotante de acero forjado de 2 piezas es una v\u00e1lvula que utiliza una bola con un paso circular como miembro de inicio y cierre, y la bola gira con el v\u00e1stago de la v\u00e1lvula para realizar la acci\u00f3n de apertura y cierre. Para el dise\u00f1o estructural del cuerpo de la v\u00e1lvula de bola de acero forjado, primero se debe considerar el proceso de forjado. Es decir, el margen de mecanizado es peque\u00f1o, el margen es peque\u00f1o, la forma y el tama\u00f1o est\u00e1n cerca de las piezas terminadas y la tasa de utilizaci\u00f3n del material es alta. Los equipos de forjado grandes y especiales son costosos de usar, por lo que, considerando la econom\u00eda de las v\u00e1lvulas de bola de acero forjado, las v\u00e1lvulas de bola de acero forjado generalmente se seleccionan para su procesamiento en equipos de forjado ordinarios.<\/p>\n<p>STV Valve Technology Group Co., Ltd es un l\u00edder profesional V\u00e1lvula de bola flotante de acero forjado de 2 piezas de China, v\u00e1lvula de bola de acero forjado de 800 lb, v\u00e1lvula de bola de acero forjado de 2 piezas de China, v\u00e1lvula de bola de acero forjado de alta presi\u00f3n, v\u00e1lvula de bola de rosca de acero forjado, bola forjada de China Fabricante de v\u00e1lvulas con alta calidad y precio competitivo.<\/p>\n<p>Comun\u00edquese con nuestro sales@stvvalve.com para obtener otros materiales y detalles.<\/p>\n<p>Hoja de fecha:<a href=\"https:\/\/www.stvvalves.com\/wp-content\/uploads\/2019\/03\/2PC-Forged-Steel-Floating-Ball-Valve-ASTM-A105-NPT-800LB-Peek-Seat-drawing.pdf\">V\u00e1lvula de bola flotante de acero forjado de 2 piezas, ASTM A105, NPT, 800 LB, asiento de mirada<\/a><\/p>","protected":false},"featured_media":4420,"template":"","meta":[],"product_brand":[],"product_cat":[43,78,55],"product_tag":[570,572,571,574,573,208],"class_list":{"0":"post-4419","1":"product","2":"type-product","3":"status-publish","4":"has-post-thumbnail","6":"product_cat-ball-valve","7":"product_cat-floating-ball-valve","8":"product_cat-forged-steel-ball-valve","9":"product_tag-800lb-forged-steel-ball-valve","10":"product_tag-china-2-piece-forged-steel-ball-valve","11":"product_tag-china-forged-ball-valve-manufacturer","12":"product_tag-forged-steel-high-pressure-ball-valve","13":"product_tag-forged-steel-thread-ball-valve","14":"product_tag-high-pressure-ball-valve","16":"first","17":"instock","18":"shipping-taxable","19":"product-type-simple"},"_links":{"self":[{"href":"https:\/\/www.stvvalves.com\/es\/wp-json\/wp\/v2\/product\/4419","targetHints":{"allow":["GET"]}}],"collection":[{"href":"https:\/\/www.stvvalves.com\/es\/wp-json\/wp\/v2\/product"}],"about":[{"href":"https:\/\/www.stvvalves.com\/es\/wp-json\/wp\/v2\/types\/product"}],"wp:featuredmedia":[{"embeddable":true,"href":"https:\/\/www.stvvalves.com\/es\/wp-json\/wp\/v2\/media\/4420"}],"wp:attachment":[{"href":"https:\/\/www.stvvalves.com\/es\/wp-json\/wp\/v2\/media?parent=4419"}],"wp:term":[{"taxonomy":"product_brand","embeddable":true,"href":"https:\/\/www.stvvalves.com\/es\/wp-json\/wp\/v2\/product_brand?post=4419"},{"taxonomy":"product_cat","embeddable":true,"href":"https:\/\/www.stvvalves.com\/es\/wp-json\/wp\/v2\/product_cat?post=4419"},{"taxonomy":"product_tag","embeddable":true,"href":"https:\/\/www.stvvalves.com\/es\/wp-json\/wp\/v2\/product_tag?post=4419"}],"curies":[{"name":"wp","href":"https:\/\/api.w.org\/{rel}","templated":true}]}}