{"id":4424,"date":"2019-03-02T15:55:28","date_gmt":"2019-03-02T15:55:28","guid":{"rendered":"https:\/\/www.stvvalves.com\/?post_type=product&#038;p=4424"},"modified":"2025-02-17T18:20:41","modified_gmt":"2025-02-17T10:20:41","slug":"3pc-peek-seat-ball-valve-800lb-f316-body-316-trim-3-inch-sw-end","status":"publish","type":"product","link":"https:\/\/www.stvvalves.com\/es\/products\/3pc-peek-seat-ball-valve-800lb-f316-body-316-trim-3-inch-sw-end\/","title":{"rendered":"V\u00e1lvula de bola de asiento de 3 piezas, 800 lb, cuerpo F316, moldura 316, 3 pulgadas, extremo SW"},"content":{"rendered":"<p>Tama\u00f1o:1\/2\u2033-2\u2033<\/p>\n<p>Presi\u00f3n normal: 800-2500 lb.<\/p>\n<p>FP. Dise\u00f1o de puerto completo\/RP. Puerto Regular \/ Puerto Reducido<\/p>\n<p>3 piezas \/ Cuerpo dividido, bola flotante<\/p>\n<p>V\u00e1stago a prueba de explosi\u00f3n<\/p>\n<p>NPT, BSPP, soldadura por z\u00f3calo, soldadura a tope, cara elevada<\/p>\n<p>CAPI \/ ISO5211 Almohadilla de montaje<\/p>\n<p>Nivel o engranaje helicoidal<\/p>\n<p>Especificaciones<\/p>\n<p>Est\u00e1ndar de dise\u00f1o y fabricaci\u00f3n: API 608, API 607, API 6D, BS 5351<\/p>\n<p>Est\u00e1ndar cara a cara: API B16.10, API 6D, DIN 3202<br \/>\nEst\u00e1ndar de conexi\u00f3n final: NPT, BSP, BSPT, DIN259\/2999<\/p>\n<p>Est\u00e1ndar de prueba: ISO5208, API 6D, BS 6755, API598<br \/>\nMaterial del cuerpo: A105, F304, F316<\/p>\n<p>Asiento: RPTFE, PPL, nailon, OJEADA<\/p>\n<p>Temperatura de trabajo: -40-180 \u2103<\/p>\n<p>Adecuado: agua, petr\u00f3leo, gas.<\/p>\n<p>&nbsp;<\/p>\n<table>\n<tbody>\n<tr>\n<td width=\"200\"><strong>nombre del producto<\/strong><\/td>\n<td width=\"481\">V\u00e1lvula de bola de asiento de 3 piezas, 800 lb, cuerpo F316, moldura 316, 3 pulgadas, extremo SW<\/td>\n<\/tr>\n<tr>\n<td width=\"200\">1. Materiales<\/td>\n<td width=\"481\">F316<\/td>\n<\/tr>\n<tr>\n<td width=\"200\">2. Tama\u00f1o<\/td>\n<td width=\"481\">3\u201d<\/td>\n<\/tr>\n<tr>\n<td width=\"200\">4. Puerto<\/td>\n<td width=\"481\">Puerto lleno<\/td>\n<\/tr>\n<tr>\n<td width=\"200\">5. Presi\u00f3n de trabajo<\/td>\n<td width=\"481\">800 libras<\/td>\n<\/tr>\n<tr>\n<td width=\"200\">6. La conexi\u00f3n finaliza<\/td>\n<td width=\"481\">SUDOESTE<\/td>\n<\/tr>\n<tr>\n<td width=\"200\">7. Temperatura de trabajo.<\/td>\n<td width=\"481\">-29~180\u00baC,<\/td>\n<\/tr>\n<tr>\n<td width=\"200\">8. Medio adecuado<\/td>\n<td width=\"481\">Agua, Gas Natural, Petr\u00f3leo y alg\u00fan l\u00edquido corrosivo<\/td>\n<\/tr>\n<tr>\n<td width=\"200\">9. Operado<\/td>\n<td width=\"481\">Volante<\/td>\n<\/tr>\n<tr>\n<td width=\"200\">10. Inspecci\u00f3n y pruebas<\/td>\n<td width=\"481\">Seg\u00fan API598<\/td>\n<\/tr>\n<tr>\n<td width=\"200\"><strong>Env\u00edo<\/strong><\/td>\n<td width=\"481\"><\/td>\n<\/tr>\n<tr>\n<td width=\"200\">El tiempo de entrega<\/td>\n<td width=\"481\">30 dias<\/td>\n<\/tr>\n<tr>\n<td width=\"200\">Paquete<\/td>\n<td width=\"481\">Caja de madera contrachapada de exportaci\u00f3n est\u00e1ndar<\/td>\n<\/tr>\n<tr>\n<td width=\"200\">Puerto de embarque<\/td>\n<td width=\"481\">Ningbo\/Shangh\u00e1i, China<\/td>\n<\/tr>\n<tr>\n<td width=\"200\">Condiciones de env\u00edo<\/td>\n<td width=\"481\">Exw, MANDO, CFR, CIF, etc.<\/td>\n<\/tr>\n<tr>\n<td width=\"200\">T\u00e9rminos de pago<\/td>\n<td width=\"481\">T\/T, Western Union, PayPal, etc.<\/td>\n<\/tr>\n<tr>\n<td width=\"200\"><\/td>\n<td width=\"481\">Pago anticipado de 30%, saldo de 70% pagado antes del env\u00edo<\/td>\n<\/tr>\n<tr>\n<td width=\"200\">Pa\u00eds de origen<\/td>\n<td width=\"481\">Ciudad de Wenzhou, China<\/td>\n<\/tr>\n<tr>\n<td width=\"200\">Capacidad de producci\u00f3n<\/td>\n<td width=\"481\">6000 toneladas\/a\u00f1o<\/td>\n<\/tr>\n<tr>\n<td width=\"200\">Cantidad m\u00ednima de pedido<\/td>\n<td width=\"481\">1 unidad\/tama\u00f1o<\/td>\n<\/tr>\n<\/tbody>\n<\/table>","protected":false},"excerpt":{"rendered":"<p>Modelo:Q11F-800LB-3\u2033<\/p>\n<p>El principio de funcionamiento de la v\u00e1lvula de bola con asiento Peek de 3 piezas es girar el v\u00e1stago de la v\u00e1lvula para desbloquearla u obstruirla. Puede ser una v\u00e1lvula de bola de paso total, \u00e1ngulo de 90 \u00b0C, el interruptor de la v\u00e1lvula de bola es liviano, de tama\u00f1o peque\u00f1o, se puede fabricar en un di\u00e1metro grande, sellado confiable, estructura simple, mantenimiento conveniente, la superficie de sellado y la superficie esf\u00e9rica son a menudo cerrado, no f\u00e1cilmente erosionado por el medio, en diversas industrias. Obtenga una amplia gama de aplicaciones. Caracter\u00edsticas: Estructura de cuerpo de 3 piezas Caudal total de 1\/2\u2033 a 2\u2033 Presi\u00f3n 800 lb (2000 psi) El extremo roscado se puede fabricar de acuerdo con: BSPT, NPT, DIN2999 Puerto de soldadura por casquillo: ANSI 16.11 El dise\u00f1o de la estructura ign\u00edfuga puede ser antiest\u00e1tico .<\/p>\n<p>STV Valve Technology Group Co., Ltd es un l\u00edder profesional en China V\u00e1lvula de bola con asiento abierto de 3 piezas, v\u00e1lvula de bola de acero forjado A105N de 800 lb, v\u00e1lvula de bola de tama\u00f1o peque\u00f1o de acero forjado de 3 piezas, v\u00e1lvula de bola de 800 lb con extremo de rosca NPT de 3 piezas, v\u00e1lvula de bola de alta presi\u00f3n de 3 piezas, 3 piezas Fabricante de v\u00e1lvulas de bola de acero forjado de tama\u00f1o peque\u00f1o con alta calidad y precio competitivo. \u00a1Bienvenido a contactarnos!<\/p>\n<p>Comun\u00edquese con nuestro sales@stvvalve.com para obtener otros materiales y detalles.<\/p>\n<p>Hoja de fecha:<a href=\"https:\/\/www.stvvalves.com\/wp-content\/uploads\/2019\/03\/3pc-peek-seat-ball-valve-800lb-f316-body-316-trim-3-inch-sw-end-drawing.pdf\">V\u00e1lvula de bola de asiento de 3 piezas, 800 lb, cuerpo F316, moldura 316, 3 pulgadas, extremo SW<\/a><\/p>","protected":false},"featured_media":4427,"template":"","meta":[],"product_brand":[],"product_cat":[43,78,55],"product_tag":[579,575,577,578,580,576],"class_list":{"0":"post-4424","1":"product","2":"type-product","3":"status-publish","4":"has-post-thumbnail","6":"product_cat-ball-valve","7":"product_cat-floating-ball-valve","8":"product_cat-forged-steel-ball-valve","9":"product_tag-3-pc-high-pressure-ball-valve","10":"product_tag-3-piece-ball-valves","11":"product_tag-3pc-forged-steel-small-size-ball-valve","12":"product_tag-3pc-npt-thread-end-800lb-ball-valve","13":"product_tag-3pc-small-size-forged-steel-ball-valve-manufacturer","14":"product_tag-800lb-forged-steel-a105n-ball-valve","16":"first","17":"instock","18":"shipping-taxable","19":"product-type-simple"},"_links":{"self":[{"href":"https:\/\/www.stvvalves.com\/es\/wp-json\/wp\/v2\/product\/4424","targetHints":{"allow":["GET"]}}],"collection":[{"href":"https:\/\/www.stvvalves.com\/es\/wp-json\/wp\/v2\/product"}],"about":[{"href":"https:\/\/www.stvvalves.com\/es\/wp-json\/wp\/v2\/types\/product"}],"wp:featuredmedia":[{"embeddable":true,"href":"https:\/\/www.stvvalves.com\/es\/wp-json\/wp\/v2\/media\/4427"}],"wp:attachment":[{"href":"https:\/\/www.stvvalves.com\/es\/wp-json\/wp\/v2\/media?parent=4424"}],"wp:term":[{"taxonomy":"product_brand","embeddable":true,"href":"https:\/\/www.stvvalves.com\/es\/wp-json\/wp\/v2\/product_brand?post=4424"},{"taxonomy":"product_cat","embeddable":true,"href":"https:\/\/www.stvvalves.com\/es\/wp-json\/wp\/v2\/product_cat?post=4424"},{"taxonomy":"product_tag","embeddable":true,"href":"https:\/\/www.stvvalves.com\/es\/wp-json\/wp\/v2\/product_tag?post=4424"}],"curies":[{"name":"wp","href":"https:\/\/api.w.org\/{rel}","templated":true}]}}