{"id":4448,"date":"2019-03-15T09:51:54","date_gmt":"2019-03-15T09:51:54","guid":{"rendered":"https:\/\/www.stvvalves.com\/?post_type=product&#038;p=4448"},"modified":"2025-02-17T18:20:09","modified_gmt":"2025-02-17T10:20:09","slug":"high-pressure-globe-valve-2500lb-f22-body-304-trim-sw-end","status":"publish","type":"product","link":"https:\/\/www.stvvalves.com\/es\/products\/high-pressure-globe-valve-2500lb-f22-body-304-trim-sw-end\/","title":{"rendered":"V\u00e1lvula de globo de alta presi\u00f3n, 2500 LB, cuerpo F22, ajuste 304, EXTREMO SW"},"content":{"rendered":"<p>Dise\u00f1o y Fabricaci\u00f3n seg\u00fan: API 602\/MSS SP-118<\/p>\n<p>Cara a Cara seg\u00fan: ASME B16.10<\/p>\n<p>Dimensiones de brida seg\u00fan: ASME B16.5<\/p>\n<p>Presi\u00f3n y temperatura seg\u00fan: ASME B16.34<\/p>\n<p>Prueba e inspecci\u00f3n seg\u00fan: API 6D \/ API 598<\/p>\n<p>Inspecci\u00f3n visual seg\u00fan : MSS SP-55<\/p>\n<p>Marcado seg\u00fan : MSS SP-25<\/p>\n<p>Caracter\u00edsticas clave:<br \/>\nOperador de volante<br \/>\nCap\u00f3 de sellado, cap\u00f3 de soldadura, cap\u00f3 de perno.<br \/>\nAtornillado BSP, NPT o Soldadura a Enchufe. Soldadura a tope<br \/>\nTama\u00f1os 1\/2\u2033 a 2\u2033<br \/>\nMaterial: A105, LF2, F5, F11, F22, 304, 316, 316L, etc.<br \/>\nRango de temperatura: -29\u00b0C a 560\u00b0C<br \/>\nPresi\u00f3n hasta 420 bar (150 LB-2500 LB)<\/p>\n<table>\n<tbody>\n<tr>\n<td width=\"200\"><strong><b>nombre del producto<\/b><\/strong><\/td>\n<td width=\"481\">V\u00e1lvula de globo de alta presi\u00f3n, 2500 LB, cuerpo F22, ajuste 304, EXTREMO SW<\/td>\n<\/tr>\n<tr>\n<td width=\"200\">1. Materiales<\/td>\n<td width=\"481\">A105\u3001LF2\u3001F5\u3001F11\u3001F22\u3001304\u3001316\u3001316L etc.<\/td>\n<\/tr>\n<tr>\n<td width=\"200\">2. Tama\u00f1o<\/td>\n<td width=\"481\">1\/2\u201d~2\u201d (DN15~DN50)<\/td>\n<\/tr>\n<tr>\n<td width=\"200\">4. Puerto<\/td>\n<td width=\"481\">Puerto reductor o puerto completo<\/td>\n<\/tr>\n<tr>\n<td width=\"200\">5. Presi\u00f3n de trabajo<\/td>\n<td width=\"481\">150 libras ~ 2500 libras<\/td>\n<\/tr>\n<tr>\n<td width=\"200\">6. La conexi\u00f3n finaliza<\/td>\n<td width=\"481\">BSP, NPT o soldadura por encaje. Soldadura a tope<\/td>\n<\/tr>\n<tr>\n<td width=\"200\">7. Temperatura de trabajo.<\/td>\n<td width=\"481\">-29~425\u00baC, o seg\u00fan los requisitos del cliente para diferentes industrias.<\/td>\n<\/tr>\n<tr>\n<td width=\"200\">8. Medio adecuado<\/td>\n<td width=\"481\">Agua, Gas Natural, Petr\u00f3leo y alg\u00fan l\u00edquido corrosivo<\/td>\n<\/tr>\n<tr>\n<td width=\"200\">9. Operado<\/td>\n<td width=\"481\">Volante<\/td>\n<\/tr>\n<tr>\n<td width=\"200\">10. Inspecci\u00f3n y pruebas<\/td>\n<td width=\"481\">Seg\u00fan API598<\/td>\n<\/tr>\n<tr>\n<td width=\"200\"><strong><b>Env\u00edo<\/b><\/strong><\/td>\n<td width=\"481\"><\/td>\n<\/tr>\n<tr>\n<td width=\"200\">El tiempo de entrega<\/td>\n<td width=\"481\">15~20 d\u00edas<\/td>\n<\/tr>\n<tr>\n<td width=\"200\">Paquete<\/td>\n<td width=\"481\">Caja de madera contrachapada de exportaci\u00f3n est\u00e1ndar<\/td>\n<\/tr>\n<tr>\n<td width=\"200\">Puerto de embarque<\/td>\n<td width=\"481\">Ningbo\/Shangh\u00e1i, China<\/td>\n<\/tr>\n<tr>\n<td width=\"200\">Condiciones de env\u00edo<\/td>\n<td width=\"481\">Exw, MANDO, CFR, CIF, etc.<\/td>\n<\/tr>\n<tr>\n<td width=\"200\">T\u00e9rminos de pago<\/td>\n<td width=\"481\">T\/T, Western Union, PayPal, etc.<\/td>\n<\/tr>\n<tr>\n<td width=\"200\"><\/td>\n<td width=\"481\">Pago anticipado de 30%, saldo de 70% pagado antes del env\u00edo<\/td>\n<\/tr>\n<tr>\n<td width=\"200\">Pa\u00eds de origen<\/td>\n<td width=\"481\">Ciudad de Wenzhou, China<\/td>\n<\/tr>\n<tr>\n<td width=\"200\">Capacidad de producci\u00f3n<\/td>\n<td width=\"481\">6000 toneladas\/a\u00f1o<\/td>\n<\/tr>\n<tr>\n<td width=\"200\">Cantidad m\u00ednima de pedido<\/td>\n<td width=\"481\">10 unidades\/tama\u00f1o<\/td>\n<\/tr>\n<\/tbody>\n<\/table>","protected":false},"excerpt":{"rendered":"<p>Modelo: J61Y-2500LB-F22-03<\/p>\n<p>Nuestra v\u00e1lvula de globo de alta presi\u00f3n es una v\u00e1lvula de globo de acero forjado autosellante a presi\u00f3n. Esta v\u00e1lvula dise\u00f1ada con esta forma de conexi\u00f3n tiene una conexi\u00f3n roscada entre el cuerpo de la v\u00e1lvula y la tapa de la v\u00e1lvula. el anillo autosellante de presi\u00f3n interna est\u00e1 sellado. cuanto mayor sea la presi\u00f3n interna, mejor ser\u00e1 el rendimiento del sellado.<\/p>\n<p>STV Valve Technology Group Co., Ltd es un l\u00edder profesional en China, v\u00e1lvula de globo de alta presi\u00f3n, v\u00e1lvula de globo de acero al carbono forjado, v\u00e1lvula de globo API 602, v\u00e1lvula de globo de acero forjado API 602, v\u00e1lvula de globo de 2500 lb, v\u00e1lvula de globo F22, fabricante con alta calidad y precio competitivo. .<\/p>\n<p>Comun\u00edquese con nuestro sales@stvvalve.com para obtener otros materiales y detalles.<\/p>\n<p>Hoja de fecha:<a href=\"https:\/\/www.stvvalves.com\/wp-content\/uploads\/2019\/03\/High-Pressure-Globe-Valve-2500LB-F22-Body-304-Trim-SW-END-drawing.pdf\">V\u00e1lvula de globo de alta presi\u00f3n, 2500 LB, cuerpo F22, ajuste 304, EXTREMO SW<\/a><\/p>","protected":false},"featured_media":4452,"template":"","meta":[],"product_brand":[],"product_cat":[64,45],"product_tag":[210,592,591,590,589],"class_list":{"0":"post-4448","1":"product","2":"type-product","3":"status-publish","4":"has-post-thumbnail","6":"product_cat-foreged-steel-globe-valve","7":"product_cat-globe-valve","8":"product_tag-2500lb-globe-valve","9":"product_tag-dn20-globe-valve","10":"product_tag-f22-globe-valve","11":"product_tag-high-pressure-globe-valves","12":"product_tag-pressure-seal-globe-valves","14":"first","15":"instock","16":"shipping-taxable","17":"product-type-simple"},"_links":{"self":[{"href":"https:\/\/www.stvvalves.com\/es\/wp-json\/wp\/v2\/product\/4448","targetHints":{"allow":["GET"]}}],"collection":[{"href":"https:\/\/www.stvvalves.com\/es\/wp-json\/wp\/v2\/product"}],"about":[{"href":"https:\/\/www.stvvalves.com\/es\/wp-json\/wp\/v2\/types\/product"}],"wp:featuredmedia":[{"embeddable":true,"href":"https:\/\/www.stvvalves.com\/es\/wp-json\/wp\/v2\/media\/4452"}],"wp:attachment":[{"href":"https:\/\/www.stvvalves.com\/es\/wp-json\/wp\/v2\/media?parent=4448"}],"wp:term":[{"taxonomy":"product_brand","embeddable":true,"href":"https:\/\/www.stvvalves.com\/es\/wp-json\/wp\/v2\/product_brand?post=4448"},{"taxonomy":"product_cat","embeddable":true,"href":"https:\/\/www.stvvalves.com\/es\/wp-json\/wp\/v2\/product_cat?post=4448"},{"taxonomy":"product_tag","embeddable":true,"href":"https:\/\/www.stvvalves.com\/es\/wp-json\/wp\/v2\/product_tag?post=4448"}],"curies":[{"name":"wp","href":"https:\/\/api.w.org\/{rel}","templated":true}]}}