{"id":4486,"date":"2019-03-18T14:35:06","date_gmt":"2019-03-18T14:35:06","guid":{"rendered":"https:\/\/www.stvvalves.com\/?post_type=product&#038;p=4486"},"modified":"2025-02-17T18:22:02","modified_gmt":"2025-02-17T10:22:02","slug":"cast-steel-gate-valve-600lb-3-inch-api-600-flanged-end","status":"publish","type":"product","link":"https:\/\/www.stvvalves.com\/es\/products\/cast-steel-gate-valve-600lb-3-inch-api-600-flanged-end\/","title":{"rendered":"V\u00e1lvula de compuerta de acero fundido 600LB, 3 pulgadas, API 600, extremo con brida"},"content":{"rendered":"<p>V\u00c1LVULA DE PUERTA DE ACERO FUNDIDO CLASE 150~1500<br \/>\nOS&amp;Y, v\u00e1stago ascendente, cu\u00f1a flexible<br \/>\nCap\u00f3 atornillado, anillo de asiento roscado o soldado<br \/>\nASTM A216 WCB, A217 WC6, A351 CF8, A351 CF8M,<br \/>\nA351 CF3,A351 CF3M,A351 CN7M<\/p>\n<p>Cumplimiento de normas<br \/>\nDise\u00f1o y fabricaci\u00f3n:ANSIB16.34,API600 API6D,API603,BS1414<br \/>\nCara a cara (de extremo a extremo):ANSIB16.10,API6D<br \/>\nConexi\u00f3n bridada: 2\u2033~24\u2033a ANSIB16.5,22\u2033,26\u2033~36\u2033a MSS-SP-44 a API605 a pedido<br \/>\nPrueba e inspecci\u00f3n: API598, API6D<br \/>\nExtremo soldado a tope:ANSIB16.5<\/p>\n<table>\n<tbody>\n<tr>\n<td width=\"200\"><strong>nombre del producto<\/strong><\/td>\n<td width=\"481\">V\u00e1lvula de compuerta de acero fundido 600LB, 3 pulgadas, API 600, extremo con brida<\/td>\n<\/tr>\n<tr>\n<td width=\"200\">1. Materiales<\/td>\n<td width=\"481\">WCB<\/td>\n<\/tr>\n<tr>\n<td width=\"200\">2. Tama\u00f1o<\/td>\n<td width=\"481\">3\u201d<\/td>\n<\/tr>\n<tr>\n<td width=\"200\">4. Puerto<\/td>\n<td width=\"481\">Puerto lleno<\/td>\n<\/tr>\n<tr>\n<td width=\"200\">5. Presi\u00f3n de trabajo<\/td>\n<td width=\"481\">600 libras<\/td>\n<\/tr>\n<tr>\n<td width=\"200\">6. La conexi\u00f3n finaliza<\/td>\n<td width=\"481\">RF<\/td>\n<\/tr>\n<tr>\n<td width=\"200\">7. Temperatura de trabajo.<\/td>\n<td width=\"481\">-29~425\u00baC,<\/td>\n<\/tr>\n<tr>\n<td width=\"200\">8. Medio adecuado<\/td>\n<td width=\"481\">Agua, Gas Natural, Petr\u00f3leo y alg\u00fan l\u00edquido corrosivo<\/td>\n<\/tr>\n<tr>\n<td width=\"200\">9. Operado<\/td>\n<td width=\"481\">Volante<\/td>\n<\/tr>\n<tr>\n<td width=\"200\">10. Inspecci\u00f3n y pruebas<\/td>\n<td width=\"481\">Seg\u00fan API598<\/td>\n<\/tr>\n<tr>\n<td width=\"200\"><strong>Env\u00edo<\/strong><\/td>\n<td width=\"481\"><\/td>\n<\/tr>\n<tr>\n<td width=\"200\">El tiempo de entrega<\/td>\n<td width=\"481\">30 dias<\/td>\n<\/tr>\n<tr>\n<td width=\"200\">Paquete<\/td>\n<td width=\"481\">Caja de madera contrachapada de exportaci\u00f3n est\u00e1ndar<\/td>\n<\/tr>\n<tr>\n<td width=\"200\">Puerto de embarque<\/td>\n<td width=\"481\">Ningbo\/Shangh\u00e1i, China<\/td>\n<\/tr>\n<tr>\n<td width=\"200\">Condiciones de env\u00edo<\/td>\n<td width=\"481\">Exw, MANDO, CFR, CIF, etc.<\/td>\n<\/tr>\n<tr>\n<td width=\"200\">T\u00e9rminos de pago<\/td>\n<td width=\"481\">T\/T, Western Union, PayPal, etc.<\/td>\n<\/tr>\n<tr>\n<td width=\"200\"><\/td>\n<td width=\"481\">Pago anticipado de 30%, saldo de 70% pagado antes del env\u00edo<\/td>\n<\/tr>\n<tr>\n<td width=\"200\">Pa\u00eds de origen<\/td>\n<td width=\"481\">Ciudad de Wenzhou, China<\/td>\n<\/tr>\n<tr>\n<td width=\"200\">Capacidad de producci\u00f3n<\/td>\n<td width=\"481\">6000 toneladas\/a\u00f1o<\/td>\n<\/tr>\n<tr>\n<td width=\"200\">Cantidad m\u00ednima de pedido<\/td>\n<td width=\"481\">1 unidad\/tama\u00f1o<\/td>\n<\/tr>\n<\/tbody>\n<\/table>","protected":false},"excerpt":{"rendered":"<p>Modelo:STV-Z41Y-600LB-3\u2033-WCB<\/p>\n<p>La v\u00e1lvula de compuerta de acero fundido es adecuada para ANSI Clase 150-600, PN2.0\uff5e16.0MPa, JIS10\uff5e20K, temperatura de trabajo -29\uff5e425\u00b0C (acero al carbono) y -40\uff5e500\u00b0C (acero inoxidable) En carretera , utilizado para cortar o encender los medios en la tuber\u00eda. Al utilizar diferentes materiales, la v\u00e1lvula de compuerta est\u00e1ndar estadounidense de acero se puede aplicar a agua, vapor, aceite, \u00e1cido n\u00edtrico, \u00e1cido ac\u00e9tico, medios oxidantes fuertes y urea. Hay transmisi\u00f3n manual, de engranajes c\u00f3nicos y el\u00e9ctrica.<\/p>\n<p>STV Valve Technology Group Co., Ltd es un l\u00edder profesional en China V\u00e1lvula de compuerta de acero fundido de 600 lb, v\u00e1lvulas de compuerta de acero fundido API 600, v\u00e1lvula de compuerta de acero fundido, v\u00e1lvula de compuerta de acero fundido Asme B16.34 clase 600 Lb, fabricante de v\u00e1lvulas de compuerta de acero fundido de China con Alta calidad y precio competitivo.<\/p>\n<p>Comun\u00edquese con nuestro sales@stvvalve.com para obtener otros materiales y detalles.<\/p>\n<p>Hoja de fecha:<a href=\"https:\/\/www.stvvalves.com\/wp-content\/uploads\/2019\/03\/Cast-Steel-Gate-Valve-600LB-3-Inch-API-600-Flanged-END-drawing.pdf\">V\u00e1lvula de compuerta de acero fundido 600LB, 3 pulgadas, API 600, extremo con brida<\/a><\/p>","protected":false},"featured_media":4487,"template":"","meta":[],"product_brand":[],"product_cat":[58,44],"product_tag":[615,613,616,614,617],"class_list":{"0":"post-4486","1":"product","2":"type-product","3":"status-publish","4":"has-post-thumbnail","6":"product_cat-cast-steel-gate-valve","7":"product_cat-gate-valve","8":"product_tag-api-600-cast-steel-gate-valves","9":"product_tag-asme-b16-34-class-600-lb-cast-steel-gate-valve","10":"product_tag-cast-steel-gate-valve","11":"product_tag-cast-steel-gate-valve-600lb","12":"product_tag-china-cast-steel-gate-valves-manufacturer","14":"first","15":"instock","16":"shipping-taxable","17":"product-type-simple"},"_links":{"self":[{"href":"https:\/\/www.stvvalves.com\/es\/wp-json\/wp\/v2\/product\/4486","targetHints":{"allow":["GET"]}}],"collection":[{"href":"https:\/\/www.stvvalves.com\/es\/wp-json\/wp\/v2\/product"}],"about":[{"href":"https:\/\/www.stvvalves.com\/es\/wp-json\/wp\/v2\/types\/product"}],"wp:featuredmedia":[{"embeddable":true,"href":"https:\/\/www.stvvalves.com\/es\/wp-json\/wp\/v2\/media\/4487"}],"wp:attachment":[{"href":"https:\/\/www.stvvalves.com\/es\/wp-json\/wp\/v2\/media?parent=4486"}],"wp:term":[{"taxonomy":"product_brand","embeddable":true,"href":"https:\/\/www.stvvalves.com\/es\/wp-json\/wp\/v2\/product_brand?post=4486"},{"taxonomy":"product_cat","embeddable":true,"href":"https:\/\/www.stvvalves.com\/es\/wp-json\/wp\/v2\/product_cat?post=4486"},{"taxonomy":"product_tag","embeddable":true,"href":"https:\/\/www.stvvalves.com\/es\/wp-json\/wp\/v2\/product_tag?post=4486"}],"curies":[{"name":"wp","href":"https:\/\/api.w.org\/{rel}","templated":true}]}}