{"id":4502,"date":"2019-03-19T03:37:59","date_gmt":"2019-03-19T03:37:59","guid":{"rendered":"https:\/\/www.stvvalves.com\/?post_type=product&#038;p=4502"},"modified":"2025-02-17T18:22:01","modified_gmt":"2025-02-17T10:22:01","slug":"scs13-swing-check-valve4-inch-jis10k-ff-end","status":"publish","type":"product","link":"https:\/\/www.stvvalves.com\/es\/products\/scs13-swing-check-valve4-inch-jis10k-ff-end\/","title":{"rendered":"V\u00e1lvula de retenci\u00f3n oscilante SCS13, 4 pulgadas, Jis10K, extremo FF"},"content":{"rendered":"<p>V\u00e1lvula de retenci\u00f3n oscilante SCS13<br \/>\nDise\u00f1o y Fabricaci\u00f3n: JIS B2074 B2084<br \/>\nDimensi\u00f3n cara a cara: JIS B2212 B2214<br \/>\nDimensi\u00f3n de conexi\u00f3n de brida: JIS B2002<br \/>\nPrueba e inspecci\u00f3n: JIS B2003<br \/>\nTama\u00f1o: NPS 2\u2033~48\u2033<br \/>\nClase: JIS10K-40K<br \/>\nMaterial principal: WCB, WCA, WCC, WC6, WC9, C5, C12, LCB, LCC, CF8, CF8M, CF3, CF3M, CF8C, CN7M,SCS13,SCS13A,SCS14,SCS14A,SCS12,SCS13<\/p>\n<p><img loading=\"lazy\" decoding=\"async\" class=\"alignleft size-full wp-image-4505\" src=\"https:\/\/www.stvvalves.com\/wp-content\/uploads\/2019\/03\/SCS13-Swing-Check-Valve-4-Inch-Jis10K-FF-End-drawing.jpg\" alt=\"\" width=\"2339\" height=\"1653\" srcset=\"https:\/\/www.stvvalves.com\/wp-content\/uploads\/2019\/03\/SCS13-Swing-Check-Valve-4-Inch-Jis10K-FF-End-drawing.jpg 2339w, https:\/\/www.stvvalves.com\/wp-content\/uploads\/2019\/03\/SCS13-Swing-Check-Valve-4-Inch-Jis10K-FF-End-drawing-600x424.jpg 600w, https:\/\/www.stvvalves.com\/wp-content\/uploads\/2019\/03\/SCS13-Swing-Check-Valve-4-Inch-Jis10K-FF-End-drawing-300x212.jpg 300w, https:\/\/www.stvvalves.com\/wp-content\/uploads\/2019\/03\/SCS13-Swing-Check-Valve-4-Inch-Jis10K-FF-End-drawing-768x543.jpg 768w, https:\/\/www.stvvalves.com\/wp-content\/uploads\/2019\/03\/SCS13-Swing-Check-Valve-4-Inch-Jis10K-FF-End-drawing-1030x728.jpg 1030w, https:\/\/www.stvvalves.com\/wp-content\/uploads\/2019\/03\/SCS13-Swing-Check-Valve-4-Inch-Jis10K-FF-End-drawing-1500x1060.jpg 1500w, https:\/\/www.stvvalves.com\/wp-content\/uploads\/2019\/03\/SCS13-Swing-Check-Valve-4-Inch-Jis10K-FF-End-drawing-260x185.jpg 260w, https:\/\/www.stvvalves.com\/wp-content\/uploads\/2019\/03\/SCS13-Swing-Check-Valve-4-Inch-Jis10K-FF-End-drawing-705x498.jpg 705w\" sizes=\"auto, (max-width: 2339px) 100vw, 2339px\" \/><\/p>","protected":false},"excerpt":{"rendered":"<p>Modelo: H44W-JIS10K-DN100-SCS13<\/p>\n<p>La v\u00e1lvula de retenci\u00f3n est\u00e1ndar japonesa de tipo oscilante se fabrica de acuerdo con la norma japonesa JIS. La presi\u00f3n de la v\u00e1lvula se expresa en K. La v\u00e1lvula de retenci\u00f3n oscilante se instala en una posici\u00f3n sin restricciones. Generalmente se instala en una tuber\u00eda horizontal, pero tambi\u00e9n se puede instalar en una tuber\u00eda vertical. O en la l\u00ednea de inmersi\u00f3n. La tapa de la v\u00e1lvula de retenci\u00f3n giratoria gira alrededor del eje giratorio y su resistencia al fluido es generalmente menor que la de la v\u00e1lvula de retenci\u00f3n de elevaci\u00f3n, que es adecuada para un di\u00e1metro grande. Seg\u00fan el n\u00famero de trampillas, las v\u00e1lvulas de retenci\u00f3n oscilantes se pueden dividir en tres tipos: tipo oscilante de trampilla simple, tipo oscilante de trampilla doble y tipo oscilante de m\u00faltiples l\u00f3bulos. La v\u00e1lvula de retenci\u00f3n oscilante de v\u00e1lvula \u00fanica es generalmente adecuada para aplicaciones de calibre medio, y la v\u00e1lvula de retenci\u00f3n oscilante de v\u00e1lvula \u00fanica se utiliza para tuber\u00edas de gran di\u00e1metro. Para reducir la presi\u00f3n del golpe de ariete, es mejor utilizar una v\u00e1lvula de retenci\u00f3n de cierre lento que pueda reducir la presi\u00f3n del golpe de ariete; la v\u00e1lvula de retenci\u00f3n de doble v\u00e1lvula es adecuada para tuber\u00edas de di\u00e1metro grande y mediano, y la estructura de la v\u00e1lvula de retenci\u00f3n de doble v\u00e1lvula es peque\u00f1a. El peso ligero es una v\u00e1lvula de retenci\u00f3n de r\u00e1pido desarrollo; La v\u00e1lvula de retenci\u00f3n oscilante multilobulada es adecuada para tuber\u00edas de gran di\u00e1metro.<br \/>\nLas partes de apertura y cierre de la v\u00e1lvula de retenci\u00f3n se abren o cierran mediante el flujo y la fuerza del medio para evitar que el medio fluya hacia atr\u00e1s. Las v\u00e1lvulas de retenci\u00f3n generalmente se dividen en cuatro tipos: tipo de elevaci\u00f3n, tipo oscilante, tipo mariposa y tipo horizontal. La v\u00e1lvula de retenci\u00f3n tipo elevaci\u00f3n debe instalarse en la l\u00ednea horizontal. Generalmente se instalan la v\u00e1lvula de retenci\u00f3n de elevaci\u00f3n vertical y la v\u00e1lvula inferior. En la l\u00ednea vertical, y el medio fluye de abajo hacia arriba, la v\u00e1lvula de retenci\u00f3n oscilante se instala en una posici\u00f3n sin restricciones, generalmente instalada en una l\u00ednea horizontal, pero tambi\u00e9n se puede instalar en una l\u00ednea vertical o en una l\u00ednea de descarga. Nota: La v\u00e1lvula de retenci\u00f3n solo permite que el medio fluya en una direcci\u00f3n. Preste especial atenci\u00f3n a la direcci\u00f3n del flujo del medio. La direcci\u00f3n del flujo normal del medio debe ser consistente con la direcci\u00f3n de la flecha indicada en el cuerpo de la v\u00e1lvula; de lo contrario, se cortar\u00e1 el flujo normal del medio.<\/p>\n<p>STV Valve Technology Group Co., Ltd es un l\u00edder profesional en China V\u00e1lvula de retenci\u00f3n oscilante JIS,V\u00e1lvula de retenci\u00f3n oscilante con bridas JIS10K SCS13 SCS14,V\u00e1lvula de retenci\u00f3n oscilante Scs13 al por mayor,V\u00e1lvula de retenci\u00f3n oscilante con bridas,V\u00e1lvula de retenci\u00f3n de acero inoxidable,V\u00e1lvula de retenci\u00f3n oscilante con bridas Scs13 \/ Scs14 JIS 10K de China Fabricante de v\u00e1lvulas de retenci\u00f3n con alta calidad y precio competitivo.<\/p>\n<p>Para obtener m\u00e1s informaci\u00f3n sobre estas v\u00e1lvulas, p\u00f3ngase en contacto con nuestro sales@stvvalve.com<br \/>\nHoja de fecha:<a href=\"https:\/\/www.stvvalves.com\/wp-content\/uploads\/2019\/03\/SCS13-Swing-Check-Valve-4-Inch-Jis10K-FF-End-drawing.pdf\">V\u00e1lvula de retenci\u00f3n oscilante SCS13, 4 pulgadas, Jis10K, extremo FF<\/a><\/p>","protected":false},"featured_media":4503,"template":"","meta":[],"product_brand":[],"product_cat":[46,67],"product_tag":[631,632,628,629,630,633],"class_list":{"0":"post-4502","1":"product","2":"type-product","3":"status-publish","4":"has-post-thumbnail","6":"product_cat-check-valves","7":"product_cat-stainless-steel-check-valve","8":"product_tag-china-scs13-scs14-jis-10k-flanged-swing-check-valve","9":"product_tag-flanged-swing-check-valve","10":"product_tag-jis-swing-check-valve","11":"product_tag-jis10k-scs13-scs14-flanged-swing-check-valve","12":"product_tag-scs13-swing-check-valve-wholesale","13":"product_tag-stainless-steel-check-valve","15":"first","16":"instock","17":"shipping-taxable","18":"product-type-simple"},"_links":{"self":[{"href":"https:\/\/www.stvvalves.com\/es\/wp-json\/wp\/v2\/product\/4502","targetHints":{"allow":["GET"]}}],"collection":[{"href":"https:\/\/www.stvvalves.com\/es\/wp-json\/wp\/v2\/product"}],"about":[{"href":"https:\/\/www.stvvalves.com\/es\/wp-json\/wp\/v2\/types\/product"}],"wp:featuredmedia":[{"embeddable":true,"href":"https:\/\/www.stvvalves.com\/es\/wp-json\/wp\/v2\/media\/4503"}],"wp:attachment":[{"href":"https:\/\/www.stvvalves.com\/es\/wp-json\/wp\/v2\/media?parent=4502"}],"wp:term":[{"taxonomy":"product_brand","embeddable":true,"href":"https:\/\/www.stvvalves.com\/es\/wp-json\/wp\/v2\/product_brand?post=4502"},{"taxonomy":"product_cat","embeddable":true,"href":"https:\/\/www.stvvalves.com\/es\/wp-json\/wp\/v2\/product_cat?post=4502"},{"taxonomy":"product_tag","embeddable":true,"href":"https:\/\/www.stvvalves.com\/es\/wp-json\/wp\/v2\/product_tag?post=4502"}],"curies":[{"name":"wp","href":"https:\/\/api.w.org\/{rel}","templated":true}]}}