{"id":4506,"date":"2019-03-19T05:35:12","date_gmt":"2019-03-19T05:35:12","guid":{"rendered":"https:\/\/www.stvvalves.com\/?post_type=product&#038;p=4506"},"modified":"2025-02-17T18:21:42","modified_gmt":"2025-02-17T10:21:42","slug":"316-y-type-spring-check-valve-800-wog-npt-end","status":"publish","type":"product","link":"https:\/\/www.stvvalves.com\/es\/products\/316-y-type-spring-check-valve-800-wog-npt-end\/","title":{"rendered":"V\u00e1lvula de retenci\u00f3n de resorte tipo 316 Y, 800 Wog, extremo NPT"},"content":{"rendered":"<p>V\u00e1lvula de retenci\u00f3n de resorte tipo 316 Y<\/p>\n<p>Rango de tama\u00f1os: 1\/2 pulgada a 4 pulgadas (DN15 a DN100)<\/p>\n<p>Clasificaci\u00f3n de presi\u00f3n: 200WOG<\/p>\n<p>Materiales: 304 (CF8), 316 (CF8M), 316L (CF3M).<\/p>\n<p>Tipo roscado: NPT, BSPT, DIN, etc.<\/p>\n<p>Medio de trabajo: vapor, agua, gas, etc.<\/p>\n<p><img loading=\"lazy\" decoding=\"async\" class=\"alignleft size-full wp-image-4508\" src=\"https:\/\/www.stvvalves.com\/wp-content\/uploads\/2019\/03\/316-Y-Type-Spring-Check-Valve-800-Wog-NPT-End-drawing.jpg\" alt=\"\" width=\"2338\" height=\"1653\" srcset=\"https:\/\/www.stvvalves.com\/wp-content\/uploads\/2019\/03\/316-Y-Type-Spring-Check-Valve-800-Wog-NPT-End-drawing.jpg 2338w, https:\/\/www.stvvalves.com\/wp-content\/uploads\/2019\/03\/316-Y-Type-Spring-Check-Valve-800-Wog-NPT-End-drawing-600x424.jpg 600w, https:\/\/www.stvvalves.com\/wp-content\/uploads\/2019\/03\/316-Y-Type-Spring-Check-Valve-800-Wog-NPT-End-drawing-300x212.jpg 300w, https:\/\/www.stvvalves.com\/wp-content\/uploads\/2019\/03\/316-Y-Type-Spring-Check-Valve-800-Wog-NPT-End-drawing-768x543.jpg 768w, https:\/\/www.stvvalves.com\/wp-content\/uploads\/2019\/03\/316-Y-Type-Spring-Check-Valve-800-Wog-NPT-End-drawing-1030x728.jpg 1030w, https:\/\/www.stvvalves.com\/wp-content\/uploads\/2019\/03\/316-Y-Type-Spring-Check-Valve-800-Wog-NPT-End-drawing-1500x1061.jpg 1500w, https:\/\/www.stvvalves.com\/wp-content\/uploads\/2019\/03\/316-Y-Type-Spring-Check-Valve-800-Wog-NPT-End-drawing-260x185.jpg 260w, https:\/\/www.stvvalves.com\/wp-content\/uploads\/2019\/03\/316-Y-Type-Spring-Check-Valve-800-Wog-NPT-End-drawing-705x498.jpg 705w\" sizes=\"auto, (max-width: 2338px) 100vw, 2338px\" \/><\/p>","protected":false},"excerpt":{"rendered":"<p>Modelo:STV-H12H-800#-CF8M-1\u2033<\/p>\n<p>La v\u00e1lvula de retenci\u00f3n tipo Y se instala en la tuber\u00eda de control de agua integrada como dispositivo de seguridad que evita autom\u00e1ticamente que el medio fluya hacia atr\u00e1s. Seg\u00fan la estructura, se puede dividir en dos tipos de formas de dise\u00f1o. El primer tipo es una tapa de v\u00e1lvula tipo perno. El cuerpo de la v\u00e1lvula dise\u00f1ado de acuerdo con esta forma de dise\u00f1o est\u00e1 conectado con la tapa de la v\u00e1lvula y la tapa de la v\u00e1lvula mediante pernos y tuercas, y la junta tipo bobina (clip 31 6 hecha de grafito flexible) es una conexi\u00f3n de anillo met\u00e1lico sellada.<\/p>\n<p>Caracter\u00edsticas:<br \/>\n1. La trampilla de v\u00e1lvula se utiliza para el movimiento de elevaci\u00f3n. El tubo de conexi\u00f3n conecta la c\u00e1mara superior con la salida de la v\u00e1lvula y la trampilla de la v\u00e1lvula sube y baja. Reduce los golpes y las vibraciones y hace que la aleta alcance su carrera completa.<br \/>\n2. El cuerpo de la v\u00e1lvula tiene forma de Y, la resistencia es peque\u00f1a, la aleaci\u00f3n dura est\u00e1 soldada en las nervaduras gu\u00eda, el manguito gu\u00eda est\u00e1 hecho de acero inoxidable y el cap\u00f3 es flexible.<br \/>\n3. Adopta un sello autoajustable a presi\u00f3n. El sello es confiable.<br \/>\n4. La superficie de sellado del disco de la v\u00e1lvula y el asiento de la v\u00e1lvula est\u00e1n hechos de una aleaci\u00f3n de matriz de cobalto, que tiene alta dureza, resistencia a la corrosi\u00f3n, resistencia al rayado y durabilidad.<br \/>\nMaterial del cuerpo: WCB, SS304, SS316, WC6, WC9<br \/>\nM\u00e9todo de conexi\u00f3n: soldadura (tambi\u00e9n se puede personalizar seg\u00fan otros est\u00e1ndares de bridas)<br \/>\nRango de fluidos: agua, petr\u00f3leo, gas, gas natural, \u00e1cido n\u00edtrico<\/p>\n<p>STV Valve Technology Group Co., Ltd es un l\u00edder profesional en China CF8M V\u00e1lvulas de retenci\u00f3n tipo Y,V\u00e1lvula de retenci\u00f3n de resorte tipo Y,V\u00e1lvulas de retenci\u00f3n tipo Y de 1 pulgada,V\u00e1lvulas de retenci\u00f3n tipo Y,V\u00e1lvula de retenci\u00f3n tipo Y SS,V\u00e1lvula de retenci\u00f3n de resorte tipo BSP Y Fabricante con alta calidad y precio competitivo.<\/p>\n<p>Para obtener m\u00e1s informaci\u00f3n sobre estas v\u00e1lvulas, p\u00f3ngase en contacto con nuestro sales@stvvalve.com<br \/>\nHoja de fecha:<a href=\"https:\/\/www.stvvalves.com\/wp-content\/uploads\/2019\/03\/316-Y-Type-Spring-Check-Valve-800-Wog-NPT-End-drawing.pdf\">V\u00e1lvula de retenci\u00f3n de resorte tipo 316 Y, 800 Wog, extremo NPT<\/a><\/p>","protected":false},"featured_media":4507,"template":"","meta":[],"product_brand":[],"product_cat":[46,67],"product_tag":[639,635,638,636,637,634],"class_list":{"0":"post-4506","1":"product","2":"type-product","3":"status-publish","4":"has-post-thumbnail","6":"product_cat-check-valves","7":"product_cat-stainless-steel-check-valve","8":"product_tag-1-inch-y-type-check-valves","9":"product_tag-bsp-y-type-spring-check-valve","10":"product_tag-cf8m-y-type-check-valves","11":"product_tag-ss-y-type-check-valve","12":"product_tag-y-type-check-valves","13":"product_tag-y-type-spring-check-valve","15":"first","16":"instock","17":"shipping-taxable","18":"product-type-simple"},"_links":{"self":[{"href":"https:\/\/www.stvvalves.com\/es\/wp-json\/wp\/v2\/product\/4506","targetHints":{"allow":["GET"]}}],"collection":[{"href":"https:\/\/www.stvvalves.com\/es\/wp-json\/wp\/v2\/product"}],"about":[{"href":"https:\/\/www.stvvalves.com\/es\/wp-json\/wp\/v2\/types\/product"}],"wp:featuredmedia":[{"embeddable":true,"href":"https:\/\/www.stvvalves.com\/es\/wp-json\/wp\/v2\/media\/4507"}],"wp:attachment":[{"href":"https:\/\/www.stvvalves.com\/es\/wp-json\/wp\/v2\/media?parent=4506"}],"wp:term":[{"taxonomy":"product_brand","embeddable":true,"href":"https:\/\/www.stvvalves.com\/es\/wp-json\/wp\/v2\/product_brand?post=4506"},{"taxonomy":"product_cat","embeddable":true,"href":"https:\/\/www.stvvalves.com\/es\/wp-json\/wp\/v2\/product_cat?post=4506"},{"taxonomy":"product_tag","embeddable":true,"href":"https:\/\/www.stvvalves.com\/es\/wp-json\/wp\/v2\/product_tag?post=4506"}],"curies":[{"name":"wp","href":"https:\/\/api.w.org\/{rel}","templated":true}]}}