{"id":4514,"date":"2019-03-19T07:16:25","date_gmt":"2019-03-19T07:16:25","guid":{"rendered":"https:\/\/www.stvvalves.com\/?post_type=product&#038;p=4514"},"modified":"2025-02-17T18:21:41","modified_gmt":"2025-02-17T10:21:41","slug":"api-602-integral-flange-piston-check-valve-11-2-inch-600lb","status":"publish","type":"product","link":"https:\/\/www.stvvalves.com\/es\/products\/api-602-integral-flange-piston-check-valve-11-2-inch-600lb\/","title":{"rendered":"V\u00e1lvula de retenci\u00f3n de pist\u00f3n con brida integral API 602, 11-2 pulgadas, 600 lb"},"content":{"rendered":"<p>El dise\u00f1o y la fabricaci\u00f3n cumplen con BS5351,MSS SP-118<\/p>\n<p>Los extremos de conexi\u00f3n cumplen con:<\/p>\n<p>1. Los extremos soldados del z\u00f3calo cumplen con ANSI B16.11<\/p>\n<p>2. Los extremos de los tornillos cumplen con ANSI B1.20.1<\/p>\n<p>3. Los extremos soldados a tope cumplen con ANSI B16.25<\/p>\n<p>4. Los extremos de las bridas se ajustan a ANSI B16.5<\/p>\n<p>5.La prueba y la inspecci\u00f3n se ajustan a: API 598<\/p>\n<p>Caracter\u00edsticas de la estructura:<\/p>\n<p>Cap\u00f3 atornillado, cap\u00f3 soldado, cap\u00f3 con sello de presi\u00f3n<\/p>\n<p>Tipo acero forjado, pist\u00f3n, bola o oscilaci\u00f3n<\/p>\n<p>Asiento de cuerpo integral para v\u00e1lvulas de retenci\u00f3n de pist\u00f3n y bola<\/p>\n<p>Dise\u00f1o de anillo de asiento separado para v\u00e1lvulas de retenci\u00f3n oscilantes<\/p>\n<p>Junta enrollada en espiral o junta de junta de anillo ovalado<\/p>\n<p>Di\u00e1metro reducido o puerto completo,<\/p>\n<p>Patr\u00f3n T o Patr\u00f3n Y,<\/p>\n<p>Gama de productos<\/p>\n<p>Material del cuerpo: A105,LF2,F5,F11,F22,304,304L,316,316L,F51,F91,20#,Inconel.Ect<\/p>\n<p>Di\u00e1metro nominal: 1\/2 \u2033 ~ 2 \u2033 (DN15 ~ DN50)<\/p>\n<p>Conexi\u00f3n final: THR,SW,BW,RF,RTJ<\/p>\n<p>Temperatura de trabajo: -196 \u2103 ~ +560 \u2103<\/p>\n<p>&nbsp;<\/p>\n<table>\n<tbody>\n<tr>\n<td width=\"200\"><strong>nombre del producto<\/strong><\/td>\n<td width=\"481\">V\u00e1lvula de retenci\u00f3n de pist\u00f3n con brida integral API 602, 11-2 pulgadas, 600 lb<\/td>\n<\/tr>\n<tr>\n<td width=\"200\">1. Materiales<\/td>\n<td width=\"481\">A105N<\/td>\n<\/tr>\n<tr>\n<td width=\"200\">2. Tama\u00f1o<\/td>\n<td width=\"481\">11\/2\u201d<\/td>\n<\/tr>\n<tr>\n<td width=\"200\">4. Puerto<\/td>\n<td width=\"481\">Puerto reductor<\/td>\n<\/tr>\n<tr>\n<td width=\"200\">5. Presi\u00f3n de trabajo<\/td>\n<td width=\"481\">600 libras<\/td>\n<\/tr>\n<tr>\n<td width=\"200\">6. La conexi\u00f3n finaliza<\/td>\n<td width=\"481\">RF<\/td>\n<\/tr>\n<tr>\n<td width=\"200\">7. Temperatura de trabajo.<\/td>\n<td width=\"481\">-29~425\u00baC,<\/td>\n<\/tr>\n<tr>\n<td width=\"200\">8. Medio adecuado<\/td>\n<td width=\"481\">Agua, Gas Natural, Petr\u00f3leo y alg\u00fan l\u00edquido corrosivo<\/td>\n<\/tr>\n<tr>\n<td width=\"200\">9. Operado<\/td>\n<td width=\"481\">\/<\/td>\n<\/tr>\n<tr>\n<td width=\"200\">10. Inspecci\u00f3n y pruebas<\/td>\n<td width=\"481\">Seg\u00fan API598<\/td>\n<\/tr>\n<tr>\n<td width=\"200\"><strong>Env\u00edo<\/strong><\/td>\n<td width=\"481\"><\/td>\n<\/tr>\n<tr>\n<td width=\"200\">El tiempo de entrega<\/td>\n<td width=\"481\">30 dias<\/td>\n<\/tr>\n<tr>\n<td width=\"200\">Paquete<\/td>\n<td width=\"481\">Caja de madera contrachapada de exportaci\u00f3n est\u00e1ndar<\/td>\n<\/tr>\n<tr>\n<td width=\"200\">Puerto de embarque<\/td>\n<td width=\"481\">Ningbo\/Shangh\u00e1i, China<\/td>\n<\/tr>\n<tr>\n<td width=\"200\">Condiciones de env\u00edo<\/td>\n<td width=\"481\">Exw, MANDO, CFR, CIF, etc.<\/td>\n<\/tr>\n<tr>\n<td width=\"200\">T\u00e9rminos de pago<\/td>\n<td width=\"481\">T\/T, Western Union, PayPal, etc.<\/td>\n<\/tr>\n<tr>\n<td width=\"200\"><\/td>\n<td width=\"481\">Pago anticipado de 30%, saldo de 70% pagado antes del env\u00edo<\/td>\n<\/tr>\n<tr>\n<td width=\"200\">Pa\u00eds de origen<\/td>\n<td width=\"481\">Ciudad de Wenzhou, China<\/td>\n<\/tr>\n<tr>\n<td width=\"200\">Capacidad de producci\u00f3n<\/td>\n<td width=\"481\">6000 toneladas\/a\u00f1o<\/td>\n<\/tr>\n<tr>\n<td width=\"200\">Cantidad m\u00ednima de pedido<\/td>\n<td width=\"481\">1 unidad\/tama\u00f1o<\/td>\n<\/tr>\n<\/tbody>\n<\/table>","protected":false},"excerpt":{"rendered":"<p>Model:STV-H42Y-600LB-A105N-11\/2&#8243;<\/p>\n<p>API 602 Integral Flange Piston Check Valve&#8217;s disc and seat sealing surface are made of cobalt-based hard alloy plasma spray welding to form high hardness, erosion resistance and durability. It is suitable for cutting or connecting the medium on the pipelines of various working conditions such as petroleum, chemical, hydraulic and thermal power stations with a nominal pressure of PN1.6~42.0Mpa and a working temperature of 600\u00b0C. Applicable medium: water, oil, steam, and gas, some corrosive liquids, etc.<\/p>\n<p>STV Valve Technology Group Co., Ltd is a professional leader\u00a0China Integral Flanged Check Valves,600Lb Piston Check Valve with Flanged,Forged Steel Check Valves,API 602 Check Valves,Forged Steel Lift Check Valves,A105 Piston Check Valve, 11\/2 Inch Piston Check Valve Supplier With High Quality And Low Price.<br \/>\nPara obtener m\u00e1s informaci\u00f3n sobre estas v\u00e1lvulas, p\u00f3ngase en contacto con nuestro sales@stvvalve.com<br \/>\nHoja de fecha:<a href=\"https:\/\/www.stvvalves.com\/wp-content\/uploads\/2019\/03\/API-602-Integral-Flange-Piston-Check-Valve-11-2-Inch-600LB-DRAWING.pdf\">V\u00e1lvula de retenci\u00f3n de pist\u00f3n con brida integral API 602, 11-2 pulgadas, 600 lb<\/a><\/p>","protected":false},"featured_media":4515,"template":"","meta":[],"product_brand":[],"product_cat":[46,66],"product_tag":[644,642,643,216,641],"class_list":{"0":"post-4514","1":"product","2":"type-product","3":"status-publish","4":"has-post-thumbnail","6":"product_cat-check-valves","7":"product_cat-swing-check-valve","8":"product_tag-11-2-inch-piston-check-valve","9":"product_tag-600lb-piston-check-valve-with-flanged","10":"product_tag-a105-piston-check-valve","11":"product_tag-api-602-piston-check-valve","12":"product_tag-integral-flanged-check-valves","14":"first","15":"instock","16":"shipping-taxable","17":"product-type-simple"},"_links":{"self":[{"href":"https:\/\/www.stvvalves.com\/es\/wp-json\/wp\/v2\/product\/4514","targetHints":{"allow":["GET"]}}],"collection":[{"href":"https:\/\/www.stvvalves.com\/es\/wp-json\/wp\/v2\/product"}],"about":[{"href":"https:\/\/www.stvvalves.com\/es\/wp-json\/wp\/v2\/types\/product"}],"wp:featuredmedia":[{"embeddable":true,"href":"https:\/\/www.stvvalves.com\/es\/wp-json\/wp\/v2\/media\/4515"}],"wp:attachment":[{"href":"https:\/\/www.stvvalves.com\/es\/wp-json\/wp\/v2\/media?parent=4514"}],"wp:term":[{"taxonomy":"product_brand","embeddable":true,"href":"https:\/\/www.stvvalves.com\/es\/wp-json\/wp\/v2\/product_brand?post=4514"},{"taxonomy":"product_cat","embeddable":true,"href":"https:\/\/www.stvvalves.com\/es\/wp-json\/wp\/v2\/product_cat?post=4514"},{"taxonomy":"product_tag","embeddable":true,"href":"https:\/\/www.stvvalves.com\/es\/wp-json\/wp\/v2\/product_tag?post=4514"}],"curies":[{"name":"wp","href":"https:\/\/api.w.org\/{rel}","templated":true}]}}