{"id":4519,"date":"2019-03-19T07:52:32","date_gmt":"2019-03-19T07:52:32","guid":{"rendered":"https:\/\/www.stvvalves.com\/?post_type=product&#038;p=4519"},"modified":"2025-02-17T18:21:40","modified_gmt":"2025-02-17T10:21:40","slug":"forged-steel-y-type-piston-check-valve-800lb-dn25-sw-end","status":"publish","type":"product","link":"https:\/\/www.stvvalves.com\/es\/products\/forged-steel-y-type-piston-check-valve-800lb-dn25-sw-end\/","title":{"rendered":"V\u00e1lvula de retenci\u00f3n de pist\u00f3n tipo Y de acero forjado, 800 lb, DN25, extremo SW"},"content":{"rendered":"<p>Caracter\u00edsticas de las v\u00e1lvulas de retenci\u00f3n de pist\u00f3n de acero forjado (tipo Y):<br \/>\nCuerpo tipo Y oblicuo, mayor coeficiente de flujo<br \/>\nTipo de disco de pist\u00f3n<br \/>\nBonete atornillado, Bonete soldado o Bonete sellado a presi\u00f3n<br \/>\nSoldadura por encaje (SW), soldadura a tope (BW), extremo roscado disponible<\/p>\n<p>Normas aplicables a las v\u00e1lvulas de retenci\u00f3n de pist\u00f3n de acero forjado (tipo Y):<br \/>\na) Dise\u00f1o y fabricaci\u00f3n: API 602, BS 5352, ASME B16.34<br \/>\nb) Cara a Cara: ASME B16.10, EN 558<br \/>\nc) Extremo de conexi\u00f3n: ASME B1.20.1, ASME B16.11, ASME B16.25, ASME B16.5, EN 1092<br \/>\nd) Prueba e inspecci\u00f3n: API598, EN 12266<\/p>\n<p>Tama\u00f1os: 1\/2\u2033 \u2013 2\u2033 o DN12 \u2013 DN50<br \/>\nClasificaci\u00f3n de presi\u00f3n: Clase 150 \u2013 Clase 2500 o PN 16 \u2013 PN 420<br \/>\nMaterial del cuerpo de la v\u00e1lvula: A105, LF2, F11, F22, F5, F304, F304L, F316, F316L, etc.<\/p>\n<table>\n<tbody>\n<tr>\n<td width=\"200\"><strong>nombre del producto<\/strong><\/td>\n<td width=\"481\">V\u00e1lvula de retenci\u00f3n de pist\u00f3n tipo Y de acero forjado, 800 lb, DN25, extremo SW<\/td>\n<\/tr>\n<tr>\n<td width=\"200\">1. Materiales<\/td>\n<td width=\"481\">A105B<\/td>\n<\/tr>\n<tr>\n<td width=\"200\">2. Tama\u00f1o<\/td>\n<td width=\"481\">1\u201d<\/td>\n<\/tr>\n<tr>\n<td width=\"200\">4. Puerto<\/td>\n<td width=\"481\">Puerto reductor<\/td>\n<\/tr>\n<tr>\n<td width=\"200\">5. Presi\u00f3n de trabajo<\/td>\n<td width=\"481\">800 libras<\/td>\n<\/tr>\n<tr>\n<td width=\"200\">6. La conexi\u00f3n finaliza<\/td>\n<td width=\"481\">SUDOESTE<\/td>\n<\/tr>\n<tr>\n<td width=\"200\">7. Temperatura de trabajo.<\/td>\n<td width=\"481\">-29~425\u00baC,<\/td>\n<\/tr>\n<tr>\n<td width=\"200\">8. Medio adecuado<\/td>\n<td width=\"481\">Agua, Gas Natural, Petr\u00f3leo y alg\u00fan l\u00edquido corrosivo<\/td>\n<\/tr>\n<tr>\n<td width=\"200\">9. Operado<\/td>\n<td width=\"481\">\/<\/td>\n<\/tr>\n<tr>\n<td width=\"200\">10. Inspecci\u00f3n y pruebas<\/td>\n<td width=\"481\">Seg\u00fan API598<\/td>\n<\/tr>\n<tr>\n<td width=\"200\"><strong>Env\u00edo<\/strong><\/td>\n<td width=\"481\"><\/td>\n<\/tr>\n<tr>\n<td width=\"200\">El tiempo de entrega<\/td>\n<td width=\"481\">30 dias<\/td>\n<\/tr>\n<tr>\n<td width=\"200\">Paquete<\/td>\n<td width=\"481\">Caja de madera contrachapada de exportaci\u00f3n est\u00e1ndar<\/td>\n<\/tr>\n<tr>\n<td width=\"200\">Puerto de embarque<\/td>\n<td width=\"481\">Ningbo\/Shangh\u00e1i, China<\/td>\n<\/tr>\n<tr>\n<td width=\"200\">Condiciones de env\u00edo<\/td>\n<td width=\"481\">Exw, MANDO, CFR, CIF, etc.<\/td>\n<\/tr>\n<tr>\n<td width=\"200\">T\u00e9rminos de pago<\/td>\n<td width=\"481\">T\/T, Western Union, PayPal, etc.<\/td>\n<\/tr>\n<tr>\n<td width=\"200\"><\/td>\n<td width=\"481\">Pago anticipado de 30%, saldo de 70% pagado antes del env\u00edo<\/td>\n<\/tr>\n<tr>\n<td width=\"200\">Pa\u00eds de origen<\/td>\n<td width=\"481\">Ciudad de Wenzhou, China<\/td>\n<\/tr>\n<tr>\n<td width=\"200\">Capacidad de producci\u00f3n<\/td>\n<td width=\"481\">6000 toneladas\/a\u00f1o<\/td>\n<\/tr>\n<tr>\n<td width=\"200\">Cantidad m\u00ednima de pedido<\/td>\n<td width=\"481\">1 unidad\/tama\u00f1o<\/td>\n<\/tr>\n<\/tbody>\n<\/table>\n<p>&nbsp;<\/p>\n<p>&nbsp;<\/p>","protected":false},"excerpt":{"rendered":"<p>Modelo:STV-HY42Y-800LB-A105N-1\u2033<\/p>\n<p>La v\u00e1lvula de retenci\u00f3n de pist\u00f3n tipo Y de acero forjado est\u00e1 disponible en tres dise\u00f1os de cap\u00f3.<br \/>\nEl primer tipo es un cap\u00f3 tipo perno. El cuerpo de v\u00e1lvula dise\u00f1ado seg\u00fan esta forma de dise\u00f1o tiene un cuerpo de v\u00e1lvula y una tapa de v\u00e1lvula conectados mediante pernos y tuercas, y una junta enrollada.<br \/>\nSellado (fabricaci\u00f3n de grafito flexible de 316 clips). Los clientes tambi\u00e9n pueden utilizar una conexi\u00f3n de anillo met\u00e1lico cuando existen requisitos especiales.<br \/>\nLa segunda forma de dise\u00f1o es un casquete soldado que barre la v\u00e1lvula de este dise\u00f1o, el cuerpo de la v\u00e1lvula y el casquete est\u00e1n atornillados y la presi\u00f3n interna es autosellante.<br \/>\nHay v\u00e1lvulas de cierre y v\u00e1lvulas de retenci\u00f3n que pueden dise\u00f1arse como v\u00e1lvulas en \u201cY\u201d.<\/p>\n<p>STV Valve Technology Group Co., Ltd es un l\u00edder profesional en China V\u00e1lvulas de retenci\u00f3n de acero forjado, v\u00e1lvula de retenci\u00f3n de acero forjado tipo Y ASME, v\u00e1lvula de retenci\u00f3n tipo Y forjada, v\u00e1lvulas de retenci\u00f3n de pist\u00f3n con patr\u00f3n en Y de acero forjado 800 lb, v\u00e1lvula de retenci\u00f3n TIPO Y de 800 lb, DN25 Y TIPO Proveedor de v\u00e1lvulas de retenci\u00f3n con alta calidad y bajo precio.<br \/>\nPara obtener m\u00e1s informaci\u00f3n sobre estas v\u00e1lvulas, p\u00f3ngase en contacto con nuestro sales@stvvalve.com<br \/>\nHoja de fecha:<a href=\"https:\/\/www.stvvalves.com\/wp-content\/uploads\/2019\/03\/forged-steel-y-type-piston-check-valve-800lb-dn25-sw-end-drawing.pdf\">V\u00e1lvula de retenci\u00f3n de pist\u00f3n tipo Y de acero forjado, 800 lb, DN25, extremo SW<\/a><\/p>","protected":false},"featured_media":4520,"template":"","meta":[],"product_brand":[],"product_cat":[46,66],"product_tag":[648,645,649,560,647,646],"class_list":{"0":"post-4519","1":"product","2":"type-product","3":"status-publish","4":"has-post-thumbnail","6":"product_cat-check-valves","7":"product_cat-swing-check-valve","8":"product_tag-800lb-y-type-check-valve","9":"product_tag-asme-y-type-forged-steel-check-valve","10":"product_tag-dn25-y-type-check-valve","11":"product_tag-forged-steel-check-valves","12":"product_tag-forged-steel-y-pattern-piston-check-valves-800lb","13":"product_tag-forged-y-type-check-valve","15":"first","16":"instock","17":"shipping-taxable","18":"product-type-simple"},"_links":{"self":[{"href":"https:\/\/www.stvvalves.com\/es\/wp-json\/wp\/v2\/product\/4519","targetHints":{"allow":["GET"]}}],"collection":[{"href":"https:\/\/www.stvvalves.com\/es\/wp-json\/wp\/v2\/product"}],"about":[{"href":"https:\/\/www.stvvalves.com\/es\/wp-json\/wp\/v2\/types\/product"}],"wp:featuredmedia":[{"embeddable":true,"href":"https:\/\/www.stvvalves.com\/es\/wp-json\/wp\/v2\/media\/4520"}],"wp:attachment":[{"href":"https:\/\/www.stvvalves.com\/es\/wp-json\/wp\/v2\/media?parent=4519"}],"wp:term":[{"taxonomy":"product_brand","embeddable":true,"href":"https:\/\/www.stvvalves.com\/es\/wp-json\/wp\/v2\/product_brand?post=4519"},{"taxonomy":"product_cat","embeddable":true,"href":"https:\/\/www.stvvalves.com\/es\/wp-json\/wp\/v2\/product_cat?post=4519"},{"taxonomy":"product_tag","embeddable":true,"href":"https:\/\/www.stvvalves.com\/es\/wp-json\/wp\/v2\/product_tag?post=4519"}],"curies":[{"name":"wp","href":"https:\/\/api.w.org\/{rel}","templated":true}]}}