{"id":4524,"date":"2019-03-20T02:11:16","date_gmt":"2019-03-20T02:11:16","guid":{"rendered":"https:\/\/www.stvvalves.com\/?post_type=product&#038;p=4524"},"modified":"2025-02-17T18:21:39","modified_gmt":"2025-02-17T10:21:39","slug":"2-piece-2000-wog-carbon-steel-ball-valve-full-port-bspp-end","status":"publish","type":"product","link":"https:\/\/www.stvvalves.com\/es\/products\/2-piece-2000-wog-carbon-steel-ball-valve-full-port-bspp-end\/","title":{"rendered":"V\u00e1lvula de bola de acero al carbono WOG 2000 de 2 piezas, puerto completo, extremo BSPP"},"content":{"rendered":"<p>V\u00e1lvula de bola de acero al carbono WOG 2000 de 2 piezas<br \/>\nPresi\u00f3n de trabajo: 2000PSI (PN140)<br \/>\nTemperatura de trabajo:-29C-150C<br \/>\nMedio adecuado: agua, petr\u00f3leo, gas<br \/>\nExtremo roscado: BSPT NPT ISO7\/1 ISO228<br \/>\nMaterial: acero al carbono\/WCB<br \/>\nPuerto lleno<br \/>\nExtremos roscados<br \/>\n1\/2\u2033-4\u2033: 2000 EXT<br \/>\nCon cerradura de manija<\/p>\n<p>Caracter\u00edsticas de la v\u00e1lvula<br \/>\nLa construcci\u00f3n reforzada asegura una presi\u00f3n de trabajo de 2000 psi.<br \/>\nEl asiento TFE reforzado aumenta la durabilidad.<br \/>\nPrensaestopas ajustable.<br \/>\nV\u00e1stago a prueba de explosiones con carga inferior.<br \/>\nEl dise\u00f1o b\u00e1sico cumpli\u00f3 con ANSI B16.34 y EN 12516-1.<br \/>\nLos extremos roscados NPT cumplieron con ANSI B 1.20.1.<br \/>\nRc, Rp &amp; G Los extremos roscados cumplen con BS 21\/2779, JIS B-0203\/0202, DIN 259\/2999, ISO 228-1, AS 1722.1\/1722.2 est\u00e1n bajo pedido.<br \/>\nProbado seg\u00fan API 598.<\/p>\n<table>\n<tbody>\n<tr>\n<td width=\"200\"><strong>Nombre del producto3<\/strong><\/td>\n<td width=\"481\">\u00a0V\u00e1lvula de bola de puerto completo de 2 piezas, cuerpo WCB, 2000 WOG, extremo NPT<\/td>\n<\/tr>\n<tr>\n<td width=\"200\">1. Materiales<\/td>\n<td width=\"481\">WCB<\/td>\n<\/tr>\n<tr>\n<td width=\"200\">2. Tama\u00f1o<\/td>\n<td width=\"481\">2\u201d<\/td>\n<\/tr>\n<tr>\n<td width=\"200\">4. Puerto<\/td>\n<td width=\"481\">Puerto lleno<\/td>\n<\/tr>\n<tr>\n<td width=\"200\">5. Presi\u00f3n de trabajo<\/td>\n<td width=\"481\">1000WOG<\/td>\n<\/tr>\n<tr>\n<td width=\"200\">6. La conexi\u00f3n finaliza<\/td>\n<td width=\"481\">TNP<\/td>\n<\/tr>\n<tr>\n<td width=\"200\">7. Temperatura de trabajo.<\/td>\n<td width=\"481\">-29~180\u00baC,<\/td>\n<\/tr>\n<tr>\n<td width=\"200\">8. Medio adecuado<\/td>\n<td width=\"481\">Agua, Gas Natural, Petr\u00f3leo y alg\u00fan l\u00edquido corrosivo<\/td>\n<\/tr>\n<tr>\n<td width=\"200\">9. Operado<\/td>\n<td width=\"481\">Volante<\/td>\n<\/tr>\n<tr>\n<td width=\"200\">10. Inspecci\u00f3n y pruebas<\/td>\n<td width=\"481\">Seg\u00fan API598<\/td>\n<\/tr>\n<tr>\n<td width=\"200\"><strong>Env\u00edo<\/strong><\/td>\n<td width=\"481\"><\/td>\n<\/tr>\n<tr>\n<td width=\"200\">El tiempo de entrega<\/td>\n<td width=\"481\">30 dias<\/td>\n<\/tr>\n<tr>\n<td width=\"200\">Paquete<\/td>\n<td width=\"481\">Caja de madera contrachapada de exportaci\u00f3n est\u00e1ndar<\/td>\n<\/tr>\n<tr>\n<td width=\"200\">Puerto de embarque<\/td>\n<td width=\"481\">Ningbo\/Shangh\u00e1i, China<\/td>\n<\/tr>\n<tr>\n<td width=\"200\">Condiciones de env\u00edo<\/td>\n<td width=\"481\">Exw, MANDO, CFR, CIF, etc.<\/td>\n<\/tr>\n<tr>\n<td width=\"200\">T\u00e9rminos de pago<\/td>\n<td width=\"481\">T\/T, Western Union, PayPal, etc.<\/td>\n<\/tr>\n<tr>\n<td width=\"200\"><\/td>\n<td width=\"481\">Pago anticipado de 30%, saldo de 70% pagado antes del env\u00edo<\/td>\n<\/tr>\n<tr>\n<td width=\"200\">Pa\u00eds de origen<\/td>\n<td width=\"481\">Ciudad de Wenzhou, China<\/td>\n<\/tr>\n<tr>\n<td width=\"200\">Capacidad de producci\u00f3n<\/td>\n<td width=\"481\">6000 toneladas\/a\u00f1o<\/td>\n<\/tr>\n<tr>\n<td width=\"200\">Cantidad m\u00ednima de pedido<\/td>\n<td width=\"481\">1 unidad\/tama\u00f1o<\/td>\n<\/tr>\n<\/tbody>\n<\/table>","protected":false},"excerpt":{"rendered":"<p>Modelo:STV-Q11F-2000WOG-1\u2033<\/p>\n<p>La v\u00e1lvula de bola 2000WOG es adecuada para agua dulce, aguas residuales, agua de mar, aire, vapor, alimentos, medicinas, productos qu\u00edmicos, diversos aceites, \u00e1cidos, \u00e1lcalis y sal. Ventajas del dise\u00f1o de la v\u00e1lvula de bola 2000WOG: tipo de manija con posici\u00f3n limitada, dispositivo de bloqueo, operaci\u00f3n que evita errores, m\u00e1s segura y confiable. Conexi\u00f3n v\u00e1lvula de bola 2000WOG: rosca.<\/p>\n<p>STV Valve Technology Group Co., Ltd es un l\u00edder profesional en China V\u00e1lvula de bola WOG 2000 de puerto completo, v\u00e1lvulas de bola 2000 WOG A216 WCB, v\u00e1lvula de bola de acero al carbono 2000 WOG, fabricaci\u00f3n de v\u00e1lvulas de bola China 2000 WoG con alta calidad y precio competitivo.<\/p>\n<p>Comun\u00edquese con nuestro sales@stvvalve.com para obtener otros materiales y detalles.<\/p>\n<p>Hoja de fecha:<a href=\"https:\/\/www.stvvalves.com\/wp-content\/uploads\/2019\/03\/2-piece-2000-wog-carbon-steel-ball-valve-full-port-bspp-end-drawing.pdf\">V\u00e1lvula de bola de acero al carbono WOG 2000 de 2 piezas, puerto completo, extremo BSPP<\/a><\/p>","protected":false},"featured_media":4528,"template":"","meta":[],"product_brand":[],"product_cat":[43,79],"product_tag":[652,653,651,650],"class_list":{"0":"post-4524","1":"product","2":"type-product","3":"status-publish","4":"has-post-thumbnail","6":"product_cat-ball-valve","7":"product_cat-threaded-ball-valve","8":"product_tag-2000-wog-ball-valve-manufacture","9":"product_tag-2000-wog-carbon-steel-ball-valve","10":"product_tag-ball-valves-2000-wog-a216-wcb","11":"product_tag-full-port-2000-wog-ball-valve","13":"first","14":"instock","15":"shipping-taxable","16":"product-type-simple"},"_links":{"self":[{"href":"https:\/\/www.stvvalves.com\/es\/wp-json\/wp\/v2\/product\/4524","targetHints":{"allow":["GET"]}}],"collection":[{"href":"https:\/\/www.stvvalves.com\/es\/wp-json\/wp\/v2\/product"}],"about":[{"href":"https:\/\/www.stvvalves.com\/es\/wp-json\/wp\/v2\/types\/product"}],"wp:featuredmedia":[{"embeddable":true,"href":"https:\/\/www.stvvalves.com\/es\/wp-json\/wp\/v2\/media\/4528"}],"wp:attachment":[{"href":"https:\/\/www.stvvalves.com\/es\/wp-json\/wp\/v2\/media?parent=4524"}],"wp:term":[{"taxonomy":"product_brand","embeddable":true,"href":"https:\/\/www.stvvalves.com\/es\/wp-json\/wp\/v2\/product_brand?post=4524"},{"taxonomy":"product_cat","embeddable":true,"href":"https:\/\/www.stvvalves.com\/es\/wp-json\/wp\/v2\/product_cat?post=4524"},{"taxonomy":"product_tag","embeddable":true,"href":"https:\/\/www.stvvalves.com\/es\/wp-json\/wp\/v2\/product_tag?post=4524"}],"curies":[{"name":"wp","href":"https:\/\/api.w.org\/{rel}","templated":true}]}}