{"id":4534,"date":"2019-03-20T05:34:51","date_gmt":"2019-03-20T05:34:51","guid":{"rendered":"https:\/\/www.stvvalves.com\/?post_type=product&#038;p=4534"},"modified":"2025-02-17T18:21:37","modified_gmt":"2025-02-17T10:21:37","slug":"1500lb-seal-bonnet-gate-valve-api-602-a105n-body-dn50-sw-end","status":"publish","type":"product","link":"https:\/\/www.stvvalves.com\/es\/products\/1500lb-seal-bonnet-gate-valve-api-602-a105n-body-dn50-sw-end\/","title":{"rendered":"V\u00e1lvula de compuerta de cap\u00f3 con sello de 1500LB, API 602, cuerpo A105N, DN50, extremo SW"},"content":{"rendered":"<p>El dise\u00f1o y la fabricaci\u00f3n cumplen con BS 5352, ANSI B16.34<\/p>\n<p>Los extremos de conexi\u00f3n cumplen con:<\/p>\n<p>1. Los extremos soldados del z\u00f3calo cumplen con ANSI B16.11<\/p>\n<p>2. Los extremos de los tornillos cumplen con ANSI B1.20.1<\/p>\n<p>3..Los extremos soldados a tope cumplen con ANSI B16.25<\/p>\n<p>La prueba y la inspecci\u00f3n cumplen con: API 598<\/p>\n<p>1) Informaci\u00f3n del producto: las v\u00e1lvulas suministradas se utilizan principalmente para agua, aire, petr\u00f3leo, gas.<br \/>\n2) Tipo de conexi\u00f3n: tipo bridado, tipo de soldadura por enchufe, tipo de soldadura a tope, tipo de tornillo<br \/>\n3) Materiales:<br \/>\na) Carrocer\u00eda: A105, LF2, F11, F22, F304, F316, F304L, F316L<br \/>\nb) Disco: A105, LF2, F11, F22, F304, F316, F304L, F316L<br \/>\nc) V\u00e1stago: F6a, F11, F22, F304, F316, F304L, F316L<br \/>\nd) Cap\u00f3: A105, LF2, F11, F22, F304, F316, F304L, F316L<br \/>\n4) Tama\u00f1o: 15-50 mm\/1\/2\u2033 \u2013 2\u2033<br \/>\n5) Grado de presi\u00f3n: PN16~PN100, 150Lb~2500Lb<br \/>\n6) Revestimiento: Revestimiento seg\u00fan los requisitos del cliente.<br \/>\n7) Paquete: Cajas de madera<\/p>\n<table>\n<tbody>\n<tr>\n<td width=\"200\"><strong><b>nombre del producto<\/b><\/strong><\/td>\n<td width=\"481\">V\u00e1lvula de compuerta de cap\u00f3 con sello de 1500LB, API 602, cuerpo A105N, DN50, extremo SW<\/td>\n<\/tr>\n<tr>\n<td width=\"200\">1. Materiales<\/td>\n<td width=\"481\">A105N<\/td>\n<\/tr>\n<tr>\n<td width=\"200\">2. Tama\u00f1o<\/td>\n<td width=\"481\">2\u201d<\/td>\n<\/tr>\n<tr>\n<td width=\"200\">4. Puerto<\/td>\n<td width=\"481\">Puerto reductor<\/td>\n<\/tr>\n<tr>\n<td width=\"200\">5. Presi\u00f3n de trabajo<\/td>\n<td width=\"481\">1500 libras<\/td>\n<\/tr>\n<tr>\n<td width=\"200\">6. La conexi\u00f3n finaliza<\/td>\n<td width=\"481\">RF<\/td>\n<\/tr>\n<tr>\n<td width=\"200\">7. Temperatura de trabajo.<\/td>\n<td width=\"481\">-29~425\u00baC,<\/td>\n<\/tr>\n<tr>\n<td width=\"200\">8. Medio adecuado<\/td>\n<td width=\"481\">Agua, Gas Natural, Petr\u00f3leo y alg\u00fan l\u00edquido corrosivo<\/td>\n<\/tr>\n<tr>\n<td width=\"200\">9. Operado<\/td>\n<td width=\"481\">Volante<\/td>\n<\/tr>\n<tr>\n<td width=\"200\">10. Inspecci\u00f3n y pruebas<\/td>\n<td width=\"481\">Seg\u00fan API 598<\/td>\n<\/tr>\n<tr>\n<td width=\"200\"><strong><b>Env\u00edo<\/b><\/strong><\/td>\n<td width=\"481\">&nbsp;<\/td>\n<\/tr>\n<tr>\n<td width=\"200\">El tiempo de entrega<\/td>\n<td width=\"481\">30 dias<\/td>\n<\/tr>\n<tr>\n<td width=\"200\">Paquete<\/td>\n<td width=\"481\">Caja de madera contrachapada de exportaci\u00f3n est\u00e1ndar<\/td>\n<\/tr>\n<tr>\n<td width=\"200\">Puerto de embarque<\/td>\n<td width=\"481\">Ningbo\/Shangh\u00e1i, China<\/td>\n<\/tr>\n<tr>\n<td width=\"200\">Condiciones de env\u00edo<\/td>\n<td width=\"481\">Exw, MANDO, CFR, CIF, etc.<\/td>\n<\/tr>\n<tr>\n<td width=\"200\">T\u00e9rminos de pago<\/td>\n<td width=\"481\">T\/T, Western Union, PayPal, etc.<\/td>\n<\/tr>\n<tr>\n<td width=\"200\">&nbsp;<\/td>\n<td width=\"481\">Pago anticipado de 30%, saldo de 70% pagado antes del env\u00edo<\/td>\n<\/tr>\n<tr>\n<td width=\"200\">Pa\u00eds de origen<\/td>\n<td width=\"481\">Ciudad de Wenzhou, China<\/td>\n<\/tr>\n<tr>\n<td width=\"200\">Capacidad de producci\u00f3n<\/td>\n<td width=\"481\">6000 toneladas\/a\u00f1o<\/td>\n<\/tr>\n<tr>\n<td width=\"200\">Cantidad m\u00ednima de pedido<\/td>\n<td width=\"481\">10 unidades\/tama\u00f1o<\/td>\n<\/tr>\n<\/tbody>\n<\/table>\n<p>&nbsp;<\/p>","protected":false},"excerpt":{"rendered":"<p>Modelo:STV-PZ61-1500LB-DN50-A105N<\/p>\n<p>V\u00e1lvula de compuerta de acero forjado con tapa de v\u00e1lvula autoajustable a presi\u00f3n, la v\u00e1lvula dise\u00f1ada de acuerdo con esta forma de conexi\u00f3n, el cuerpo de la v\u00e1lvula y la tapa de la v\u00e1lvula est\u00e1n conectados mediante mosquitos de tornillo, y la presi\u00f3n interna se sella desde el anillo de sellado. La ventaja es que cuanto mayor sea la presi\u00f3n interna, mejor ser\u00e1 el rendimiento del sellado.<br \/>\n1. La v\u00e1lvula de acero forjado adopta un sello autoajustable a presi\u00f3n y los dos extremos de la rama del cuerpo de la v\u00e1lvula est\u00e1n soldados.<br \/>\n2. El asiento de la v\u00e1lvula y la superficie de sellado del disco est\u00e1n hechos de soldadura por pulverizaci\u00f3n de plasma de aleaci\u00f3n dura a base de cobalto, que tiene buena resistencia al desgaste y al rayado.<br \/>\n3. El v\u00e1stago de la v\u00e1lvula est\u00e1 tratado con nitruraci\u00f3n resistente a la corrosi\u00f3n, que tiene buena resistencia a la corrosi\u00f3n y al rayado.<\/p>\n<p>STV Valve Technology Group Co., Ltd es un l\u00edder profesional en China V\u00e1lvula de compuerta de 1500 lb, v\u00e1lvula de compuerta de cap\u00f3 con sello de presi\u00f3n, v\u00e1lvula de compuerta de cap\u00f3 con sello de presi\u00f3n DN50, v\u00e1lvula de compuerta de acero forjado seg\u00fan API 602, v\u00e1lvula de compuerta de cap\u00f3 con sello de presi\u00f3n de acero forjado, presi\u00f3n API 602 de China Fabricante de v\u00e1lvulas de compuerta con cap\u00f3 sellado con alta calidad y precio competitivo.<\/p>\n<p>Comun\u00edquese con nuestro sales@stvvalve.com para obtener otros materiales y detalles.<\/p>\n<p>Hoja de fecha:<a href=\"https:\/\/www.stvvalves.com\/wp-content\/uploads\/2019\/03\/1500lb-seal-bonnet-gate-valve-api-602-a105n-body-dn50-sw-end-drawing.pdf\">V\u00e1lvula de compuerta de cap\u00f3 con sello de 1500LB, API 602, cuerpo A105N, DN50, extremo SW<\/a><\/p>","protected":false},"featured_media":4535,"template":"","meta":[],"product_brand":[],"product_cat":[59,44],"product_tag":[659,662,660,661,433],"class_list":{"0":"post-4534","1":"product","2":"type-product","3":"status-publish","4":"has-post-thumbnail","6":"product_cat-forged-steel-gate-valve","7":"product_cat-gate-valve","8":"product_tag-1500lb-gate-valve","9":"product_tag-api-602-pressure-seal-bonnet-gate-valve","10":"product_tag-dn50-pressure-seal-bonnet-gate-valve","11":"product_tag-forged-steel-pressure-seal-bonnet-gate-valve","12":"product_tag-pressure-seal-bonnet-gate-valve","14":"first","15":"instock","16":"shipping-taxable","17":"product-type-simple"},"_links":{"self":[{"href":"https:\/\/www.stvvalves.com\/es\/wp-json\/wp\/v2\/product\/4534","targetHints":{"allow":["GET"]}}],"collection":[{"href":"https:\/\/www.stvvalves.com\/es\/wp-json\/wp\/v2\/product"}],"about":[{"href":"https:\/\/www.stvvalves.com\/es\/wp-json\/wp\/v2\/types\/product"}],"wp:featuredmedia":[{"embeddable":true,"href":"https:\/\/www.stvvalves.com\/es\/wp-json\/wp\/v2\/media\/4535"}],"wp:attachment":[{"href":"https:\/\/www.stvvalves.com\/es\/wp-json\/wp\/v2\/media?parent=4534"}],"wp:term":[{"taxonomy":"product_brand","embeddable":true,"href":"https:\/\/www.stvvalves.com\/es\/wp-json\/wp\/v2\/product_brand?post=4534"},{"taxonomy":"product_cat","embeddable":true,"href":"https:\/\/www.stvvalves.com\/es\/wp-json\/wp\/v2\/product_cat?post=4534"},{"taxonomy":"product_tag","embeddable":true,"href":"https:\/\/www.stvvalves.com\/es\/wp-json\/wp\/v2\/product_tag?post=4534"}],"curies":[{"name":"wp","href":"https:\/\/api.w.org\/{rel}","templated":true}]}}