{"id":4538,"date":"2019-03-20T06:45:22","date_gmt":"2019-03-20T06:45:22","guid":{"rendered":"https:\/\/www.stvvalves.com\/?post_type=product&#038;p=4538"},"modified":"2025-02-17T18:21:36","modified_gmt":"2025-02-17T10:21:36","slug":"f304-integral-flange-forged-gate-valve-dn20-150lb-api-602","status":"publish","type":"product","link":"https:\/\/www.stvvalves.com\/es\/products\/f304-integral-flange-forged-gate-valve-dn20-150lb-api-602\/","title":{"rendered":"V\u00e1lvula de compuerta forjada con brida integral F304, DN20,150LB, API 602"},"content":{"rendered":"<p>Caracter\u00edsticas:<br \/>\nAcero forjado, tornillo exterior y yugo, v\u00e1stago ascendente,<br \/>\nVolante no ascendente, asiento trasero integral,<br \/>\nCu\u00f1a s\u00f3lida, anillos de asiento renovables, junta enrollada en espiral,<br \/>\nDi\u00e1metro reducido o puerto completo,<br \/>\nEnchufe soldado, roscado, soldado a tope, extremo con brida.<\/p>\n<p>Est\u00e1ndar de aplicaci\u00f3n:<br \/>\nAPI 602, ASME B16.34, BS 5352<br \/>\nPruebas seg\u00fan API 598<br \/>\nMarcado seg\u00fan MSS SP25<br \/>\nExtremos soldados con casquillo seg\u00fan ASME B16.11<br \/>\nExtremos atornillados seg\u00fan ASME B1.20.1<br \/>\nExtremos soldados a tope seg\u00fan ASME B16.25<br \/>\nExtremos bridados seg\u00fan ASME B16.5<br \/>\nDisponible en ANSI 150-2500LB, tama\u00f1os: 1\/2\u2033 a 2\u2033.<br \/>\nMateriales: A105N, LF2, F304, F316, F11, F22, F5, F91, acero aleado, etc.<br \/>\nRango de temperatura: -29\u00b0C a 538\u00b0C.<\/p>\n<p>&nbsp;<\/p>\n<table>\n<tbody>\n<tr>\n<td width=\"200\"><strong><b>nombre del producto<\/b><\/strong><\/td>\n<td width=\"481\">V\u00e1lvula de compuerta forjada con brida integral F304, DN20,150LB, API 602<\/td>\n<\/tr>\n<tr>\n<td width=\"200\">1. Materiales<\/td>\n<td width=\"481\">F304<\/td>\n<\/tr>\n<tr>\n<td width=\"200\">2. Tama\u00f1o<\/td>\n<td width=\"481\">3\/4\u201d<\/td>\n<\/tr>\n<tr>\n<td width=\"200\">4. Puerto<\/td>\n<td width=\"481\">Puerto reductor<\/td>\n<\/tr>\n<tr>\n<td width=\"200\">5. Presi\u00f3n de trabajo<\/td>\n<td width=\"481\">150 libras<\/td>\n<\/tr>\n<tr>\n<td width=\"200\">6. La conexi\u00f3n finaliza<\/td>\n<td width=\"481\">RF<\/td>\n<\/tr>\n<tr>\n<td width=\"200\">7. Temperatura de trabajo.<\/td>\n<td width=\"481\">-29~600\u00baC,<\/td>\n<\/tr>\n<tr>\n<td width=\"200\">8. Medio adecuado<\/td>\n<td width=\"481\">Agua, Gas Natural, Petr\u00f3leo y alg\u00fan l\u00edquido corrosivo<\/td>\n<\/tr>\n<tr>\n<td width=\"200\">9. Operado<\/td>\n<td width=\"481\">Volante<\/td>\n<\/tr>\n<tr>\n<td width=\"200\">10. Inspecci\u00f3n y pruebas<\/td>\n<td width=\"481\">Seg\u00fan API 598<\/td>\n<\/tr>\n<tr>\n<td width=\"200\"><strong><b>Env\u00edo<\/b><\/strong><\/td>\n<td width=\"481\">&nbsp;<\/td>\n<\/tr>\n<tr>\n<td width=\"200\">El tiempo de entrega<\/td>\n<td width=\"481\">30 dias<\/td>\n<\/tr>\n<tr>\n<td width=\"200\">Paquete<\/td>\n<td width=\"481\">Caja de madera contrachapada de exportaci\u00f3n est\u00e1ndar<\/td>\n<\/tr>\n<tr>\n<td width=\"200\">Puerto de embarque<\/td>\n<td width=\"481\">Ningbo\/Shangh\u00e1i, China<\/td>\n<\/tr>\n<tr>\n<td width=\"200\">Condiciones de env\u00edo<\/td>\n<td width=\"481\">Exw, MANDO, CFR, CIF, etc.<\/td>\n<\/tr>\n<tr>\n<td width=\"200\">T\u00e9rminos de pago<\/td>\n<td width=\"481\">T\/T, Western Union, PayPal, etc.<\/td>\n<\/tr>\n<tr>\n<td width=\"200\">&nbsp;<\/td>\n<td width=\"481\">Pago anticipado de 30%, saldo de 70% pagado antes del env\u00edo<\/td>\n<\/tr>\n<tr>\n<td width=\"200\">Pa\u00eds de origen<\/td>\n<td width=\"481\">Ciudad de Wenzhou, China<\/td>\n<\/tr>\n<tr>\n<td width=\"200\">Capacidad de producci\u00f3n<\/td>\n<td width=\"481\">6000 toneladas\/a\u00f1o<\/td>\n<\/tr>\n<tr>\n<td width=\"200\">Cantidad m\u00ednima de pedido<\/td>\n<td width=\"481\">10 unidades\/tama\u00f1o<\/td>\n<\/tr>\n<\/tbody>\n<\/table>","protected":false},"excerpt":{"rendered":"<p>Modelo:STV-Z41H-150LB-F304-DN20<\/p>\n<p>V\u00e1lvula de compuerta forjada con brida integral F304, principalmente adecuada para tuber\u00edas de diversos sistemas de centrales t\u00e9rmicas, cortando o conectando el medio de la tuber\u00eda. Medio aplicable: medio no corrosivo como agua y vapor. En comparaci\u00f3n con otros productos de v\u00e1lvulas, la v\u00e1lvula de brida integral de acero forjado se caracteriza por su alta temperatura y alta presi\u00f3n y su exclusivo dise\u00f1o autosellante. Cuanto mayor sea la presi\u00f3n, m\u00e1s fiable ser\u00e1 el sello. Debido a las caracter\u00edsticas t\u00e9cnicas especiales y a las condiciones de funcionamiento, los productos tambi\u00e9n presentan caracter\u00edsticas que no pueden ser reemplazadas por otros productos.<\/p>\n<p>STV Valve Technology Group Co., Ltd es un l\u00edder profesional V\u00e1lvula de compuerta de brida forjada integral de China, v\u00e1lvula de compuerta forjada peque\u00f1a con brida integral, v\u00e1lvula de compuerta con brida integral, v\u00e1lvulas de compuerta de extremo con brida integral de acero forjado, fabricante de v\u00e1lvulas de compuerta de 150 lb de China con alta calidad y precio competitivo .<\/p>\n<p>Comun\u00edquese con nuestro sales@stvvalve.com para obtener otros materiales y detalles.<\/p>\n<p>Hoja de fecha:<a href=\"https:\/\/www.stvvalves.com\/wp-content\/uploads\/2019\/03\/f304-integral-flange-forged-gate-valve-dn20-150lb-api-602-DRAWING.pdf\">V\u00e1lvula de compuerta forjada con brida integral F304, DN20,150LB, API 602<\/a><\/p>","protected":false},"featured_media":4539,"template":"","meta":[],"product_brand":[],"product_cat":[59,44],"product_tag":[663,664,665,667,666],"class_list":{"0":"post-4538","1":"product","2":"type-product","3":"status-publish","4":"has-post-thumbnail","6":"product_cat-forged-steel-gate-valve","7":"product_cat-gate-valve","8":"product_tag-150lb-gate-valve","9":"product_tag-forged-steel-integral-flanged-end-gate-valves","10":"product_tag-integral-flanged-gate-valve","11":"product_tag-integral-forged-flange-gate-valve","12":"product_tag-small-forged-gate-valve-integral-flanged","14":"first","15":"instock","16":"shipping-taxable","17":"product-type-simple"},"_links":{"self":[{"href":"https:\/\/www.stvvalves.com\/es\/wp-json\/wp\/v2\/product\/4538","targetHints":{"allow":["GET"]}}],"collection":[{"href":"https:\/\/www.stvvalves.com\/es\/wp-json\/wp\/v2\/product"}],"about":[{"href":"https:\/\/www.stvvalves.com\/es\/wp-json\/wp\/v2\/types\/product"}],"wp:featuredmedia":[{"embeddable":true,"href":"https:\/\/www.stvvalves.com\/es\/wp-json\/wp\/v2\/media\/4539"}],"wp:attachment":[{"href":"https:\/\/www.stvvalves.com\/es\/wp-json\/wp\/v2\/media?parent=4538"}],"wp:term":[{"taxonomy":"product_brand","embeddable":true,"href":"https:\/\/www.stvvalves.com\/es\/wp-json\/wp\/v2\/product_brand?post=4538"},{"taxonomy":"product_cat","embeddable":true,"href":"https:\/\/www.stvvalves.com\/es\/wp-json\/wp\/v2\/product_cat?post=4538"},{"taxonomy":"product_tag","embeddable":true,"href":"https:\/\/www.stvvalves.com\/es\/wp-json\/wp\/v2\/product_tag?post=4538"}],"curies":[{"name":"wp","href":"https:\/\/api.w.org\/{rel}","templated":true}]}}