{"id":4567,"date":"2019-03-24T14:15:25","date_gmt":"2019-03-24T14:15:25","guid":{"rendered":"https:\/\/www.stvvalves.com\/?post_type=product&#038;p=4567"},"modified":"2025-02-17T18:21:34","modified_gmt":"2025-02-17T10:21:34","slug":"2pc-ball-valve-flanged-end-with-direct-mounting-pad-150lb-304","status":"publish","type":"product","link":"https:\/\/www.stvvalves.com\/es\/products\/2pc-ball-valve-flanged-end-with-direct-mounting-pad-150lb-304\/","title":{"rendered":"Extremo bridado de v\u00e1lvula de bola de 2 piezas con almohadilla de montaje directo, 150 lb, 304"},"content":{"rendered":"<p>Caracter\u00edsticas clave<\/p>\n<p>Extremo bridado de v\u00e1lvula de bola de 2 piezas con almohadilla de montaje directo, 150 lb, 304<br \/>\nAlmohadilla de montaje directo ISO<br \/>\nA pleno<br \/>\nClasificaci\u00f3n de presi\u00f3n: ANSI CL150 \/ EN1092-1 PN10~40 \/JIS 10K<br \/>\nTama\u00f1o: DN15 ~ DN200<br \/>\nV\u00e1stago a prueba de explosiones de acero inoxidable<br \/>\nAsiento: RTFE<br \/>\nBola: Bola s\u00f3lida CF8M<br \/>\nEl espesor de la pared cumple con ASME B16.34<br \/>\nDise\u00f1o de sellado del tercer v\u00e1stago con juntas t\u00f3ricas dobles<br \/>\nV\u00e1stago a prueba de explosiones<br \/>\nPrecargue 2 lavadoras Belleville para autoajustar el empaque<br \/>\nDispositivos antiest\u00e1ticos para bola, v\u00e1stago y cuerpo.<br \/>\nDise\u00f1o y construcci\u00f3n a prueba de incendios.<br \/>\nMateriales: WCB,CF8,CF3,CF8M,CF3M, etc. (Hay material especial disponible seg\u00fan los requisitos).<br \/>\nTemperatura de trabajo: -20\u00b0C~180\u00b0C<\/p>\n<p>NORMAS:<br \/>\n1. Dise\u00f1o y fabricaci\u00f3n: API6D<br \/>\n2. Inspecci\u00f3n y prueba: API 598, API 6D<br \/>\n3. Dimensi\u00f3n de la brida final: ASME B16.5<br \/>\n4. Dimensi\u00f3n de los extremos BW: ASME B16.25<br \/>\n5. Cara a cara o de extremo a extremo: ASME B16.10<br \/>\n6. Clasificaci\u00f3n de presi\u00f3n-temperatura: ASME B16.34<\/p>\n<table>\n<tbody>\n<tr>\n<td width=\"200\"><strong>nombre del producto<\/strong><\/td>\n<td width=\"481\">Extremo bridado de v\u00e1lvula de bola de 2 piezas con almohadilla de montaje directo, 150 lb, 304<\/td>\n<\/tr>\n<tr>\n<td width=\"200\">1. Materiales<\/td>\n<td width=\"481\">304<\/td>\n<\/tr>\n<tr>\n<td width=\"200\">2. Tama\u00f1o<\/td>\n<td width=\"481\">2\u201d<\/td>\n<\/tr>\n<tr>\n<td width=\"200\">4. Puerto<\/td>\n<td width=\"481\">Puerto lleno<\/td>\n<\/tr>\n<tr>\n<td width=\"200\">5. Presi\u00f3n de trabajo<\/td>\n<td width=\"481\">150 libras<\/td>\n<\/tr>\n<tr>\n<td width=\"200\">6. La conexi\u00f3n finaliza<\/td>\n<td width=\"481\">RF<\/td>\n<\/tr>\n<tr>\n<td width=\"200\">7. Temperatura de trabajo.<\/td>\n<td width=\"481\">-29~180\u00baC,<\/td>\n<\/tr>\n<tr>\n<td width=\"200\">8. Medio adecuado<\/td>\n<td width=\"481\">Agua, Gas Natural, Petr\u00f3leo y alg\u00fan l\u00edquido corrosivo<\/td>\n<\/tr>\n<tr>\n<td width=\"200\">9. Operado<\/td>\n<td width=\"481\">Volante<\/td>\n<\/tr>\n<tr>\n<td width=\"200\">10. Inspecci\u00f3n y pruebas<\/td>\n<td width=\"481\">Seg\u00fan API598<\/td>\n<\/tr>\n<tr>\n<td width=\"200\"><strong>Env\u00edo<\/strong><\/td>\n<td width=\"481\"><\/td>\n<\/tr>\n<tr>\n<td width=\"200\">El tiempo de entrega<\/td>\n<td width=\"481\">30 dias<\/td>\n<\/tr>\n<tr>\n<td width=\"200\">Paquete<\/td>\n<td width=\"481\">Caja de madera contrachapada de exportaci\u00f3n est\u00e1ndar<\/td>\n<\/tr>\n<tr>\n<td width=\"200\">Puerto de embarque<\/td>\n<td width=\"481\">Ningbo\/Shangh\u00e1i, China<\/td>\n<\/tr>\n<tr>\n<td width=\"200\">Condiciones de env\u00edo<\/td>\n<td width=\"481\">Exw, MANDO, CFR, CIF, etc.<\/td>\n<\/tr>\n<tr>\n<td width=\"200\">T\u00e9rminos de pago<\/td>\n<td width=\"481\">T\/T, Western Union, PayPal, etc.<\/td>\n<\/tr>\n<tr>\n<td width=\"200\"><\/td>\n<td width=\"481\">Pago anticipado de 30%, saldo de 70% pagado antes del env\u00edo<\/td>\n<\/tr>\n<tr>\n<td width=\"200\">Pa\u00eds de origen<\/td>\n<td width=\"481\">Ciudad de Wenzhou, China<\/td>\n<\/tr>\n<tr>\n<td width=\"200\">Capacidad de producci\u00f3n<\/td>\n<td width=\"481\">6000 toneladas\/a\u00f1o<\/td>\n<\/tr>\n<tr>\n<td width=\"200\">Cantidad m\u00ednima de pedido<\/td>\n<td width=\"481\">1 unidad\/tama\u00f1o<\/td>\n<\/tr>\n<\/tbody>\n<\/table>","protected":false},"excerpt":{"rendered":"<p>Modelo:STV-Q41F-150LB-304-2\u2033<\/p>\n<p>El extremo bridado de la v\u00e1lvula de bola de 2 piezas con almohadilla de montaje directo se usa ampliamente en: productos qu\u00edmicos, petroqu\u00edmicos, petr\u00f3leo, papel, miner\u00eda, energ\u00eda el\u00e9ctrica, gas licuado de petr\u00f3leo, alimentos, productos farmac\u00e9uticos, suministro y drenaje de agua, equipos municipales, mec\u00e1nicos, industria electr\u00f3nica, construcci\u00f3n urbana. y otros campos. Tiene cuerpo de acero inoxidable de paso total, asiento de PTFE reforzado, sello de grafito y parte superior de montaje ISO para accionamiento. Se beneficia de un cuerpo dividido, dise\u00f1o de dos piezas, certificaci\u00f3n Fire Safe seg\u00fan API607 4ta edici\u00f3n con un v\u00e1stago con resorte antiest\u00e1tico. -a-bola&#039; y &#039;v\u00e1stago-a-cuerpo&#039; instalados de serie.<\/p>\n<p>STV Valve Technology Group Co., Ltd es un l\u00edder profesional en China V\u00e1lvula de bola con brida de 2 piezas, v\u00e1lvula de bola de acero inoxidable, v\u00e1lvula de bola flotante con brida de 2 piezas, almohadilla de montaje directo de v\u00e1lvula de bola, v\u00e1lvula de bola con extremo con brida de montaje directo, v\u00e1lvula de bola con brida, almohadilla de montaje directo Fabricaci\u00f3n de v\u00e1lvulas de bola con alta calidad y precio competitivo.<\/p>\n<p>Comun\u00edquese con nuestro sales@stvvalve.com para obtener otros materiales y detalles.<\/p>\n<p>Hoja de fecha:<a href=\"https:\/\/www.stvvalves.com\/wp-content\/uploads\/2019\/03\/2pc-ball-valve-flanged-end-with-direct-mounting-pad-150lb-304-drawing.pdf\">Extremo bridado de v\u00e1lvula de bola de 2 piezas con almohadilla de montaje directo, 150 lb, 304<\/a><\/p>","protected":false},"featured_media":4569,"template":"","meta":[],"product_brand":[],"product_cat":[43,53],"product_tag":[685,687,424,684,683,177,686],"class_list":{"0":"post-4567","1":"product","2":"type-product","3":"status-publish","4":"has-post-thumbnail","6":"product_cat-ball-valve","7":"product_cat-stainless-steel-ball-valve","8":"product_tag-2-piece-flanged-floating-ball-valve","9":"product_tag-2pc-flanged-ball-valve","10":"product_tag-ball-valve-direct-mounting-pad","11":"product_tag-direct-mounting-flanged-end-ball-valves","12":"product_tag-direct-mounting-pad-ball-valve","13":"product_tag-flanged-ball-valve","14":"product_tag-stainless-steel-ball-valve","16":"first","17":"instock","18":"shipping-taxable","19":"product-type-simple"},"_links":{"self":[{"href":"https:\/\/www.stvvalves.com\/es\/wp-json\/wp\/v2\/product\/4567","targetHints":{"allow":["GET"]}}],"collection":[{"href":"https:\/\/www.stvvalves.com\/es\/wp-json\/wp\/v2\/product"}],"about":[{"href":"https:\/\/www.stvvalves.com\/es\/wp-json\/wp\/v2\/types\/product"}],"wp:featuredmedia":[{"embeddable":true,"href":"https:\/\/www.stvvalves.com\/es\/wp-json\/wp\/v2\/media\/4569"}],"wp:attachment":[{"href":"https:\/\/www.stvvalves.com\/es\/wp-json\/wp\/v2\/media?parent=4567"}],"wp:term":[{"taxonomy":"product_brand","embeddable":true,"href":"https:\/\/www.stvvalves.com\/es\/wp-json\/wp\/v2\/product_brand?post=4567"},{"taxonomy":"product_cat","embeddable":true,"href":"https:\/\/www.stvvalves.com\/es\/wp-json\/wp\/v2\/product_cat?post=4567"},{"taxonomy":"product_tag","embeddable":true,"href":"https:\/\/www.stvvalves.com\/es\/wp-json\/wp\/v2\/product_tag?post=4567"}],"curies":[{"name":"wp","href":"https:\/\/api.w.org\/{rel}","templated":true}]}}