{"id":4583,"date":"2019-03-30T14:42:57","date_gmt":"2019-03-30T14:42:57","guid":{"rendered":"https:\/\/www.stvvalves.com\/?post_type=product&#038;p=4583"},"modified":"2025-02-17T18:21:33","modified_gmt":"2025-02-17T10:21:33","slug":"epdm-seat-butterfly-valve-di-body-cf8m-disc-wafer-type","status":"publish","type":"product","link":"https:\/\/www.stvvalves.com\/es\/products\/epdm-seat-butterfly-valve-di-body-cf8m-disc-wafer-type\/","title":{"rendered":"V\u00e1lvula de mariposa de asiento EPDM, cuerpo DI, disco CF8M, tipo oblea"},"content":{"rendered":"<p>Especificaciones:<\/p>\n<p>Tama\u00f1o DN50-DN300<br \/>\nPresi\u00f3n nominal PN10\/16, 150-300LB<br \/>\nTemperatura de trabajo -30\u00b0C \u2013 135\u00b0C<br \/>\nMedios adecuados Productos qu\u00edmicos, aire, agua, vapor, aceite, \u00e1cidos, sales, etc.<br \/>\nEst\u00e1ndares:<\/p>\n<p>Est\u00e1ndar de dise\u00f1o API609, ANSI16.34, JISB2064, GB T12238<br \/>\nCara a cara API609, DIN3202, ISO5752, BS5155<br \/>\nPerforaci\u00f3n de brida DIN2501 PN10\/16, ANSI 125\/150\/300, BS4504, JIS10K<br \/>\nBrida superior ISO5211<br \/>\nInspecci\u00f3n de prueba API598<\/p>\n<p>Material:<br \/>\nCuerpo Hierro fundido, Hierro d\u00factil, Acero al carbono, Acero inoxidable<br \/>\nDisco de hierro d\u00factil, acero al carbono, acero inoxidable<br \/>\nV\u00e1stago de acero inoxidable<br \/>\nAsiento EPDM, NBR, PTFE, VITON, HYPALON<br \/>\nJunta t\u00f3rica EPDM, NBR<\/p>\n<table>\n<tbody>\n<tr>\n<td width=\"200\"><strong><b>nombre del producto<\/b><\/strong><\/td>\n<td width=\"481\">V\u00e1lvula de mariposa de asiento EPDM, cuerpo DI, disco CF8M, tipo oblea<\/td>\n<\/tr>\n<tr>\n<td width=\"200\">1. Materiales<\/td>\n<td width=\"481\">Hierro d\u00factil<\/td>\n<\/tr>\n<tr>\n<td width=\"200\">2. Tama\u00f1o<\/td>\n<td width=\"481\">3\u201d<\/td>\n<\/tr>\n<tr>\n<td width=\"200\">4. Puerto<\/td>\n<td width=\"481\">Puerto lleno<\/td>\n<\/tr>\n<tr>\n<td width=\"200\">5. Presi\u00f3n de trabajo<\/td>\n<td width=\"481\">PN16<\/td>\n<\/tr>\n<tr>\n<td width=\"200\">6. La conexi\u00f3n finaliza<\/td>\n<td width=\"481\">Extremo de soldadura de z\u00f3calo<\/td>\n<\/tr>\n<tr>\n<td width=\"200\">7. Temperatura de trabajo.<\/td>\n<td width=\"481\">-29~120\u00baC,<\/td>\n<\/tr>\n<tr>\n<td width=\"200\">8. Medio adecuado<\/td>\n<td width=\"481\">Agua, Gas Natural, Petr\u00f3leo y alg\u00fan l\u00edquido corrosivo<\/td>\n<\/tr>\n<tr>\n<td width=\"200\">9. Operado<\/td>\n<td width=\"481\">Volante<\/td>\n<\/tr>\n<tr>\n<td width=\"200\">10. Inspecci\u00f3n y pruebas<\/td>\n<td width=\"481\">Seg\u00fan API 598<\/td>\n<\/tr>\n<tr>\n<td width=\"200\"><strong><b>Env\u00edo<\/b><\/strong><\/td>\n<td width=\"481\">&nbsp;<\/td>\n<\/tr>\n<tr>\n<td width=\"200\">El tiempo de entrega<\/td>\n<td width=\"481\">30 dias<\/td>\n<\/tr>\n<tr>\n<td width=\"200\">Paquete<\/td>\n<td width=\"481\">Caja de madera contrachapada de exportaci\u00f3n est\u00e1ndar<\/td>\n<\/tr>\n<tr>\n<td width=\"200\">Puerto de embarque<\/td>\n<td width=\"481\">Ningbo\/Shangh\u00e1i, China<\/td>\n<\/tr>\n<tr>\n<td width=\"200\">Condiciones de env\u00edo<\/td>\n<td width=\"481\">Exw, MANDO, CFR, CIF, etc.<\/td>\n<\/tr>\n<tr>\n<td width=\"200\">T\u00e9rminos de pago<\/td>\n<td width=\"481\">T\/T, Western Union, PayPal, etc.<\/td>\n<\/tr>\n<tr>\n<td width=\"200\">&nbsp;<\/td>\n<td width=\"481\">Pago anticipado de 30%, saldo de 70% pagado antes del env\u00edo<\/td>\n<\/tr>\n<tr>\n<td width=\"200\">Pa\u00eds de origen<\/td>\n<td width=\"481\">Ciudad de Wenzhou, China<\/td>\n<\/tr>\n<tr>\n<td width=\"200\">Capacidad de producci\u00f3n<\/td>\n<td width=\"481\">6000 toneladas\/a\u00f1o<\/td>\n<\/tr>\n<tr>\n<td width=\"200\">Cantidad m\u00ednima de pedido<\/td>\n<td width=\"481\">10 unidades\/tama\u00f1o<\/td>\n<\/tr>\n<\/tbody>\n<\/table>\n<p>&nbsp;<\/p>","protected":false},"excerpt":{"rendered":"<p>Modelo;STV-D71X-PN16-DI-316-100<\/p>\n<p>Nuestra v\u00e1lvula de mariposa de asiento de EPDM utiliza la flexibilidad del asiento de goma, podr\u00eda lograr f\u00e1cilmente cero fugas, por lo tanto, es una v\u00e1lvula ampliamente utilizada en campos petroleros, agricultura, agua y aguas residuales y en las industrias mineras. Debido a los materiales del cuerpo revestido de caucho, la v\u00e1lvula de mariposa revestida de EPDM se usa generalmente en l\u00edneas de baja presi\u00f3n.<\/p>\n<p>El tipo wafer es el estilo com\u00fan de v\u00e1lvula de mariposa con asiento de EPDM y es menos costoso que el tipo de orejeta. La v\u00e1lvula de mariposa de asiento de EPDM se instala entre dos bridas. La v\u00e1lvula de mariposa se mantiene en su lugar mediante pernos o esp\u00e1rragos y tuercas de brida a brida. Este tipo de instalaci\u00f3n, por supuesto, hace imposible desconectar de la v\u00e1lvula s\u00f3lo un lado del sistema de tuber\u00edas.<\/p>\n<p>STV Valve Technology Group Co., Ltd es un l\u00edder profesional en v\u00e1lvulas de mariposa de asiento resistente de EPDM de China, v\u00e1lvulas de mariposa de hierro fundido, v\u00e1lvulas de mariposa tipo wafer, v\u00e1lvulas de mariposa de asiento blando, v\u00e1lvulas de mariposa tipo orejeta, v\u00e1lvula de mariposa de China Fabricaci\u00f3n con alta calidad y precio competitivo.<\/p>\n<p>Comun\u00edquese con nuestro sales@stvvalve.com para obtener otros materiales y detalles.<\/p>\n<p>Hoja de fecha:<a href=\"https:\/\/www.stvvalves.com\/wp-content\/uploads\/2019\/03\/epdm-seat-butterfly-valve-di-body-cf8m-disc-wafer-type-drawing.pdf\">V\u00e1lvula de mariposa de asiento EPDM, cuerpo DI, disco CF8M, tipo oblea<\/a><\/p>","protected":false},"featured_media":4585,"template":"","meta":[],"product_brand":[],"product_cat":[965,971],"product_tag":[698,702,699,701,700],"class_list":{"0":"post-4583","1":"product","2":"type-product","3":"status-publish","4":"has-post-thumbnail","6":"product_cat-butterfly-valve","7":"product_cat-wafer-butterfly-valve","8":"product_tag-butterfly-valves-soft-seat","9":"product_tag-cast-iron-butterfly-valve","10":"product_tag-china-butterfly-valve","11":"product_tag-epdm-resilient-seat-butterfly-valves","12":"product_tag-wafer-butterfly-valves","14":"first","15":"instock","16":"downloadable","17":"shipping-taxable","18":"product-type-simple"},"_links":{"self":[{"href":"https:\/\/www.stvvalves.com\/es\/wp-json\/wp\/v2\/product\/4583","targetHints":{"allow":["GET"]}}],"collection":[{"href":"https:\/\/www.stvvalves.com\/es\/wp-json\/wp\/v2\/product"}],"about":[{"href":"https:\/\/www.stvvalves.com\/es\/wp-json\/wp\/v2\/types\/product"}],"wp:featuredmedia":[{"embeddable":true,"href":"https:\/\/www.stvvalves.com\/es\/wp-json\/wp\/v2\/media\/4585"}],"wp:attachment":[{"href":"https:\/\/www.stvvalves.com\/es\/wp-json\/wp\/v2\/media?parent=4583"}],"wp:term":[{"taxonomy":"product_brand","embeddable":true,"href":"https:\/\/www.stvvalves.com\/es\/wp-json\/wp\/v2\/product_brand?post=4583"},{"taxonomy":"product_cat","embeddable":true,"href":"https:\/\/www.stvvalves.com\/es\/wp-json\/wp\/v2\/product_cat?post=4583"},{"taxonomy":"product_tag","embeddable":true,"href":"https:\/\/www.stvvalves.com\/es\/wp-json\/wp\/v2\/product_tag?post=4583"}],"curies":[{"name":"wp","href":"https:\/\/api.w.org\/{rel}","templated":true}]}}