{"id":4603,"date":"2019-04-02T14:06:30","date_gmt":"2019-04-02T14:06:30","guid":{"rendered":"https:\/\/www.stvvalves.com\/?post_type=product&#038;p=4603"},"modified":"2025-02-17T18:21:32","modified_gmt":"2025-02-17T10:21:32","slug":"api-600-flanged-gate-valve-10-inch-cl900-wcb-body-rf","status":"publish","type":"product","link":"https:\/\/www.stvvalves.com\/es\/products\/api-600-flanged-gate-valve-10-inch-cl900-wcb-body-rf\/","title":{"rendered":"V\u00e1lvula de compuerta con brida API 600, 10 pulgadas, CL900, cuerpo WCB, RF"},"content":{"rendered":"<p>Dise\u00f1o y fabricaci\u00f3n: v\u00e1lvula de compuerta de acero fundido seg\u00fan API 600 (ISO 10434), API 6D; v\u00e1lvula de compuerta de acero inoxidable fundido seg\u00fan API 603, API 600<\/p>\n<p>Inspecci\u00f3n y prueba: API598, API600 o API 6D<\/p>\n<p>Dimensi\u00f3n de la brida final: ASME B16.5 (para NPS\u226424, ASME B 16.47 serie B, API 605, ASME B16.47 Serie A, MSS SP-44 (para NPS&gt;24)<\/p>\n<p>Dimensi\u00f3n final BW: ASME B16.25<\/p>\n<p>Cara a cara y de extremo a extremo: ASME B16.10<\/p>\n<p>Clasificaciones de presi\u00f3n-temperatura: ASME B16.34<\/p>\n<p>Gama de productos<\/p>\n<p>Material del cuerpo: acero al carbono, acero inoxidable, acero aleado<\/p>\n<p>Di\u00e1metro nominal: 2\u2033~36\u2033(DN50~DN900)<\/p>\n<p>Conexi\u00f3n final: RF, RTJ, BW<\/p>\n<p>Rango de presi\u00f3n: Clase 150~900(PN16~PN150)<\/p>\n<p>Temperatura de trabajo: -29 \u2103 ~ + 560 \u2103<\/p>\n<p>Operaci\u00f3n: volante, engranaje, actuador el\u00e9ctrico, etc.<\/p>\n<p>&nbsp;<\/p>\n<table>\n<tbody>\n<tr>\n<td width=\"200\"><strong>nombre del producto<\/strong><\/td>\n<td width=\"481\">V\u00e1lvula de compuerta con brida API 600, 10 pulgadas, CL900, cuerpo WCB, RF<\/td>\n<\/tr>\n<tr>\n<td width=\"200\">1. Materiales<\/td>\n<td width=\"481\">WCB<\/td>\n<\/tr>\n<tr>\n<td width=\"200\">2. Tama\u00f1o<\/td>\n<td width=\"481\">10\u201d<\/td>\n<\/tr>\n<tr>\n<td width=\"200\">4. Puerto<\/td>\n<td width=\"481\">Puerto lleno<\/td>\n<\/tr>\n<tr>\n<td width=\"200\">5. Presi\u00f3n de trabajo<\/td>\n<td width=\"481\">900 libras<\/td>\n<\/tr>\n<tr>\n<td width=\"200\">6. La conexi\u00f3n finaliza<\/td>\n<td width=\"481\">RF<\/td>\n<\/tr>\n<tr>\n<td width=\"200\">7. Temperatura de trabajo.<\/td>\n<td width=\"481\">-29~425\u00baC,<\/td>\n<\/tr>\n<tr>\n<td width=\"200\">8. Medio adecuado<\/td>\n<td width=\"481\">Agua, Gas Natural, Petr\u00f3leo y alg\u00fan l\u00edquido corrosivo<\/td>\n<\/tr>\n<tr>\n<td width=\"200\">9. Operado<\/td>\n<td width=\"481\">Caja de cambios<\/td>\n<\/tr>\n<tr>\n<td width=\"200\">10. Inspecci\u00f3n y pruebas<\/td>\n<td width=\"481\">Seg\u00fan API598<\/td>\n<\/tr>\n<tr>\n<td width=\"200\"><strong>Env\u00edo<\/strong><\/td>\n<td width=\"481\"><\/td>\n<\/tr>\n<tr>\n<td width=\"200\">El tiempo de entrega<\/td>\n<td width=\"481\">30 dias<\/td>\n<\/tr>\n<tr>\n<td width=\"200\">Paquete<\/td>\n<td width=\"481\">Caja de madera contrachapada de exportaci\u00f3n est\u00e1ndar<\/td>\n<\/tr>\n<tr>\n<td width=\"200\">Puerto de embarque<\/td>\n<td width=\"481\">Ningbo\/Shangh\u00e1i, China<\/td>\n<\/tr>\n<tr>\n<td width=\"200\">Condiciones de env\u00edo<\/td>\n<td width=\"481\">Exw, MANDO, CFR, CIF, etc.<\/td>\n<\/tr>\n<tr>\n<td width=\"200\">T\u00e9rminos de pago<\/td>\n<td width=\"481\">T\/T, Western Union, PayPal, etc.<\/td>\n<\/tr>\n<tr>\n<td width=\"200\"><\/td>\n<td width=\"481\">Pago anticipado de 30%, saldo de 70% pagado antes del env\u00edo<\/td>\n<\/tr>\n<tr>\n<td width=\"200\">Pa\u00eds de origen<\/td>\n<td width=\"481\">Ciudad de Wenzhou, China<\/td>\n<\/tr>\n<tr>\n<td width=\"200\">Capacidad de producci\u00f3n<\/td>\n<td width=\"481\">6000 toneladas\/a\u00f1o<\/td>\n<\/tr>\n<tr>\n<td width=\"200\">Cantidad m\u00ednima de pedido<\/td>\n<td width=\"481\">1 unidad\/tama\u00f1o<\/td>\n<\/tr>\n<\/tbody>\n<\/table>","protected":false},"excerpt":{"rendered":"<p>Modelo:STV-Z541Y-900LB-WCB-10 pulgadas<\/p>\n<p>La v\u00e1lvula de compuerta con brida API 600 tiene una peque\u00f1a resistencia a los fluidos, una peque\u00f1a erosi\u00f3n de la superficie de sellado, ning\u00fan cambio en la direcci\u00f3n del flujo medio, ninguna perturbaci\u00f3n, una peque\u00f1a ca\u00edda de presi\u00f3n, un peque\u00f1o par de apertura y cierre, una longitud corta de la estructura, un buen rendimiento del proceso, una presi\u00f3n aplicable y un amplio rango de temperaturas. etc. La direcci\u00f3n del movimiento del miembro de apertura y cierre es perpendicular a la direcci\u00f3n del flujo del medio (no para la v\u00e1lvula de mariposa). Es la v\u00e1lvula de corte m\u00e1s com\u00fan utilizada para cortar o abrir el medio en la tuber\u00eda.<\/p>\n<p>STV Valve Technology Group Co., Ltd es un l\u00edder profesional en China V\u00e1lvula de compuerta de acero fundido, v\u00e1lvulas de compuerta de acero fundido API 600, v\u00e1lvula de compuerta de cu\u00f1a, v\u00e1lvula de compuerta de acero fundido Asme B16.34 clase 900 Lb, v\u00e1lvula de compuerta con brida de 10 pulgadas, acero fundido de China Fabricante de v\u00e1lvulas de compuerta con alta calidad y precio competitivo.<\/p>\n<p>Comun\u00edquese con nuestro sales@stvvalve.com para obtener otros materiales y detalles.<\/p>\n<p>Hoja de fecha:<a href=\"https:\/\/www.stvvalves.com\/wp-content\/uploads\/2019\/04\/API-600-Flanged-Gate-Valve-10-Inch-CL900-WCB-Body-RF-drwaing.pdf\">V\u00e1lvula de compuerta con brida API 600, 10 pulgadas, CL900, cuerpo WCB, extremo RF<\/a><\/p>","protected":false},"featured_media":4604,"template":"","meta":[],"product_brand":[],"product_cat":[58,44],"product_tag":[716,715,714,713,431],"class_list":{"0":"post-4603","1":"product","2":"type-product","3":"status-publish","4":"has-post-thumbnail","6":"product_cat-cast-steel-gate-valve","7":"product_cat-gate-valve","8":"product_tag-10-inch-flanged-gate-valve","9":"product_tag-900lb-flanged-gate-valve","10":"product_tag-api-600-cast-steel-gate-valve","11":"product_tag-api-600-gate-valves","12":"product_tag-wedge-gate-valve","14":"first","15":"instock","16":"shipping-taxable","17":"product-type-simple"},"_links":{"self":[{"href":"https:\/\/www.stvvalves.com\/es\/wp-json\/wp\/v2\/product\/4603","targetHints":{"allow":["GET"]}}],"collection":[{"href":"https:\/\/www.stvvalves.com\/es\/wp-json\/wp\/v2\/product"}],"about":[{"href":"https:\/\/www.stvvalves.com\/es\/wp-json\/wp\/v2\/types\/product"}],"wp:featuredmedia":[{"embeddable":true,"href":"https:\/\/www.stvvalves.com\/es\/wp-json\/wp\/v2\/media\/4604"}],"wp:attachment":[{"href":"https:\/\/www.stvvalves.com\/es\/wp-json\/wp\/v2\/media?parent=4603"}],"wp:term":[{"taxonomy":"product_brand","embeddable":true,"href":"https:\/\/www.stvvalves.com\/es\/wp-json\/wp\/v2\/product_brand?post=4603"},{"taxonomy":"product_cat","embeddable":true,"href":"https:\/\/www.stvvalves.com\/es\/wp-json\/wp\/v2\/product_cat?post=4603"},{"taxonomy":"product_tag","embeddable":true,"href":"https:\/\/www.stvvalves.com\/es\/wp-json\/wp\/v2\/product_tag?post=4603"}],"curies":[{"name":"wp","href":"https:\/\/api.w.org\/{rel}","templated":true}]}}