{"id":4609,"date":"2019-04-02T14:38:53","date_gmt":"2019-04-02T14:38:53","guid":{"rendered":"https:\/\/www.stvvalves.com\/?post_type=product&#038;p=4609"},"modified":"2025-05-20T20:47:26","modified_gmt":"2025-05-20T12:47:26","slug":"flange-knife-gate-valve-din-pn16-cf8-body-dn450","status":"publish","type":"product","link":"https:\/\/www.stvvalves.com\/es\/products\/flange-knife-gate-valve-din-pn16-cf8-body-dn450\/","title":{"rendered":"V\u00e1lvula de guillotina con brida, DIN, PN16, cuerpo CF8, DN450"},"content":{"rendered":"<p>Caracter\u00edsticas de la v\u00e1lvula de guillotina con brida:<br \/>\nDise\u00f1o unidireccional<br \/>\nCuerpo de acero fundido con bridas completas<br \/>\nMecanismo de autolimpieza<br \/>\nV\u00e1stago ascendente, tornillo exterior y yugo<br \/>\nTipo de yugo: Placa o Fundici\u00f3n<\/p>\n<p>Est\u00e1ndares aplicables de v\u00e1lvula de guillotina con brida:<br \/>\na) Dise\u00f1o y Fabricaci\u00f3n: MSS SP-61, ASME 16.34<br \/>\nb) Cara a Cara: MSS SP-81, ASME B16.10, EN 558<br \/>\nc) Extremo de conexi\u00f3n: ASME B16.5, EN 1092, JIS B2220<br \/>\nd) Prueba: MSS SP-81<\/p>\n<p>Tama\u00f1os: 2\u2033 \u2013 48\u2033 o DN 50 \u2013 DN 1200<br \/>\nClasificaci\u00f3n de presi\u00f3n: Clase 150 o PN6 \u2013 PN16<br \/>\nMateriales del cuerpo de la v\u00e1lvula: WCB, LCB, WC6, CF8, CF3, CF8M, CF3M, 4A, etc.<br \/>\nOperaci\u00f3n: Actuador manual, de engranajes, neum\u00e1tico, hidr\u00e1ulico y el\u00e9ctrico.<\/p>\n<table>\n<tbody>\n<tr>\n<td width=\"200\"><strong>nombre del producto<\/strong><\/td>\n<td width=\"481\">V\u00e1lvula de guillotina con brida, DIN, PN16, cuerpo CF8, DN450<\/td>\n<\/tr>\n<tr>\n<td width=\"200\">1. Materiales<\/td>\n<td width=\"481\">CF8<\/td>\n<\/tr>\n<tr>\n<td width=\"200\">2. Tama\u00f1o<\/td>\n<td width=\"481\">14\u201d<\/td>\n<\/tr>\n<tr>\n<td width=\"200\">4. Puerto<\/td>\n<td width=\"481\">Puerto lleno<\/td>\n<\/tr>\n<tr>\n<td width=\"200\">5. Presi\u00f3n de trabajo<\/td>\n<td width=\"481\">PN16<\/td>\n<\/tr>\n<tr>\n<td width=\"200\">6. La conexi\u00f3n finaliza<\/td>\n<td width=\"481\">RF<\/td>\n<\/tr>\n<tr>\n<td width=\"200\">7. Temperatura de trabajo.<\/td>\n<td width=\"481\">-29~425\u00baC,<\/td>\n<\/tr>\n<tr>\n<td width=\"200\">8. Medio adecuado<\/td>\n<td width=\"481\">Agua, Gas Natural, Petr\u00f3leo y alg\u00fan l\u00edquido corrosivo<\/td>\n<\/tr>\n<tr>\n<td width=\"200\">9. Operado<\/td>\n<td width=\"481\">Volante<\/td>\n<\/tr>\n<tr>\n<td width=\"200\">10. Inspecci\u00f3n y pruebas<\/td>\n<td width=\"481\">Seg\u00fan API598<\/td>\n<\/tr>\n<tr>\n<td width=\"200\"><strong>Env\u00edo<\/strong><\/td>\n<td width=\"481\"><\/td>\n<\/tr>\n<tr>\n<td width=\"200\">El tiempo de entrega<\/td>\n<td width=\"481\">30 dias<\/td>\n<\/tr>\n<tr>\n<td width=\"200\">Paquete<\/td>\n<td width=\"481\">Caja de madera contrachapada de exportaci\u00f3n est\u00e1ndar<\/td>\n<\/tr>\n<tr>\n<td width=\"200\">Puerto de embarque<\/td>\n<td width=\"481\">Ningbo\/Shangh\u00e1i, China<\/td>\n<\/tr>\n<tr>\n<td width=\"200\">Condiciones de env\u00edo<\/td>\n<td width=\"481\">Exw, MANDO, CFR, CIF, etc.<\/td>\n<\/tr>\n<tr>\n<td width=\"200\">T\u00e9rminos de pago<\/td>\n<td width=\"481\">T\/T, Western Union, PayPal, etc.<\/td>\n<\/tr>\n<tr>\n<td width=\"200\"><\/td>\n<td width=\"481\">Pago anticipado de 30%, saldo de 70% pagado antes del env\u00edo<\/td>\n<\/tr>\n<tr>\n<td width=\"200\">Pa\u00eds de origen<\/td>\n<td width=\"481\">Ciudad de Wenzhou, China<\/td>\n<\/tr>\n<tr>\n<td width=\"200\">Capacidad de producci\u00f3n<\/td>\n<td width=\"481\">6000 toneladas\/a\u00f1o<\/td>\n<\/tr>\n<tr>\n<td width=\"200\">Cantidad m\u00ednima de pedido<\/td>\n<td width=\"481\">1 unidad\/tama\u00f1o<\/td>\n<\/tr>\n<\/tbody>\n<\/table>\n<p>&nbsp;<\/p>","protected":false},"excerpt":{"rendered":"<p>Modelo:STV-Z43H-PN16-CF8-DN200<\/p>\n<p>La v\u00e1lvula de guillotina con brida tiene una estructura compacta, un dise\u00f1o razonable, material liviano, sellado confiable, operaci\u00f3n liviana y flexible, volumen peque\u00f1o, paso suave, resistencia al flujo peque\u00f1a, peso liviano, f\u00e1cil instalaci\u00f3n y desmontaje. Puede funcionar a una presi\u00f3n de 0,6MPa-1,6. MPa, funcionamiento normal con temperatura -29-550 \u00b0C. La v\u00e1lvula de compuerta tipo cuchilla tiene una funci\u00f3n de corte, que puede raspar el adhesivo de la superficie de sellado y eliminar autom\u00e1ticamente los residuos. La puerta de acero inoxidable puede evitar fugas de sellado causadas por la corrosi\u00f3n.<\/p>\n<p>Las v\u00e1lvulas de guillotina con brida se utilizan ampliamente en la preparaci\u00f3n de carb\u00f3n, descarga de escoria, tratamiento de aguas residuales urbanas, alimentos, papel, medicinas, petr\u00f3leo, productos qu\u00edmicos y otros aceites, agua y vapor.<\/p>\n<p>STV Valve Technology Group Co., Ltd es un l\u00edder profesional en China V\u00e1lvula de guillotina, V\u00e1lvula de guillotina con brida, V\u00e1lvula de guillotina est\u00e1ndar DIN, V\u00e1lvula de guillotina con brida CF8, Fabricante de v\u00e1lvula de guillotina manual con brida de China con alta calidad y precio competitivo.<\/p>\n<p>Comun\u00edquese con nuestro sales@stvvalve.com para obtener otros materiales y detalles.<\/p>\n<p>Hoja de fecha:<a href=\"https:\/\/www.stvvalves.com\/wp-content\/uploads\/2019\/04\/flange-knife-gate-valve-din-pn16-cf8-body-dn450-drawing.jpg\">V\u00e1lvula de guillotina con brida, DIN, PN16, cuerpo CF8, DN450<\/a><\/p>","protected":false},"featured_media":4610,"template":"","meta":[],"product_brand":[],"product_cat":[44,62],"product_tag":[720,719,718,721,717],"class_list":{"0":"post-4609","1":"product","2":"type-product","3":"status-publish","4":"has-post-thumbnail","6":"product_cat-gate-valve","7":"product_cat-knife-gate-valve","8":"product_tag-cf8-flange-knife-gate-valve","9":"product_tag-din-standard-knife-gate-valve","10":"product_tag-flange-knife-gate-valve","11":"product_tag-flange-manual-knife-gate-valve","12":"product_tag-knife-gate-valve","14":"first","15":"instock","16":"shipping-taxable","17":"product-type-simple"},"_links":{"self":[{"href":"https:\/\/www.stvvalves.com\/es\/wp-json\/wp\/v2\/product\/4609","targetHints":{"allow":["GET"]}}],"collection":[{"href":"https:\/\/www.stvvalves.com\/es\/wp-json\/wp\/v2\/product"}],"about":[{"href":"https:\/\/www.stvvalves.com\/es\/wp-json\/wp\/v2\/types\/product"}],"wp:featuredmedia":[{"embeddable":true,"href":"https:\/\/www.stvvalves.com\/es\/wp-json\/wp\/v2\/media\/4610"}],"wp:attachment":[{"href":"https:\/\/www.stvvalves.com\/es\/wp-json\/wp\/v2\/media?parent=4609"}],"wp:term":[{"taxonomy":"product_brand","embeddable":true,"href":"https:\/\/www.stvvalves.com\/es\/wp-json\/wp\/v2\/product_brand?post=4609"},{"taxonomy":"product_cat","embeddable":true,"href":"https:\/\/www.stvvalves.com\/es\/wp-json\/wp\/v2\/product_cat?post=4609"},{"taxonomy":"product_tag","embeddable":true,"href":"https:\/\/www.stvvalves.com\/es\/wp-json\/wp\/v2\/product_tag?post=4609"}],"curies":[{"name":"wp","href":"https:\/\/api.w.org\/{rel}","templated":true}]}}