{"id":4638,"date":"2019-04-12T02:50:05","date_gmt":"2019-04-12T02:50:05","guid":{"rendered":"https:\/\/www.stvvalves.com\/?post_type=product&#038;p=4638"},"modified":"2025-02-17T18:21:29","modified_gmt":"2025-02-17T10:21:29","slug":"32-inch-wafer-butterfly-valve-wcb-body-304-ptfe-trim-150lb-worm-gear-op","status":"publish","type":"product","link":"https:\/\/www.stvvalves.com\/es\/products\/32-inch-wafer-butterfly-valve-wcb-body-304-ptfe-trim-150lb-worm-gear-op\/","title":{"rendered":"V\u00e1lvula de mariposa tipo oblea de 32 pulgadas, cuerpo WCB, 304, PTFE, moldura, 150 lb, engranaje helicoidal OP"},"content":{"rendered":"<p>Principales caracter\u00edsticas:<\/p>\n<p>Para la estructura de la v\u00e1lvula de mariposa con sello de triple excentricidad, cuando la v\u00e1lvula est\u00e1 en estado completamente abierto, la cara de sellado de la placa de mariposa se separar\u00e1 completamente de la cara de sellado del asiento de la v\u00e1lvula; cuando se abre de 0 a 90\u00b0, la cara de sellado de la placa de mariposa se separar\u00e1 de la cara de sellado del asiento de la v\u00e1lvula al abrirse; cuando se cierra de 90\u00b0 a 0\u00b0, y s\u00f3lo al cerrarse, la cara de sellado de la placa de mariposa puede hacer contacto y presionar firmemente la cara de sellado del asiento de la v\u00e1lvula.<\/p>\n<p>Especificaci\u00f3n del par\u00e1metro principal<\/p>\n<p>Dise\u00f1o y fabricaci\u00f3n: API 609<\/p>\n<p>Dimensi\u00f3n cara a cara: API609, ISO5752, ASME B16.10<\/p>\n<p>Dimensi\u00f3n de conexi\u00f3n de brida: ASME B16.5, ASME B16.47<\/p>\n<p>Prueba e inspecci\u00f3n: API 598<\/p>\n<p>Clasificaci\u00f3n de temperatura y presi\u00f3n: API 609, ASME B16.34<br \/>\nGama de productos<\/p>\n<p>Material del cuerpo:Acero fundido,Acero inoxidable,Monel<\/p>\n<p>Di\u00e1metro nominal: 2\u2033\uff5e120\u2033\uff08DN50~DN3000\uff09<\/p>\n<p>Conexi\u00f3n final: doble brida, oblea, terminal, etc.<\/p>\n<p>Rango de presi\u00f3n: Clase 150 ~ 600 (PN16 ~ PN100)<\/p>\n<p>Temperatura de trabajo: -46 \u2103 ~ +550 \u2103<\/p>\n<p>Operaci\u00f3n: manija, engranaje, actuador el\u00e9ctrico, etc.<\/p>\n<table>\n<tbody>\n<tr>\n<td width=\"200\"><strong><b>nombre del producto<\/b><\/strong><\/td>\n<td width=\"481\">V\u00e1lvula de mariposa tipo oblea de 32 pulgadas, cuerpo WCB, 304, PTFE, moldura, 150 lb, engranaje helicoidal OP<\/td>\n<\/tr>\n<tr>\n<td width=\"200\">1. Materiales<\/td>\n<td width=\"481\">WCB<\/td>\n<\/tr>\n<tr>\n<td width=\"200\">2. Tama\u00f1o<\/td>\n<td width=\"481\">32\u201d<\/td>\n<\/tr>\n<tr>\n<td width=\"200\">4. Puerto<\/td>\n<td width=\"481\">Puerto lleno<\/td>\n<\/tr>\n<tr>\n<td width=\"200\">5. Presi\u00f3n de trabajo<\/td>\n<td width=\"481\">150 libras<\/td>\n<\/tr>\n<tr>\n<td width=\"200\">6. La conexi\u00f3n finaliza<\/td>\n<td width=\"481\">OBLEA<\/td>\n<\/tr>\n<tr>\n<td width=\"200\">7. Temperatura de trabajo.<\/td>\n<td width=\"481\">-29~120\u00baC,<\/td>\n<\/tr>\n<tr>\n<td width=\"200\">8. Medio adecuado<\/td>\n<td width=\"481\">Agua, Gas Natural, Petr\u00f3leo y alg\u00fan l\u00edquido corrosivo<\/td>\n<\/tr>\n<tr>\n<td width=\"200\">9. Operado<\/td>\n<td width=\"481\">Caja de cambios<\/td>\n<\/tr>\n<tr>\n<td width=\"200\">10. Inspecci\u00f3n y pruebas<\/td>\n<td width=\"481\">Seg\u00fan API 598<\/td>\n<\/tr>\n<tr>\n<td width=\"200\">Env\u00edo<\/td>\n<td width=\"481\">&nbsp;<\/td>\n<\/tr>\n<tr>\n<td width=\"200\">El tiempo de entrega<\/td>\n<td width=\"481\">30 dias<\/td>\n<\/tr>\n<tr>\n<td width=\"200\">Paquete<\/td>\n<td width=\"481\">Caja de madera contrachapada de exportaci\u00f3n est\u00e1ndar<\/td>\n<\/tr>\n<tr>\n<td width=\"200\">Puerto de embarque<\/td>\n<td width=\"481\">Ningbo\/Shangh\u00e1i, China<\/td>\n<\/tr>\n<tr>\n<td width=\"200\">Condiciones de env\u00edo<\/td>\n<td width=\"481\">Exw, MANDO, CFR, CIF, etc.<\/td>\n<\/tr>\n<tr>\n<td width=\"200\">T\u00e9rminos de pago<\/td>\n<td width=\"481\">T\/T, Western Union, PayPal, etc.<\/td>\n<\/tr>\n<tr>\n<td width=\"200\">&nbsp;<\/td>\n<td width=\"481\">Pago anticipado de 30%, saldo de 70% pagado antes del env\u00edo<\/td>\n<\/tr>\n<tr>\n<td width=\"200\">Pa\u00eds de origen<\/td>\n<td width=\"481\">Ciudad de Wenzhou, China<\/td>\n<\/tr>\n<tr>\n<td width=\"200\">Capacidad de producci\u00f3n<\/td>\n<td width=\"481\">6000 toneladas\/a\u00f1o<\/td>\n<\/tr>\n<tr>\n<td width=\"200\">Cantidad m\u00ednima de pedido<\/td>\n<td width=\"481\">10 unidades\/tama\u00f1o<\/td>\n<\/tr>\n<\/tbody>\n<\/table>","protected":false},"excerpt":{"rendered":"<p>Modelo:STV-D373F-150LB-WCB-32\u2033<\/p>\n<p>Nuestra v\u00e1lvula de mariposa Wafer de 32 pulgadas se usa ampliamente en petr\u00f3leo, tratamiento de agua ambiental industrial y qu\u00edmica, edificios de gran altura, suministro y drenaje de agua y otras tuber\u00edas. Sus caracter\u00edsticas son: debido a la estructura de tres exc\u00e9ntricas, el rendimiento de sellado es confiable, asegurando que la placa de mariposa no entre en contacto con el asiento de sellado al abrir, eliminando la carga desigual del asiento de sellado, prolongando la vida \u00fatil, asegurando un rendimiento de sellado confiable. y tener resistencia y resistencia a altas temperaturas. Desgaste, resistencia a la corrosi\u00f3n y otras ventajas.<\/p>\n<p>Este producto consta de componentes principales como el cuerpo de la v\u00e1lvula, la placa de mariposa, el anillo de sellado y el mecanismo de transmisi\u00f3n. La estructura adopta el dise\u00f1o del principio exc\u00e9ntrico tridimensional, y el sellado el\u00e1stico y el sellado multicapa duro y blando son compatibles con la nueva tecnolog\u00eda de procesamiento, de modo que la v\u00e1lvula de mariposa puede reducir su fuerza de torsi\u00f3n y su funci\u00f3n de ahorro de energ\u00eda durante la operaci\u00f3n. Garantizando as\u00ed la resistencia general a la corrosi\u00f3n, la resistencia a altas temperaturas y la resistencia al desgaste de la v\u00e1lvula de mariposa. Sus principales caracter\u00edsticas de rendimiento son:<\/p>\n<p>1. Estructura \u00fanica, tama\u00f1o peque\u00f1o, ligero y flexible, operaci\u00f3n flexible, ahorro de mano de obra y conveniente;<\/p>\n<p>2, el sello es confiable, puede lograr cero fugas del sello de gas;<\/p>\n<p>3. Las caracter\u00edsticas del flujo tienden a ser las mejores en cuanto a rendimiento de ajuste lineal;<\/p>\n<p>4, utilizando el principio de tres excentricidades, de modo que la superficie de sellado tenga aproximadamente cero desgaste y prolongue la vida \u00fatil de la v\u00e1lvula;<\/p>\n<p>5, una amplia gama de aplicaciones. Tales como: se pueden utilizar para agua, vapor, aceite, aire, gas y otros medios;<\/p>\n<p>6, aplicable a diferentes temperaturas y niveles de presi\u00f3n de 10.0Mpa y menos de 600LB, resistencia a la corrosi\u00f3n y otras tuber\u00edas de medios<\/p>\n<p>STV Valve Technology Group Co., Ltd es un l\u00edder profesional V\u00e1lvula de mariposa tipo oblea de China, v\u00e1lvulas de mariposa de alto rendimiento, v\u00e1lvulas de mariposa tipo oblea, v\u00e1lvula de mariposa exc\u00e9ntrica triple, v\u00e1lvula de mariposa tipo oblea de 32 pulgadas, v\u00e1lvula de mariposa con sello met\u00e1lico tipo oblea de China con caja de cambios Fabricaci\u00f3n con alta calidad y precio competitivo.<\/p>\n<p>Comun\u00edquese con nuestro sales@stvvalve.com para obtener otros materiales y detalles.<\/p>\n<p>Hoja de fecha:<a href=\"https:\/\/www.stvvalves.com\/wp-content\/uploads\/2019\/04\/32-inch-wafer-butterfly-valve-wcb-body-304-ptfe-trim-150lb-worm-gear-op-drawing.pdf\">V\u00e1lvula-mariposa-wafer-de-32-pulgadas-cuerpo-wcb-embellecedor-de-ptfe-304-dibujo-op-op-de-engranaje-sinf\u00edn-de-150 lb<\/a><\/p>","protected":false},"featured_media":4639,"template":"","meta":[],"product_brand":[],"product_cat":[965,971],"product_tag":[734,732,733,731,735],"class_list":{"0":"post-4638","1":"product","2":"type-product","3":"status-publish","4":"has-post-thumbnail","6":"product_cat-butterfly-valve","7":"product_cat-wafer-butterfly-valve","8":"product_tag-32-inch-wafer-butterfly-valve","9":"product_tag-high-performance-butterfly-valves","10":"product_tag-triple-eccentric-butterfly-valve","11":"product_tag-wafer-butterfly-valve","12":"product_tag-wafer-type-metal-seal-butterfly-valve-with-gearbox","14":"first","15":"instock","16":"shipping-taxable","17":"product-type-simple"},"_links":{"self":[{"href":"https:\/\/www.stvvalves.com\/es\/wp-json\/wp\/v2\/product\/4638","targetHints":{"allow":["GET"]}}],"collection":[{"href":"https:\/\/www.stvvalves.com\/es\/wp-json\/wp\/v2\/product"}],"about":[{"href":"https:\/\/www.stvvalves.com\/es\/wp-json\/wp\/v2\/types\/product"}],"wp:featuredmedia":[{"embeddable":true,"href":"https:\/\/www.stvvalves.com\/es\/wp-json\/wp\/v2\/media\/4639"}],"wp:attachment":[{"href":"https:\/\/www.stvvalves.com\/es\/wp-json\/wp\/v2\/media?parent=4638"}],"wp:term":[{"taxonomy":"product_brand","embeddable":true,"href":"https:\/\/www.stvvalves.com\/es\/wp-json\/wp\/v2\/product_brand?post=4638"},{"taxonomy":"product_cat","embeddable":true,"href":"https:\/\/www.stvvalves.com\/es\/wp-json\/wp\/v2\/product_cat?post=4638"},{"taxonomy":"product_tag","embeddable":true,"href":"https:\/\/www.stvvalves.com\/es\/wp-json\/wp\/v2\/product_tag?post=4638"}],"curies":[{"name":"wp","href":"https:\/\/api.w.org\/{rel}","templated":true}]}}