{"id":4667,"date":"2019-04-19T02:36:51","date_gmt":"2019-04-19T02:36:51","guid":{"rendered":"https:\/\/www.stvvalves.com\/?post_type=product&#038;p=4667"},"modified":"2025-02-17T18:29:26","modified_gmt":"2025-02-17T10:29:26","slug":"hexagon-plug-bspt-stainless-steel-316","status":"publish","type":"product","link":"https:\/\/www.stvvalves.com\/es\/products\/hexagon-plug-bspt-stainless-steel-316\/","title":{"rendered":"Tap\u00f3n Hexagonal BSPT Acero Inoxidable 316"},"content":{"rendered":"<p>Tap\u00f3n Hexagonal BSPT Acero Inoxidable 316<\/p>\n<table width=\"457\">\n<tbody>\n<tr>\n<td style=\"font-weight: 400;\" width=\"194\">Est\u00e1ndares de producto<\/td>\n<td style=\"font-weight: 400;\" width=\"263\">ISO4144\u3001EN10241\u3001SP114\u3001JIS<\/td>\n<\/tr>\n<tr>\n<td style=\"font-weight: 400;\" width=\"194\">Proceso de producci\u00f3n<\/td>\n<td style=\"font-weight: 400;\" width=\"263\">Fundici\u00f3n de precisi\u00f3n de acero inoxidable.<\/td>\n<\/tr>\n<tr>\n<td style=\"font-weight: 400;\" width=\"194\">Est\u00e1ndares de proceso<\/td>\n<td style=\"font-weight: 400;\" width=\"263\">ASTM A351<\/td>\n<\/tr>\n<tr>\n<td style=\"font-weight: 400;\" width=\"194\">Tecnolog\u00eda de procesamiento<\/td>\n<td style=\"font-weight: 400;\" width=\"263\">Torno CNC<\/td>\n<\/tr>\n<tr>\n<td style=\"font-weight: 400;\" rowspan=\"2\" width=\"194\">Medio<\/td>\n<td style=\"font-weight: 400;\" width=\"263\">Aire, vapor, queroseno, agua,<\/td>\n<\/tr>\n<tr>\n<td style=\"font-weight: 400;\" width=\"263\">aceite y otros fluidos<\/td>\n<\/tr>\n<tr>\n<td style=\"font-weight: 400;\" width=\"194\">materia<\/td>\n<td style=\"font-weight: 400;\" width=\"263\">304,304L,316,316L<\/td>\n<\/tr>\n<tr>\n<td style=\"font-weight: 400;\" width=\"194\">Especificaciones<\/td>\n<td style=\"font-weight: 400;\" width=\"263\">1\/8\u2033\u20144\u2033<\/td>\n<\/tr>\n<tr>\n<td style=\"font-weight: 400;\" rowspan=\"2\" width=\"194\">Est\u00e1ndar de hilo<\/td>\n<td style=\"font-weight: 400;\" width=\"263\">ISO7\/1(BSP\/DIN2999)<\/td>\n<\/tr>\n<tr>\n<td style=\"font-weight: 400;\" width=\"263\">TNP(B1.20.1)<\/td>\n<\/tr>\n<tr>\n<td style=\"font-weight: 400;\" width=\"194\">presi\u00f3n laboral<\/td>\n<td style=\"font-weight: 400;\" width=\"263\">150 libras<\/td>\n<\/tr>\n<tr>\n<td style=\"font-weight: 400;\" width=\"194\">temperatura de trabajo<\/td>\n<td style=\"font-weight: 400;\" width=\"263\">\ufe6320\u2103\ufe62220\u2103<\/td>\n<\/tr>\n<tr>\n<td style=\"font-weight: 400;\" width=\"194\">Est\u00e1ndar de inspecci\u00f3n<\/td>\n<td style=\"font-weight: 400;\" width=\"263\">ISO7-2\u3001ISO4990\u3001ISO4991<\/td>\n<\/tr>\n<tr>\n<td style=\"font-weight: 400;\" width=\"194\">M\u00e9todo de embalaje<\/td>\n<td style=\"font-weight: 400;\" width=\"263\">Bolsa de pl\u00e1stico, cart\u00f3n y madera contrachapada<\/td>\n<\/tr>\n<\/tbody>\n<\/table>\n<div id=\"attachment_4671\" style=\"width: 1559px\" class=\"wp-caption alignleft\"><img loading=\"lazy\" decoding=\"async\" aria-describedby=\"caption-attachment-4671\" class=\"size-full wp-image-4671\" src=\"https:\/\/www.stvvalves.com\/wp-content\/uploads\/2019\/04\/hexagon-plug-bspt-stainless-steel-316-catalog.jpg\" alt=\"\" width=\"1549\" height=\"346\" srcset=\"https:\/\/www.stvvalves.com\/wp-content\/uploads\/2019\/04\/hexagon-plug-bspt-stainless-steel-316-catalog.jpg 1549w, https:\/\/www.stvvalves.com\/wp-content\/uploads\/2019\/04\/hexagon-plug-bspt-stainless-steel-316-catalog-600x134.jpg 600w, https:\/\/www.stvvalves.com\/wp-content\/uploads\/2019\/04\/hexagon-plug-bspt-stainless-steel-316-catalog-300x67.jpg 300w, https:\/\/www.stvvalves.com\/wp-content\/uploads\/2019\/04\/hexagon-plug-bspt-stainless-steel-316-catalog-768x172.jpg 768w, https:\/\/www.stvvalves.com\/wp-content\/uploads\/2019\/04\/hexagon-plug-bspt-stainless-steel-316-catalog-1030x230.jpg 1030w, https:\/\/www.stvvalves.com\/wp-content\/uploads\/2019\/04\/hexagon-plug-bspt-stainless-steel-316-catalog-1500x335.jpg 1500w, https:\/\/www.stvvalves.com\/wp-content\/uploads\/2019\/04\/hexagon-plug-bspt-stainless-steel-316-catalog-705x157.jpg 705w\" sizes=\"auto, (max-width: 1549px) 100vw, 1549px\" \/><p id=\"caption-attachment-4671\" class=\"wp-caption-text\">Tap\u00f3n hexagonal bspt de China, tap\u00f3n hexagonal de acero inoxidable, tap\u00f3n hexagonal 316, accesorios roscados de 150 lb Fabricante<\/p><\/div>","protected":false},"excerpt":{"rendered":"<p>Fabricado seg\u00fan ISO 4144.<br \/>\nPresi\u00f3n m\u00e1xima de trabajo 300 psi (20 bar).<br \/>\nRosca NPT seg\u00fan ANSI B2.1.<br \/>\nAplicaciones adecuadas: agua fr\u00eda y caliente, petr\u00f3leo, gas y otros medios<\/p>\n<p>STV Valve Technology Group Co., Ltd es un fabricante l\u00edder profesional de tapones hexagonales bspt de China, tapones hexagonales de acero inoxidable, tapones hexagonales 316 y accesorios roscados de 150 lb con alta calidad y precio competitivo.<\/p>","protected":false},"featured_media":4668,"template":"","meta":[],"product_brand":[],"product_cat":[968,966],"product_tag":[756,754,755],"class_list":{"0":"post-4667","1":"product","2":"type-product","3":"status-publish","4":"has-post-thumbnail","6":"product_cat-150lb-threaded-pipe-fitting","7":"product_cat-pipe-fitting","8":"product_tag-316-hexagon-plug","9":"product_tag-bspt-hexagon-plug","10":"product_tag-stainless-steel-hexagon-plug","12":"first","13":"instock","14":"shipping-taxable","15":"product-type-simple"},"_links":{"self":[{"href":"https:\/\/www.stvvalves.com\/es\/wp-json\/wp\/v2\/product\/4667","targetHints":{"allow":["GET"]}}],"collection":[{"href":"https:\/\/www.stvvalves.com\/es\/wp-json\/wp\/v2\/product"}],"about":[{"href":"https:\/\/www.stvvalves.com\/es\/wp-json\/wp\/v2\/types\/product"}],"wp:featuredmedia":[{"embeddable":true,"href":"https:\/\/www.stvvalves.com\/es\/wp-json\/wp\/v2\/media\/4668"}],"wp:attachment":[{"href":"https:\/\/www.stvvalves.com\/es\/wp-json\/wp\/v2\/media?parent=4667"}],"wp:term":[{"taxonomy":"product_brand","embeddable":true,"href":"https:\/\/www.stvvalves.com\/es\/wp-json\/wp\/v2\/product_brand?post=4667"},{"taxonomy":"product_cat","embeddable":true,"href":"https:\/\/www.stvvalves.com\/es\/wp-json\/wp\/v2\/product_cat?post=4667"},{"taxonomy":"product_tag","embeddable":true,"href":"https:\/\/www.stvvalves.com\/es\/wp-json\/wp\/v2\/product_tag?post=4667"}],"curies":[{"name":"wp","href":"https:\/\/api.w.org\/{rel}","templated":true}]}}