{"id":4730,"date":"2019-04-22T02:08:14","date_gmt":"2019-04-22T02:08:14","guid":{"rendered":"https:\/\/www.stvvalves.com\/?post_type=product&#038;p=4730"},"modified":"2025-02-17T18:26:44","modified_gmt":"2025-02-17T10:26:44","slug":"bspt-hexagon-nipple-3000lb-stainless-steel-304","status":"publish","type":"product","link":"https:\/\/www.stvvalves.com\/es\/products\/bspt-hexagon-nipple-3000lb-stainless-steel-304\/","title":{"rendered":"Boquilla hexagonal BSPT 3000LB Acero inoxidable 304"},"content":{"rendered":"<p>Boquilla hexagonal BSPT 3000LB Acero inoxidable 304<\/p>\n<p>\u3010Tama\u00f1o\u3011:<br \/>\n1\/8\u2033-4\u2033<br \/>\n\u3010Clasificaci\u00f3n de clase\u3011:<br \/>\nAccesorios de rosca-2000\/3000\/6000\/9000LB<br \/>\nAccesorios para soldadura por enchufe-3000\/6000\/9000LB<br \/>\nAccesorios para soldadura a tope-SCH40\/SCH80\/SCH160\/XXS<br \/>\n\u3010Est\u00e1ndar\u3011:<br \/>\nASME B16.11, GB\/T 7306, 12716, 14383,<br \/>\nMSS SP-79, 83, 95, 97 JIS B0203\u3001B2316.<br \/>\n\u3010Material\u3011:<br \/>\nA.Acero inoxidable: F304,F316L,F310S,F317L,F321,F347<br \/>\nB. Acero al carbono: A105, A106, A53, A234 WPB<br \/>\nC.Acero aleado: LF2,F5,F9,F11,F22<br \/>\nD.Acero d\u00faplex: F44,F51,F53,F55,F60<br \/>\nE.Acero especial: 904L,N04400,N08810,N08020,N08825,N06625,N06600<\/p>","protected":false},"excerpt":{"rendered":"<div class=\"woocommerce-product-details__short-description\">\n<div class=\"woocommerce-product-details__short-description\">\n<p>Clasificaci\u00f3n de presi\u00f3n de 3000 lb.<br \/>\nAcero inoxidable ASTM A182 316\/L<br \/>\nRosca BSPT seg\u00fan ISO 7-1<br \/>\nDimensiones seg\u00fan ANSI B16.11\/BS3799<\/p>\n<p>STV Valve Technology Group Co., Ltd es un l\u00edder profesional en China, pez\u00f3n hexagonal de acero inoxidable, pez\u00f3n hexagonal de 3000 lb, pez\u00f3n hexagonal de alta presi\u00f3n, fabricante de pez\u00f3n hexagonal NPT con alta calidad y precio competitivo.<\/p>\n<\/div>\n<form class=\"cart\" action=\"https:\/\/www.stvvalves.com\/es\/product\/hexagon-nipple-npt-stainless-steel\/\" enctype=\"multipart\/form-data\" method=\"post\" data-trp-original-action=\"https:\/\/www.stvvalves.com\/product\/hexagon-nipple-npt-stainless-steel\/\">\n<div class=\"wcpa_form_outer\"><\/div>\n<div class=\"quantity\"><\/div>\n<div class=\"addquotelistlink\">\n<div class=\"quotelistadd_prodpage\"><\/div>\n<\/div>\n<input type=\"hidden\" name=\"trp-form-language\" value=\"es\"\/><\/form>\n<\/div>\n<form class=\"cart\" action=\"https:\/\/www.stvvalves.com\/es\/product\/bspt-90-elbow-3000lb-stainless-steel-316\/\" enctype=\"multipart\/form-data\" method=\"post\" data-trp-original-action=\"https:\/\/www.stvvalves.com\/product\/bspt-90-elbow-3000lb-stainless-steel-316\/\">\n<div class=\"wcpa_form_outer\"><\/div>\n<div class=\"quantity\"><\/div>\n<div class=\"addquotelistlink\">\n<div class=\"quotelistadd_prodpage\"><\/div>\n<\/div>\n<input type=\"hidden\" name=\"trp-form-language\" value=\"es\"\/><\/form>","protected":false},"featured_media":4731,"template":"","meta":[],"product_brand":[],"product_cat":[967,966],"product_tag":[790,792,791,789],"class_list":{"0":"post-4730","1":"product","2":"type-product","3":"status-publish","4":"has-post-thumbnail","6":"product_cat-high-pressure-3000lb6000lb-pipe-fitting","7":"product_cat-pipe-fitting","8":"product_tag-3000lb-hexagon-nipple","9":"product_tag-high-pressure-hexagon-nipple","10":"product_tag-npt-hexagon-nipple","11":"product_tag-stainless-steel-hexagon-nipple","13":"first","14":"instock","15":"shipping-taxable","16":"product-type-simple"},"_links":{"self":[{"href":"https:\/\/www.stvvalves.com\/es\/wp-json\/wp\/v2\/product\/4730","targetHints":{"allow":["GET"]}}],"collection":[{"href":"https:\/\/www.stvvalves.com\/es\/wp-json\/wp\/v2\/product"}],"about":[{"href":"https:\/\/www.stvvalves.com\/es\/wp-json\/wp\/v2\/types\/product"}],"wp:featuredmedia":[{"embeddable":true,"href":"https:\/\/www.stvvalves.com\/es\/wp-json\/wp\/v2\/media\/4731"}],"wp:attachment":[{"href":"https:\/\/www.stvvalves.com\/es\/wp-json\/wp\/v2\/media?parent=4730"}],"wp:term":[{"taxonomy":"product_brand","embeddable":true,"href":"https:\/\/www.stvvalves.com\/es\/wp-json\/wp\/v2\/product_brand?post=4730"},{"taxonomy":"product_cat","embeddable":true,"href":"https:\/\/www.stvvalves.com\/es\/wp-json\/wp\/v2\/product_cat?post=4730"},{"taxonomy":"product_tag","embeddable":true,"href":"https:\/\/www.stvvalves.com\/es\/wp-json\/wp\/v2\/product_tag?post=4730"}],"curies":[{"name":"wp","href":"https:\/\/api.w.org\/{rel}","templated":true}]}}