{"id":4754,"date":"2019-04-22T03:07:23","date_gmt":"2019-04-22T03:07:23","guid":{"rendered":"https:\/\/www.stvvalves.com\/?post_type=product&#038;p=4754"},"modified":"2025-02-17T18:30:36","modified_gmt":"2025-02-17T10:30:36","slug":"union-conical-female-female-npt-3000lb-stainless-steel-316l","status":"publish","type":"product","link":"https:\/\/www.stvvalves.com\/es\/products\/union-conical-female-female-npt-3000lb-stainless-steel-316l\/","title":{"rendered":"Union C\u00f3nica Hembra Hembra NPT 3000LB Acero Inoxidable 316L"},"content":{"rendered":"<p>Union C\u00f3nica Hembra Hembra NPT 3000LB Acero Inoxidable 316L<\/p>\n<p>\u3010Tama\u00f1o\u3011\uff1a1\/8\u2033-4\u2033<br \/>\n\u3010Clasificaci\u00f3n de clase\u3011:<br \/>\nAccesorios de rosca-2000\/3000\/6000\/9000LB<br \/>\nAccesorios para soldadura por enchufe-3000\/6000\/9000LB<br \/>\nAccesorios para soldadura a tope-SCH40\/SCH80\/SCH160\/XXS<br \/>\n\u3010Est\u00e1ndar\u3011\uff1aASME B16.11\u3001GB\/T 7306\u300112716\u300114383\u3001MSS SP-79, 83, 95, 97 JIS B0203\u3001B2316.<br \/>\n\u3010Material\u3011:<br \/>\nA.Acero inoxidable: F304,F316L,F310S,F317L,F321,F347<br \/>\nB. Acero al carbono: A105, A106, A53, A234 WPB<br \/>\nC.Acero aleado: LF2,F5,F9,F11,F22<br \/>\nD.Acero d\u00faplex: F44,F51,F53,F55,F60<br \/>\nE.Acero especial: 904L,N04400,N08810,N08020,N08825,N06625,N06600<\/p>","protected":false},"excerpt":{"rendered":"<p>Clasificaci\u00f3n de presi\u00f3n de 3000 lb.<br \/>\nAcero inoxidable ASTM A182 316\/L<br \/>\nRosca BSPT seg\u00fan ISO 7-1<br \/>\nDimensiones seg\u00fan ANSI B16.11\/BS3799<\/p>\n<p>STV Valve Technology Group Co., Ltd es un l\u00edder profesional en China Uni\u00f3n hembra de 3000 LB, Uni\u00f3n hembra de alta presi\u00f3n, Uni\u00f3n hembra NPT, fabricante c\u00f3nico de uni\u00f3n de acero inoxidable con alta calidad y precio competitivo.<\/p>","protected":false},"featured_media":4755,"template":"","meta":[],"product_brand":[],"product_cat":[967,966],"product_tag":[816,817,818,819],"class_list":{"0":"post-4754","1":"product","2":"type-product","3":"status-publish","4":"has-post-thumbnail","6":"product_cat-high-pressure-3000lb6000lb-pipe-fitting","7":"product_cat-pipe-fitting","8":"product_tag-3000lb-female-union","9":"product_tag-high-pressure-female-union","10":"product_tag-npt-female-union","11":"product_tag-stainless-steel-union-conical","13":"first","14":"instock","15":"shipping-taxable","16":"product-type-simple"},"_links":{"self":[{"href":"https:\/\/www.stvvalves.com\/es\/wp-json\/wp\/v2\/product\/4754","targetHints":{"allow":["GET"]}}],"collection":[{"href":"https:\/\/www.stvvalves.com\/es\/wp-json\/wp\/v2\/product"}],"about":[{"href":"https:\/\/www.stvvalves.com\/es\/wp-json\/wp\/v2\/types\/product"}],"wp:featuredmedia":[{"embeddable":true,"href":"https:\/\/www.stvvalves.com\/es\/wp-json\/wp\/v2\/media\/4755"}],"wp:attachment":[{"href":"https:\/\/www.stvvalves.com\/es\/wp-json\/wp\/v2\/media?parent=4754"}],"wp:term":[{"taxonomy":"product_brand","embeddable":true,"href":"https:\/\/www.stvvalves.com\/es\/wp-json\/wp\/v2\/product_brand?post=4754"},{"taxonomy":"product_cat","embeddable":true,"href":"https:\/\/www.stvvalves.com\/es\/wp-json\/wp\/v2\/product_cat?post=4754"},{"taxonomy":"product_tag","embeddable":true,"href":"https:\/\/www.stvvalves.com\/es\/wp-json\/wp\/v2\/product_tag?post=4754"}],"curies":[{"name":"wp","href":"https:\/\/api.w.org\/{rel}","templated":true}]}}