{"id":4763,"date":"2019-04-22T07:23:22","date_gmt":"2019-04-22T07:23:22","guid":{"rendered":"https:\/\/www.stvvalves.com\/?post_type=product&#038;p=4763"},"modified":"2025-02-17T18:30:50","modified_gmt":"2025-02-17T10:30:50","slug":"stainless-steel-sanitary-welded-end-y-type-tee","status":"publish","type":"product","link":"https:\/\/www.stvvalves.com\/es\/products\/stainless-steel-sanitary-welded-end-y-type-tee\/","title":{"rendered":"Camiseta tipo Y con extremo soldado sanitario de acero inoxidable"},"content":{"rendered":"<p>Camiseta tipo Y con extremo soldado sanitario de acero inoxidable<\/p>\n<p>Extremo de conexi\u00f3n: soldado, sujetado, roscado, tipo uni\u00f3n,<br \/>\nEst\u00e1ndar: DIN, SMS, ISO, 3A, BPE, IDF, AS, BS<br \/>\nTama\u00f1o: DN10-300, 1\/2\u201d-6\u201d<br \/>\nMateriales: SS304,SS304L,SS316,SS316L<br \/>\nHecho de tuber\u00eda soldada o tuber\u00eda sin costura seg\u00fan el requisito<br \/>\nAcabado superficial: Espejo, tipo mate seg\u00fan requisito<br \/>\nInterior Ra 0,4, exterior Ra 0,8<br \/>\nRedondez, igualdad de espesor para cumplir con el est\u00e1ndar internacional de calidad alimentaria.<br \/>\nAplicaci\u00f3n: Industrias de alimentos, bebidas, l\u00e1cteos, farmacia, productos qu\u00edmicos o cualquier industria de procesamiento de alimentos.<\/p>\n<div id=\"attachment_4764\" style=\"width: 861px\" class=\"wp-caption alignleft\"><img loading=\"lazy\" decoding=\"async\" aria-describedby=\"caption-attachment-4764\" class=\"size-full wp-image-4764\" src=\"https:\/\/www.stvvalves.com\/wp-content\/uploads\/2019\/04\/stainless-steel-sanitary-welded-end-y-type-tee-catalog.jpg\" alt=\"\" width=\"851\" height=\"257\" srcset=\"https:\/\/www.stvvalves.com\/wp-content\/uploads\/2019\/04\/stainless-steel-sanitary-welded-end-y-type-tee-catalog.jpg 851w, https:\/\/www.stvvalves.com\/wp-content\/uploads\/2019\/04\/stainless-steel-sanitary-welded-end-y-type-tee-catalog-600x181.jpg 600w, https:\/\/www.stvvalves.com\/wp-content\/uploads\/2019\/04\/stainless-steel-sanitary-welded-end-y-type-tee-catalog-300x91.jpg 300w, https:\/\/www.stvvalves.com\/wp-content\/uploads\/2019\/04\/stainless-steel-sanitary-welded-end-y-type-tee-catalog-768x232.jpg 768w, https:\/\/www.stvvalves.com\/wp-content\/uploads\/2019\/04\/stainless-steel-sanitary-welded-end-y-type-tee-catalog-705x213.jpg 705w\" sizes=\"auto, (max-width: 851px) 100vw, 851px\" \/><p id=\"caption-attachment-4764\" class=\"wp-caption-text\">China T de extremo soldado de acero inoxidable, T de extremo soldado sanitario, T de tipo Y de acero inoxidable, T de tipo Y, Fabricante de T de acero inoxidable sanitario<\/p><\/div>","protected":false},"excerpt":{"rendered":"<div class=\"woocommerce-product-details__short-description\">\n<div class=\"woocommerce-product-details__short-description\">\n<p><!--StartFragment --><\/p>\n<div>Las tes de soldadura sanitarias de acero inoxidable se utilizan en instalaciones permanentes donde las tuber\u00edas y los equipos de proceso se pueden limpiar en el lugar (CIP) y no es necesario retirarlos del sistema. shaw<br \/>\nTipos: Adaptadores \u2013 Tapas \u2013 Cruces \u2013 Codos \u2013 Laterales \u2013 Reductores \u2013 Extremos cortos \u2013 Te \u2013 Estrellas verdaderas \u2013 Curvas en U<br \/>\nSe aplica al sistema de tuber\u00edas de acero inoxidable, que se utiliza para leche, alimentos, jugos, cerveza, phramcy, etc.<br \/>\nLos accesorios del tanque son f\u00e1ciles de instalar.<br \/>\nSoldadura y montaje sin problemas y m\u00e1xima resistencia.<br \/>\nRequisitos de soldadura:conscientes de las crecientes exigencias de calidad de la soldadura. De acuerdo con estas demandas, todas nuestras soldaduras y accesorios cumplen con los m\u00e1s altos est\u00e1ndares. Los reductores tienen extremos de soldadura cil\u00edndricos y est\u00e1n disponibles para todas las combinaciones de tubos, lo que garantiza el di\u00e1metro y el espesor de pared adecuados para su proceso.<\/p>\n<\/div>\n<p>STV Valve Technology Group Co., Ltd es un l\u00edder profesional en T con extremo soldado de acero inoxidable de China, T con extremo soldado sanitario, T tipo Y de acero inoxidable, T tipo Y, fabricante de T tipo Y sanitario con alta calidad y precio competitivo.<\/p>\n<\/div>\n<\/div>","protected":false},"featured_media":4766,"template":"","meta":[],"product_brand":[],"product_cat":[966,969],"product_tag":[823,822,824,825],"class_list":{"0":"post-4763","1":"product","2":"type-product","3":"status-publish","4":"has-post-thumbnail","6":"product_cat-pipe-fitting","7":"product_cat-sanitary-pipe-fitting-and-valves","8":"product_tag-sanitary-welded-end-tee","9":"product_tag-stainless-steel-welded-end-tee","10":"product_tag-stainless-steel-y-type-tee","11":"product_tag-y-type-tee","13":"first","14":"instock","15":"shipping-taxable","16":"product-type-simple"},"_links":{"self":[{"href":"https:\/\/www.stvvalves.com\/es\/wp-json\/wp\/v2\/product\/4763","targetHints":{"allow":["GET"]}}],"collection":[{"href":"https:\/\/www.stvvalves.com\/es\/wp-json\/wp\/v2\/product"}],"about":[{"href":"https:\/\/www.stvvalves.com\/es\/wp-json\/wp\/v2\/types\/product"}],"wp:featuredmedia":[{"embeddable":true,"href":"https:\/\/www.stvvalves.com\/es\/wp-json\/wp\/v2\/media\/4766"}],"wp:attachment":[{"href":"https:\/\/www.stvvalves.com\/es\/wp-json\/wp\/v2\/media?parent=4763"}],"wp:term":[{"taxonomy":"product_brand","embeddable":true,"href":"https:\/\/www.stvvalves.com\/es\/wp-json\/wp\/v2\/product_brand?post=4763"},{"taxonomy":"product_cat","embeddable":true,"href":"https:\/\/www.stvvalves.com\/es\/wp-json\/wp\/v2\/product_cat?post=4763"},{"taxonomy":"product_tag","embeddable":true,"href":"https:\/\/www.stvvalves.com\/es\/wp-json\/wp\/v2\/product_tag?post=4763"}],"curies":[{"name":"wp","href":"https:\/\/api.w.org\/{rel}","templated":true}]}}