{"id":4767,"date":"2019-04-22T07:39:31","date_gmt":"2019-04-22T07:39:31","guid":{"rendered":"https:\/\/www.stvvalves.com\/?post_type=product&#038;p=4767"},"modified":"2025-02-17T18:30:35","modified_gmt":"2025-02-17T10:30:35","slug":"hygienic-stainless-steel-forged-welded-end-tube-tee","status":"publish","type":"product","link":"https:\/\/www.stvvalves.com\/es\/products\/hygienic-stainless-steel-forged-welded-end-tube-tee\/","title":{"rendered":"Camiseta de tubo final soldada y forjada de acero inoxidable higi\u00e9nica"},"content":{"rendered":"<p>Camiseta tipo Y con extremo soldado sanitario de acero inoxidable<\/p>\n<p>Extremo de conexi\u00f3n: soldado, sujetado, roscado, tipo uni\u00f3n,<br \/>\nEst\u00e1ndar: DIN, SMS, ISO, 3A, BPE, IDF, AS, BS<br \/>\nTama\u00f1o: DN15-150, 1\/2\u201d-6\u201d<br \/>\nMateriales: SS304,SS304L,SS316,SS316L<br \/>\nHecho de tuber\u00eda soldada o tuber\u00eda sin costura seg\u00fan el requisito<br \/>\nAcabado superficial: Espejo, tipo mate seg\u00fan requisito<br \/>\nInterior Ra 0,4, exterior Ra 0,8<br \/>\nRedondez, igualdad de espesor para cumplir con el est\u00e1ndar internacional de calidad alimentaria.<br \/>\nAplicaci\u00f3n: Industrias de alimentos, bebidas, l\u00e1cteos, farmacia, productos qu\u00edmicos o cualquier industria de procesamiento de alimentos.<\/p>\n<div id=\"attachment_4768\" style=\"width: 872px\" class=\"wp-caption alignleft\"><img loading=\"lazy\" decoding=\"async\" aria-describedby=\"caption-attachment-4768\" class=\"size-full wp-image-4768\" src=\"https:\/\/www.stvvalves.com\/wp-content\/uploads\/2019\/04\/hygienic-stainless-steel-forged-welded-end-tube-tee-catalog.jpg\" alt=\"\" width=\"862\" height=\"508\" srcset=\"https:\/\/www.stvvalves.com\/wp-content\/uploads\/2019\/04\/hygienic-stainless-steel-forged-welded-end-tube-tee-catalog.jpg 862w, https:\/\/www.stvvalves.com\/wp-content\/uploads\/2019\/04\/hygienic-stainless-steel-forged-welded-end-tube-tee-catalog-600x354.jpg 600w, https:\/\/www.stvvalves.com\/wp-content\/uploads\/2019\/04\/hygienic-stainless-steel-forged-welded-end-tube-tee-catalog-300x177.jpg 300w, https:\/\/www.stvvalves.com\/wp-content\/uploads\/2019\/04\/hygienic-stainless-steel-forged-welded-end-tube-tee-catalog-768x453.jpg 768w, https:\/\/www.stvvalves.com\/wp-content\/uploads\/2019\/04\/hygienic-stainless-steel-forged-welded-end-tube-tee-catalog-705x415.jpg 705w\" sizes=\"auto, (max-width: 862px) 100vw, 862px\" \/><p id=\"caption-attachment-4768\" class=\"wp-caption-text\">China Camiseta de tubo con extremo soldado forjado de acero inoxidable higi\u00e9nico, Camiseta soldada de acero inoxidable, Camiseta de tubo soldado, Camiseta tipo Y, Camiseta higi\u00e9nica, Camiseta de acero inoxidable, Camiseta soldada forjada higi\u00e9nica Fabricante<\/p><\/div>","protected":false},"excerpt":{"rendered":"<div>Camiseta de tubo final soldada y forjada de acero inoxidable higi\u00e9nica<br \/>\nSe aplica al sistema de tuber\u00edas de acero inoxidable, que se utiliza para leche, alimentos, jugos, cerveza, phramcy, etc.<br \/>\nSTV Valve Technology Group Co., Ltd es un l\u00edder profesional en China. Camiseta de tubo con extremo soldado forjado de acero inoxidable higi\u00e9nico, camiseta soldada de acero inoxidable, camiseta de tubo soldado, camiseta tipo Y, camiseta higi\u00e9nica, camiseta de acero inoxidable, camiseta soldada forjada higi\u00e9nica Fabricante con alta calidad y precio competitivo.<\/div>","protected":false},"featured_media":4769,"template":"","meta":[],"product_brand":[],"product_cat":[966,969],"product_tag":[827,830,826,829,785,828],"class_list":{"0":"post-4767","1":"product","2":"type-product","3":"status-publish","4":"has-post-thumbnail","6":"product_cat-pipe-fitting","7":"product_cat-sanitary-pipe-fitting-and-valves","8":"product_tag-china-stainless-steel-welded-tee","9":"product_tag-hygienic-forged-welded-tee","10":"product_tag-hygienic-stainless-steel-forged-welded-end-tube-tee","11":"product_tag-hygienic-tee","12":"product_tag-stainless-steel-tee","13":"product_tag-welded-tube-tee","15":"first","16":"instock","17":"shipping-taxable","18":"product-type-simple"},"_links":{"self":[{"href":"https:\/\/www.stvvalves.com\/es\/wp-json\/wp\/v2\/product\/4767","targetHints":{"allow":["GET"]}}],"collection":[{"href":"https:\/\/www.stvvalves.com\/es\/wp-json\/wp\/v2\/product"}],"about":[{"href":"https:\/\/www.stvvalves.com\/es\/wp-json\/wp\/v2\/types\/product"}],"wp:featuredmedia":[{"embeddable":true,"href":"https:\/\/www.stvvalves.com\/es\/wp-json\/wp\/v2\/media\/4769"}],"wp:attachment":[{"href":"https:\/\/www.stvvalves.com\/es\/wp-json\/wp\/v2\/media?parent=4767"}],"wp:term":[{"taxonomy":"product_brand","embeddable":true,"href":"https:\/\/www.stvvalves.com\/es\/wp-json\/wp\/v2\/product_brand?post=4767"},{"taxonomy":"product_cat","embeddable":true,"href":"https:\/\/www.stvvalves.com\/es\/wp-json\/wp\/v2\/product_cat?post=4767"},{"taxonomy":"product_tag","embeddable":true,"href":"https:\/\/www.stvvalves.com\/es\/wp-json\/wp\/v2\/product_tag?post=4767"}],"curies":[{"name":"wp","href":"https:\/\/api.w.org\/{rel}","templated":true}]}}