{"id":4770,"date":"2019-04-23T05:35:56","date_gmt":"2019-04-23T05:35:56","guid":{"rendered":"https:\/\/www.stvvalves.com\/?post_type=product&#038;p=4770"},"modified":"2025-02-17T18:30:34","modified_gmt":"2025-02-17T10:30:34","slug":"sanitary-stainless-steel-clamp-end-equal-tee","status":"publish","type":"product","link":"https:\/\/www.stvvalves.com\/es\/products\/sanitary-stainless-steel-clamp-end-equal-tee\/","title":{"rendered":"Tee igual con extremo de abrazadera de acero inoxidable sanitario"},"content":{"rendered":"<p>Tee igual con extremo de abrazadera de acero inoxidable sanitario<\/p>\n<p>Extremo de conexi\u00f3n: soldado, sujetado, roscado, tipo uni\u00f3n,<br \/>\nEst\u00e1ndar: DIN, SMS, ISO, 3A, BPE, IDF, AS, BS<br \/>\nTama\u00f1o: DN10-300, 1\/2\u201d-6\u201d<br \/>\nMateriales: SS304,SS304L,SS316,SS316L<br \/>\nHecho de tuber\u00eda soldada o tuber\u00eda sin costura seg\u00fan el requisito<br \/>\nAcabado superficial: Espejo, tipo mate seg\u00fan requisito<br \/>\nInterior Ra 0,4, exterior Ra 0,8<br \/>\nRedondez, igualdad de espesor para cumplir con el est\u00e1ndar internacional de calidad alimentaria.<br \/>\nAplicaci\u00f3n: Industrias de alimentos, bebidas, l\u00e1cteos, farmacia, productos qu\u00edmicos o cualquier industria de procesamiento de alimentos.<\/p>\n<div id=\"attachment_4780\" style=\"width: 866px\" class=\"wp-caption alignleft\"><img loading=\"lazy\" decoding=\"async\" aria-describedby=\"caption-attachment-4780\" class=\"size-full wp-image-4780\" src=\"https:\/\/www.stvvalves.com\/wp-content\/uploads\/2019\/04\/sanitary-stainless-steel-clamp-end-equal-tee-catalog.jpg\" alt=\"\" width=\"856\" height=\"689\" srcset=\"https:\/\/www.stvvalves.com\/wp-content\/uploads\/2019\/04\/sanitary-stainless-steel-clamp-end-equal-tee-catalog.jpg 856w, https:\/\/www.stvvalves.com\/wp-content\/uploads\/2019\/04\/sanitary-stainless-steel-clamp-end-equal-tee-catalog-600x483.jpg 600w, https:\/\/www.stvvalves.com\/wp-content\/uploads\/2019\/04\/sanitary-stainless-steel-clamp-end-equal-tee-catalog-300x241.jpg 300w, https:\/\/www.stvvalves.com\/wp-content\/uploads\/2019\/04\/sanitary-stainless-steel-clamp-end-equal-tee-catalog-768x618.jpg 768w, https:\/\/www.stvvalves.com\/wp-content\/uploads\/2019\/04\/sanitary-stainless-steel-clamp-end-equal-tee-catalog-705x567.jpg 705w\" sizes=\"auto, (max-width: 856px) 100vw, 856px\" \/><p id=\"caption-attachment-4780\" class=\"wp-caption-text\">China Camiseta sanitaria con extremo de abrazadera de acero inoxidable, Camiseta con extremo de abrazadera de acero inoxidable, Camiseta con extremo de abrazadera sanitaria, Camiseta con extremo de abrazadera igual, Camiseta sanitaria, Camiseta sanitaria de acero inoxidable Fabricante<\/p><\/div>","protected":false},"excerpt":{"rendered":"<div class=\"woocommerce-product-details__short-description\">\n<div class=\"woocommerce-product-details__short-description\">\n<div class=\"woocommerce-product-details__short-description\">\n<div>Se aplica al sistema de tuber\u00edas de acero inoxidable, que se utiliza para leche, alimentos, jugos, cerveza, phramcy, etc.<br \/>\nLos accesorios del tanque son f\u00e1ciles de instalar.<br \/>\nSoldadura y montaje sin problemas y m\u00e1xima resistencia.<br \/>\nRequisitos de soldadura:conscientes de las crecientes exigencias de calidad de la soldadura. De acuerdo con estas demandas, todas nuestras soldaduras y accesorios cumplen con los m\u00e1s altos est\u00e1ndares. Los reductores tienen extremos de soldadura cil\u00edndricos y est\u00e1n disponibles para todas las combinaciones de tubos, lo que garantiza el di\u00e1metro y el espesor de pared adecuados para su proceso.<\/div>\n<p>STV Valve Technology Group Co., Ltd es un l\u00edder profesional en China, T con extremo de abrazadera sanitaria de acero inoxidable, T con extremo de abrazadera de acero inoxidable, T con extremo de abrazadera sanitaria, T con extremo de abrazadera igual, T sanitaria, Tee sanitaria de acero inoxidable Fabricante con alta calidad y competitivo precio.<\/p>\n<\/div>\n<\/div>\n<\/div>\n<form class=\"cart\" action=\"https:\/\/www.stvvalves.com\/es\/product\/stainless-steel-sanitary-welded-end-y-type-tee\/\" enctype=\"multipart\/form-data\" method=\"post\" data-trp-original-action=\"https:\/\/www.stvvalves.com\/product\/stainless-steel-sanitary-welded-end-y-type-tee\/\">\n<div class=\"wcpa_form_outer\"><\/div>\n<div class=\"quantity\"><\/div>\n<div class=\"addquotelistlink\">\n<div class=\"quotelistadd_prodpage\"><\/div>\n<\/div>\n<input type=\"hidden\" name=\"trp-form-language\" value=\"es\"\/><\/form>","protected":false},"featured_media":4781,"template":"","meta":[],"product_brand":[],"product_cat":[966,969],"product_tag":[834,832,831,836,835,833],"class_list":{"0":"post-4770","1":"product","2":"type-product","3":"status-publish","4":"has-post-thumbnail","6":"product_cat-pipe-fitting","7":"product_cat-sanitary-pipe-fitting-and-valves","8":"product_tag-clamp-end-equal-tee","9":"product_tag-sanitary-clamp-end-tee","10":"product_tag-sanitary-stainless-steel-clamp-end-equal-tee","11":"product_tag-sanitary-stainless-steel-tee-manufacturers","12":"product_tag-sanitary-tee","13":"product_tag-stainless-steel-clamp-end-tee","15":"first","16":"instock","17":"shipping-taxable","18":"product-type-simple"},"_links":{"self":[{"href":"https:\/\/www.stvvalves.com\/es\/wp-json\/wp\/v2\/product\/4770","targetHints":{"allow":["GET"]}}],"collection":[{"href":"https:\/\/www.stvvalves.com\/es\/wp-json\/wp\/v2\/product"}],"about":[{"href":"https:\/\/www.stvvalves.com\/es\/wp-json\/wp\/v2\/types\/product"}],"wp:featuredmedia":[{"embeddable":true,"href":"https:\/\/www.stvvalves.com\/es\/wp-json\/wp\/v2\/media\/4781"}],"wp:attachment":[{"href":"https:\/\/www.stvvalves.com\/es\/wp-json\/wp\/v2\/media?parent=4770"}],"wp:term":[{"taxonomy":"product_brand","embeddable":true,"href":"https:\/\/www.stvvalves.com\/es\/wp-json\/wp\/v2\/product_brand?post=4770"},{"taxonomy":"product_cat","embeddable":true,"href":"https:\/\/www.stvvalves.com\/es\/wp-json\/wp\/v2\/product_cat?post=4770"},{"taxonomy":"product_tag","embeddable":true,"href":"https:\/\/www.stvvalves.com\/es\/wp-json\/wp\/v2\/product_tag?post=4770"}],"curies":[{"name":"wp","href":"https:\/\/api.w.org\/{rel}","templated":true}]}}