{"id":4782,"date":"2019-04-23T06:02:56","date_gmt":"2019-04-23T06:02:56","guid":{"rendered":"https:\/\/www.stvvalves.com\/?post_type=product&#038;p=4782"},"modified":"2025-02-17T18:30:33","modified_gmt":"2025-02-17T10:30:33","slug":"sanitary-stainless-steel-male-thread-butterfly-valve-with-round-pull-handle","status":"publish","type":"product","link":"https:\/\/www.stvvalves.com\/es\/products\/sanitary-stainless-steel-male-thread-butterfly-valve-with-round-pull-handle\/","title":{"rendered":"V\u00e1lvula de mariposa sanitaria de rosca macho de acero inoxidable con tirador redondo"},"content":{"rendered":"<p>V\u00e1lvula de mariposa sanitaria de rosca macho de acero inoxidable con tirador redondo<\/p>\n<p>Caracter\u00edsticas:<br \/>\nMejor a prueba de \u00e1cidos, \u00e1lcalis y altas temperaturas.<br \/>\nTemperatura: -10 grados ~~ 120 grados<br \/>\nM\u00e1s de treinta mil pruebas de seguridad.<br \/>\nAcabado superficial exterior: Ra 1,2<br \/>\nDise\u00f1o de junta especial, fluido libre de residuos.<br \/>\nEl disco de v\u00e1lvula est\u00e1 hecho de forja.<br \/>\nEl cuerpo de la v\u00e1lvula est\u00e1 hecho de forja.<br \/>\nMango manual: tirador, mango de pl\u00e1stico o mango de acero inoxidable.<br \/>\nJunta: EPDM, silicona o Viton<br \/>\nTodas las juntas est\u00e1n aprobadas por la FDA.<br \/>\nM\u00e1x. Presi\u00f3n: 16BAR para conexiones soldadas; 10BAR para otras conexiones<br \/>\nM\u00edn. Presi\u00f3n: 0,2 bar.<br \/>\nDise\u00f1o compacto, f\u00e1cil mantenimiento y alto par.<\/p>\n<p>Extremo de conexi\u00f3n: Soldadura, triple abrazadera, uni\u00f3n, brida, rosca macho, rosca hembra<br \/>\nEst\u00e1ndar: DIN, SMS, ISO, 3A, IDF<br \/>\nMateriales: SS304, SS316L<br \/>\nAcabado superficial interior: Ra0.4<br \/>\nTama\u00f1o: DN20-DN300, 3\/4\u2033-10\u2033<br \/>\nEst\u00e1ndar: tirador normalmente con 3 posiciones (se pueden personalizar 4 posiciones)<br \/>\nMango de agarre normalmente con 13 posiciones.<\/p>\n<p>Aplicaci\u00f3n: Industrias de alimentos, bebidas, l\u00e1cteos, farmacia, productos qu\u00edmicos o cualquier industria de procesamiento de alimentos.<\/p>\n<div id=\"attachment_4783\" style=\"width: 885px\" class=\"wp-caption alignleft\"><img loading=\"lazy\" decoding=\"async\" aria-describedby=\"caption-attachment-4783\" class=\"size-full wp-image-4783\" src=\"https:\/\/www.stvvalves.com\/wp-content\/uploads\/2019\/04\/sanitary-stainless-steel-male-thread-butterfly-valve-with-round-pull-handle-catalog.jpg\" alt=\"\" width=\"875\" height=\"658\" srcset=\"https:\/\/www.stvvalves.com\/wp-content\/uploads\/2019\/04\/sanitary-stainless-steel-male-thread-butterfly-valve-with-round-pull-handle-catalog.jpg 875w, https:\/\/www.stvvalves.com\/wp-content\/uploads\/2019\/04\/sanitary-stainless-steel-male-thread-butterfly-valve-with-round-pull-handle-catalog-600x451.jpg 600w, https:\/\/www.stvvalves.com\/wp-content\/uploads\/2019\/04\/sanitary-stainless-steel-male-thread-butterfly-valve-with-round-pull-handle-catalog-300x226.jpg 300w, https:\/\/www.stvvalves.com\/wp-content\/uploads\/2019\/04\/sanitary-stainless-steel-male-thread-butterfly-valve-with-round-pull-handle-catalog-768x578.jpg 768w, https:\/\/www.stvvalves.com\/wp-content\/uploads\/2019\/04\/sanitary-stainless-steel-male-thread-butterfly-valve-with-round-pull-handle-catalog-705x530.jpg 705w\" sizes=\"auto, (max-width: 875px) 100vw, 875px\" \/><p id=\"caption-attachment-4783\" class=\"wp-caption-text\">China V\u00e1lvula de mariposa sanitaria, V\u00e1lvula de mariposa de rosca sanitaria, V\u00e1lvulas de mariposa de rosca sanitaria,V\u00e1lvula de mariposa sanitaria con tirador,V\u00e1lvula de mariposa sanitaria con tirador SS Fabricantes<\/p><\/div>","protected":false},"excerpt":{"rendered":"<p>STV Valve Technology Group Co., Ltd es un l\u00edder profesional en China V\u00e1lvula de mariposa sanitaria, v\u00e1lvula de mariposa de rosca sanitaria, v\u00e1lvulas de mariposa de rosca sanitaria, v\u00e1lvula de mariposa sanitaria con tirador, v\u00e1lvula de mariposa sanitaria con tirador de acero inoxidable Fabricantes con alta calidad y precio competitivo.<\/p>\n<p>Nuestro cuerpo de v\u00e1lvula de mariposa se puede ofrecer con extremo soldado, extremo macho, extremo hembra y extremo abrazadera. Nuestras v\u00e1lvulas de mariposa se pueden instalar con diferentes tipos de manijas, como manija de tracci\u00f3n de 4 posiciones, manija de agarre de 12 posiciones y otros 10 tipos m\u00e1s, o instalar con actuador para control autom\u00e1tico para su uso generalizado.<br \/>\nEl cuerpo y el disco de la v\u00e1lvula de mariposa est\u00e1n hechos de pulido de alto nivel completamente mecanizado por CNC.<br \/>\nTodos los productos han sido probados 100% antes del env\u00edo.<br \/>\nEs necesario que especifique en el momento de realizar los pedidos si se requieren n\u00fameros de calor y MTR.<br \/>\nLos asientos de EPDM, Silicio y Viton est\u00e1n disponibles para instalar en nuestras v\u00e1lvulas de mariposa, que son adecuadas para muchas aplicaciones en las industrias de alimentos, l\u00e1cteos, bebidas, procesamiento de carne, qu\u00edmica y muchas otras.<\/p>\n<p>&nbsp;<\/p>","protected":false},"featured_media":4784,"template":"","meta":[],"product_brand":[],"product_cat":[966,969],"product_tag":[837,840,841,838,839],"class_list":{"0":"post-4782","1":"product","2":"type-product","3":"status-publish","4":"has-post-thumbnail","6":"product_cat-pipe-fitting","7":"product_cat-sanitary-pipe-fitting-and-valves","8":"product_tag-sanitary-butterfly-valve","9":"product_tag-sanitary-butterfly-valve-with-pull-handle","10":"product_tag-sanitary-butterfly-valve-with-ss-pull-handle-manufacturers","11":"product_tag-sanitary-thread-butterfly-valve","12":"product_tag-sanitary-thread-butterfly-valves","14":"first","15":"instock","16":"shipping-taxable","17":"product-type-simple"},"_links":{"self":[{"href":"https:\/\/www.stvvalves.com\/es\/wp-json\/wp\/v2\/product\/4782","targetHints":{"allow":["GET"]}}],"collection":[{"href":"https:\/\/www.stvvalves.com\/es\/wp-json\/wp\/v2\/product"}],"about":[{"href":"https:\/\/www.stvvalves.com\/es\/wp-json\/wp\/v2\/types\/product"}],"wp:featuredmedia":[{"embeddable":true,"href":"https:\/\/www.stvvalves.com\/es\/wp-json\/wp\/v2\/media\/4784"}],"wp:attachment":[{"href":"https:\/\/www.stvvalves.com\/es\/wp-json\/wp\/v2\/media?parent=4782"}],"wp:term":[{"taxonomy":"product_brand","embeddable":true,"href":"https:\/\/www.stvvalves.com\/es\/wp-json\/wp\/v2\/product_brand?post=4782"},{"taxonomy":"product_cat","embeddable":true,"href":"https:\/\/www.stvvalves.com\/es\/wp-json\/wp\/v2\/product_cat?post=4782"},{"taxonomy":"product_tag","embeddable":true,"href":"https:\/\/www.stvvalves.com\/es\/wp-json\/wp\/v2\/product_tag?post=4782"}],"curies":[{"name":"wp","href":"https:\/\/api.w.org\/{rel}","templated":true}]}}