{"id":4785,"date":"2019-04-23T06:17:50","date_gmt":"2019-04-23T06:17:50","guid":{"rendered":"https:\/\/www.stvvalves.com\/?post_type=product&#038;p=4785"},"modified":"2025-02-17T18:30:31","modified_gmt":"2025-02-17T10:30:31","slug":"ss304-ss316l-hygienic-sanitary-stainless-steel-thread-butterfly-valve","status":"publish","type":"product","link":"https:\/\/www.stvvalves.com\/es\/products\/ss304-ss316l-hygienic-sanitary-stainless-steel-thread-butterfly-valve\/","title":{"rendered":"V\u00e1lvula de mariposa sanitaria higi\u00e9nica del hilo de acero inoxidable de SS304 SS316L"},"content":{"rendered":"<p>V\u00e1lvula de mariposa sanitaria higi\u00e9nica del hilo de acero inoxidable de SS304 SS316L<\/p>\n<p>Caracter\u00edsticas:<br \/>\nMejor a prueba de \u00e1cidos, \u00e1lcalis y altas temperaturas.<br \/>\nTemperatura: -10 grados ~~ 120 grados<br \/>\nM\u00e1s de treinta mil pruebas de seguridad.<br \/>\nAcabado superficial exterior: Ra 1,2<br \/>\nDise\u00f1o de junta especial, fluido libre de residuos.<br \/>\nEl disco de v\u00e1lvula est\u00e1 hecho de forja.<br \/>\nEl cuerpo de la v\u00e1lvula est\u00e1 hecho de forja.<br \/>\nMango manual: tirador, mango de pl\u00e1stico o mango de acero inoxidable.<br \/>\nJunta: EPDM, silicona o Viton<br \/>\nTodas las juntas est\u00e1n aprobadas por la FDA.<br \/>\nM\u00e1x. Presi\u00f3n: 16BAR para conexiones soldadas; 10BAR para otras conexiones<br \/>\nM\u00edn. Presi\u00f3n: 0,2 bar.<br \/>\nDise\u00f1o compacto, f\u00e1cil mantenimiento y alto par.<\/p>\n<p>Extremo de conexi\u00f3n: Soldadura, triple abrazadera, uni\u00f3n, brida, rosca macho, rosca hembra<br \/>\nEst\u00e1ndar: DIN, SMS, ISO, 3A, IDF<br \/>\nMateriales: SS304, SS316L<br \/>\nAcabado superficial interior: Ra0.4<br \/>\nTama\u00f1o: DN20-DN300, 3\/4\u2033-10\u2033<br \/>\nEst\u00e1ndar: tirador normalmente con 3 posiciones (se pueden personalizar 4 posiciones)<br \/>\nMango de agarre normalmente con 13 posiciones.<\/p>\n<p>Aplicaci\u00f3n: Industrias de alimentos, bebidas, l\u00e1cteos, farmacia, productos qu\u00edmicos o cualquier industria de procesamiento de alimentos.<\/p>\n<div id=\"attachment_4788\" style=\"width: 852px\" class=\"wp-caption alignleft\"><img loading=\"lazy\" decoding=\"async\" aria-describedby=\"caption-attachment-4788\" class=\"size-full wp-image-4788\" src=\"https:\/\/www.stvvalves.com\/wp-content\/uploads\/2019\/04\/ss304-ss316l-hygienic-sanitary-stainless-steel-thread-butterfly-valve-catalog.jpg\" alt=\"\" width=\"842\" height=\"632\" srcset=\"https:\/\/www.stvvalves.com\/wp-content\/uploads\/2019\/04\/ss304-ss316l-hygienic-sanitary-stainless-steel-thread-butterfly-valve-catalog.jpg 842w, https:\/\/www.stvvalves.com\/wp-content\/uploads\/2019\/04\/ss304-ss316l-hygienic-sanitary-stainless-steel-thread-butterfly-valve-catalog-600x450.jpg 600w, https:\/\/www.stvvalves.com\/wp-content\/uploads\/2019\/04\/ss304-ss316l-hygienic-sanitary-stainless-steel-thread-butterfly-valve-catalog-300x225.jpg 300w, https:\/\/www.stvvalves.com\/wp-content\/uploads\/2019\/04\/ss304-ss316l-hygienic-sanitary-stainless-steel-thread-butterfly-valve-catalog-768x576.jpg 768w, https:\/\/www.stvvalves.com\/wp-content\/uploads\/2019\/04\/ss304-ss316l-hygienic-sanitary-stainless-steel-thread-butterfly-valve-catalog-705x529.jpg 705w\" sizes=\"auto, (max-width: 842px) 100vw, 842px\" \/><p id=\"caption-attachment-4788\" class=\"wp-caption-text\">China Sanitary Weld Thread Butterfly Valve,Food Grade Thread Butterfly Valve, Sanitary Weld Butterfly Valve,Butterfly Valve with Pull Handle,SS304 Butterfly Valve Manufacturers<\/p><\/div>","protected":false},"excerpt":{"rendered":"<p>STV Valve Technology Group Co., Ltd is a professional leader China Sanitary Weld Thread Butterfly Valve,Food Grade Thread Butterfly Valve, Sanitary Weld Butterfly Valve,Butterfly Valve with Pull Handle,SS304 Butterfly Valve Manufacturers with high quality and competitive price.<\/p>\n<p>Nuestro cuerpo de v\u00e1lvula de mariposa se puede ofrecer con extremo soldado, extremo macho, extremo hembra y extremo abrazadera. Nuestras v\u00e1lvulas de mariposa se pueden instalar con diferentes tipos de manijas, como manija de tracci\u00f3n de 4 posiciones, manija de agarre de 12 posiciones y otros 10 tipos m\u00e1s, o instalar con actuador para control autom\u00e1tico para su uso generalizado.<br \/>\nEl cuerpo y el disco de la v\u00e1lvula de mariposa est\u00e1n hechos de pulido de alto nivel completamente mecanizado por CNC.<br \/>\nTodos los productos han sido probados 100% antes del env\u00edo.<br \/>\nEs necesario que especifique en el momento de realizar los pedidos si se requieren n\u00fameros de calor y MTR.<br \/>\nLos asientos de EPDM, Silicio y Viton est\u00e1n disponibles para instalar en nuestras v\u00e1lvulas de mariposa, que son adecuadas para muchas aplicaciones en las industrias de alimentos, l\u00e1cteos, bebidas, procesamiento de carne, qu\u00edmica y muchas otras.<\/p>","protected":false},"featured_media":4787,"template":"","meta":[],"product_brand":[],"product_cat":[966,969],"product_tag":[845,843,844,842,846],"class_list":{"0":"post-4785","1":"product","2":"type-product","3":"status-publish","4":"has-post-thumbnail","6":"product_cat-pipe-fitting","7":"product_cat-sanitary-pipe-fitting-and-valves","8":"product_tag-butterfly-valve-with-pull-handle","9":"product_tag-food-grade-thread-butterfly-valve","10":"product_tag-sanitary-weld-butterfly-valve","11":"product_tag-sanitary-weld-thread-butterfly-valve","12":"product_tag-ss304-butterfly-valve-manufacturers","14":"first","15":"instock","16":"shipping-taxable","17":"product-type-simple"},"_links":{"self":[{"href":"https:\/\/www.stvvalves.com\/es\/wp-json\/wp\/v2\/product\/4785","targetHints":{"allow":["GET"]}}],"collection":[{"href":"https:\/\/www.stvvalves.com\/es\/wp-json\/wp\/v2\/product"}],"about":[{"href":"https:\/\/www.stvvalves.com\/es\/wp-json\/wp\/v2\/types\/product"}],"wp:featuredmedia":[{"embeddable":true,"href":"https:\/\/www.stvvalves.com\/es\/wp-json\/wp\/v2\/media\/4787"}],"wp:attachment":[{"href":"https:\/\/www.stvvalves.com\/es\/wp-json\/wp\/v2\/media?parent=4785"}],"wp:term":[{"taxonomy":"product_brand","embeddable":true,"href":"https:\/\/www.stvvalves.com\/es\/wp-json\/wp\/v2\/product_brand?post=4785"},{"taxonomy":"product_cat","embeddable":true,"href":"https:\/\/www.stvvalves.com\/es\/wp-json\/wp\/v2\/product_cat?post=4785"},{"taxonomy":"product_tag","embeddable":true,"href":"https:\/\/www.stvvalves.com\/es\/wp-json\/wp\/v2\/product_tag?post=4785"}],"curies":[{"name":"wp","href":"https:\/\/api.w.org\/{rel}","templated":true}]}}