{"id":4803,"date":"2019-04-24T01:34:57","date_gmt":"2019-04-24T01:34:57","guid":{"rendered":"https:\/\/www.stvvalves.com\/?post_type=product&#038;p=4803"},"modified":"2025-02-19T19:48:41","modified_gmt":"2025-02-19T11:48:41","slug":"stainless-steel-mini-ball-valve-with-ss-handle","status":"publish","type":"product","link":"https:\/\/www.stvvalves.com\/es\/products\/stainless-steel-mini-ball-valve-with-ss-handle\/","title":{"rendered":"Mini v\u00e1lvula de bola de acero inoxidable con manija SS"},"content":{"rendered":"<p>Mini v\u00e1lvula de bola de acero inoxidable con manija SS<\/p>\n<p>Cuerpo y bola de acero inoxidable 316 (CF8M): para mayor resistencia y resistencia a la corrosi\u00f3n.<br \/>\nRango de temperatura: -29\u00b0C a 150\u00b0C<br \/>\nPresi\u00f3n de trabajo de 1000 psi<br \/>\nEl sistema de doble sello permite que el flujo pueda ir en cualquier direcci\u00f3n.<br \/>\nMangos de aleaci\u00f3n de zinc de alta resistencia (pintados de azul)<br \/>\nOperaci\u00f3n r\u00e1pida de apertura o cierre de 1\/4 de vuelta<br \/>\nCada v\u00e1lvula se prueba individualmente para m\u00e1xima seguridad.<br \/>\nConexiones NPT (FxF, FxM y MxM)<\/p>\n<p>Designaci\u00f3n \u2013 Material<\/p>\n<p>Carrocer\u00eda \u2013 SS 316 (CF8M)<\/p>\n<p>Bola \u2013 SS 316 (CF8M)<\/p>\n<p>Cap\u00f3 \u2013 SS 316 (CF8M)<\/p>\n<p>Asiento de bola \u2013 RPTFE<\/p>\n<p>V\u00e1stago de v\u00e1lvula \u2013 SS 304\/SS 316<\/p>\n<p>Palanca \u2013 SS<\/p>\n<table>\n<tbody>\n<tr>\n<td width=\"200\"><strong>nombre del producto<\/strong><\/td>\n<td width=\"481\">Mini v\u00e1lvula de bola de acero inoxidable con manija SS<\/td>\n<\/tr>\n<tr>\n<td width=\"200\">1. Materiales<\/td>\n<td width=\"481\">316<\/td>\n<\/tr>\n<tr>\n<td width=\"200\">2. Tama\u00f1o<\/td>\n<td width=\"481\">1\u201d<\/td>\n<\/tr>\n<tr>\n<td width=\"200\">4. Puerto<\/td>\n<td width=\"481\">Puerto reductor<\/td>\n<\/tr>\n<tr>\n<td width=\"200\">5. Presi\u00f3n de trabajo<\/td>\n<td width=\"481\">1000 WOG<\/td>\n<\/tr>\n<tr>\n<td width=\"200\">6. La conexi\u00f3n finaliza<\/td>\n<td width=\"481\">TNP<\/td>\n<\/tr>\n<tr>\n<td width=\"200\">7. Temperatura de trabajo.<\/td>\n<td width=\"481\">-29~120\u00baC,<\/td>\n<\/tr>\n<tr>\n<td width=\"200\">8. Medio adecuado<\/td>\n<td width=\"481\">Agua, Gas Natural, Petr\u00f3leo y alg\u00fan l\u00edquido corrosivo<\/td>\n<\/tr>\n<tr>\n<td width=\"200\">9. Operado<\/td>\n<td width=\"481\">Volante<\/td>\n<\/tr>\n<tr>\n<td width=\"200\">10. Inspecci\u00f3n y pruebas<\/td>\n<td width=\"481\">Seg\u00fan API598<\/td>\n<\/tr>\n<tr>\n<td width=\"200\"><strong>Env\u00edo<\/strong><\/td>\n<td width=\"481\"><\/td>\n<\/tr>\n<tr>\n<td width=\"200\">El tiempo de entrega<\/td>\n<td width=\"481\">30 dias<\/td>\n<\/tr>\n<tr>\n<td width=\"200\">Paquete<\/td>\n<td width=\"481\">Caja de madera contrachapada de exportaci\u00f3n est\u00e1ndar<\/td>\n<\/tr>\n<tr>\n<td width=\"200\">Puerto de embarque<\/td>\n<td width=\"481\">Ningbo\/Shangh\u00e1i, China<\/td>\n<\/tr>\n<tr>\n<td width=\"200\">Condiciones de env\u00edo<\/td>\n<td width=\"481\">Exw, MANDO, CFR, CIF, etc.<\/td>\n<\/tr>\n<tr>\n<td width=\"200\">T\u00e9rminos de pago<\/td>\n<td width=\"481\">T\/T, Western Union, PayPal, etc.<\/td>\n<\/tr>\n<tr>\n<td width=\"200\"><\/td>\n<td width=\"481\">Pago anticipado de 30%, saldo de 70% pagado antes del env\u00edo<\/td>\n<\/tr>\n<tr>\n<td width=\"200\">Pa\u00eds de origen<\/td>\n<td width=\"481\">Ciudad de Wenzhou, China<\/td>\n<\/tr>\n<tr>\n<td width=\"200\">Capacidad de producci\u00f3n<\/td>\n<td width=\"481\">6000 toneladas\/a\u00f1o<\/td>\n<\/tr>\n<tr>\n<td width=\"200\">Cantidad m\u00ednima de pedido<\/td>\n<td width=\"481\">1 unidad\/tama\u00f1o<\/td>\n<\/tr>\n<\/tbody>\n<\/table>\n<p>&nbsp;<\/p>","protected":false},"excerpt":{"rendered":"<p>STV Valve Technology Group Co., Ltd es un l\u00edder profesional en China Mini v\u00e1lvulas de bola de acero inoxidable, Mini v\u00e1lvula de bola de acero inoxidable PN63 con mango SS, Mini v\u00e1lvula de bola, Mini v\u00e1lvula de bola de acero inoxidable de 1\/4 \u2033 Fabricantes con alta calidad y precio competitivo.<\/p>\n<p>Comun\u00edquese con nuestro sales@stvvalve.com para obtener otros materiales y detalles.<\/p>\n<p>Hoja de fecha: <a href=\"https:\/\/www.stvvalves.com\/wp-content\/uploads\/2018\/11\/Screwed-Stainless-Steel-Mini-Ball-Valve-FM.pdf\">Mini v\u00e1lvula de bola de acero inoxidable con manija SS<\/a><\/p>","protected":false},"featured_media":4806,"template":"","meta":[],"product_brand":[],"product_cat":[43,79],"product_tag":[202,855,853,854],"class_list":{"0":"post-4803","1":"product","2":"type-product","3":"status-publish","4":"has-post-thumbnail","6":"product_cat-ball-valve","7":"product_cat-threaded-ball-valve","8":"product_tag-mini-ball-valve","9":"product_tag-stainless-steel-mini-ball-valve-1-4","10":"product_tag-stainless-steel-mini-ball-valves","11":"product_tag-stainless-steel-pn63-mini-ball-valve-with-ss-handle","13":"first","14":"instock","15":"shipping-taxable","16":"product-type-simple"},"_links":{"self":[{"href":"https:\/\/www.stvvalves.com\/es\/wp-json\/wp\/v2\/product\/4803","targetHints":{"allow":["GET"]}}],"collection":[{"href":"https:\/\/www.stvvalves.com\/es\/wp-json\/wp\/v2\/product"}],"about":[{"href":"https:\/\/www.stvvalves.com\/es\/wp-json\/wp\/v2\/types\/product"}],"wp:featuredmedia":[{"embeddable":true,"href":"https:\/\/www.stvvalves.com\/es\/wp-json\/wp\/v2\/media\/4806"}],"wp:attachment":[{"href":"https:\/\/www.stvvalves.com\/es\/wp-json\/wp\/v2\/media?parent=4803"}],"wp:term":[{"taxonomy":"product_brand","embeddable":true,"href":"https:\/\/www.stvvalves.com\/es\/wp-json\/wp\/v2\/product_brand?post=4803"},{"taxonomy":"product_cat","embeddable":true,"href":"https:\/\/www.stvvalves.com\/es\/wp-json\/wp\/v2\/product_cat?post=4803"},{"taxonomy":"product_tag","embeddable":true,"href":"https:\/\/www.stvvalves.com\/es\/wp-json\/wp\/v2\/product_tag?post=4803"}],"curies":[{"name":"wp","href":"https:\/\/api.w.org\/{rel}","templated":true}]}}