{"id":4824,"date":"2019-04-29T07:07:10","date_gmt":"2019-04-29T07:07:10","guid":{"rendered":"https:\/\/www.stvvalves.com\/?post_type=product&#038;p=4824"},"modified":"2025-02-17T18:29:41","modified_gmt":"2025-02-17T10:29:41","slug":"sanitary-stainless-steel-13mhh-mini-type-clamp-tube-pipe","status":"publish","type":"product","link":"https:\/\/www.stvvalves.com\/es\/products\/sanitary-stainless-steel-13mhh-mini-type-clamp-tube-pipe\/","title":{"rendered":"Mini tubo sanitario de acero inoxidable 13MHH tipo abrazadera"},"content":{"rendered":"<p>Mini tubo sanitario de acero inoxidable 13MHH tipo abrazadera<\/p>\n<p>Hecho de forja<br \/>\nMecanizado por m\u00e1quina CNC de alta precisi\u00f3n.<br \/>\nDespu\u00e9s del mecanizado, el interior Ra 0,5<br \/>\nEst\u00e1ndar: DIN, SMS, ISO, 3A, BPE, IDF, AS, BS, RJT<br \/>\nTama\u00f1o: DN10-300, 1\/2\u201d-10\u201d<br \/>\nMateriales: SS304, SS316L<br \/>\nJunta: EPDM, SILICONA, PFTE, NBR<br \/>\nAcabado superficial: Sin pulir, la superficie en bruto despu\u00e9s del mecanizado<br \/>\nRedondez, igualdad de espesor y valor Ra para cumplir con el est\u00e1ndar internacional de calidad alimentaria.<br \/>\nAplicaci\u00f3n: Industrias de alimentos, bebidas, l\u00e1cteos, farmacia, productos qu\u00edmicos o cualquier industria de procesamiento de alimentos.<\/p>\n<p>&nbsp;<\/p>\n<div id=\"attachment_4826\" style=\"width: 869px\" class=\"wp-caption alignleft\"><img loading=\"lazy\" decoding=\"async\" aria-describedby=\"caption-attachment-4826\" class=\"size-full wp-image-4826\" src=\"https:\/\/www.stvvalves.com\/wp-content\/uploads\/2019\/04\/sanitary-stainless-steel-13mhh-mini-type-clamp-tube-pipe-catalog.jpg\" alt=\"\" width=\"859\" height=\"297\" srcset=\"https:\/\/www.stvvalves.com\/wp-content\/uploads\/2019\/04\/sanitary-stainless-steel-13mhh-mini-type-clamp-tube-pipe-catalog.jpg 859w, https:\/\/www.stvvalves.com\/wp-content\/uploads\/2019\/04\/sanitary-stainless-steel-13mhh-mini-type-clamp-tube-pipe-catalog-600x207.jpg 600w, https:\/\/www.stvvalves.com\/wp-content\/uploads\/2019\/04\/sanitary-stainless-steel-13mhh-mini-type-clamp-tube-pipe-catalog-300x104.jpg 300w, https:\/\/www.stvvalves.com\/wp-content\/uploads\/2019\/04\/sanitary-stainless-steel-13mhh-mini-type-clamp-tube-pipe-catalog-768x266.jpg 768w, https:\/\/www.stvvalves.com\/wp-content\/uploads\/2019\/04\/sanitary-stainless-steel-13mhh-mini-type-clamp-tube-pipe-catalog-705x244.jpg 705w\" sizes=\"auto, (max-width: 859px) 100vw, 859px\" \/><p id=\"caption-attachment-4826\" class=\"wp-caption-text\">China Accesorio de tuber\u00eda de acero inoxidable, abrazadera sanitaria, abrazadera sanitaria de acero inoxidable, abrazadera 13mhh, fabricante de mini abrazadera sanitaria 13MHH<\/p><\/div>","protected":false},"excerpt":{"rendered":"<p>STV Valve Technology Group Co., Ltd es un l\u00edder profesional en China, fabricante de accesorios para tuber\u00edas de acero inoxidable, abrazaderas sanitarias, abrazaderas de acero inoxidable sanitarias, abrazaderas de 13 mhh y mini abrazaderas sanitarias de 13 MHH con alta calidad y precio competitivo.<\/p>\n<p>Tubo de abrazadera tipo mini de acero inoxidable sanitario 13MHH. Tama\u00f1o de 1\/2 \u2033 a 12 \u2033. Todos nuestros casquillos de accesorios sanitarios se producen mediante una m\u00e1quina de torno CNC, tienen una superficie de alta pureza y cumplen con los requisitos de las industrias de alimentos, bebidas, l\u00e1cteos, farmacia, etc. La longitud est\u00e1ndar de la virola de accesorios sanitarios es de 12,7 mm o 21,5 mm.<\/p>","protected":false},"featured_media":4825,"template":"","meta":[],"product_brand":[],"product_cat":[966,969],"product_tag":[869,870,867,868,866],"class_list":{"0":"post-4824","1":"product","2":"type-product","3":"status-publish","4":"has-post-thumbnail","6":"product_cat-pipe-fitting","7":"product_cat-sanitary-pipe-fitting-and-valves","8":"product_tag-13mhh-clamp","9":"product_tag-sanitary-13mhh-mini-clamp","10":"product_tag-sanitary-clamp","11":"product_tag-sanitary-stainless-steel-clamp","12":"product_tag-stainless-steel-pipe-fitting","14":"first","15":"instock","16":"shipping-taxable","17":"product-type-simple"},"_links":{"self":[{"href":"https:\/\/www.stvvalves.com\/es\/wp-json\/wp\/v2\/product\/4824","targetHints":{"allow":["GET"]}}],"collection":[{"href":"https:\/\/www.stvvalves.com\/es\/wp-json\/wp\/v2\/product"}],"about":[{"href":"https:\/\/www.stvvalves.com\/es\/wp-json\/wp\/v2\/types\/product"}],"wp:featuredmedia":[{"embeddable":true,"href":"https:\/\/www.stvvalves.com\/es\/wp-json\/wp\/v2\/media\/4825"}],"wp:attachment":[{"href":"https:\/\/www.stvvalves.com\/es\/wp-json\/wp\/v2\/media?parent=4824"}],"wp:term":[{"taxonomy":"product_brand","embeddable":true,"href":"https:\/\/www.stvvalves.com\/es\/wp-json\/wp\/v2\/product_brand?post=4824"},{"taxonomy":"product_cat","embeddable":true,"href":"https:\/\/www.stvvalves.com\/es\/wp-json\/wp\/v2\/product_cat?post=4824"},{"taxonomy":"product_tag","embeddable":true,"href":"https:\/\/www.stvvalves.com\/es\/wp-json\/wp\/v2\/product_tag?post=4824"}],"curies":[{"name":"wp","href":"https:\/\/api.w.org\/{rel}","templated":true}]}}