{"id":4837,"date":"2019-05-06T01:13:40","date_gmt":"2019-05-06T01:13:40","guid":{"rendered":"https:\/\/www.stvvalves.com\/?post_type=product&#038;p=4837"},"modified":"2025-02-17T18:29:38","modified_gmt":"2025-02-17T10:29:38","slug":"jis-10k-flanged-ball-valve-iso-5211-mounting-pad-scs14-50a","status":"publish","type":"product","link":"https:\/\/www.stvvalves.com\/es\/products\/jis-10k-flanged-ball-valve-iso-5211-mounting-pad-scs14-50a\/","title":{"rendered":"V\u00e1lvula de bola con brida JIS 10K, almohadilla de montaje ISO5211, SCS14,50A"},"content":{"rendered":"<p>Est\u00e1ndar de dise\u00f1o: JIS B2071.<br \/>\nMaterial del cuerpo: SCS14.<br \/>\nDi\u00e1metro nominal: 2 pulgadas.<br \/>\nPresi\u00f3n: JIS10K.<br \/>\nConexi\u00f3n final;FF.<br \/>\nCara a cara: JIS B2002.<br \/>\nTemperatura de trabajo: -29\u00b0C~+200\u00b0C.<br \/>\nPrueba e inspecci\u00f3n: JIS B2003.<br \/>\nGama de productos<br \/>\nMaterial del cuerpo: Acero al carbono, Acero inoxidable, Acero aleado.<br \/>\nDi\u00e1metro normal: 1\/2\u2033~8\u2033 (DN15~DN200).<br \/>\nConexi\u00f3n final: JIS B2220<br \/>\nRango de presi\u00f3n: JIS10K-JIS20K<br \/>\nOperaci\u00f3n: Palanca, Caja de cambios, Actuador el\u00e9ctrico, neum\u00e1tico, electrohidr\u00e1ulico, Actuador de gas sobre aceite.<br \/>\nTemperatura de trabajo: -46\u00b0C~+200\u00b0C.<br \/>\nDispositivo antiest\u00e1tico y dispositivo a prueba de fuego (opcional)<br \/>\nCon almohadilla de montaje ISO 5211 (opcional)<\/p>\n<table>\n<tbody>\n<tr>\n<td width=\"200\"><strong><b>nombre del producto<\/b><\/strong><\/td>\n<td width=\"481\">V\u00e1lvula de bola con brida JIS 10K, almohadilla de montaje ISO5211, SCS14,50A<\/td>\n<\/tr>\n<tr>\n<td width=\"200\">1. Materiales<\/td>\n<td width=\"481\">SS304\/316\/304L\/316L (CF8\/CF8M\/CF3\/CF3M), WCB, etc.<\/td>\n<\/tr>\n<tr>\n<td width=\"200\">2. Tama\u00f1o<\/td>\n<td width=\"481\">1\/2\u2033~8\u2033&#039; (15A~200A)<\/td>\n<\/tr>\n<tr>\n<td width=\"200\">4. Puerto<\/td>\n<td width=\"481\">Puerto lleno<\/td>\n<\/tr>\n<tr>\n<td width=\"200\">5. Presi\u00f3n de trabajo<\/td>\n<td width=\"481\">JIS10K~20K<\/td>\n<\/tr>\n<tr>\n<td width=\"200\">6. La conexi\u00f3n finaliza<\/td>\n<td width=\"481\">FF<\/td>\n<\/tr>\n<tr>\n<td width=\"200\">7. Temperatura de trabajo.<\/td>\n<td width=\"481\">-29~180\u00baC,<\/td>\n<\/tr>\n<tr>\n<td width=\"200\">8. Medio adecuado<\/td>\n<td width=\"481\">Agua, Gas Natural, Petr\u00f3leo y alg\u00fan l\u00edquido corrosivo<\/td>\n<\/tr>\n<tr>\n<td width=\"200\">9. Operado<\/td>\n<td width=\"481\">Volante<\/td>\n<\/tr>\n<tr>\n<td width=\"200\">10. Inspecci\u00f3n y pruebas<\/td>\n<td width=\"481\">Seg\u00fan JIS B2003<\/td>\n<\/tr>\n<tr>\n<td width=\"200\"><strong><b>Env\u00edo<\/b><\/strong><\/td>\n<td width=\"481\"><\/td>\n<\/tr>\n<tr>\n<td width=\"200\">El tiempo de entrega<\/td>\n<td width=\"481\">30 dias<\/td>\n<\/tr>\n<tr>\n<td width=\"200\">Paquete<\/td>\n<td width=\"481\">Caja de madera contrachapada de exportaci\u00f3n est\u00e1ndar<\/td>\n<\/tr>\n<tr>\n<td width=\"200\">Puerto de embarque<\/td>\n<td width=\"481\">Ningbo\/Shangh\u00e1i, China<\/td>\n<\/tr>\n<tr>\n<td width=\"200\">Condiciones de env\u00edo<\/td>\n<td width=\"481\">Exw, MANDO, CFR, CIF, etc.<\/td>\n<\/tr>\n<tr>\n<td width=\"200\">T\u00e9rminos de pago<\/td>\n<td width=\"481\">T\/T, Western Union, PayPal, etc.<\/td>\n<\/tr>\n<tr>\n<td width=\"200\"><\/td>\n<td width=\"481\">Pago anticipado de 30%, saldo de 70% pagado antes del env\u00edo<\/td>\n<\/tr>\n<tr>\n<td width=\"200\">Pa\u00eds de origen<\/td>\n<td width=\"481\">Ciudad de Wenzhou, China<\/td>\n<\/tr>\n<tr>\n<td width=\"200\">Capacidad de producci\u00f3n<\/td>\n<td width=\"481\">6000 toneladas\/a\u00f1o<\/td>\n<\/tr>\n<tr>\n<td width=\"200\">Cantidad m\u00ednima de pedido<\/td>\n<td width=\"481\">10 unidades\/tama\u00f1o<\/td>\n<\/tr>\n<\/tbody>\n<\/table>","protected":false},"excerpt":{"rendered":"<p>Modelo:STV-Q41F-JIS10K-DN50-SCS14<\/p>\n<p>Nuestra v\u00e1lvula de bola con brida JIS 10K con montaje directo presenta un cuerpo y un extremo de fundici\u00f3n de alta calidad. Est\u00e1n disponibles en tama\u00f1os de 1\/2\u201d a 8\u201d y son de puerto regular. Se logra una protecci\u00f3n superior contra fugas mediante el uso de nuestro sistema patentado de sellado de v\u00e1stago &quot;piramidal&quot; que se muestra en el siguiente gr\u00e1fico. Este sistema avanzado protege contra el desgaste y las fugas que experimentan las v\u00e1lvulas de bola comunes. Cuerpo de dos piezas, bola flotante, paso total, v\u00e1stago a prueba de explosi\u00f3n Dise\u00f1o a prueba de fuego Dispositivos antiest\u00e1ticos para el cuerpo de v\u00e1stago de bola.<\/p>\n<p>Disponibles con opciones de bridas PN16\/40 y ANSI 150 y en tama\u00f1os de 1\/2\u2033 a 8\u2033.<br \/>\nCon una almohadilla de accionamiento de montaje directo ISO 5211, estas v\u00e1lvulas son f\u00e1ciles de accionar.<\/p>\n<p>STV Valve Technology Group Co., Ltd es un l\u00edder profesional en China V\u00e1lvula de bola con brida JIS 10K, v\u00e1lvula de bola con almohadilla de montaje ISO5211, v\u00e1lvula de bola 50A, v\u00e1lvula de bola SCS14 Fabricaci\u00f3n con alta calidad y precio competitivo.<\/p>\n<p>Comun\u00edquese con nuestro sales@stvvalve.com para obtener otros materiales y detalles.<\/p>\n<p>Hoja de fecha: <a href=\"https:\/\/www.stvvalves.com\/wp-content\/uploads\/2019\/05\/JIS-10K-Flanged-Ball-Valve-ISO5211-Mounting-Pad-SCS14-50A-Drawing.pdf\">V\u00e1lvula de bola con brida JIS 10K, almohadilla de montaje ISO5211, SCS14,50A<\/a><\/p>\n<p>&nbsp;<\/p>","protected":false},"featured_media":4839,"template":"","meta":[],"product_brand":[],"product_cat":[43,80,78,53],"product_tag":[879,877,878,880],"class_list":{"0":"post-4837","1":"product","2":"type-product","3":"status-publish","4":"has-post-thumbnail","6":"product_cat-ball-valve","7":"product_cat-flange-ball-valve","8":"product_cat-floating-ball-valve","9":"product_cat-stainless-steel-ball-valve","10":"product_tag-50a-ball-valve","11":"product_tag-china-jis-10k-flanged-ball-valve","12":"product_tag-iso5211-mounting-pad-ball-valve","13":"product_tag-scs14-ball-valve-manufacture","15":"first","16":"instock","17":"shipping-taxable","18":"product-type-simple"},"_links":{"self":[{"href":"https:\/\/www.stvvalves.com\/es\/wp-json\/wp\/v2\/product\/4837","targetHints":{"allow":["GET"]}}],"collection":[{"href":"https:\/\/www.stvvalves.com\/es\/wp-json\/wp\/v2\/product"}],"about":[{"href":"https:\/\/www.stvvalves.com\/es\/wp-json\/wp\/v2\/types\/product"}],"wp:featuredmedia":[{"embeddable":true,"href":"https:\/\/www.stvvalves.com\/es\/wp-json\/wp\/v2\/media\/4839"}],"wp:attachment":[{"href":"https:\/\/www.stvvalves.com\/es\/wp-json\/wp\/v2\/media?parent=4837"}],"wp:term":[{"taxonomy":"product_brand","embeddable":true,"href":"https:\/\/www.stvvalves.com\/es\/wp-json\/wp\/v2\/product_brand?post=4837"},{"taxonomy":"product_cat","embeddable":true,"href":"https:\/\/www.stvvalves.com\/es\/wp-json\/wp\/v2\/product_cat?post=4837"},{"taxonomy":"product_tag","embeddable":true,"href":"https:\/\/www.stvvalves.com\/es\/wp-json\/wp\/v2\/product_tag?post=4837"}],"curies":[{"name":"wp","href":"https:\/\/api.w.org\/{rel}","templated":true}]}}