{"id":4852,"date":"2019-05-07T03:22:03","date_gmt":"2019-05-07T03:22:03","guid":{"rendered":"https:\/\/www.stvvalves.com\/?post_type=product&#038;p=4852"},"modified":"2025-02-17T18:32:01","modified_gmt":"2025-02-17T10:32:01","slug":"forged-steel-flange-y-strainer-pn40-a105n-body-dn50","status":"publish","type":"product","link":"https:\/\/www.stvvalves.com\/es\/products\/forged-steel-flange-y-strainer-pn40-a105n-body-dn50\/","title":{"rendered":"Filtro en Y con brida de acero forjado, PN40, cuerpo A105N, DN50"},"content":{"rendered":"<p>Filtro tipo Y de acero forjado, clase Ansi 800LBS, SW, NPT, extremos BW, cap\u00f3 atornillado, cap\u00f3 soldado, acero al carbono, acero inoxidable, acero d\u00faplex, proveedor y fabricante de filtros tipo Y forjados de acero aleado. Especificaciones para colador tipo Y forjado de 800 libras<br \/>\n1. Tama\u00f1os: 1\/2\u2033 -2\u2033<br \/>\n2. Clasificaci\u00f3n de presi\u00f3n: ANSI 800Lbs-2500LB<br \/>\n3. Medio adecuado: agua, gas, petr\u00f3leo, vapor, etc.<br \/>\n4. Material del cuerpo: A105, LF2, SS304, SS316, SS304L, SS316L, F51, F53, Aleaci\u00f3n 20, etc.<br \/>\n5. Pantalla: Acero inoxidable (304SS, 316SS)<br \/>\n6. Conexi\u00f3n final: Brida, BW, SW, NPT (roscada, ATORNILLADA)<br \/>\n7. Otros bajo pedido<\/p>\n<div id=\"attachment_4853\" style=\"width: 2525px\" class=\"wp-caption alignleft\"><img loading=\"lazy\" decoding=\"async\" aria-describedby=\"caption-attachment-4853\" class=\"size-full wp-image-4853\" src=\"https:\/\/www.stvvalves.com\/wp-content\/uploads\/2019\/05\/forged-steel-flange-y-strainer-pn40-a105n-body-dn50-catalog.jpg\" alt=\"\" width=\"2515\" height=\"1718\" srcset=\"https:\/\/www.stvvalves.com\/wp-content\/uploads\/2019\/05\/forged-steel-flange-y-strainer-pn40-a105n-body-dn50-catalog.jpg 2515w, https:\/\/www.stvvalves.com\/wp-content\/uploads\/2019\/05\/forged-steel-flange-y-strainer-pn40-a105n-body-dn50-catalog-600x410.jpg 600w, https:\/\/www.stvvalves.com\/wp-content\/uploads\/2019\/05\/forged-steel-flange-y-strainer-pn40-a105n-body-dn50-catalog-300x205.jpg 300w, https:\/\/www.stvvalves.com\/wp-content\/uploads\/2019\/05\/forged-steel-flange-y-strainer-pn40-a105n-body-dn50-catalog-768x525.jpg 768w, https:\/\/www.stvvalves.com\/wp-content\/uploads\/2019\/05\/forged-steel-flange-y-strainer-pn40-a105n-body-dn50-catalog-1030x704.jpg 1030w, https:\/\/www.stvvalves.com\/wp-content\/uploads\/2019\/05\/forged-steel-flange-y-strainer-pn40-a105n-body-dn50-catalog-1500x1025.jpg 1500w, https:\/\/www.stvvalves.com\/wp-content\/uploads\/2019\/05\/forged-steel-flange-y-strainer-pn40-a105n-body-dn50-catalog-705x482.jpg 705w\" sizes=\"auto, (max-width: 2515px) 100vw, 2515px\" \/><p id=\"caption-attachment-4853\" class=\"wp-caption-text\">China Filtro tipo Y de acero forjado, Filtro tipo Y de acero fundido. Filtro en Y con extremo con brida API, Filtro en Y con extremo con brida PN40, Filtro tipo Y DN50, Fabricante de filtro tipo Y con cuerpo A105N<\/p><\/div>","protected":false},"excerpt":{"rendered":"<p>Modelo:STV-GL41H-PN40-DN50<\/p>\n<p>Nuestro filtro en Y con brida de acero forjado utiliza m\u00e9todos de forjado para producir una variedad de piezas forjadas y forjadas. La calidad de las piezas de acero forjado es superior a la de las piezas fundidas de acero, puede soportar grandes fuerzas de impacto y altas temperaturas y altas presiones, y su plasticidad, tenacidad y otras propiedades mec\u00e1nicas tambi\u00e9n son superiores a las de los filtros de acero fundido, por lo que algunas maquinarias importantes y equipo Es mejor utilizar un filtro tipo \u00fd de acero forjado como dispositivo de filtrado en condiciones de trabajo importantes y complicadas. Este producto no tendr\u00e1 fugas externas causadas por colisiones y agujeros de arena.<\/p>\n<p>El filtro tipo Y forjado (filtro en Y forjado) est\u00e1 dise\u00f1ado para tama\u00f1os de orificio de 1\/2 pulgada a 2 pulgadas, tanto para extremos soldados como para extremos roscados; los materiales son en acero al carbono forjado y acero inoxidable; Rango de presi\u00f3n nominal de 150 libras a 2500 libras.<\/p>\n<div class=\"woocommerce-product-details__short-description\">\n<p>STV Valve Technology Group Co., Ltd es un l\u00edder profesional China Forged<em>\u00a0Acero<\/em> Filtro tipo Y, filtro tipo Y de acero fundido. Filtro en Y con extremo con brida API, Filtro en Y con extremo con brida PN40, Filtro tipo Y DN50, Filtro tipo Y con cuerpo A105N Fabricante con alta calidad y precio competitivo.<\/p>\n<p>Comun\u00edquese con nuestro sales@stvvalve.com para obtener otros materiales y detalles.<\/p>\n<p>Hoja de fecha:<a href=\"https:\/\/www.stvvalves.com\/wp-content\/uploads\/2019\/05\/forged-steel-flange-y-strainer-pn40-a105n-body-dn50-catalog.jpg\">Filtro en Y con brida de acero forjado, PN40, cuerpo A105N, DN50<\/a><\/p>\n<\/div>","protected":false},"featured_media":4854,"template":"","meta":[],"product_brand":[],"product_cat":[964,48],"product_tag":[891,888,233,890,284,889],"class_list":{"0":"post-4852","1":"product","2":"type-product","3":"status-publish","4":"has-post-thumbnail","6":"product_cat-forged-steel-y-type-strainer","7":"product_cat-y-strainer","8":"product_tag-a105n-body-y-type-strainer","9":"product_tag-api-flanged-end-y-strainer","10":"product_tag-cast-steel-y-type-strainer","11":"product_tag-dn50-y-type-strainer","12":"product_tag-forged-steel-y-type-strainer","13":"product_tag-pn40-flanged-end-y-strainer","15":"first","16":"instock","17":"shipping-taxable","18":"product-type-simple"},"_links":{"self":[{"href":"https:\/\/www.stvvalves.com\/es\/wp-json\/wp\/v2\/product\/4852","targetHints":{"allow":["GET"]}}],"collection":[{"href":"https:\/\/www.stvvalves.com\/es\/wp-json\/wp\/v2\/product"}],"about":[{"href":"https:\/\/www.stvvalves.com\/es\/wp-json\/wp\/v2\/types\/product"}],"wp:featuredmedia":[{"embeddable":true,"href":"https:\/\/www.stvvalves.com\/es\/wp-json\/wp\/v2\/media\/4854"}],"wp:attachment":[{"href":"https:\/\/www.stvvalves.com\/es\/wp-json\/wp\/v2\/media?parent=4852"}],"wp:term":[{"taxonomy":"product_brand","embeddable":true,"href":"https:\/\/www.stvvalves.com\/es\/wp-json\/wp\/v2\/product_brand?post=4852"},{"taxonomy":"product_cat","embeddable":true,"href":"https:\/\/www.stvvalves.com\/es\/wp-json\/wp\/v2\/product_cat?post=4852"},{"taxonomy":"product_tag","embeddable":true,"href":"https:\/\/www.stvvalves.com\/es\/wp-json\/wp\/v2\/product_tag?post=4852"}],"curies":[{"name":"wp","href":"https:\/\/api.w.org\/{rel}","templated":true}]}}