{"id":4862,"date":"2019-05-07T08:03:49","date_gmt":"2019-05-07T08:03:49","guid":{"rendered":"https:\/\/www.stvvalves.com\/?post_type=product&#038;p=4862"},"modified":"2025-02-17T18:32:10","modified_gmt":"2025-02-17T10:32:10","slug":"c95800-forging-floating-ball-valve-800lb-dn25-npt-end","status":"publish","type":"product","link":"https:\/\/www.stvvalves.com\/es\/products\/c95800-forging-floating-ball-valve-800lb-dn25-npt-end\/","title":{"rendered":"V\u00e1lvula de bola flotante de forja C95800, 800 LB, DN25, extremo NPT"},"content":{"rendered":"<p>V\u00e1lvula de bola flotante forjada de 3 piezas<\/p>\n<p>Caracter\u00edsticas:<\/p>\n<p>Tama\u00f1o:1\/2\u2033-2\u2033<\/p>\n<p>Presi\u00f3n normal: 800-2500 lb.<\/p>\n<p>FP. Dise\u00f1o de puerto completo\/RP. Puerto Regular \/ Puerto Reducido<\/p>\n<p>Dos piezas \/ Cuerpo dividido, bola flotante<\/p>\n<p>V\u00e1stago a prueba de explosi\u00f3n<\/p>\n<p>Extremo con brida, cara elevada<\/p>\n<p>CAPI \/ ISO5211 Almohadilla de montaje<\/p>\n<p>Nivel o engranaje helicoidal<\/p>\n<p>Especificaciones<\/p>\n<p>Est\u00e1ndar de dise\u00f1o y fabricaci\u00f3n: API 608, API 607, API 6D, BS 5351<\/p>\n<p>Est\u00e1ndar cara a cara: API B16.10, API 6D, DIN 3202<br \/>\nEst\u00e1ndar de conexi\u00f3n final: NPT, BSP, BSPT, DIN259\/2999<\/p>\n<p>Est\u00e1ndar de prueba: ISO5208, API 6D, BS 6755, API598<br \/>\nMaterial del cuerpo: A105, F304, F316<\/p>\n<p>Asiento: RPTFE, PPL, nailon<\/p>\n<p>Temperatura de trabajo: -40-180 \u2103<\/p>\n<p>Adecuado: agua, petr\u00f3leo, gas.<\/p>\n<table>\n<tbody>\n<tr>\n<td width=\"200\"><strong>nombre del producto<\/strong><\/td>\n<td width=\"481\">V\u00e1lvula de bola flotante de forja C95800, 800 LB, DN25, extremo NPT<\/td>\n<\/tr>\n<tr>\n<td width=\"200\">1. Materiales<\/td>\n<td width=\"481\">C95800<\/td>\n<\/tr>\n<tr>\n<td width=\"200\">2. Tama\u00f1o<\/td>\n<td width=\"481\">1\u201d<\/td>\n<\/tr>\n<tr>\n<td width=\"200\">4. Puerto<\/td>\n<td width=\"481\">Puerto lleno<\/td>\n<\/tr>\n<tr>\n<td width=\"200\">5. Presi\u00f3n de trabajo<\/td>\n<td width=\"481\">800 libras<\/td>\n<\/tr>\n<tr>\n<td width=\"200\">6. La conexi\u00f3n finaliza<\/td>\n<td width=\"481\">TNP<\/td>\n<\/tr>\n<tr>\n<td width=\"200\">7. Temperatura de trabajo.<\/td>\n<td width=\"481\">-29~120\u00baC,<\/td>\n<\/tr>\n<tr>\n<td width=\"200\">8. Medio adecuado<\/td>\n<td width=\"481\">Agua, Gas Natural, Petr\u00f3leo y alg\u00fan l\u00edquido corrosivo<\/td>\n<\/tr>\n<tr>\n<td width=\"200\">9. Operado<\/td>\n<td width=\"481\">Volante<\/td>\n<\/tr>\n<tr>\n<td width=\"200\">10. Inspecci\u00f3n y pruebas<\/td>\n<td width=\"481\">Seg\u00fan API598<\/td>\n<\/tr>\n<tr>\n<td width=\"200\"><strong>Env\u00edo<\/strong><\/td>\n<td width=\"481\"><\/td>\n<\/tr>\n<tr>\n<td width=\"200\">El tiempo de entrega<\/td>\n<td width=\"481\">30 dias<\/td>\n<\/tr>\n<tr>\n<td width=\"200\">Paquete<\/td>\n<td width=\"481\">Caja de madera contrachapada de exportaci\u00f3n est\u00e1ndar<\/td>\n<\/tr>\n<tr>\n<td width=\"200\">Puerto de embarque<\/td>\n<td width=\"481\">Ningbo\/Shangh\u00e1i, China<\/td>\n<\/tr>\n<tr>\n<td width=\"200\">Condiciones de env\u00edo<\/td>\n<td width=\"481\">Exw, MANDO, CFR, CIF, etc.<\/td>\n<\/tr>\n<tr>\n<td width=\"200\">T\u00e9rminos de pago<\/td>\n<td width=\"481\">T\/T, Western Union, PayPal, etc.<\/td>\n<\/tr>\n<tr>\n<td width=\"200\"><\/td>\n<td width=\"481\">Pago anticipado de 30%, saldo de 70% pagado antes del env\u00edo<\/td>\n<\/tr>\n<tr>\n<td width=\"200\">Pa\u00eds de origen<\/td>\n<td width=\"481\">Ciudad de Wenzhou, China<\/td>\n<\/tr>\n<tr>\n<td width=\"200\">Capacidad de producci\u00f3n<\/td>\n<td width=\"481\">6000 toneladas\/a\u00f1o<\/td>\n<\/tr>\n<tr>\n<td width=\"200\">Cantidad m\u00ednima de pedido<\/td>\n<td width=\"481\">1 unidad\/tama\u00f1o<\/td>\n<\/tr>\n<\/tbody>\n<\/table>","protected":false},"excerpt":{"rendered":"<p>Modelo:STV-Q11F-800LB-DN25-C95800<\/p>\n<p>V\u00e1lvula de bola flotante forjada C95800, v\u00e1lvula STV que fabrica diferentes tipos de v\u00e1lvulas de bola industriales de acero forjado con di\u00e1metro regular (reducido) y est\u00e1ndar (paso total) con extremo atornillado, extremo para soldar y conexi\u00f3n de extremo para soldar a tope (cuello soldado). Controles TANA forjados V\u00e1lvulas de acero disponibles en presiones nominales de hasta 800 lb\/1500 lb\/2500 lb y rango de tama\u00f1o de (DN15) a 2 (DN 50) en puerto reducido y de 3\/8 a DN 40 en dise\u00f1o de puerto completo con variedad de materiales de cuerpo y accesorios.<\/p>\n<p>STV Valve Technology Group Co., Ltd es un l\u00edder profesional en China V\u00e1lvula de bola ASTM B 148 C95800, v\u00e1lvula de bola C95800 de 800 lb, v\u00e1lvula de bola C95800 de 3 piezas, v\u00e1lvula de bola C95800 de alta presi\u00f3n, v\u00e1lvula de bola de rosca C95800, fabricante de v\u00e1lvula de bola C95800 forjada de China con alta calidad y precio competitivo.<\/p>\n<p>Comun\u00edquese con nuestro sales@stvvalve.com para obtener otros materiales y detalles.<\/p>\n<p>Hoja de fecha:<a href=\"https:\/\/www.stvvalves.com\/wp-content\/uploads\/2019\/05\/c95800-forging-floating-ball-valve-800lb-dn25-npt-end-DRAWING.pdf\">V\u00e1lvula de bola flotante de forja C95800, 800 LB, DN25, extremo NPT<\/a><\/p>","protected":false},"featured_media":4865,"template":"","meta":[],"product_brand":[],"product_cat":[43,78,55],"product_tag":[897,896,895,898,899],"class_list":{"0":"post-4862","1":"product","2":"type-product","3":"status-publish","4":"has-post-thumbnail","6":"product_cat-ball-valve","7":"product_cat-floating-ball-valve","8":"product_cat-forged-steel-ball-valve","9":"product_tag-3-piece-c95800-ball-valve","10":"product_tag-800lb-c95800-ball-valve","11":"product_tag-astm-b-148-c95800-ball-valve","12":"product_tag-high-pressure-c95800-ball-valve","13":"product_tag-thread-c95800-ball-valve","15":"first","16":"instock","17":"shipping-taxable","18":"product-type-simple"},"_links":{"self":[{"href":"https:\/\/www.stvvalves.com\/es\/wp-json\/wp\/v2\/product\/4862","targetHints":{"allow":["GET"]}}],"collection":[{"href":"https:\/\/www.stvvalves.com\/es\/wp-json\/wp\/v2\/product"}],"about":[{"href":"https:\/\/www.stvvalves.com\/es\/wp-json\/wp\/v2\/types\/product"}],"wp:featuredmedia":[{"embeddable":true,"href":"https:\/\/www.stvvalves.com\/es\/wp-json\/wp\/v2\/media\/4865"}],"wp:attachment":[{"href":"https:\/\/www.stvvalves.com\/es\/wp-json\/wp\/v2\/media?parent=4862"}],"wp:term":[{"taxonomy":"product_brand","embeddable":true,"href":"https:\/\/www.stvvalves.com\/es\/wp-json\/wp\/v2\/product_brand?post=4862"},{"taxonomy":"product_cat","embeddable":true,"href":"https:\/\/www.stvvalves.com\/es\/wp-json\/wp\/v2\/product_cat?post=4862"},{"taxonomy":"product_tag","embeddable":true,"href":"https:\/\/www.stvvalves.com\/es\/wp-json\/wp\/v2\/product_tag?post=4862"}],"curies":[{"name":"wp","href":"https:\/\/api.w.org\/{rel}","templated":true}]}}