{"id":4867,"date":"2019-05-08T02:10:55","date_gmt":"2019-05-08T02:10:55","guid":{"rendered":"https:\/\/www.stvvalves.com\/?post_type=product&#038;p=4867"},"modified":"2025-02-17T18:31:57","modified_gmt":"2025-02-17T10:31:57","slug":"ggg40-knife-gate-valve-wafer-type-dn80-pn10-handwheel-operator","status":"publish","type":"product","link":"https:\/\/www.stvvalves.com\/es\/products\/ggg40-knife-gate-valve-wafer-type-dn80-pn10-handwheel-operator\/","title":{"rendered":"V\u00e1lvula de guillotina GGG40, tipo oblea, DN80, PN10, operador de volante"},"content":{"rendered":"<p>V\u00e1lvula de guillotina GGG40, tipo oblea, DN80, PN10, operador de volante<br \/>\nTarifa: PN10<\/p>\n<p>Tama\u00f1o: NPS2-48 (DN50-DN1200)<\/p>\n<p>Conexi\u00f3n: tipo oblea, tipo brida, tipo lug, tipo soldado<\/p>\n<p>Tipo de sello: Blando o met\u00e1lico<\/p>\n<p>Materiales: GGG40-A356, CF8-A351, CF8M-A351<\/p>\n<p>Tipo de accionamiento: Volante, volante de cadena, engranaje c\u00f3nico, el\u00e9ctrico, neum\u00e1tico.<\/p>\n<p>1. La v\u00e1lvula adopta un dise\u00f1o integral, con peque\u00f1a resistencia al fluido y operaci\u00f3n flexible.<\/p>\n<p>2. El tornillo de accionamiento de la v\u00e1lvula de guillotina manual adopta el dise\u00f1o de cojinete de doble plano, lo que reduce considerablemente la fuerza de fricci\u00f3n de la transmisi\u00f3n, de modo que la v\u00e1lvula se puede abrir f\u00e1cil y f\u00e1cilmente.<\/p>\n<p>3, utilizando el sello del asiento del sello de la v\u00e1lvula de guillotina de tipo m\u00f3vil, y UTILIZA la junta t\u00f3rica precargada con fuerza de preapriete para hacer que el asiento del sello est\u00e9 cerca del disco, la cantidad de fuga se reduce considerablemente, el desgaste del par de sellado en el uso a largo plazo de Funci\u00f3n de compensaci\u00f3n autom\u00e1tica para mejorar la vida \u00fatil.<\/p>\n<p>4. Garra gu\u00eda fija, sin dise\u00f1o de ranura, no es f\u00e1cil causar acumulaci\u00f3n de medios o resistencia a la tarjeta.<\/p>\n<p>5. el asiento puede ser de acuerdo con las necesidades del medio y las condiciones, elija un sello duro de metal o un sello blando: el ariete adopta un tratamiento de superficie cromada o de nitruraci\u00f3n i\u00f3nica, hace que el ariete sea m\u00e1s resistente al desgaste, mayor vida \u00fatil de la cara de sellado; Sello de asiento de PTFE opcional o asiento de PTFE mejorado o tripropileno, caucho but\u00edlico, buen sellado, resistente a la corrosi\u00f3n.<\/p>\n<p>6. Amplia gama de adaptaci\u00f3n de medios: buen rendimiento de sellado y viabilidad econ\u00f3mica, operaci\u00f3n<\/p>\n<table>\n<tbody>\n<tr>\n<td width=\"200\"><strong>nombre del producto<\/strong><\/td>\n<td width=\"481\">V\u00e1lvula de guillotina GGG40, tipo oblea, DN80, PN10, operador de volante<\/td>\n<\/tr>\n<tr>\n<td width=\"200\">1. Materiales<\/td>\n<td width=\"481\">DI<\/td>\n<\/tr>\n<tr>\n<td width=\"200\">2. Tama\u00f1o<\/td>\n<td width=\"481\">3\u201d<\/td>\n<\/tr>\n<tr>\n<td width=\"200\">4. Puerto<\/td>\n<td width=\"481\">Puerto lleno<\/td>\n<\/tr>\n<tr>\n<td width=\"200\">5. Presi\u00f3n de trabajo<\/td>\n<td width=\"481\">PN10<\/td>\n<\/tr>\n<tr>\n<td width=\"200\">6. La conexi\u00f3n finaliza<\/td>\n<td width=\"481\">OBLEA<\/td>\n<\/tr>\n<tr>\n<td width=\"200\">7. Temperatura de trabajo.<\/td>\n<td width=\"481\">-29~120\u00baC,<\/td>\n<\/tr>\n<tr>\n<td width=\"200\">8. Medio adecuado<\/td>\n<td width=\"481\">Agua, Gas Natural, Petr\u00f3leo y alg\u00fan l\u00edquido corrosivo<\/td>\n<\/tr>\n<tr>\n<td width=\"200\">9. Operado<\/td>\n<td width=\"481\">Volante<\/td>\n<\/tr>\n<tr>\n<td width=\"200\">10. Inspecci\u00f3n y pruebas<\/td>\n<td width=\"481\">Seg\u00fan API598<\/td>\n<\/tr>\n<tr>\n<td width=\"200\"><strong>Env\u00edo<\/strong><\/td>\n<td width=\"481\"><\/td>\n<\/tr>\n<tr>\n<td width=\"200\">El tiempo de entrega<\/td>\n<td width=\"481\">30 dias<\/td>\n<\/tr>\n<tr>\n<td width=\"200\">Paquete<\/td>\n<td width=\"481\">Caja de madera contrachapada de exportaci\u00f3n est\u00e1ndar<\/td>\n<\/tr>\n<tr>\n<td width=\"200\">Puerto de embarque<\/td>\n<td width=\"481\">Ningbo\/Shangh\u00e1i, China<\/td>\n<\/tr>\n<tr>\n<td width=\"200\">Condiciones de env\u00edo<\/td>\n<td width=\"481\">Exw, MANDO, CFR, CIF, etc.<\/td>\n<\/tr>\n<tr>\n<td width=\"200\">T\u00e9rminos de pago<\/td>\n<td width=\"481\">T\/T, Western Union, PayPal, etc.<\/td>\n<\/tr>\n<tr>\n<td width=\"200\"><\/td>\n<td width=\"481\">Pago anticipado de 30%, saldo de 70% pagado antes del env\u00edo<\/td>\n<\/tr>\n<tr>\n<td width=\"200\">Pa\u00eds de origen<\/td>\n<td width=\"481\">Ciudad de Wenzhou, China<\/td>\n<\/tr>\n<tr>\n<td width=\"200\">Capacidad de producci\u00f3n<\/td>\n<td width=\"481\">6000 toneladas\/a\u00f1o<\/td>\n<\/tr>\n<tr>\n<td width=\"200\">Cantidad m\u00ednima de pedido<\/td>\n<td width=\"481\">1 unidad\/tama\u00f1o<\/td>\n<\/tr>\n<\/tbody>\n<\/table>\n<p>&nbsp;<\/p>","protected":false},"excerpt":{"rendered":"<p>Modelo:STV-PZ73X-PN10-GGG40-DN80<\/p>\n<p>La v\u00e1lvula de guillotina GGG40 est\u00e1 disponible en varios dise\u00f1os, cuerpo de una pieza y cuerpos de dos piezas, v\u00e1stago ascendente y no ascendente, estructuras unidireccionales y bidireccionales, anillos de asiento met\u00e1licos y resistentes, dise\u00f1os con casquete atornillado y sin cap\u00f3. Para dise\u00f1os opcionales, el cono de deflexi\u00f3n podr\u00eda desviar el flujo de lodos abrasivos y proteger el asiento de la v\u00e1lvula de la abrasi\u00f3n. El dise\u00f1o de disco con puerto en V y conducto pasante se utiliza para el servicio de estrangulaci\u00f3n, seg\u00fan los requisitos del cliente.<\/p>\n<p>Nuestras industrias de servicios de v\u00e1lvulas de guillotina incluyen: energ\u00eda, petroqu\u00edmica, metal\u00fargica, qu\u00edmica, miner\u00eda, fabricaci\u00f3n de papel, protecci\u00f3n ambiental, bioqu\u00edmica, farmac\u00e9utica, petr\u00f3leo, electricidad, impresi\u00f3n y te\u00f1ido, industria ligera, alimentos, tabaco, az\u00facar, bebidas y otros campos.<\/p>\n<p>STV Valve Technology Group Co., Ltd es un l\u00edder profesional en China V\u00e1lvula de compuerta de cuchilla GGG40 de hierro d\u00factil, v\u00e1lvula de compuerta de cuchilla GGG40\/GGG50, v\u00e1lvula de compuerta de cuchilla con asiento de EPDM pn10, v\u00e1lvula de compuerta de cuchilla tipo wafer, v\u00e1lvula de compuerta de cuchilla DN80 GGG40, v\u00e1lvula de compuerta de cuchilla DN80 GGG40 , V\u00e1lvula de compuerta de cuchilla PN10 GGG40, fabricante de v\u00e1lvula de compuerta de cuchilla con operador de volante con alta calidad y bajo precio.<br \/>\nPara obtener m\u00e1s informaci\u00f3n sobre estas v\u00e1lvulas, p\u00f3ngase en contacto con nuestro sales@stvvalve.com<br \/>\nHoja de datos:V\u00e1lvula de compuerta de cuchilla GGG40, tipo oblea, DN80,PN10, operador de volante<\/p>\n<p>&nbsp;<\/p>","protected":false},"featured_media":4869,"template":"","meta":[],"product_brand":[],"product_cat":[44,62],"product_tag":[903,900,902,901,904,905,146],"class_list":{"0":"post-4867","1":"product","2":"type-product","3":"status-publish","4":"has-post-thumbnail","6":"product_cat-gate-valve","7":"product_cat-knife-gate-valve","8":"product_tag-dn80-ggg40-knife-gate-valve","9":"product_tag-ductile-iron-ggg40-knife-gate-valve","10":"product_tag-epdm-seat-knife-gate-valve-pn10","11":"product_tag-ggg40-ggg50-knife-gate-valve","12":"product_tag-handwheel-operator-knife-gate-valve-manufacturer","13":"product_tag-pn10-ggg40-knife-gate-valve","14":"product_tag-wafer-knife-gate-valve","16":"first","17":"instock","18":"shipping-taxable","19":"product-type-simple"},"_links":{"self":[{"href":"https:\/\/www.stvvalves.com\/es\/wp-json\/wp\/v2\/product\/4867","targetHints":{"allow":["GET"]}}],"collection":[{"href":"https:\/\/www.stvvalves.com\/es\/wp-json\/wp\/v2\/product"}],"about":[{"href":"https:\/\/www.stvvalves.com\/es\/wp-json\/wp\/v2\/types\/product"}],"wp:featuredmedia":[{"embeddable":true,"href":"https:\/\/www.stvvalves.com\/es\/wp-json\/wp\/v2\/media\/4869"}],"wp:attachment":[{"href":"https:\/\/www.stvvalves.com\/es\/wp-json\/wp\/v2\/media?parent=4867"}],"wp:term":[{"taxonomy":"product_brand","embeddable":true,"href":"https:\/\/www.stvvalves.com\/es\/wp-json\/wp\/v2\/product_brand?post=4867"},{"taxonomy":"product_cat","embeddable":true,"href":"https:\/\/www.stvvalves.com\/es\/wp-json\/wp\/v2\/product_cat?post=4867"},{"taxonomy":"product_tag","embeddable":true,"href":"https:\/\/www.stvvalves.com\/es\/wp-json\/wp\/v2\/product_tag?post=4867"}],"curies":[{"name":"wp","href":"https:\/\/api.w.org\/{rel}","templated":true}]}}