{"id":4874,"date":"2019-05-17T02:58:23","date_gmt":"2019-05-17T02:58:23","guid":{"rendered":"https:\/\/www.stvvalves.com\/?post_type=product&#038;p=4874"},"modified":"2025-02-17T18:31:55","modified_gmt":"2025-02-17T10:31:55","slug":"api-602-2500lb-globe-valve-a105n-body-dn50-bw-end","status":"publish","type":"product","link":"https:\/\/www.stvvalves.com\/es\/products\/api-602-2500lb-globe-valve-a105n-body-dn50-bw-end\/","title":{"rendered":"V\u00e1lvula de globo API 602 2500LB, cuerpo A105N, DN50, extremo BW"},"content":{"rendered":"<p>El dise\u00f1o y la fabricaci\u00f3n cumplen con BS 5352, ANSI B16.34<\/p>\n<p>Los extremos de conexi\u00f3n cumplen con:<\/p>\n<p>1. Los extremos soldados del z\u00f3calo cumplen con ANSI B16.11<\/p>\n<p>2. Los extremos de los tornillos cumplen con ANSI B1.20.1<\/p>\n<p>3..Los extremos soldados a tope cumplen con ANSI B16.25<\/p>\n<p>La prueba y la inspecci\u00f3n cumplen con: API 598<\/p>\n<p>1) Informaci\u00f3n del producto: las v\u00e1lvulas suministradas se utilizan principalmente para agua, aire, petr\u00f3leo, gas.<br \/>\n2) Tipo de conexi\u00f3n: tipo bridado, tipo de soldadura por enchufe, tipo de soldadura a tope, tipo de tornillo<br \/>\n3) Materiales:<br \/>\na) Carrocer\u00eda: A105, LCB, F11, F22, F304, F316, F304L, F316L<br \/>\nb) Disco: A105, LCB, F11, F22, F304, F316, F304L, F316L<br \/>\nc) V\u00e1stago: F6a, F11, F22, F304, F316, F304L, F316L<br \/>\nd) Cap\u00f3: A105, LCB, F11, F22, F304, F316, F304L, F316L<br \/>\n4) Tama\u00f1o: 15-50 mm\/1\/2\u2033 \u2013 2\u2033<br \/>\n5) Grado de presi\u00f3n: PN16~PN100, 150Lb~2500Lb<br \/>\n6) Revestimiento: Revestimiento seg\u00fan los requisitos del cliente.<br \/>\n7) Paquete: Cajas de madera<\/p>\n<p>&nbsp;<\/p>\n<table>\n<tbody>\n<tr>\n<td width=\"200\"><strong>nombre del producto<\/strong><\/td>\n<td width=\"481\">V\u00e1lvula de globo API 602 2500LB, cuerpo A105N, DN50, extremo BW<\/td>\n<\/tr>\n<tr>\n<td width=\"200\">1. Materiales<\/td>\n<td width=\"481\">A105N<\/td>\n<\/tr>\n<tr>\n<td width=\"200\">2. Tama\u00f1o<\/td>\n<td width=\"481\">2\u201d<\/td>\n<\/tr>\n<tr>\n<td width=\"200\">4. Puerto<\/td>\n<td width=\"481\">Puerto reductor<\/td>\n<\/tr>\n<tr>\n<td width=\"200\">5. Presi\u00f3n de trabajo<\/td>\n<td width=\"481\">2500 libras<\/td>\n<\/tr>\n<tr>\n<td width=\"200\">6. La conexi\u00f3n finaliza<\/td>\n<td width=\"481\">peso corporal<\/td>\n<\/tr>\n<tr>\n<td width=\"200\">7. Temperatura de trabajo.<\/td>\n<td width=\"481\">-29~425\u00baC,<\/td>\n<\/tr>\n<tr>\n<td width=\"200\">8. Medio adecuado<\/td>\n<td width=\"481\">Agua, Gas Natural, Petr\u00f3leo y alg\u00fan l\u00edquido corrosivo<\/td>\n<\/tr>\n<tr>\n<td width=\"200\">9. Operado<\/td>\n<td width=\"481\">Volante<\/td>\n<\/tr>\n<tr>\n<td width=\"200\">10. Inspecci\u00f3n y pruebas<\/td>\n<td width=\"481\">Seg\u00fan API598<\/td>\n<\/tr>\n<tr>\n<td width=\"200\"><strong>Env\u00edo<\/strong><\/td>\n<td width=\"481\"><\/td>\n<\/tr>\n<tr>\n<td width=\"200\">El tiempo de entrega<\/td>\n<td width=\"481\">30 dias<\/td>\n<\/tr>\n<tr>\n<td width=\"200\">Paquete<\/td>\n<td width=\"481\">Caja de madera contrachapada de exportaci\u00f3n est\u00e1ndar<\/td>\n<\/tr>\n<tr>\n<td width=\"200\">Puerto de embarque<\/td>\n<td width=\"481\">Ningbo\/Shangh\u00e1i, China<\/td>\n<\/tr>\n<tr>\n<td width=\"200\">Condiciones de env\u00edo<\/td>\n<td width=\"481\">Exw, MANDO, CFR, CIF, etc.<\/td>\n<\/tr>\n<tr>\n<td width=\"200\">T\u00e9rminos de pago<\/td>\n<td width=\"481\">T\/T, Western Union, PayPal, etc.<\/td>\n<\/tr>\n<tr>\n<td width=\"200\"><\/td>\n<td width=\"481\">Pago anticipado de 30%, saldo de 70% pagado antes del env\u00edo<\/td>\n<\/tr>\n<tr>\n<td width=\"200\">Pa\u00eds de origen<\/td>\n<td width=\"481\">Ciudad de Wenzhou, China<\/td>\n<\/tr>\n<tr>\n<td width=\"200\">Capacidad de producci\u00f3n<\/td>\n<td width=\"481\">6000 toneladas\/a\u00f1o<\/td>\n<\/tr>\n<tr>\n<td width=\"200\">Cantidad m\u00ednima de pedido<\/td>\n<td width=\"481\">1 unidad\/tama\u00f1o<\/td>\n<\/tr>\n<\/tbody>\n<\/table>","protected":false},"excerpt":{"rendered":"<h1 class=\"product_title entry-title\">V\u00e1lvula de globo API 602 2500LB, cuerpo A105N, DN50, extremo BW<\/h1>\n<div class=\"woocommerce-product-details__short-description\">\n<p>Modelo:STV-PJ61Y-2500LB-DN50-A105N<\/p>\n<p>La v\u00e1lvula de globo de acero forjado es la v\u00e1lvula que mueve el miembro de cierre (v\u00e1lvula) a lo largo de la l\u00ednea central del asiento. Dependiendo de la forma de movimiento de la trampilla, el cambio en la apertura del asiento es proporcional al recorrido de la trampilla. Debido a la carrera de apertura o cierre relativamente corta de la v\u00e1lvula de globo de acero forjado y a la funci\u00f3n de cierre muy confiable, la v\u00e1lvula de globo de acero forjado tambi\u00e9n es adecuada para el caudal debido al cambio de la apertura del asiento de la v\u00e1lvula y la carrera de la trampilla de v\u00e1lvula. Ajustamiento. Por lo tanto, las v\u00e1lvulas de cierre de acero forjado son ideales para usar como corte o ajuste y estrangulaci\u00f3n. La ventaja m\u00e1s obvia de la v\u00e1lvula de cierre de acero forjado es que la v\u00e1lvula de cierre de acero forjado es resistente al desgaste durante el proceso de apertura y cierre porque la fricci\u00f3n entre la aleta de la v\u00e1lvula y la superficie de sellado del cuerpo de la v\u00e1lvula es menor que la de la v\u00e1lvula de compuerta. . La altura de apertura es generalmente s\u00f3lo 1\/4 del di\u00e1metro del canal del asiento y, por lo tanto, mucho m\u00e1s peque\u00f1a que la v\u00e1lvula de compuerta. Por lo general, solo hay una superficie de sellado en el cuerpo de la v\u00e1lvula y en la tapa de la v\u00e1lvula, por lo que el proceso de fabricaci\u00f3n es mejor y m\u00e1s f\u00e1cil de reparar.<\/p>\n<p>STV Valve Technology Group Co., Ltd es un l\u00edder profesional en China V\u00e1lvula de globo API 602 2500LB, v\u00e1lvula de globo con capo con sello de presi\u00f3n, v\u00e1lvula de globo con capo con sello de presi\u00f3n DN50, v\u00e1lvula de globo con capo con sello de presi\u00f3n de acero forjado, v\u00e1lvula de globo con capo con sello de presi\u00f3n A105N, presi\u00f3n final BW Fabricante de v\u00e1lvulas de globo con cap\u00f3 de sello con alta calidad y precio competitivo.<\/p>\n<p>Comun\u00edquese con nuestro sales@stvvalve.com para obtener otros materiales y detalles.<\/p>\n<p>Hoja de fecha:<a href=\"https:\/\/www.stvvalves.com\/wp-content\/uploads\/2019\/05\/api-602-2500lb-globe-valve-a105n-body-dn50-bw-end-draqing.pdf\">V\u00e1lvula de globo API 602 2500LB, cuerpo A105N, DN50, extremo BW<\/a><\/p>\n<\/div>","protected":false},"featured_media":4881,"template":"","meta":[],"product_brand":[],"product_cat":[64,45],"product_tag":[909,906,908,910,907],"class_list":{"0":"post-4874","1":"product","2":"type-product","3":"status-publish","4":"has-post-thumbnail","6":"product_cat-foreged-steel-globe-valve","7":"product_cat-globe-valve","8":"product_tag-a105n-pressure-seal-bonnet-globe-valve","9":"product_tag-api-602-2500lb-globe-valve","10":"product_tag-bw-end-pressure-seal-bonnet-globe-valve","11":"product_tag-forged-steel-pressure-seal-bonnet-globe-valve","12":"product_tag-pressure-seal-bonnet-globe-valve","14":"first","15":"instock","16":"shipping-taxable","17":"product-type-simple"},"_links":{"self":[{"href":"https:\/\/www.stvvalves.com\/es\/wp-json\/wp\/v2\/product\/4874","targetHints":{"allow":["GET"]}}],"collection":[{"href":"https:\/\/www.stvvalves.com\/es\/wp-json\/wp\/v2\/product"}],"about":[{"href":"https:\/\/www.stvvalves.com\/es\/wp-json\/wp\/v2\/types\/product"}],"wp:featuredmedia":[{"embeddable":true,"href":"https:\/\/www.stvvalves.com\/es\/wp-json\/wp\/v2\/media\/4881"}],"wp:attachment":[{"href":"https:\/\/www.stvvalves.com\/es\/wp-json\/wp\/v2\/media?parent=4874"}],"wp:term":[{"taxonomy":"product_brand","embeddable":true,"href":"https:\/\/www.stvvalves.com\/es\/wp-json\/wp\/v2\/product_brand?post=4874"},{"taxonomy":"product_cat","embeddable":true,"href":"https:\/\/www.stvvalves.com\/es\/wp-json\/wp\/v2\/product_cat?post=4874"},{"taxonomy":"product_tag","embeddable":true,"href":"https:\/\/www.stvvalves.com\/es\/wp-json\/wp\/v2\/product_tag?post=4874"}],"curies":[{"name":"wp","href":"https:\/\/api.w.org\/{rel}","templated":true}]}}