{"id":4898,"date":"2019-05-26T15:16:36","date_gmt":"2019-05-26T15:16:36","guid":{"rendered":"https:\/\/www.stvvalves.com\/?post_type=product&#038;p=4898"},"modified":"2025-02-17T18:31:54","modified_gmt":"2025-02-17T10:31:54","slug":"din-bellows-seal-globe-valves-gg25-body-pn16-dn250","status":"publish","type":"product","link":"https:\/\/www.stvvalves.com\/es\/products\/din-bellows-seal-globe-valves-gg25-body-pn16-dn250\/","title":{"rendered":"V\u00e1lvulas de globo con sello de fuelle DIN, cuerpo GG25, PN16, DN250"},"content":{"rendered":"<p class=\"p0\">Caracter\u00edsticas de las v\u00e1lvulas de sellado de fuelle:<br \/>\n\u25cfSello de fuelle de doble pared de serie.<br \/>\n\u25cfTap\u00f3n con asiento marginal<br \/>\n\u25cfSello de fuelle soldado al cap\u00f3.<br \/>\n\u25cfAsiento soldado<br \/>\n\u25cf Fuelles sellan 10.000 ciclos de carga.<br \/>\n\u25cf Rosca externa del v\u00e1stago<br \/>\n\u25cfSellado secundario: empaquetadura (con puente)<br \/>\n\u25cf Sello posterior del v\u00e1stago<br \/>\n\u25cf Junta de yugo, de doble c\u00e1mara<br \/>\n\u25cf V\u00e1stago con rosca endurecida por rodillo<br \/>\nEspecificaci\u00f3n t\u00e9cnica<br \/>\nEst\u00e1ndar de dise\u00f1o: DIN 3356<br \/>\nDimensi\u00f3n cara a cara: DIN 3202<br \/>\nExtremos de brida: DIN 2543-2545<br \/>\nPrueba e inspecci\u00f3n: DIN 3230<\/p>\n<p>Aplicaci\u00f3n: Sistema de aceite caliente, sistema de vapor, sistema de agua fr\u00eda y caliente, etc.<br \/>\nMedio:Vapor, gases, agua caliente, aceite t\u00e9rmico, amoniaco, etc.<br \/>\nMateriales: GG25(EN-GJL-250),GGG40,1.0619+N(GS-C25),1.4308(CF8), 1.4408(CF8M)<br \/>\nMateriales de fuelle: SS304, SS316, SS316L,SS 310S, Hastelly C<br \/>\nRango de tama\u00f1o: DN15-DN400<br \/>\nPresi\u00f3n: PN16-PN40<br \/>\nTemperatura: \u2264600 \u2103<\/p>\n<table>\n<tbody>\n<tr>\n<td width=\"200\"><strong>nombre del producto<\/strong><\/td>\n<td width=\"481\">V\u00e1lvulas de globo con sello de fuelle DIN, cuerpo GG25, PN16, DN250<\/td>\n<\/tr>\n<tr>\n<td width=\"200\">1. Materiales<\/td>\n<td width=\"481\">GG25<\/td>\n<\/tr>\n<tr>\n<td width=\"200\">2. Tama\u00f1o<\/td>\n<td width=\"481\">10\u201d<\/td>\n<\/tr>\n<tr>\n<td width=\"200\">4. Puerto<\/td>\n<td width=\"481\">Puerto lleno<\/td>\n<\/tr>\n<tr>\n<td width=\"200\">5. Presi\u00f3n de trabajo<\/td>\n<td width=\"481\">PN16<\/td>\n<\/tr>\n<tr>\n<td width=\"200\">6. La conexi\u00f3n finaliza<\/td>\n<td width=\"481\">RF<\/td>\n<\/tr>\n<tr>\n<td width=\"200\">7. Temperatura de trabajo.<\/td>\n<td width=\"481\">-29~425\u00baC,<\/td>\n<\/tr>\n<tr>\n<td width=\"200\">8. Medio adecuado<\/td>\n<td width=\"481\">Agua, Gas Natural, Petr\u00f3leo y alg\u00fan l\u00edquido corrosivo<\/td>\n<\/tr>\n<tr>\n<td width=\"200\">9. Operado<\/td>\n<td width=\"481\">Volante<\/td>\n<\/tr>\n<tr>\n<td width=\"200\">10. Inspecci\u00f3n y pruebas<\/td>\n<td width=\"481\">Seg\u00fan DIN 3230<\/td>\n<\/tr>\n<tr>\n<td width=\"200\"><strong>Env\u00edo<\/strong><\/td>\n<td width=\"481\"><\/td>\n<\/tr>\n<tr>\n<td width=\"200\">El tiempo de entrega<\/td>\n<td width=\"481\">30 dias<\/td>\n<\/tr>\n<tr>\n<td width=\"200\">Paquete<\/td>\n<td width=\"481\">Caja de madera contrachapada de exportaci\u00f3n est\u00e1ndar<\/td>\n<\/tr>\n<tr>\n<td width=\"200\">Puerto de embarque<\/td>\n<td width=\"481\">Ningbo\/Shangh\u00e1i, China<\/td>\n<\/tr>\n<tr>\n<td width=\"200\">Condiciones de env\u00edo<\/td>\n<td width=\"481\">Exw, MANDO, CFR, CIF, etc.<\/td>\n<\/tr>\n<tr>\n<td width=\"200\">T\u00e9rminos de pago<\/td>\n<td width=\"481\">T\/T, Western Union, PayPal, etc.<\/td>\n<\/tr>\n<tr>\n<td width=\"200\"><\/td>\n<td width=\"481\">Pago anticipado de 30%, saldo de 70% pagado antes del env\u00edo<\/td>\n<\/tr>\n<tr>\n<td width=\"200\">Pa\u00eds de origen<\/td>\n<td width=\"481\">Ciudad de Wenzhou, China<\/td>\n<\/tr>\n<tr>\n<td width=\"200\">Capacidad de producci\u00f3n<\/td>\n<td width=\"481\">6000 toneladas\/a\u00f1o<\/td>\n<\/tr>\n<tr>\n<td width=\"200\">Cantidad m\u00ednima de pedido<\/td>\n<td width=\"481\">1 unidad\/tama\u00f1o<\/td>\n<\/tr>\n<\/tbody>\n<\/table>","protected":false},"excerpt":{"rendered":"<p>Modelo:STV-WJ41Y-PN40-WCB-DN100<\/p>\n<p>La v\u00e1lvula de globo con sello de fuelle DIN seg\u00fan DIN EN es aplicable al corte y conexi\u00f3n de tuber\u00edas que se utilizan en diversas industrias, como la industria qu\u00edmica del petr\u00f3leo, farmacia, fertilizantes qu\u00edmicos, industria de energ\u00eda el\u00e9ctrica, etc., bajo una presi\u00f3n nominal de PN1.6-16MPa y de trabajo. temperatura de -29\u00b0C \u2013 350\u00b0C<\/p>\n<div class=\"woocommerce-product-details__short-description\">\n<p>STV Valve Technology Group Co., Ltd es un l\u00edder profesional en China, v\u00e1lvula de globo con sello de fuelle, v\u00e1lvula de globo con sello de fuelle est\u00e1ndar DIN, v\u00e1lvula de globo de fuelle GG25, v\u00e1lvula de cierre de fuelle DIN, v\u00e1lvula de globo sellada con fuelle Ansi 150LB con alta calidad y precio competitivo.<\/p>\n<p>Comun\u00edquese con nuestro sales@stvvalve.com para obtener otros materiales y detalles.<\/p>\n<p>Hoja de fecha:<a href=\"https:\/\/www.stvvalves.com\/wp-content\/uploads\/2019\/05\/DIN-Bellows-Seal-Globe-Valves-GG25-Body-PN16-DN250-drawing.pdf\">V\u00e1lvulas de globo con sello de fuelle DIN, cuerpo GG25, PN16, DN250<\/a><\/p>\n<\/div>\n<form class=\"cart\" action=\"https:\/\/www.stvvalves.com\/es\/product\/1500lb-forged-steel-weld-bonnet-gate-valvea105n-bodydn50socket-weld-end\/\" enctype=\"multipart\/form-data\" method=\"post\" data-trp-original-action=\"https:\/\/www.stvvalves.com\/product\/1500lb-forged-steel-weld-bonnet-gate-valvea105n-bodydn50socket-weld-end\/\">\n<div class=\"wcpa_form_outer\"><\/div>\n<div class=\"quantity\"><\/div>\n<div class=\"addquotelistlink\">\n<div class=\"quotelistadd_prodpage\"><\/div>\n<\/div>\n<input type=\"hidden\" name=\"trp-form-language\" value=\"es\"\/><\/form>","protected":false},"featured_media":4901,"template":"","meta":[],"product_brand":[],"product_cat":[65,45],"product_tag":[1011,915,1010,914,916],"class_list":{"0":"post-4898","1":"product","2":"type-product","3":"status-publish","4":"has-post-thumbnail","6":"product_cat-bellow-seal-globe-valve","7":"product_cat-globe-valve","8":"product_tag-ansi-150lb-bellow-sealed-globe-valve","9":"product_tag-bellows-seal-globe-valve","10":"product_tag-din-bellow-stop-valve","11":"product_tag-din-standard-bellows-seal-globe-valve","12":"product_tag-gg25-bellow-globe-valve","14":"first","15":"instock","16":"shipping-taxable","17":"product-type-simple"},"_links":{"self":[{"href":"https:\/\/www.stvvalves.com\/es\/wp-json\/wp\/v2\/product\/4898","targetHints":{"allow":["GET"]}}],"collection":[{"href":"https:\/\/www.stvvalves.com\/es\/wp-json\/wp\/v2\/product"}],"about":[{"href":"https:\/\/www.stvvalves.com\/es\/wp-json\/wp\/v2\/types\/product"}],"wp:featuredmedia":[{"embeddable":true,"href":"https:\/\/www.stvvalves.com\/es\/wp-json\/wp\/v2\/media\/4901"}],"wp:attachment":[{"href":"https:\/\/www.stvvalves.com\/es\/wp-json\/wp\/v2\/media?parent=4898"}],"wp:term":[{"taxonomy":"product_brand","embeddable":true,"href":"https:\/\/www.stvvalves.com\/es\/wp-json\/wp\/v2\/product_brand?post=4898"},{"taxonomy":"product_cat","embeddable":true,"href":"https:\/\/www.stvvalves.com\/es\/wp-json\/wp\/v2\/product_cat?post=4898"},{"taxonomy":"product_tag","embeddable":true,"href":"https:\/\/www.stvvalves.com\/es\/wp-json\/wp\/v2\/product_tag?post=4898"}],"curies":[{"name":"wp","href":"https:\/\/api.w.org\/{rel}","templated":true}]}}