{"id":4919,"date":"2019-06-06T03:25:50","date_gmt":"2019-06-06T03:25:50","guid":{"rendered":"https:\/\/www.stvvalves.com\/?post_type=product&#038;p=4919"},"modified":"2025-02-17T18:31:51","modified_gmt":"2025-02-17T10:31:51","slug":"api-603-300lb-swing-check-valve-cf8-body-18-inch-flange-end","status":"publish","type":"product","link":"https:\/\/www.stvvalves.com\/es\/products\/api-603-300lb-swing-check-valve-cf8-body-18-inch-flange-end\/","title":{"rendered":"V\u00e1lvula de retenci\u00f3n oscilante API 603 300LB, cuerpo CF8, 18 pulgadas, extremo con brida"},"content":{"rendered":"<p><!--StartFragment --><\/p>\n<div>V\u00e1lvula de retenci\u00f3n oscilante API 603 300LB, cuerpo CF8, 18 pulgadas, extremo con brida<\/div>\n<div>V\u00c1LVULA DE RETENCI\u00d3N DE GIRO CLASE 150~1500Cubierta atornillada, disco tipo giro<br \/>\nAnillo de asiento roscado o soldado<br \/>\nASTM A216 WCB, A217 WC6, A351CF8, A351CF8M,<br \/>\nA351 CF3,A351 CF3M,A351 CN7M<br \/>\nCumplimiento de est\u00e1ndares<br \/>\nDise\u00f1o y fabricaci\u00f3n: ANSIB16.34,API6D,BS11868<br \/>\nCara a cara (de extremo a extremo): ANSIB16.10,API6D<br \/>\nConexi\u00f3n bridada: 2~~24~a ANSIB16.5\uff3f<br \/>\n2~,26~~36~a MSS-SP-44\uff1b~a API605 bajo pedido<br \/>\nExtremo soldado a tope: ANSIB16.25<br \/>\nPrueba e inspecci\u00f3n: API598,API6D<\/p>\n<div id=\"attachment_4920\" style=\"width: 2348px\" class=\"wp-caption alignleft\"><img loading=\"lazy\" decoding=\"async\" aria-describedby=\"caption-attachment-4920\" class=\"size-full wp-image-4920\" src=\"https:\/\/www.stvvalves.com\/wp-content\/uploads\/2019\/06\/api-603-300lb-swing-check-valve-cf8-body-18-inch-flange-end-drawing.jpg\" alt=\"\" width=\"2338\" height=\"1653\" srcset=\"https:\/\/www.stvvalves.com\/wp-content\/uploads\/2019\/06\/api-603-300lb-swing-check-valve-cf8-body-18-inch-flange-end-drawing.jpg 2338w, https:\/\/www.stvvalves.com\/wp-content\/uploads\/2019\/06\/api-603-300lb-swing-check-valve-cf8-body-18-inch-flange-end-drawing-600x424.jpg 600w, https:\/\/www.stvvalves.com\/wp-content\/uploads\/2019\/06\/api-603-300lb-swing-check-valve-cf8-body-18-inch-flange-end-drawing-300x212.jpg 300w, https:\/\/www.stvvalves.com\/wp-content\/uploads\/2019\/06\/api-603-300lb-swing-check-valve-cf8-body-18-inch-flange-end-drawing-768x543.jpg 768w, https:\/\/www.stvvalves.com\/wp-content\/uploads\/2019\/06\/api-603-300lb-swing-check-valve-cf8-body-18-inch-flange-end-drawing-1030x728.jpg 1030w, https:\/\/www.stvvalves.com\/wp-content\/uploads\/2019\/06\/api-603-300lb-swing-check-valve-cf8-body-18-inch-flange-end-drawing-1500x1061.jpg 1500w, https:\/\/www.stvvalves.com\/wp-content\/uploads\/2019\/06\/api-603-300lb-swing-check-valve-cf8-body-18-inch-flange-end-drawing-260x185.jpg 260w, https:\/\/www.stvvalves.com\/wp-content\/uploads\/2019\/06\/api-603-300lb-swing-check-valve-cf8-body-18-inch-flange-end-drawing-705x498.jpg 705w\" sizes=\"auto, (max-width: 2338px) 100vw, 2338px\" \/><p id=\"caption-attachment-4920\" class=\"wp-caption-text\">V\u00e1lvula de retenci\u00f3n de acero inoxidable,V\u00e1lvula de retenci\u00f3n abatible API 603,V\u00e1lvula de retenci\u00f3n abatible de 300LB,V\u00e1lvula de retenci\u00f3n abatible con brida de 18 pulgadas,Fabricante de v\u00e1lvula de retenci\u00f3n 316 en China<\/p><\/div>\n<\/div>","protected":false},"excerpt":{"rendered":"<div class=\"woocommerce-product-details__short-description\">\n<p>Modelo:STV-H44H-300LB-CF8-18\u2033<\/p>\n<p>Las v\u00e1lvulas de retenci\u00f3n est\u00e1ndar API 603 se utilizan en tuber\u00edas Clase 150-300, PN2.0-5.0 MPa, temperatura de trabajo-29-500 C para cortar o conectar el medio en la tuber\u00eda. Se pueden utilizar diferentes materiales en \u00e1cido n\u00edtrico, \u00e1cido ac\u00e9tico, medio oxidante, urea y otros medios corrosivos. Tambi\u00e9n se pueden utilizar en agua, vapor, aceite y otros medios no corrosivos o corrosivos d\u00e9biles.<\/p>\n<p>STV Valve Technology Group Co., Ltd es un l\u00edder profesional en v\u00e1lvulas de retenci\u00f3n de acero inoxidable de China, v\u00e1lvulas de retenci\u00f3n oscilantes API 603, v\u00e1lvulas de retenci\u00f3n oscilantes de 300 lb, v\u00e1lvulas de retenci\u00f3n oscilantes con brida de 18 pulgadas y fabricantes de v\u00e1lvulas de retenci\u00f3n 316 de China con alta calidad y precio competitivo.<\/p>\n<p>Comun\u00edquese con nuestro sales@stvvalve.com para obtener otros materiales y detalles.<\/p>\n<p>Hoja de fecha:<a href=\"http:\/\/api-603-300lb-swing-check-valve-cf8-body-18-inch-flange-end-drawing\">V\u00e1lvula de retenci\u00f3n oscilante API 603 300LB, cuerpo CF8, 18 pulgadas, extremo con brida<\/a><\/p>\n<\/div>","protected":false},"featured_media":4923,"template":"","meta":[],"product_brand":[],"product_cat":[46,67],"product_tag":[926,925,927,924,633],"class_list":{"0":"post-4919","1":"product","2":"type-product","3":"status-publish","4":"has-post-thumbnail","6":"product_cat-check-valves","7":"product_cat-stainless-steel-check-valve","8":"product_tag-18-inch-flange-swing-check-valve","9":"product_tag-300lb-swing-check-valve","10":"product_tag-316-check-valve-manufacturer","11":"product_tag-api-603-swing-check-valve","12":"product_tag-stainless-steel-check-valve","14":"first","15":"instock","16":"shipping-taxable","17":"product-type-simple"},"_links":{"self":[{"href":"https:\/\/www.stvvalves.com\/es\/wp-json\/wp\/v2\/product\/4919","targetHints":{"allow":["GET"]}}],"collection":[{"href":"https:\/\/www.stvvalves.com\/es\/wp-json\/wp\/v2\/product"}],"about":[{"href":"https:\/\/www.stvvalves.com\/es\/wp-json\/wp\/v2\/types\/product"}],"wp:featuredmedia":[{"embeddable":true,"href":"https:\/\/www.stvvalves.com\/es\/wp-json\/wp\/v2\/media\/4923"}],"wp:attachment":[{"href":"https:\/\/www.stvvalves.com\/es\/wp-json\/wp\/v2\/media?parent=4919"}],"wp:term":[{"taxonomy":"product_brand","embeddable":true,"href":"https:\/\/www.stvvalves.com\/es\/wp-json\/wp\/v2\/product_brand?post=4919"},{"taxonomy":"product_cat","embeddable":true,"href":"https:\/\/www.stvvalves.com\/es\/wp-json\/wp\/v2\/product_cat?post=4919"},{"taxonomy":"product_tag","embeddable":true,"href":"https:\/\/www.stvvalves.com\/es\/wp-json\/wp\/v2\/product_tag?post=4919"}],"curies":[{"name":"wp","href":"https:\/\/api.w.org\/{rel}","templated":true}]}}