{"id":4955,"date":"2019-06-11T02:01:26","date_gmt":"2019-06-11T02:01:26","guid":{"rendered":"https:\/\/www.stvvalves.com\/?post_type=product&#038;p=4955"},"modified":"2025-02-17T18:31:49","modified_gmt":"2025-02-17T10:31:49","slug":"y-strainer-stainless-steel-304-ansi-150lb-14-inch-flange-end","status":"publish","type":"product","link":"https:\/\/www.stvvalves.com\/es\/products\/y-strainer-stainless-steel-304-ansi-150lb-14-inch-flange-end\/","title":{"rendered":"Filtro en Y de acero inoxidable 304, ANSI 150 LB, 14 pulgadas, extremo con brida"},"content":{"rendered":"<p>Dise\u00f1o: ANSI B16.34<br \/>\nCara a cara: ANSI B 16.1<br \/>\nConexi\u00f3n de brida: ASME B16.5<br \/>\nConexi\u00f3n de soldadura a tope: ASME B16.25<br \/>\nInspecci\u00f3n y prueba, API 598<br \/>\nTama\u00f1o: 1\/2\u2033 a 32\u2033<br \/>\nPresi\u00f3n: 150 lb a 1500 lb<br \/>\nMaterial: acero forjado.<br \/>\nAcero fundido, acero inoxidable<br \/>\nDescripci\u00f3n del dise\u00f1o:<br \/>\nDise\u00f1o de puerto completo<br \/>\ntipo Y<br \/>\nPantalla de acero inoxidable<br \/>\nTapa atornillada con tap\u00f3n de drenaje<\/p>\n<table>\n<tbody>\n<tr>\n<td width=\"200\"><strong>nombre del producto<\/strong><\/td>\n<td width=\"481\">Filtro en Y de acero inoxidable 304, ANSI 150 LB, 14 pulgadas, extremo con brida<\/td>\n<\/tr>\n<tr>\n<td width=\"200\">1. Materiales<\/td>\n<td width=\"481\">304<\/td>\n<\/tr>\n<tr>\n<td width=\"200\">2. Tama\u00f1o<\/td>\n<td width=\"481\">14\u201d<\/td>\n<\/tr>\n<tr>\n<td width=\"200\">4. Puerto<\/td>\n<td width=\"481\">Puerto lleno<\/td>\n<\/tr>\n<tr>\n<td width=\"200\">5. Presi\u00f3n de trabajo<\/td>\n<td width=\"481\">150 libras<\/td>\n<\/tr>\n<tr>\n<td width=\"200\">6. La conexi\u00f3n finaliza<\/td>\n<td width=\"481\">RF<\/td>\n<\/tr>\n<tr>\n<td width=\"200\">7. Temperatura de trabajo.<\/td>\n<td width=\"481\">-29~425\u00baC,<\/td>\n<\/tr>\n<tr>\n<td width=\"200\">8. Medio adecuado<\/td>\n<td width=\"481\">Agua, Gas Natural, Petr\u00f3leo y alg\u00fan l\u00edquido corrosivo<\/td>\n<\/tr>\n<tr>\n<td width=\"200\">9. Operado<\/td>\n<td width=\"481\">\/<\/td>\n<\/tr>\n<tr>\n<td width=\"200\">10. Inspecci\u00f3n y pruebas<\/td>\n<td width=\"481\">Seg\u00fan API598<\/td>\n<\/tr>\n<tr>\n<td width=\"200\"><strong>Env\u00edo<\/strong><\/td>\n<td width=\"481\"><\/td>\n<\/tr>\n<tr>\n<td width=\"200\">El tiempo de entrega<\/td>\n<td width=\"481\">30 dias<\/td>\n<\/tr>\n<tr>\n<td width=\"200\">Paquete<\/td>\n<td width=\"481\">Caja de madera contrachapada de exportaci\u00f3n est\u00e1ndar<\/td>\n<\/tr>\n<tr>\n<td width=\"200\">Puerto de embarque<\/td>\n<td width=\"481\">Ningbo\/Shangh\u00e1i, China<\/td>\n<\/tr>\n<tr>\n<td width=\"200\">Condiciones de env\u00edo<\/td>\n<td width=\"481\">Exw, MANDO, CFR, CIF, etc.<\/td>\n<\/tr>\n<tr>\n<td width=\"200\">T\u00e9rminos de pago<\/td>\n<td width=\"481\">T\/T, Western Union, PayPal, etc.<\/td>\n<\/tr>\n<tr>\n<td width=\"200\"><\/td>\n<td width=\"481\">Pago anticipado de 30%, saldo de 70% pagado antes del env\u00edo<\/td>\n<\/tr>\n<tr>\n<td width=\"200\">Pa\u00eds de origen<\/td>\n<td width=\"481\">Ciudad de Wenzhou, China<\/td>\n<\/tr>\n<tr>\n<td width=\"200\">Capacidad de producci\u00f3n<\/td>\n<td width=\"481\">6000 toneladas\/a\u00f1o<\/td>\n<\/tr>\n<tr>\n<td width=\"200\">Cantidad m\u00ednima de pedido<\/td>\n<td width=\"481\">1 unidad\/tama\u00f1o<\/td>\n<\/tr>\n<\/tbody>\n<\/table>","protected":false},"excerpt":{"rendered":"<p>Modelo:GL41H-ANSI 150LB-CF8-14\u2033<\/p>\n<p>El filtro en Y de acero inoxidable 304 es un dispositivo indispensable en tuber\u00edas medianas. Generalmente se instala en la entrada de la v\u00e1lvula de alivio de presi\u00f3n, v\u00e1lvula de alivio de presi\u00f3n, v\u00e1lvula de nivel de agua fija u otro equipo para eliminar impurezas en el medio, con el fin de proteger el uso normal de v\u00e1lvulas y equipos.<\/p>\n<p>El filtro en Y de acero inoxidable 304 se utiliza principalmente para filtrar impurezas en tuber\u00edas. Los materiales de acero inoxidable se utilizan para evitar la corrosi\u00f3n y la oxidaci\u00f3n. El acero inoxidable se usa ampliamente en la industria qu\u00edmica, agua del grifo, alimentos y otras tuber\u00edas anticorrosi\u00f3n y antioxidantes.<\/p>\n<p>STV Valve Technology Group Co., Ltd es un l\u00edder profesional en China, fabricante de filtros en Y de 150 lb, filtros tipo Y con brida, filtros en Y con bridas ANSI 304 y v\u00e1lvulas de filtro de acero inoxidable de 14 pulgadas con alta calidad y precio competitivo.<\/p>\n<p>Comun\u00edquese con nuestro sales@stvvalve.com para obtener otros materiales y m\u00e1s detalles.<\/p>\n<p>Hoja de fecha:<a href=\"https:\/\/www.stvvalves.com\/wp-content\/uploads\/2019\/06\/Y-Strainer-Stainless-Steel-304-ANSI-150LB-14-Inch-Flange-End-Drawing.pdf\">Filtro en Y de acero inoxidable 304, ANSI 150 LB, 14 pulgadas, extremo con brida<\/a><\/p>","protected":false},"featured_media":4956,"template":"","meta":[],"product_brand":[],"product_cat":[85,48],"product_tag":[941,938,939,940],"class_list":{"0":"post-4955","1":"product","2":"type-product","3":"status-publish","4":"has-post-thumbnail","6":"product_cat-stainless-steel-y-type-strainer","7":"product_cat-y-strainer","8":"product_tag-14-inch-stainless-steel-strainer-valve-manufacturer","9":"product_tag-150lb-y-strainer","10":"product_tag-ansi-304-flanged-y-strainer","11":"product_tag-flange-y-type-strainer","13":"first","14":"instock","15":"shipping-taxable","16":"product-type-simple"},"_links":{"self":[{"href":"https:\/\/www.stvvalves.com\/es\/wp-json\/wp\/v2\/product\/4955","targetHints":{"allow":["GET"]}}],"collection":[{"href":"https:\/\/www.stvvalves.com\/es\/wp-json\/wp\/v2\/product"}],"about":[{"href":"https:\/\/www.stvvalves.com\/es\/wp-json\/wp\/v2\/types\/product"}],"wp:featuredmedia":[{"embeddable":true,"href":"https:\/\/www.stvvalves.com\/es\/wp-json\/wp\/v2\/media\/4956"}],"wp:attachment":[{"href":"https:\/\/www.stvvalves.com\/es\/wp-json\/wp\/v2\/media?parent=4955"}],"wp:term":[{"taxonomy":"product_brand","embeddable":true,"href":"https:\/\/www.stvvalves.com\/es\/wp-json\/wp\/v2\/product_brand?post=4955"},{"taxonomy":"product_cat","embeddable":true,"href":"https:\/\/www.stvvalves.com\/es\/wp-json\/wp\/v2\/product_cat?post=4955"},{"taxonomy":"product_tag","embeddable":true,"href":"https:\/\/www.stvvalves.com\/es\/wp-json\/wp\/v2\/product_tag?post=4955"}],"curies":[{"name":"wp","href":"https:\/\/api.w.org\/{rel}","templated":true}]}}