{"id":4959,"date":"2019-06-11T02:45:26","date_gmt":"2019-06-11T02:45:26","guid":{"rendered":"https:\/\/www.stvvalves.com\/?post_type=product&#038;p=4959"},"modified":"2025-02-17T18:31:48","modified_gmt":"2025-02-17T10:31:48","slug":"pn16-cast-iron-y-strainer-bs-en-1092-2-flanged-end","status":"publish","type":"product","link":"https:\/\/www.stvvalves.com\/es\/products\/pn16-cast-iron-y-strainer-bs-en-1092-2-flanged-end\/","title":{"rendered":"Filtro en Y de hierro fundido PN16, BS EN 1092-2, extremo con brida"},"content":{"rendered":"<p>Filtro en Y de hierro fundido PN16, BS EN 1092-2, extremo con brida<br \/>\nTama\u00f1o: 1\/2 a 12 pulgadas<br \/>\nEst\u00e1ndar de prueba: API 598<br \/>\nCuerpo y cap\u00f3: hierro fundido<br \/>\nPantalla de malla: acero inoxidable<br \/>\nPresi\u00f3n nominal: PN1.0\/1.6mPa<br \/>\nDisco: hierro fundido, hierro d\u00factil y caucho.<br \/>\nAgua, vapor y aceite como medio adecuado.<br \/>\nPerno y tuerca: acero al carbono galvanizado<br \/>\nEst\u00e1ndar: ANSI, DIN3202-F1 y BS2080<br \/>\nFiltro tipo Y de hierro fundido, Filtros Y de hierro fundido<br \/>\nDimensi\u00f3n: ANSI B16.1, DIN3202-F1 y BS2080<br \/>\nLa brida perforada cumple con ANSI B16.1, ANSI B16.5, DIN 2501 y BS4504.<\/p>\n<table>\n<tbody>\n<tr>\n<td width=\"200\"><strong>nombre del producto<\/strong><\/td>\n<td width=\"481\">Filtro en Y de hierro fundido PN16, BS EN 1092-2, extremo con brida<\/td>\n<\/tr>\n<tr>\n<td width=\"200\">1. Materiales<\/td>\n<td width=\"481\">CI<\/td>\n<\/tr>\n<tr>\n<td width=\"200\">2. Tama\u00f1o<\/td>\n<td width=\"481\">3\u201d<\/td>\n<\/tr>\n<tr>\n<td width=\"200\">4. Puerto<\/td>\n<td width=\"481\">Puerto lleno<\/td>\n<\/tr>\n<tr>\n<td width=\"200\">5. Presi\u00f3n de trabajo<\/td>\n<td width=\"481\">PN16<\/td>\n<\/tr>\n<tr>\n<td width=\"200\">6. La conexi\u00f3n finaliza<\/td>\n<td width=\"481\">RF<\/td>\n<\/tr>\n<tr>\n<td width=\"200\">7. Temperatura de trabajo.<\/td>\n<td width=\"481\">-29~200\u00baC,<\/td>\n<\/tr>\n<tr>\n<td width=\"200\">8. Medio adecuado<\/td>\n<td width=\"481\">Agua, Gas Natural, Petr\u00f3leo y alg\u00fan l\u00edquido corrosivo<\/td>\n<\/tr>\n<tr>\n<td width=\"200\">9. Operado<\/td>\n<td width=\"481\">\/<\/td>\n<\/tr>\n<tr>\n<td width=\"200\">10. Inspecci\u00f3n y pruebas<\/td>\n<td width=\"481\">Seg\u00fan API598<\/td>\n<\/tr>\n<tr>\n<td width=\"200\"><strong>Env\u00edo<\/strong><\/td>\n<td width=\"481\"><\/td>\n<\/tr>\n<tr>\n<td width=\"200\">El tiempo de entrega<\/td>\n<td width=\"481\">30 dias<\/td>\n<\/tr>\n<tr>\n<td width=\"200\">Paquete<\/td>\n<td width=\"481\">Caja de madera contrachapada de exportaci\u00f3n est\u00e1ndar<\/td>\n<\/tr>\n<tr>\n<td width=\"200\">Puerto de embarque<\/td>\n<td width=\"481\">Ningbo\/Shangh\u00e1i, China<\/td>\n<\/tr>\n<tr>\n<td width=\"200\">Condiciones de env\u00edo<\/td>\n<td width=\"481\">Exw, MANDO, CFR, CIF, etc.<\/td>\n<\/tr>\n<tr>\n<td width=\"200\">T\u00e9rminos de pago<\/td>\n<td width=\"481\">T\/T, Western Union, PayPal, etc.<\/td>\n<\/tr>\n<tr>\n<td width=\"200\"><\/td>\n<td width=\"481\">Pago anticipado de 30%, saldo de 70% pagado antes del env\u00edo<\/td>\n<\/tr>\n<tr>\n<td width=\"200\">Pa\u00eds de origen<\/td>\n<td width=\"481\">Ciudad de Wenzhou, China<\/td>\n<\/tr>\n<tr>\n<td width=\"200\">Capacidad de producci\u00f3n<\/td>\n<td width=\"481\">6000 toneladas\/a\u00f1o<\/td>\n<\/tr>\n<tr>\n<td width=\"200\">Cantidad m\u00ednima de pedido<\/td>\n<td width=\"481\">1 unidad\/tama\u00f1o<\/td>\n<\/tr>\n<\/tbody>\n<\/table>","protected":false},"excerpt":{"rendered":"<p>Modelo:GL41H-PN16-DI-4\u2033<\/p>\n<p>Filtro en Y de hierro fundido PN16, el material del cuerpo del filtro tipo Y de hierro fundido es hierro gris, adecuado para agua, vapor, productos derivados del petr\u00f3leo, tama\u00f1o nominal DN32-DN500, utilizado para tuber\u00edas con presi\u00f3n de trabajo de 1,0 MPa, suciedad media filtrable, \u00f3xido y otras impurezas. Cuando es necesario limpiar el filtro de hierro fundido, siempre que se saque el cartucho filtrante extra\u00edble, se retiren y vuelvan a cargar las impurezas filtradas, el uso y mantenimiento es muy conveniente. El filtro es de tama\u00f1o peque\u00f1o, de tama\u00f1o peque\u00f1o, de resistencia peque\u00f1a, de alto efecto, f\u00e1cil de instalar y reparar, de bajo costo y de corto tiempo de drenaje. Solo se necesitan entre 5 y 10 minutos para filtros de tama\u00f1o peque\u00f1o. La red general de suministro de agua es de 18-30 mallas\/cm2, la red de ventilaci\u00f3n es de 40-100 mallas\/cm2 y la red de suministro de petr\u00f3leo es de 100-300 mallas\/cm2.<\/p>\n<p>STV Valve Technology Group Co., Ltd es un l\u00edder profesional de China Filtro tipo Y de hierro fundido con brida PN16, Filtro tipo Y de brida, Filtro Y de hierro fundido, FILTRO DIN Y, Fabricante de hierro fundido con brida de filtro Y con alta calidad y precio competitivo.<\/p>\n<p>Comun\u00edquese con nuestro sales@stvvalve.com para obtener otros materiales y m\u00e1s detalles.<\/p>\n<p>Hoja de fecha:<a href=\"https:\/\/www.stvvalves.com\/wp-content\/uploads\/2019\/06\/pn16-cast-iron-y-strainer-bs-en-1092-2-flanged-end-drawing.pdf\">Filtro en Y de hierro fundido PN16, BS EN 1092-2, extremo con brida<\/a><\/p>","protected":false},"featured_media":4961,"template":"","meta":[],"product_brand":[],"product_cat":[72,48],"product_tag":[943,942,944,945],"class_list":{"0":"post-4959","1":"product","2":"type-product","3":"status-publish","4":"has-post-thumbnail","6":"product_cat-cast-steel-y-type-strainer","7":"product_cat-y-strainer","8":"product_tag-cast-iron-y-strainer","9":"product_tag-cast-iron-y-type-strainer-flanged-pn16","10":"product_tag-din-y-strainer","11":"product_tag-y-strainer-flange-cast-iron","13":"first","14":"instock","15":"shipping-taxable","16":"product-type-simple"},"_links":{"self":[{"href":"https:\/\/www.stvvalves.com\/es\/wp-json\/wp\/v2\/product\/4959","targetHints":{"allow":["GET"]}}],"collection":[{"href":"https:\/\/www.stvvalves.com\/es\/wp-json\/wp\/v2\/product"}],"about":[{"href":"https:\/\/www.stvvalves.com\/es\/wp-json\/wp\/v2\/types\/product"}],"wp:featuredmedia":[{"embeddable":true,"href":"https:\/\/www.stvvalves.com\/es\/wp-json\/wp\/v2\/media\/4961"}],"wp:attachment":[{"href":"https:\/\/www.stvvalves.com\/es\/wp-json\/wp\/v2\/media?parent=4959"}],"wp:term":[{"taxonomy":"product_brand","embeddable":true,"href":"https:\/\/www.stvvalves.com\/es\/wp-json\/wp\/v2\/product_brand?post=4959"},{"taxonomy":"product_cat","embeddable":true,"href":"https:\/\/www.stvvalves.com\/es\/wp-json\/wp\/v2\/product_cat?post=4959"},{"taxonomy":"product_tag","embeddable":true,"href":"https:\/\/www.stvvalves.com\/es\/wp-json\/wp\/v2\/product_tag?post=4959"}],"curies":[{"name":"wp","href":"https:\/\/api.w.org\/{rel}","templated":true}]}}