{"id":4965,"date":"2019-06-11T06:41:15","date_gmt":"2019-06-11T06:41:15","guid":{"rendered":"https:\/\/www.stvvalves.com\/?post_type=product&#038;p=4965"},"modified":"2025-02-17T18:31:40","modified_gmt":"2025-02-17T10:31:40","slug":"bs-1873-globe-valve-300lb-wcb-8-inch-hand-wheel-op","status":"publish","type":"product","link":"https:\/\/www.stvvalves.com\/es\/products\/bs-1873-globe-valve-300lb-wcb-8-inch-hand-wheel-op\/","title":{"rendered":"V\u00e1lvula de globo BS 1873, 300 lb, WCB, 8 pulgadas, volante manual"},"content":{"rendered":"<p>Dise\u00f1o y fabricaci\u00f3n: ANSI B16.34,BS1873<br \/>\nCara a cara (de extremo a extremo): ANSI B16.10<br \/>\nConexi\u00f3n bridada: seg\u00fan ASME B16.5, ASME B16.47 Serie A, Serie B, MSS SP-4<br \/>\nExtremo soldado a tope: ANSI B16.25<br \/>\nPrueba e inspecci\u00f3n: API598<br \/>\nFabricaci\u00f3n seg\u00fan NACE MR-01-75 bajo pedido<\/p>\n<p>Acero al carbono: A216 WCB, ASTM A105<br \/>\nAcero inoxidable: A351 CF8(F304),CF8M(F316),CF3(F304L),CF3M(F316L),CF8C(F347),F321,F321H,CK20<br \/>\nAcero de aleaci\u00f3n: Monel 400, Monel K500, aleaci\u00f3n 20,904L, CN7M, Inconel, Hastelloy\u00ae B&amp;C, aleaci\u00f3n de titanio<br \/>\nAcero inoxidable d\u00faplex: A351 CN7M (B473), CD4MCu (F50), CK3MCuN (F44), CG8M,<br \/>\nA890-1A,4A,5A,6A, A182 F44,F50,F51,F53,F310<br \/>\nAcero de baja temperatura: A352 LCB, LCC, LCA, LC3, A350 LF2, LF3<br \/>\nAcero de alta temperatura: A217 WC6,WC9,WC5,WC11,C5,C12,C12A,A182 F22,F11,F5,F9,<br \/>\nBronce, bronce de n\u00edquel aluminio (NAB), bronce: B148 C95500, C95800, C95400, B62, C83600, C92200, B61, B150 C63200<\/p>\n<table>\n<tbody>\n<tr>\n<td width=\"200\"><strong>nombre del producto<\/strong><\/td>\n<td width=\"481\">V\u00e1lvula de globo BS 1873, 300 lb, WCB, 8 pulgadas, volante manual<\/td>\n<\/tr>\n<tr>\n<td width=\"200\">1. Materiales<\/td>\n<td width=\"481\">WCB<\/td>\n<\/tr>\n<tr>\n<td width=\"200\">2. Tama\u00f1o<\/td>\n<td width=\"481\">8\u201d<\/td>\n<\/tr>\n<tr>\n<td width=\"200\">4. Puerto<\/td>\n<td width=\"481\">Puerto lleno<\/td>\n<\/tr>\n<tr>\n<td width=\"200\">5. Presi\u00f3n de trabajo<\/td>\n<td width=\"481\">300 libras<\/td>\n<\/tr>\n<tr>\n<td width=\"200\">6. La conexi\u00f3n finaliza<\/td>\n<td width=\"481\">RF<\/td>\n<\/tr>\n<tr>\n<td width=\"200\">7. Temperatura de trabajo.<\/td>\n<td width=\"481\">-29~425\u00baC,<\/td>\n<\/tr>\n<tr>\n<td width=\"200\">8. Medio adecuado<\/td>\n<td width=\"481\">Agua, Gas Natural, Petr\u00f3leo y alg\u00fan l\u00edquido corrosivo<\/td>\n<\/tr>\n<tr>\n<td width=\"200\">9. Operado<\/td>\n<td width=\"481\">Volante<\/td>\n<\/tr>\n<tr>\n<td width=\"200\">10. Inspecci\u00f3n y pruebas<\/td>\n<td width=\"481\">Seg\u00fan API598<\/td>\n<\/tr>\n<tr>\n<td width=\"200\"><strong>Env\u00edo<\/strong><\/td>\n<td width=\"481\"><\/td>\n<\/tr>\n<tr>\n<td width=\"200\">El tiempo de entrega<\/td>\n<td width=\"481\">30 dias<\/td>\n<\/tr>\n<tr>\n<td width=\"200\">Paquete<\/td>\n<td width=\"481\">Caja de madera contrachapada de exportaci\u00f3n est\u00e1ndar<\/td>\n<\/tr>\n<tr>\n<td width=\"200\">Puerto de embarque<\/td>\n<td width=\"481\">Ningbo\/Shangh\u00e1i, China<\/td>\n<\/tr>\n<tr>\n<td width=\"200\">Condiciones de env\u00edo<\/td>\n<td width=\"481\">Exw, MANDO, CFR, CIF, etc.<\/td>\n<\/tr>\n<tr>\n<td width=\"200\">T\u00e9rminos de pago<\/td>\n<td width=\"481\">T\/T, Western Union, PayPal, etc.<\/td>\n<\/tr>\n<tr>\n<td width=\"200\"><\/td>\n<td width=\"481\">Pago anticipado de 30%, saldo de 70% pagado antes del env\u00edo<\/td>\n<\/tr>\n<tr>\n<td width=\"200\">Pa\u00eds de origen<\/td>\n<td width=\"481\">Ciudad de Wenzhou, China<\/td>\n<\/tr>\n<tr>\n<td width=\"200\">Capacidad de producci\u00f3n<\/td>\n<td width=\"481\">6000 toneladas\/a\u00f1o<\/td>\n<\/tr>\n<tr>\n<td width=\"200\">Cantidad m\u00ednima de pedido<\/td>\n<td width=\"481\">1 unidad\/tama\u00f1o<\/td>\n<\/tr>\n<\/tbody>\n<\/table>","protected":false},"excerpt":{"rendered":"<p>Modelo:STV-Z541H-300LB-8\u2033-WCB<br \/>\nLa v\u00e1lvula de globo es una v\u00e1lvula cuyo cierre (disco) se mueve a lo largo de la l\u00ednea central del asiento. Seg\u00fan el movimiento del disco, el cambio de apertura del asiento es proporcional al recorrido del disco. Debido a que la carrera de apertura o cierre del v\u00e1stago de este tipo de v\u00e1lvula es relativamente corta y tiene una funci\u00f3n de corte muy confiable, y debido a que el cambio de la apertura del asiento es proporcional al recorrido del disco, es muy adecuada para la regulaci\u00f3n del flujo. Por tanto, este tipo de v\u00e1lvula es muy adecuada para cortar o regular y estrangular.<\/p>\n<p>STV Valve Technology Group Co., Ltd es un l\u00edder profesional en v\u00e1lvulas de globo con cap\u00f3 empernado de China, v\u00e1lvula de globo ASTM A216 300LB WCB, v\u00e1lvula de globo con brida astm a216 wcb, v\u00e1lvulas de globo de acero fundido, v\u00e1lvulas de globo BS1873, fabricante de v\u00e1lvulas de globo con extremo con brida de China con alta calidad y precio competitivo.<\/p>\n<p>Comun\u00edquese con nuestro sales@stvvalve.com para obtener otros materiales y detalles.<\/p>\n<p>Hoja de fecha:<a href=\"https:\/\/www.stvvalves.com\/wp-content\/uploads\/2019\/06\/bs-1873-globe-valve-300lb-wcb-8-inch-hand-wheel-op-drawing.pdf\">V\u00e1lvula de globo BS 1873, 300 lb, WCB, 8 pulgadas, volante manual<\/a><\/p>","protected":false},"featured_media":4966,"template":"","meta":[],"product_brand":[],"product_cat":[63,45],"product_tag":[947,948,946,949,346,950],"class_list":{"0":"post-4965","1":"product","2":"type-product","3":"status-publish","4":"has-post-thumbnail","6":"product_cat-cast-steel-globe-valve","7":"product_cat-globe-valve","8":"product_tag-astm-a216-300lb-wcb-globe-valv","9":"product_tag-astm-a216-wcb-flanged-globe-valve","10":"product_tag-bolted-bonnet-globe-valves","11":"product_tag-bs1873-globe-valves","12":"product_tag-cast-steel-globe-valves","13":"product_tag-china-flanged-end-globe-valve-manufacturer","15":"first","16":"instock","17":"shipping-taxable","18":"product-type-simple"},"_links":{"self":[{"href":"https:\/\/www.stvvalves.com\/es\/wp-json\/wp\/v2\/product\/4965","targetHints":{"allow":["GET"]}}],"collection":[{"href":"https:\/\/www.stvvalves.com\/es\/wp-json\/wp\/v2\/product"}],"about":[{"href":"https:\/\/www.stvvalves.com\/es\/wp-json\/wp\/v2\/types\/product"}],"wp:featuredmedia":[{"embeddable":true,"href":"https:\/\/www.stvvalves.com\/es\/wp-json\/wp\/v2\/media\/4966"}],"wp:attachment":[{"href":"https:\/\/www.stvvalves.com\/es\/wp-json\/wp\/v2\/media?parent=4965"}],"wp:term":[{"taxonomy":"product_brand","embeddable":true,"href":"https:\/\/www.stvvalves.com\/es\/wp-json\/wp\/v2\/product_brand?post=4965"},{"taxonomy":"product_cat","embeddable":true,"href":"https:\/\/www.stvvalves.com\/es\/wp-json\/wp\/v2\/product_cat?post=4965"},{"taxonomy":"product_tag","embeddable":true,"href":"https:\/\/www.stvvalves.com\/es\/wp-json\/wp\/v2\/product_tag?post=4965"}],"curies":[{"name":"wp","href":"https:\/\/api.w.org\/{rel}","templated":true}]}}