{"id":4976,"date":"2019-06-26T07:55:08","date_gmt":"2019-06-26T07:55:08","guid":{"rendered":"https:\/\/www.stvvalves.com\/?post_type=product&#038;p=4976"},"modified":"2025-02-17T18:31:38","modified_gmt":"2025-02-17T10:31:38","slug":"astm-a217-wc6-globe-valve-600lb-dn100-rtj-flange-end","status":"publish","type":"product","link":"https:\/\/www.stvvalves.com\/es\/products\/astm-a217-wc6-globe-valve-600lb-dn100-rtj-flange-end\/","title":{"rendered":"V\u00e1lvula de globo ASTM A217 WC6, 600 lb, DN100, extremo de brida RTJ"},"content":{"rendered":"<p>Dise\u00f1o seg\u00fan ASME B16.34<br \/>\nCara a cara\/de extremo a extremo: ASME B16.10<br \/>\nDimensiones de la brida: ASME B16.5<br \/>\nExtremo de soldadura: ASME B.16.25<br \/>\nDise\u00f1o b\u00e1sico: BS 1873<br \/>\nPruebas seg\u00fan API 598<\/p>\n<p>Tama\u00f1o: 2\u2033~60\u201d<\/p>\n<p>Clasificaci\u00f3n de presi\u00f3n: Clase 150-2500LB<\/p>\n<p>Material del cuerpo: ASTM A216 WCB, A217 WC6, A351 CF8, A351 CF8M,<\/p>\n<p>A351 CF3, A351 CF3M, A351 CN7M, etc.<\/p>\n<p>Conexi\u00f3n final: RF, RTJ, BW<\/p>\n<p>Temperatura de trabajo: -29 \u2103 ~ 650 \u2103<\/p>\n<p>Funcionamiento: volante, caja de cambios, el\u00e9ctrico, etc.<\/p>\n<div id=\"attachment_4977\" style=\"width: 2209px\" class=\"wp-caption alignleft\"><img loading=\"lazy\" decoding=\"async\" aria-describedby=\"caption-attachment-4977\" class=\"size-full wp-image-4977\" src=\"https:\/\/www.stvvalves.com\/wp-content\/uploads\/2019\/06\/ASTM-A217-WC6-Globe-Valve-600LB-DN100-RTJ-Flange-End-Drawing.jpg\" alt=\"\" width=\"2199\" height=\"1700\" srcset=\"https:\/\/www.stvvalves.com\/wp-content\/uploads\/2019\/06\/ASTM-A217-WC6-Globe-Valve-600LB-DN100-RTJ-Flange-End-Drawing.jpg 2199w, https:\/\/www.stvvalves.com\/wp-content\/uploads\/2019\/06\/ASTM-A217-WC6-Globe-Valve-600LB-DN100-RTJ-Flange-End-Drawing-600x464.jpg 600w, https:\/\/www.stvvalves.com\/wp-content\/uploads\/2019\/06\/ASTM-A217-WC6-Globe-Valve-600LB-DN100-RTJ-Flange-End-Drawing-300x232.jpg 300w, https:\/\/www.stvvalves.com\/wp-content\/uploads\/2019\/06\/ASTM-A217-WC6-Globe-Valve-600LB-DN100-RTJ-Flange-End-Drawing-768x594.jpg 768w, https:\/\/www.stvvalves.com\/wp-content\/uploads\/2019\/06\/ASTM-A217-WC6-Globe-Valve-600LB-DN100-RTJ-Flange-End-Drawing-1030x796.jpg 1030w, https:\/\/www.stvvalves.com\/wp-content\/uploads\/2019\/06\/ASTM-A217-WC6-Globe-Valve-600LB-DN100-RTJ-Flange-End-Drawing-1500x1160.jpg 1500w, https:\/\/www.stvvalves.com\/wp-content\/uploads\/2019\/06\/ASTM-A217-WC6-Globe-Valve-600LB-DN100-RTJ-Flange-End-Drawing-705x545.jpg 705w\" sizes=\"auto, (max-width: 2199px) 100vw, 2199px\" \/><p id=\"caption-attachment-4977\" class=\"wp-caption-text\">China V\u00e1lvulas de globo Astm A217 Wc6, v\u00e1lvula de globo de acero fundido BS1873 API 600, v\u00e1lvula de globo con extremo de brida RTJ, v\u00e1lvula de globo WC6 de 600 lb, fabricante de v\u00e1lvula de globo con bridas<\/p><\/div>","protected":false},"excerpt":{"rendered":"<p>Modelo:STV-J41H-600LB-4\u2033-WC6<br \/>\nLa v\u00e1lvula de globo ASTM A217 WC6 es adecuada para cortar o conectar el medio en tuber\u00edas de diversas condiciones de trabajo, como las industrias petrolera, qu\u00edmica, farmac\u00e9utica, de fertilizantes y de energ\u00eda el\u00e9ctrica con presi\u00f3n nominal PN1.6~16.0Mpa y temperatura de trabajo -29~550\u00b0. C. Medio aplicable: agua, aceite, vapor, medio \u00e1cido, etc. Los modos de operaci\u00f3n son: manual, transmisi\u00f3n de engranajes, el\u00e9ctrico, neum\u00e1tico, etc.<\/p>\n<p>STV Valve Technology Group Co., Ltd es un l\u00edder profesional en v\u00e1lvulas de globo Astm A217 Wc6 de China, v\u00e1lvula de globo de acero fundido BS1873 API 600, v\u00e1lvula de globo con extremo de brida RTJ, v\u00e1lvula de globo WC6 de 600 LB, fabricante de v\u00e1lvula de globo con bridas con alta calidad y precio competitivo.<\/p>\n<p>Comun\u00edquese con nuestro sales@stvvalve.com para obtener otros materiales y detalles.<\/p>\n<p>Hoja de fecha:<a href=\"https:\/\/www.stvvalves.com\/wp-content\/uploads\/2019\/06\/ASTM-A217-WC6-Globe-Valve-600LB-DN100-RTJ-Flange-End-Drawing.pdf\">V\u00e1lvula de globo ASTM A217 WC6, 600 lb, DN100, extremo de brida RTJ<\/a><\/p>","protected":false},"featured_media":4979,"template":"","meta":[],"product_brand":[],"product_cat":[48],"product_tag":[959,956,957,960,958],"class_list":{"0":"post-4976","1":"product","2":"type-product","3":"status-publish","4":"has-post-thumbnail","6":"product_cat-y-strainer","7":"product_tag-600lb-wc6-globe-valve","8":"product_tag-astm-a217-wc6-globe-valves","9":"product_tag-bs1873-api-600-cast-steel-globe-valve","10":"product_tag-flanged-globe-valve-manufacturer","11":"product_tag-rtj-flange-end-globe-valve","13":"first","14":"instock","15":"shipping-taxable","16":"product-type-simple"},"_links":{"self":[{"href":"https:\/\/www.stvvalves.com\/es\/wp-json\/wp\/v2\/product\/4976","targetHints":{"allow":["GET"]}}],"collection":[{"href":"https:\/\/www.stvvalves.com\/es\/wp-json\/wp\/v2\/product"}],"about":[{"href":"https:\/\/www.stvvalves.com\/es\/wp-json\/wp\/v2\/types\/product"}],"wp:featuredmedia":[{"embeddable":true,"href":"https:\/\/www.stvvalves.com\/es\/wp-json\/wp\/v2\/media\/4979"}],"wp:attachment":[{"href":"https:\/\/www.stvvalves.com\/es\/wp-json\/wp\/v2\/media?parent=4976"}],"wp:term":[{"taxonomy":"product_brand","embeddable":true,"href":"https:\/\/www.stvvalves.com\/es\/wp-json\/wp\/v2\/product_brand?post=4976"},{"taxonomy":"product_cat","embeddable":true,"href":"https:\/\/www.stvvalves.com\/es\/wp-json\/wp\/v2\/product_cat?post=4976"},{"taxonomy":"product_tag","embeddable":true,"href":"https:\/\/www.stvvalves.com\/es\/wp-json\/wp\/v2\/product_tag?post=4976"}],"curies":[{"name":"wp","href":"https:\/\/api.w.org\/{rel}","templated":true}]}}