{"id":5098,"date":"2019-07-15T06:39:02","date_gmt":"2019-07-15T06:39:02","guid":{"rendered":"https:\/\/www.stvvalves.com\/?post_type=product&#038;p=5098"},"modified":"2025-02-17T18:31:37","modified_gmt":"2025-02-17T10:31:37","slug":"astm-a192-seamless-steel-pipe","status":"publish","type":"product","link":"https:\/\/www.stvvalves.com\/es\/products\/astm-a192-seamless-steel-pipe\/","title":{"rendered":"ASTM A192 Seamless Steel Pipe"},"content":{"rendered":"<p>Tuber\u00eda sin costura, Acero al Carbono, longitud fija de 6 metros. Di\u00e1metro exterior de 60,3 mm x 3,4 mm x 12 m.<\/p>\n<p>Espesor: 38 \u2013 38,1 mm<\/p>\n<p>Forma de la secci\u00f3n: redonda.<\/p>\n<p>Di\u00e1metro exterior (redondo): 228,5 \u2013 228,6 mm<\/p>\n<p>Lugar de origen: China<\/p>\n<p>Aplicaci\u00f3n: Tuber\u00eda de aceite<\/p>\n<p>T\u00e9cnica: Laminado en Caliente<\/p>\n<p>Certificaci\u00f3n:API<\/p>\n<p>Tratamiento superficial: galvanizado<\/p>\n<p>Longitud: 6 m, 5,8 m, 11,8 m, 12 m, o seg\u00fan sea necesario<\/p>\n<p>Detalles de empaquetado: Paquete est\u00e1ndar en condiciones de navegar para exportaci\u00f3n o seg\u00fan sea necesario.<\/p>\n<p>Grosor de la pared: 1,5 pulgadas<\/p>","protected":false},"excerpt":{"rendered":"<p>Porcelana\u00a0<a href=\"https:\/\/www.stvvalves.com\/es\/wholesale\/carbon-steel-pipe-and-stainless-steel-pipe\/\">Tuber\u00eda de acero al carbono<\/a> El fabricante STV Valve proporciona ASTM A192, tuber\u00eda de acero sin costura, extremo de PE, OD60,3 mm x 3,4 mm x 12 m.<\/p>","protected":false},"featured_media":5099,"template":"","meta":[],"product_brand":[],"product_cat":[42],"product_tag":[979,977,983,984,975,974,982,976,986,981,985,973,978,980],"class_list":{"0":"post-5098","1":"product","2":"type-product","3":"status-publish","4":"has-post-thumbnail","6":"product_cat-carbon-steel-pipe-and-stainless-steel-pipe","7":"product_tag-alloy-steel","8":"product_tag-carbon-steel","9":"product_tag-carbon-steel-pipes","10":"product_tag-cs-pipe","11":"product_tag-galvanized-pipe","12":"product_tag-iron-pipes","13":"product_tag-pipes","14":"product_tag-piping-system-in-ductile-iron","15":"product_tag-plain-end","16":"product_tag-seamless-pipe","17":"product_tag-seamless-steel-pipe","18":"product_tag-seamless-welded-steel-pipes","19":"product_tag-stainless-steel","20":"product_tag-steel-pipes","22":"first","23":"instock","24":"shipping-taxable","25":"product-type-simple"},"_links":{"self":[{"href":"https:\/\/www.stvvalves.com\/es\/wp-json\/wp\/v2\/product\/5098","targetHints":{"allow":["GET"]}}],"collection":[{"href":"https:\/\/www.stvvalves.com\/es\/wp-json\/wp\/v2\/product"}],"about":[{"href":"https:\/\/www.stvvalves.com\/es\/wp-json\/wp\/v2\/types\/product"}],"wp:featuredmedia":[{"embeddable":true,"href":"https:\/\/www.stvvalves.com\/es\/wp-json\/wp\/v2\/media\/5099"}],"wp:attachment":[{"href":"https:\/\/www.stvvalves.com\/es\/wp-json\/wp\/v2\/media?parent=5098"}],"wp:term":[{"taxonomy":"product_brand","embeddable":true,"href":"https:\/\/www.stvvalves.com\/es\/wp-json\/wp\/v2\/product_brand?post=5098"},{"taxonomy":"product_cat","embeddable":true,"href":"https:\/\/www.stvvalves.com\/es\/wp-json\/wp\/v2\/product_cat?post=5098"},{"taxonomy":"product_tag","embeddable":true,"href":"https:\/\/www.stvvalves.com\/es\/wp-json\/wp\/v2\/product_tag?post=5098"}],"curies":[{"name":"wp","href":"https:\/\/api.w.org\/{rel}","templated":true}]}}