{"id":5100,"date":"2019-07-15T06:51:28","date_gmt":"2019-07-15T06:51:28","guid":{"rendered":"https:\/\/www.stvvalves.com\/?post_type=product&#038;p=5100"},"modified":"2025-02-17T18:31:20","modified_gmt":"2025-02-17T10:31:20","slug":"astm-a106-a53-api-5l-gr-b-smls-steel-pipe","status":"publish","type":"product","link":"https:\/\/www.stvvalves.com\/es\/products\/astm-a106-a53-api-5l-gr-b-smls-steel-pipe\/","title":{"rendered":"Tuber\u00eda de acero ASTM A106\/A53 API 5L GR.B SMLS"},"content":{"rendered":"<p>Tuber\u00eda de acero ASTM A106\/A53 API 5L GR.B SMLS<\/p>\n<p>Est\u00e1ndar: ASTM, DIN, GB, JIS<\/p>\n<p>Grupo de grados: A53-A369, aleaci\u00f3n Cr-Mo<\/p>\n<p>Espesor:1 \u2013 120 mm<\/p>\n<p>Forma de la secci\u00f3n: redonda.<\/p>\n<p>Di\u00e1metro exterior (redondo): 6 - 2500 mm<\/p>\n<p>Lugar de origen: China<\/p>\n<p>Aplicaci\u00f3n: Industria, industria qu\u00edmica<\/p>\n<p>T\u00e9cnica: Laminado en Caliente<\/p>\n<p>Certificaci\u00f3n: BV,TUV<\/p>\n<p>Tratamiento superficial: pintado, zinc<\/p>\n<p>Secundaria O No:No Secundaria<\/p>\n<p>Superficie: Pintado de negro, recubierto de PE<\/p>\n<p>Longitud: 6 m, 5,8 m, 11,8 m, 12 m, o seg\u00fan sea necesario<\/p>\n<p>Detalles de empaquetado: Paquete est\u00e1ndar en condiciones de navegar para exportaci\u00f3n o seg\u00fan sea necesario.<\/p>\n<p>Puerto: Puerto de Tianjin<\/p>","protected":false},"excerpt":{"rendered":"<p>Porcelana\u00a0<a href=\"https:\/\/www.stvvalves.com\/es\/wholesale\/carbon-steel-pipe-and-stainless-steel-pipe\/\">Tuber\u00eda de acero al carbono<\/a> El fabricante STV Valve proporciona tubos de acero al carbono sin costura, tubos de acero sin costura, tubos de acero al carbono sin costura ASTM A106 Gr.B de alta calidad.<\/p>","protected":false},"featured_media":5101,"template":"","meta":[],"product_brand":[],"product_cat":[42],"product_tag":[988,987,985],"class_list":{"0":"post-5100","1":"product","2":"type-product","3":"status-publish","4":"has-post-thumbnail","6":"product_cat-carbon-steel-pipe-and-stainless-steel-pipe","7":"product_tag-astm-a106-gr-b-high-quality-carbon-seamless-steel-pipe","8":"product_tag-carbon-seamless-steel-pipe","9":"product_tag-seamless-steel-pipe","11":"first","12":"instock","13":"shipping-taxable","14":"product-type-simple"},"_links":{"self":[{"href":"https:\/\/www.stvvalves.com\/es\/wp-json\/wp\/v2\/product\/5100","targetHints":{"allow":["GET"]}}],"collection":[{"href":"https:\/\/www.stvvalves.com\/es\/wp-json\/wp\/v2\/product"}],"about":[{"href":"https:\/\/www.stvvalves.com\/es\/wp-json\/wp\/v2\/types\/product"}],"wp:featuredmedia":[{"embeddable":true,"href":"https:\/\/www.stvvalves.com\/es\/wp-json\/wp\/v2\/media\/5101"}],"wp:attachment":[{"href":"https:\/\/www.stvvalves.com\/es\/wp-json\/wp\/v2\/media?parent=5100"}],"wp:term":[{"taxonomy":"product_brand","embeddable":true,"href":"https:\/\/www.stvvalves.com\/es\/wp-json\/wp\/v2\/product_brand?post=5100"},{"taxonomy":"product_cat","embeddable":true,"href":"https:\/\/www.stvvalves.com\/es\/wp-json\/wp\/v2\/product_cat?post=5100"},{"taxonomy":"product_tag","embeddable":true,"href":"https:\/\/www.stvvalves.com\/es\/wp-json\/wp\/v2\/product_tag?post=5100"}],"curies":[{"name":"wp","href":"https:\/\/api.w.org\/{rel}","templated":true}]}}