{"id":5112,"date":"2019-07-17T03:19:05","date_gmt":"2019-07-17T03:19:05","guid":{"rendered":"https:\/\/www.stvvalves.com\/?post_type=product&#038;p=5112"},"modified":"2025-02-17T18:31:17","modified_gmt":"2025-02-17T10:31:17","slug":"2500-lb-swing-check-valve-wcb-body-8-inch-butt-weld-end","status":"publish","type":"product","link":"https:\/\/www.stvvalves.com\/es\/products\/2500-lb-swing-check-valve-wcb-body-8-inch-butt-weld-end\/","title":{"rendered":"V\u00e1lvula de retenci\u00f3n oscilante de 2500 LB, cuerpo WCB, 8 pulgadas, extremo soldado a tope"},"content":{"rendered":"<p>Dise\u00f1o y fabricaci\u00f3n: E101, BS1868, API594, API6D, ASME B16.34, API603.<\/p>\n<p>Inspecci\u00f3n y prueba: API598, API600 o API 6D<br \/>\nASME B16.5 (para NPS\u226424, ASME B 16.47 serie B, API 605, ASME B16.47 Serie A, MSS SP-44 (para NPS&gt;24)<\/p>\n<p>Dimensi\u00f3n final BW: ASME B16.25<\/p>\n<p>Cara a cara y de extremo a extremo: ASME B16.10<\/p>\n<p>Clasificaciones de presi\u00f3n-temperatura: ASME B16.34<\/p>\n<p>Gama de productos<\/p>\n<p>Material del cuerpo: acero al carbono, acero inoxidable, acero aleado<\/p>\n<p>Di\u00e1metro nominal: 2\u2033~36\u2033(DN50~DN900)<\/p>\n<p>Conexi\u00f3n final: RF, RTJ, BW<\/p>\n<p>Rango de presi\u00f3n: Clase 150~2500(PN16~PN420)<\/p>\n<p>Temperatura de trabajo: -29 \u2103 ~ + 560 \u2103<\/p>\n<table style=\"height: 1089px;\" width=\"751\">\n<tbody>\n<tr>\n<td>Nombre del producto:<\/td>\n<td>V\u00e1lvula de retenci\u00f3n oscilante de 2500 LB, cuerpo WCB, 8 pulgadas, extremo soldado a tope<\/td>\n<\/tr>\n<tr>\n<td>1.Material:<\/td>\n<td>WCB<\/td>\n<\/tr>\n<tr>\n<td>2.Tama\u00f1o:<\/td>\n<td>8&#8243;<\/td>\n<\/tr>\n<tr>\n<td>3.Puerto:<\/td>\n<td>LLENO<\/td>\n<\/tr>\n<tr>\n<td>4. Temperatura de trabajo:<\/td>\n<td>-29\u00b0C-425\u00b0C<\/td>\n<\/tr>\n<tr>\n<td>5.Fin de la conexi\u00f3n:<\/td>\n<td>peso corporal<\/td>\n<\/tr>\n<tr>\n<td>6.Presi\u00f3n de trabajo:<\/td>\n<td>2500 libras<\/td>\n<\/tr>\n<tr>\n<td>7.Medio adecuado:<\/td>\n<td>Agua, Gas Natural, Petr\u00f3leo y alg\u00fan l\u00edquido corrosivo<\/td>\n<\/tr>\n<tr>\n<td>8.Operado:<\/td>\n<td>\/<\/td>\n<\/tr>\n<tr>\n<td>9. Inspecci\u00f3n y pruebas<\/td>\n<td>Seg\u00fan API 598<\/td>\n<\/tr>\n<tr>\n<td>Certificado:<\/td>\n<td>ISO, CE\/API 6D<\/td>\n<\/tr>\n<tr>\n<td><strong>Env\u00edo<\/strong><\/td>\n<td>&nbsp;<\/td>\n<\/tr>\n<tr>\n<td>El tiempo de entrega<\/td>\n<td>30 dias<\/td>\n<\/tr>\n<tr>\n<td>Paquete<\/td>\n<td>Caja de madera contrachapada de exportaci\u00f3n est\u00e1ndar<\/td>\n<\/tr>\n<tr>\n<td>Puerto de embarque<\/td>\n<td>Ningbo\/Shangh\u00e1i, China<\/td>\n<\/tr>\n<tr>\n<td>Condiciones de env\u00edo<\/td>\n<td>Exw, MANDO, CFR, CIF, etc.<\/td>\n<\/tr>\n<tr>\n<td>T\u00e9rminos de pago<\/td>\n<td>T\/T, Western Union, PayPal, etc.<\/td>\n<\/tr>\n<tr>\n<td>&nbsp;<\/td>\n<td>Pago anticipado de 30%, saldo de 70% pagado antes del env\u00edo<\/td>\n<\/tr>\n<tr>\n<td>Pa\u00eds de origen<\/td>\n<td>Ciudad de Wenzhou, China<\/td>\n<\/tr>\n<tr>\n<td>Capacidad de producci\u00f3n<\/td>\n<td>6000 toneladas\/a\u00f1o<\/td>\n<\/tr>\n<tr>\n<td>Cantidad m\u00ednima de pedido<\/td>\n<td>10 unidades\/tama\u00f1o<\/td>\n<\/tr>\n<\/tbody>\n<\/table>","protected":false},"excerpt":{"rendered":"<p>Modelo:STV-H64Y-2500LB-8\u2033-WCB<\/p>\n<p>V\u00e1lvula de retenci\u00f3n oscilante con extremo de soldadura a tope para clase 1500 ~ 2500 lb, varias temperaturas de tuber\u00eda de trabajo de -29 a 570 DEG C para la industria qu\u00edmica y petrolera, plantas de energ\u00eda, etc.<\/p>\n<div class=\"woocommerce-product-details__short-description\">\n<p>STV Valve Technology Group Co., Ltd es un l\u00edder profesional en China V\u00e1lvula de retenci\u00f3n oscilante WCB, v\u00e1lvula de retenci\u00f3n oscilante BS 1868, v\u00e1lvula de retenci\u00f3n oscilante API 6D, v\u00e1lvula de retenci\u00f3n oscilante 8 IN, v\u00e1lvula de retenci\u00f3n oscilante clase 2500, v\u00e1lvula de retenci\u00f3n oscilante soldada a tope, central el\u00e9ctrica V\u00e1lvula de retenci\u00f3n oscilante, fabricante de v\u00e1lvulas de retenci\u00f3n oscilante para centrales el\u00e9ctricas con alta calidad y precio competitivo.<\/p>\n<p>Comun\u00edquese con nuestro sales@stvvalve.com para obtener otros materiales y detalles.<\/p>\n<p>Hoja de fecha:<a href=\"https:\/\/www.stvvalves.com\/wp-content\/uploads\/2019\/07\/2500-lb-swing-check-valve-wcb-body-8-inch-butt-weld-end-DRAWING.pdf\">V\u00e1lvula de retenci\u00f3n oscilante de 2500 LB, cuerpo WCB, 8 pulgadas, extremo soldado a tope<\/a><\/p>\n<\/div>\n<form class=\"cart\" action=\"https:\/\/www.stvvalves.com\/es\/product\/1500lb-pressure-seal-gate-valve-wc6-body-dn250-flange-end\/\" enctype=\"multipart\/form-data\" method=\"post\" data-trp-original-action=\"https:\/\/www.stvvalves.com\/product\/1500lb-pressure-seal-gate-valve-wc6-body-dn250-flange-end\/\">\n<div class=\"wcpa_form_outer\"><\/div>\n<div class=\"quantity\"><\/div>\n<div class=\"addquotelistlink\">\n<div class=\"quotelistadd_prodpage\"><\/div>\n<\/div>\n<input type=\"hidden\" name=\"trp-form-language\" value=\"es\"\/><\/form>","protected":false},"featured_media":5113,"template":"","meta":[],"product_brand":[],"product_cat":[83,46],"product_tag":[1038,1034,1033,1036,1035,1037,336],"class_list":{"0":"post-5112","1":"product","2":"type-product","3":"status-publish","4":"has-post-thumbnail","6":"product_cat-cast-steel-check-valve","7":"product_cat-check-valves","8":"product_tag-8-in-swing-check-valve","9":"product_tag-api-6d-swing-check-valve","10":"product_tag-bs-1868-swing-check-valve","11":"product_tag-butt-welded-swing-check-valve","12":"product_tag-class-2500-swing-check-valve","13":"product_tag-power-station-swing-check-valve","14":"product_tag-wcb-swing-check-valve","16":"first","17":"instock","18":"shipping-taxable","19":"product-type-simple"},"_links":{"self":[{"href":"https:\/\/www.stvvalves.com\/es\/wp-json\/wp\/v2\/product\/5112","targetHints":{"allow":["GET"]}}],"collection":[{"href":"https:\/\/www.stvvalves.com\/es\/wp-json\/wp\/v2\/product"}],"about":[{"href":"https:\/\/www.stvvalves.com\/es\/wp-json\/wp\/v2\/types\/product"}],"wp:featuredmedia":[{"embeddable":true,"href":"https:\/\/www.stvvalves.com\/es\/wp-json\/wp\/v2\/media\/5113"}],"wp:attachment":[{"href":"https:\/\/www.stvvalves.com\/es\/wp-json\/wp\/v2\/media?parent=5112"}],"wp:term":[{"taxonomy":"product_brand","embeddable":true,"href":"https:\/\/www.stvvalves.com\/es\/wp-json\/wp\/v2\/product_brand?post=5112"},{"taxonomy":"product_cat","embeddable":true,"href":"https:\/\/www.stvvalves.com\/es\/wp-json\/wp\/v2\/product_cat?post=5112"},{"taxonomy":"product_tag","embeddable":true,"href":"https:\/\/www.stvvalves.com\/es\/wp-json\/wp\/v2\/product_tag?post=5112"}],"curies":[{"name":"wp","href":"https:\/\/api.w.org\/{rel}","templated":true}]}}