{"id":5129,"date":"2019-07-17T06:44:20","date_gmt":"2019-07-17T06:44:20","guid":{"rendered":"https:\/\/www.stvvalves.com\/?post_type=product&#038;p=5129"},"modified":"2025-05-20T20:29:22","modified_gmt":"2025-05-20T12:29:22","slug":"wcb-din-lift-check-valve-dn250-pn100-flange-end","status":"publish","type":"product","link":"https:\/\/www.stvvalves.com\/es\/products\/wcb-din-lift-check-valve-dn250-pn100-flange-end\/","title":{"rendered":"V\u00e1lvula de retenci\u00f3n de elevaci\u00f3n DIN WCB, DN250, PN100, extremo de brida"},"content":{"rendered":"<p>Dise\u00f1o y Fabricaci\u00f3n:DIN 3840 \/ BS EN 1868<br \/>\nCara a cara: DIN 3202\/BS EN558-1<br \/>\nExtremos bridados: DIN 2543\/BS EN1092-1<br \/>\nInspecci\u00f3n y prueba: DIN 3230\/BS EN12569<\/p>\n<p>Presi\u00f3n: PN10~PN160<br \/>\nTama\u00f1o: DN40~DN900<br \/>\nMaterial:GS-C25,1.0619,1.4803,1.4408,WCB,LCB,CF8,CF8M,CF3,CF3M,CF8C,etc.<\/p>\n<table width=\"751\">\n<tbody>\n<tr>\n<td>Nombre del producto:<\/td>\n<td>V\u00e1lvula de retenci\u00f3n de elevaci\u00f3n DIN WCB, DN250, PN100, extremo de brida<\/td>\n<\/tr>\n<tr>\n<td>1.Material:<\/td>\n<td>WCB<\/td>\n<\/tr>\n<tr>\n<td>2.Tama\u00f1o:<\/td>\n<td>4\u2033<\/td>\n<\/tr>\n<tr>\n<td>3.Puerto:<\/td>\n<td>LLENO<\/td>\n<\/tr>\n<tr>\n<td>4. Temperatura de trabajo:<\/td>\n<td>-29\u00b0C-425\u00b0C<\/td>\n<\/tr>\n<tr>\n<td>5.Fin de la conexi\u00f3n:<\/td>\n<td>RF<\/td>\n<\/tr>\n<tr>\n<td>6.Presi\u00f3n de trabajo:<\/td>\n<td>PN100<\/td>\n<\/tr>\n<tr>\n<td>7.Medio adecuado:<\/td>\n<td>Agua, Gas Natural, Petr\u00f3leo y alg\u00fan l\u00edquido corrosivo<\/td>\n<\/tr>\n<tr>\n<td>8.Operado:<\/td>\n<td>\/<\/td>\n<\/tr>\n<tr>\n<td>9. Inspecci\u00f3n y pruebas<\/td>\n<td>Seg\u00fan DIN 3230<\/td>\n<\/tr>\n<tr>\n<td>Certificado:<\/td>\n<td>ISO, CE\/API 6D<\/td>\n<\/tr>\n<tr>\n<td><strong>Env\u00edo<\/strong><\/td>\n<td><\/td>\n<\/tr>\n<tr>\n<td>El tiempo de entrega<\/td>\n<td>30 dias<\/td>\n<\/tr>\n<tr>\n<td>Paquete<\/td>\n<td>Caja de madera contrachapada de exportaci\u00f3n est\u00e1ndar<\/td>\n<\/tr>\n<tr>\n<td>Puerto de embarque<\/td>\n<td>Ningbo\/Shangh\u00e1i, China<\/td>\n<\/tr>\n<tr>\n<td>Condiciones de env\u00edo<\/td>\n<td>Exw, MANDO, CFR, CIF, etc.<\/td>\n<\/tr>\n<tr>\n<td>T\u00e9rminos de pago<\/td>\n<td>T\/T, Western Union, PayPal, etc.<\/td>\n<\/tr>\n<tr>\n<td><\/td>\n<td>Pago anticipado de 30%, saldo de 70% pagado antes del env\u00edo<\/td>\n<\/tr>\n<tr>\n<td>Pa\u00eds de origen<\/td>\n<td>Ciudad de Wenzhou, China<\/td>\n<\/tr>\n<tr>\n<td>Capacidad de producci\u00f3n<\/td>\n<td>6000 toneladas\/a\u00f1o<\/td>\n<\/tr>\n<tr>\n<td>Cantidad m\u00ednima de pedido<\/td>\n<td>10 unidades\/tama\u00f1o<\/td>\n<\/tr>\n<\/tbody>\n<\/table>\n<p>&nbsp;<\/p>","protected":false},"excerpt":{"rendered":"<div class=\"woocommerce-product-details__short-description\">\n<p>Modelo:H44Y-PN100-DN250-WCB<\/p>\n<p>STV Valve Technology Group Co., Ltd es un l\u00edder profesional en China V\u00e1lvula de retenci\u00f3n de elevaci\u00f3n con brida, v\u00e1lvula de retenci\u00f3n de elevaci\u00f3n DIN, v\u00e1lvula de retenci\u00f3n de elevaci\u00f3n EN, v\u00e1lvula de retenci\u00f3n DIN, v\u00e1lvula de retenci\u00f3n de elevaci\u00f3n WCB, v\u00e1lvula de retenci\u00f3n de elevaci\u00f3n PN 100, v\u00e1lvula de retenci\u00f3n de elevaci\u00f3n DN250, fabricante con Alta calidad y precio competitivo.<\/p>\n<p>Para obtener m\u00e1s informaci\u00f3n sobre estas v\u00e1lvulas, p\u00f3ngase en contacto con nuestro sales@stvvalve.com<br \/>\nHoja de fecha:<a href=\"https:\/\/www.stvvalves.com\/wp-content\/uploads\/2019\/07\/wcb-din-lift-check-valve-dn250-pn100-flange-end-drawing.pdf\">V\u00e1lvula de retenci\u00f3n de elevaci\u00f3n DIN WCB, DN250, PN100, extremo de brida<\/a><\/p>\n<\/div>","protected":false},"featured_media":5132,"template":"","meta":[],"product_brand":[],"product_cat":[83,46],"product_tag":[1051,1049,1054,1050,1048,1053,1052],"class_list":{"0":"post-5129","1":"product","2":"type-product","3":"status-publish","4":"has-post-thumbnail","6":"product_cat-cast-steel-check-valve","7":"product_cat-check-valves","8":"product_tag-din-check-valve","9":"product_tag-din-lift-check-valve","10":"product_tag-dn250-lift-check-valve","11":"product_tag-en-lift-check-valve","12":"product_tag-flange-lift-check-valve","13":"product_tag-pn-100-lift-check-valve","14":"product_tag-wcb-lift-check-valve","16":"first","17":"instock","18":"shipping-taxable","19":"product-type-simple"},"_links":{"self":[{"href":"https:\/\/www.stvvalves.com\/es\/wp-json\/wp\/v2\/product\/5129","targetHints":{"allow":["GET"]}}],"collection":[{"href":"https:\/\/www.stvvalves.com\/es\/wp-json\/wp\/v2\/product"}],"about":[{"href":"https:\/\/www.stvvalves.com\/es\/wp-json\/wp\/v2\/types\/product"}],"wp:featuredmedia":[{"embeddable":true,"href":"https:\/\/www.stvvalves.com\/es\/wp-json\/wp\/v2\/media\/5132"}],"wp:attachment":[{"href":"https:\/\/www.stvvalves.com\/es\/wp-json\/wp\/v2\/media?parent=5129"}],"wp:term":[{"taxonomy":"product_brand","embeddable":true,"href":"https:\/\/www.stvvalves.com\/es\/wp-json\/wp\/v2\/product_brand?post=5129"},{"taxonomy":"product_cat","embeddable":true,"href":"https:\/\/www.stvvalves.com\/es\/wp-json\/wp\/v2\/product_cat?post=5129"},{"taxonomy":"product_tag","embeddable":true,"href":"https:\/\/www.stvvalves.com\/es\/wp-json\/wp\/v2\/product_tag?post=5129"}],"curies":[{"name":"wp","href":"https:\/\/api.w.org\/{rel}","templated":true}]}}