{"id":5133,"date":"2019-07-17T08:55:48","date_gmt":"2019-07-17T08:55:48","guid":{"rendered":"https:\/\/www.stvvalves.com\/?post_type=product&#038;p=5133"},"modified":"2024-12-24T22:47:20","modified_gmt":"2024-12-24T14:47:20","slug":"din-lift-check-valvedn125wcbpn250weld-end","status":"publish","type":"product","link":"https:\/\/www.stvvalves.com\/es\/products\/din-lift-check-valvedn125wcbpn250weld-end\/","title":{"rendered":"V\u00e1lvula de retenci\u00f3n de elevaci\u00f3n DIN, DN125, WCB, PN250, extremo soldado"},"content":{"rendered":"<p>Dise\u00f1o y Fabricaci\u00f3n:DIN 3840 \/ BS EN 1868<br \/>\nCara a cara: DIN 3202\/BS EN558-1<br \/>\nExtremos bridados: DIN 2543\/BS EN1092-1<br \/>\nInspecci\u00f3n y prueba: DIN 3230\/BS EN12569<\/p>\n<p>Presi\u00f3n: PN10~PN420<br \/>\nTama\u00f1o: DN40~DN900<br \/>\nMaterial:GS-C25,1.0619,1.4803,1.4408,WCB,LCB,CF8,CF8M,CF3,CF3M,CF8C,etc.<\/p>\n<table width=\"751\">\n<tbody>\n<tr>\n<td>Nombre del producto:<\/td>\n<td>V\u00e1lvula de retenci\u00f3n de elevaci\u00f3n DIN, DN125, WCB, PN250, extremo soldado<\/td>\n<\/tr>\n<tr>\n<td>1.Material:<\/td>\n<td>WCB<\/td>\n<\/tr>\n<tr>\n<td>2.Tama\u00f1o:<\/td>\n<td>5\u2033<\/td>\n<\/tr>\n<tr>\n<td>3.Puerto:<\/td>\n<td>LLENO<\/td>\n<\/tr>\n<tr>\n<td>4. Temperatura de trabajo:<\/td>\n<td>-29\u00b0C-425\u00b0C<\/td>\n<\/tr>\n<tr>\n<td>5.Fin de la conexi\u00f3n:<\/td>\n<td>peso corporal<\/td>\n<\/tr>\n<tr>\n<td>6.Presi\u00f3n de trabajo:<\/td>\n<td>PN250<\/td>\n<\/tr>\n<tr>\n<td>7.Medio adecuado:<\/td>\n<td>Agua, Gas Natural, Petr\u00f3leo y alg\u00fan l\u00edquido corrosivo<\/td>\n<\/tr>\n<tr>\n<td>8.Operado:<\/td>\n<td>\/<\/td>\n<\/tr>\n<tr>\n<td>9. Inspecci\u00f3n y pruebas<\/td>\n<td>Seg\u00fan DIN 3230<\/td>\n<\/tr>\n<tr>\n<td>Certificado:<\/td>\n<td>ISO, CE\/API 6D<\/td>\n<\/tr>\n<tr>\n<td><strong>Env\u00edo<\/strong><\/td>\n<td><\/td>\n<\/tr>\n<tr>\n<td>El tiempo de entrega<\/td>\n<td>30 dias<\/td>\n<\/tr>\n<tr>\n<td>Paquete<\/td>\n<td>Caja de madera contrachapada de exportaci\u00f3n est\u00e1ndar<\/td>\n<\/tr>\n<tr>\n<td>Puerto de embarque<\/td>\n<td>Ningbo\/Shangh\u00e1i, China<\/td>\n<\/tr>\n<tr>\n<td>Condiciones de env\u00edo<\/td>\n<td>Exw, MANDO, CFR, CIF, etc.<\/td>\n<\/tr>\n<tr>\n<td>T\u00e9rminos de pago<\/td>\n<td>T\/T, Western Union, PayPal, etc.<\/td>\n<\/tr>\n<tr>\n<td><\/td>\n<td>Pago anticipado de 30%, saldo de 70% pagado antes del env\u00edo<\/td>\n<\/tr>\n<tr>\n<td>Pa\u00eds de origen<\/td>\n<td>Ciudad de Wenzhou, China<\/td>\n<\/tr>\n<tr>\n<td>Capacidad de producci\u00f3n<\/td>\n<td>6000 toneladas\/a\u00f1o<\/td>\n<\/tr>\n<tr>\n<td>Cantidad m\u00ednima de pedido<\/td>\n<td>10 unidades\/tama\u00f1o<\/td>\n<\/tr>\n<\/tbody>\n<\/table>","protected":false},"excerpt":{"rendered":"<div class=\"woocommerce-product-details__short-description\">\n<div class=\"woocommerce-product-details__short-description\">\n<p>Modelo:H61Y-PN250-DN125-WCB<\/p>\n<p>STV Valve Technology Group Co., Ltd es un l\u00edder profesional en China V\u00e1lvula de retenci\u00f3n de elevaci\u00f3n tipo pist\u00f3n DIN, v\u00e1lvula de retenci\u00f3n de elevaci\u00f3n Din, v\u00e1lvula de retenci\u00f3n de elevaci\u00f3n DIN PN250, retenci\u00f3n de elevaci\u00f3n de acero fundido, v\u00e1lvula de retenci\u00f3n de elevaci\u00f3n DIN 3845, v\u00e1lvula de retenci\u00f3n de elevaci\u00f3n BW, v\u00e1lvula de retenci\u00f3n de elevaci\u00f3n DN125 Fabricante de v\u00e1lvulas con alta calidad y precio competitivo.<\/p>\n<p>Para obtener m\u00e1s informaci\u00f3n sobre estas v\u00e1lvulas, p\u00f3ngase en contacto con nuestro sales@stvvalve.com<br \/>\nHoja de fecha:<a href=\"https:\/\/www.stvvalves.com\/wp-content\/uploads\/2019\/07\/DIN-Lift-Check-Valve-DN125-WCB-PN250-Weld-End-Drawing.pdf\">V\u00e1lvula de retenci\u00f3n de elevaci\u00f3n DIN, DN125, WCB, PN250, extremo soldado<\/a><\/p>\n<\/div>\n<\/div>\n<form class=\"cart\" action=\"https:\/\/www.stvvalves.com\/es\/product\/wcb-din-lift-check-valve-dn250-pn100-flange-end\/\" enctype=\"multipart\/form-data\" method=\"post\" data-trp-original-action=\"https:\/\/www.stvvalves.com\/product\/wcb-din-lift-check-valve-dn250-pn100-flange-end\/\">\n<div class=\"wcpa_form_outer\"><\/div>\n<div class=\"quantity\"><\/div>\n<div class=\"addquotelistlink\">\n<div class=\"quotelistadd_prodpage\"><\/div>\n<\/div>\n<input type=\"hidden\" name=\"trp-form-language\" value=\"es\"\/><\/form>","protected":false},"featured_media":5134,"template":"","meta":[],"product_brand":[],"product_cat":[83,46],"product_tag":[1059,1057,1058,1049,1055,1060,1056],"class_list":{"0":"post-5133","1":"product","2":"type-product","3":"status-publish","4":"has-post-thumbnail","6":"product_cat-cast-steel-check-valve","7":"product_cat-check-valves","8":"product_tag-bw-lift-check-valve","9":"product_tag-cast-steel-lift-check","10":"product_tag-din-3845-lift-check-valve","11":"product_tag-din-lift-check-valve","12":"product_tag-din-piston-type-lift-check-valve","13":"product_tag-dn125-lift-check-valve","14":"product_tag-lift-check-valve-din-pn250","16":"first","17":"instock","18":"shipping-taxable","19":"product-type-simple"},"_links":{"self":[{"href":"https:\/\/www.stvvalves.com\/es\/wp-json\/wp\/v2\/product\/5133","targetHints":{"allow":["GET"]}}],"collection":[{"href":"https:\/\/www.stvvalves.com\/es\/wp-json\/wp\/v2\/product"}],"about":[{"href":"https:\/\/www.stvvalves.com\/es\/wp-json\/wp\/v2\/types\/product"}],"wp:featuredmedia":[{"embeddable":true,"href":"https:\/\/www.stvvalves.com\/es\/wp-json\/wp\/v2\/media\/5134"}],"wp:attachment":[{"href":"https:\/\/www.stvvalves.com\/es\/wp-json\/wp\/v2\/media?parent=5133"}],"wp:term":[{"taxonomy":"product_brand","embeddable":true,"href":"https:\/\/www.stvvalves.com\/es\/wp-json\/wp\/v2\/product_brand?post=5133"},{"taxonomy":"product_cat","embeddable":true,"href":"https:\/\/www.stvvalves.com\/es\/wp-json\/wp\/v2\/product_cat?post=5133"},{"taxonomy":"product_tag","embeddable":true,"href":"https:\/\/www.stvvalves.com\/es\/wp-json\/wp\/v2\/product_tag?post=5133"}],"curies":[{"name":"wp","href":"https:\/\/api.w.org\/{rel}","templated":true}]}}