{"id":5145,"date":"2019-07-18T02:07:44","date_gmt":"2019-07-18T02:07:44","guid":{"rendered":"https:\/\/www.stvvalves.com\/?post_type=product&#038;p=5145"},"modified":"2025-02-17T18:32:56","modified_gmt":"2025-02-17T10:32:56","slug":"astm-a217-wc6-globe-valve-600lb-dn-100-rf","status":"publish","type":"product","link":"https:\/\/www.stvvalves.com\/es\/products\/astm-a217-wc6-globe-valve-600lb-dn-100-rf\/","title":{"rendered":"V\u00e1lvula de globo ASTM A217 WC6, 600 lb, DN 100, RF"},"content":{"rendered":"<p>Dise\u00f1o seg\u00fan ASME B16.34<br \/>\nCara a cara\/de extremo a extremo: ASME B16.10<br \/>\nDimensiones de la brida: ASME B16.5<br \/>\nExtremo de soldadura: ASME B.16.25<br \/>\nDise\u00f1o b\u00e1sico: BS 1873<br \/>\nPruebas seg\u00fan API 598<\/p>\n<p>Tama\u00f1o: 2\u2033~60\u201d<\/p>\n<p>Clasificaci\u00f3n de presi\u00f3n: Clase 150-2500LB<\/p>\n<p>Material del cuerpo: ASTM A216 WCB, A217 WC6, A351 CF8, A351 CF8M,<\/p>\n<p>A351 CF3, A351 CF3M, A351 CN7M, etc.<\/p>\n<p>Conexi\u00f3n final: RF, RTJ, BW<\/p>\n<p>Temperatura de trabajo: -29 \u2103 ~ 650 \u2103<\/p>\n<p>Funcionamiento: volante, caja de cambios, el\u00e9ctrico, etc.<\/p>\n<table>\n<tbody>\n<tr>\n<td width=\"200\"><strong>nombre del producto<\/strong><\/td>\n<td width=\"481\">V\u00e1lvula de globo ASTM A217 WC6, 600 lb, DN 100, RF<\/td>\n<\/tr>\n<tr>\n<td width=\"200\">1. Materiales<\/td>\n<td width=\"481\">WC6<\/td>\n<\/tr>\n<tr>\n<td width=\"200\">2. Tama\u00f1o<\/td>\n<td width=\"481\">4\u201d<\/td>\n<\/tr>\n<tr>\n<td width=\"200\">4. Puerto<\/td>\n<td width=\"481\">Puerto lleno<\/td>\n<\/tr>\n<tr>\n<td width=\"200\">5. Presi\u00f3n de trabajo<\/td>\n<td width=\"481\">600 libras<\/td>\n<\/tr>\n<tr>\n<td width=\"200\">6. La conexi\u00f3n finaliza<\/td>\n<td width=\"481\">RF<\/td>\n<\/tr>\n<tr>\n<td width=\"200\">7. Temperatura de trabajo.<\/td>\n<td width=\"481\">-29~520\u00baC,<\/td>\n<\/tr>\n<tr>\n<td width=\"200\">8. Medio adecuado<\/td>\n<td width=\"481\">Agua, Gas Natural, Petr\u00f3leo y alg\u00fan l\u00edquido corrosivo<\/td>\n<\/tr>\n<tr>\n<td width=\"200\">9. Operado<\/td>\n<td width=\"481\">Volante<\/td>\n<\/tr>\n<tr>\n<td width=\"200\">10. Inspecci\u00f3n y pruebas<\/td>\n<td width=\"481\">Seg\u00fan API598<\/td>\n<\/tr>\n<tr>\n<td width=\"200\"><strong>Env\u00edo<\/strong><\/td>\n<td width=\"481\"><\/td>\n<\/tr>\n<tr>\n<td width=\"200\">El tiempo de entrega<\/td>\n<td width=\"481\">30 dias<\/td>\n<\/tr>\n<tr>\n<td width=\"200\">Paquete<\/td>\n<td width=\"481\">Caja de madera contrachapada de exportaci\u00f3n est\u00e1ndar<\/td>\n<\/tr>\n<tr>\n<td width=\"200\">Puerto de embarque<\/td>\n<td width=\"481\">Ningbo\/Shangh\u00e1i, China<\/td>\n<\/tr>\n<tr>\n<td width=\"200\">Condiciones de env\u00edo<\/td>\n<td width=\"481\">Exw, MANDO, CFR, CIF, etc.<\/td>\n<\/tr>\n<tr>\n<td width=\"200\">T\u00e9rminos de pago<\/td>\n<td width=\"481\">T\/T, Western Union, PayPal, etc.<\/td>\n<\/tr>\n<tr>\n<td width=\"200\"><\/td>\n<td width=\"481\">Pago anticipado de 30%, saldo de 70% pagado antes del env\u00edo<\/td>\n<\/tr>\n<tr>\n<td width=\"200\">Pa\u00eds de origen<\/td>\n<td width=\"481\">Ciudad de Wenzhou, China<\/td>\n<\/tr>\n<tr>\n<td width=\"200\">Capacidad de producci\u00f3n<\/td>\n<td width=\"481\">6000 toneladas\/a\u00f1o<\/td>\n<\/tr>\n<tr>\n<td width=\"200\">Cantidad m\u00ednima de pedido<\/td>\n<td width=\"481\">1 unidad\/tama\u00f1o<\/td>\n<\/tr>\n<\/tbody>\n<\/table>","protected":false},"excerpt":{"rendered":"<p>Modelo:STV-J41Y-600LB-WC6-4\u2033<\/p>\n<p>STV Valve Technology Group Co., Ltd es un l\u00edder profesional en China V\u00e1lvula de globo ASTM A217 WC6, v\u00e1lvula de globo de 4 pulgadas, v\u00e1lvula de globo clase 600 LB, v\u00e1lvula de globo RF, v\u00e1lvula de globo ASME B16.34, v\u00e1lvula de globo BS 1873, ASME B16.10 V\u00e1lvula de globo, v\u00e1lvula de globo de acero al carbono Fabricante con alta calidad y precio competitivo.<\/p>\n<p>Comun\u00edquese con nuestro sales@stvvalve.com para obtener otros materiales y detalles.<\/p>\n<p>Hoja de fecha:<br \/>\n<a href=\"https:\/\/www.stvvalves.com\/wp-content\/uploads\/2019\/07\/astm-a217-wc6-globe-valve-600lb-dn-100-rf-drawing.pdf\">V\u00e1lvula de globo ASTM A217 WC6, 600 lb, DN 100, RF<\/a><\/p>","protected":false},"featured_media":5148,"template":"","meta":[],"product_brand":[],"product_cat":[63,45],"product_tag":[1073,1076,1075,1072,1014,1015,323,882,1074],"class_list":{"0":"post-5145","1":"product","2":"type-product","3":"status-publish","4":"has-post-thumbnail","6":"product_cat-cast-steel-globe-valve","7":"product_cat-globe-valve","8":"product_tag-4-inch-globe-valve","9":"product_tag-asme-b16-10-globe-valve","10":"product_tag-asme-b16-34-globe-valve","11":"product_tag-astm-a217-wc6-globe-valve","12":"product_tag-bs-1873-globe-valve","13":"product_tag-carbon-steel-globe-valve","14":"product_tag-cast-steel-globe-valve","15":"product_tag-class-600-lb-globe-valve","16":"product_tag-rf-globe-valve","18":"first","19":"instock","20":"shipping-taxable","21":"product-type-simple"},"_links":{"self":[{"href":"https:\/\/www.stvvalves.com\/es\/wp-json\/wp\/v2\/product\/5145","targetHints":{"allow":["GET"]}}],"collection":[{"href":"https:\/\/www.stvvalves.com\/es\/wp-json\/wp\/v2\/product"}],"about":[{"href":"https:\/\/www.stvvalves.com\/es\/wp-json\/wp\/v2\/types\/product"}],"wp:featuredmedia":[{"embeddable":true,"href":"https:\/\/www.stvvalves.com\/es\/wp-json\/wp\/v2\/media\/5148"}],"wp:attachment":[{"href":"https:\/\/www.stvvalves.com\/es\/wp-json\/wp\/v2\/media?parent=5145"}],"wp:term":[{"taxonomy":"product_brand","embeddable":true,"href":"https:\/\/www.stvvalves.com\/es\/wp-json\/wp\/v2\/product_brand?post=5145"},{"taxonomy":"product_cat","embeddable":true,"href":"https:\/\/www.stvvalves.com\/es\/wp-json\/wp\/v2\/product_cat?post=5145"},{"taxonomy":"product_tag","embeddable":true,"href":"https:\/\/www.stvvalves.com\/es\/wp-json\/wp\/v2\/product_tag?post=5145"}],"curies":[{"name":"wp","href":"https:\/\/api.w.org\/{rel}","templated":true}]}}